{"id":47079,"date":"2023-09-18T08:09:00","date_gmt":"2023-09-18T08:09:00","guid":{"rendered":"https:\/\/www.globalrescue.com\/grid\/"},"modified":"2025-09-04T06:34:01","modified_gmt":"2025-09-04T06:34:01","slug":"grid","status":"publish","type":"page","link":"https:\/\/www.globalrescue.com\/es\/enterprise\/grid-integrated-travel-risk-crisis-response-platform\/","title":{"rendered":"GRID"},"content":{"rendered":"<div class=\"wpb-content-wrapper\"><p>[vc_row el_class=\u00bbbanner black-bg\u00bb][vc_column][vc_row_inner el_class=\u00bbcontainer auto-margin\u00bb][vc_column_inner][vc_column_text css=\u00bb\u00bb el_class=\u00bbtext-center color-white\u00bb]<\/p>\n<h1>UNA FUENTE AVANZADA DE INFORMACI\u00d3N Y AN\u00c1LISIS<\/h1>\n<p>El sistema patentado Global Rescue Intelligence Delivery System (GRID<sup>SM<\/sup>) es la \u00fanica plataforma integrada de riesgos de viaje, seguimiento de activos, entrega de inteligencia y respuesta a crisis disponible actualmente en el mundo. Est\u00e1 dise\u00f1ada para minimizar los riesgos del viajero ante imprevistos y garantizar que quienes viajan por trabajo lleguen a un lugar seguro.<br \/>\n<a href=\"javascript.void();\" class=\"btn btn-lg btn-gr btn-danger trigger-contact-form pum-trigger\">Reserve una demostraci\u00f3n<\/a>[\/vc_column_text][\/vc_column_inner][\/vc_row_inner][\/vc_column][\/vc_row][vc_row el_class=\u00bbcontainer auto-margin mt-5 pt-5 section-video\u00bb][vc_column][vc_column_text el_class=\u00bbvideo-container\u00bb]<\/p>\n<div class=\"video-player\" style=\"padding: 56.25% 0 0 0; position: relative; box-shadow: 0 10px 30px 0px #0000006e;\">\n<div class=\"overlay\"><img decoding=\"async\" class=\"play-button\" src=\"\/grcom\/images\/common\/icons\/Subtraction-16.svg\" width=\"100px\" \/><\/div>\n<p><iframe style=\"position: absolute; top: 0; left: 0; width: 100%; height: 100%;\" src=\"https:\/\/player.vimeo.com\/video\/936389484?h=f1350b7620&amp;controls=0\" frameborder=\"0\" allow=\"autoplay; fullscreen; picture-in-picture\" allowfullscreen=\"allowfullscreen\"><\/iframe><\/p>\n<\/div>\n<p>[\/vc_column_text][vc_column_text css=\u00bb\u00bb el_class=\u00bbtext-center section-demo mb-4 mb-lg-5 pb-4 pb-lg-5&#8243;]<\/p>\n<h2 class=\"pt-4 pt-lg-5 mt-5 my-md-4 my-lg-5\">Visita la nueva <span class=\"brand-color fw-bold\">GRID<\/span><\/h2>\n<p>GRID<sup>SM<\/sup> est\u00e1 dise\u00f1ada para minimizar los riesgos del viajero ante imprevistos y garantizar que quienes viajan por trabajo lleguen a un lugar seguro. GRID cuenta con cinco atributos clave de seguridad que lo convierten en una app imprescindible para proteger la salud y el bienestar de quienes viajan por trabajo.<br \/>\n<a class=\"btn btn-lg btn-gr btn-danger mt-3 mt-md-4 mt-lg-5 trigger-contact-form pum-trigger\">Reserve una demostraci\u00f3n<\/a>[\/vc_column_text][vc_single_image image=\u00bb29895&#8243; img_size=\u00bbfull\u00bb el_class=\u00bbshadow\u00bb][\/vc_column][\/vc_row][vc_row content_placement=\u00bbmiddle\u00bb el_class=\u00bbcontainer auto-margin\u00bb][vc_column el_class=\u00bbpt-5 py-lg-5&#8243;][vc_column_text]<\/p>\n<h2 class=\"text-center\">Caracter\u00edsticas avanzadas de <span class=\"brand-color fw-bold\">GRID<\/span><\/h2>\n<p>[\/vc_column_text][\/vc_column][vc_column][vc_row_inner content_placement=\u00bbmiddle\u00bb][vc_column_inner width=\u00bb1\/2&#8243;][vc_column_text]<\/p>\n<h3 class=\"mb-2 mb-lg-4\">Seguimiento de viajeros<\/h3>\n<p>La funci\u00f3n de seguimiento de viajeros permite a los usuarios compartir enlaces directamente desde el portal con sus colegas para aumentar la seguridad y la tranquilidad.[\/vc_column_text][\/vc_column_inner][vc_column_inner width=\u00bb1\/2&#8243;][vc_single_image image=\u00bb36686&#8243; img_size=\u00bbfull\u00bb alignment=\u00bbright\u00bb css=\u00bb\u00bb][\/vc_column_inner][\/vc_row_inner][\/vc_column][vc_column][vc_row_inner content_placement=\u00bbmiddle\u00bb el_class=\u00bbd-flex flex-column-reverse d-md-flex flex-md-row\u00bb][vc_column_inner width=\u00bb1\/2&#8243;][vc_single_image image=\u00bb36687&#8243; img_size=\u00bbfull\u00bb css=\u00bb\u00bb][\/vc_column_inner][vc_column_inner width=\u00bb1\/2&#8243;][vc_column_text]<\/p>\n<h3 class=\"mb-2 mb-lg-4\">Impacto en tiempo real sobre los viajeros<\/h3>\n<p>Un algoritmo mejorado determina los viajeros en riesgo por sucesos y los alerta. Un mapa integrado permite a los usuarios ver los datos de los viajeros en tiempo real de forma din\u00e1mica e interactiva.[\/vc_column_text][\/vc_column_inner][\/vc_row_inner][\/vc_column][vc_column][vc_row_inner content_placement=\u00bbmiddle\u00bb][vc_column_inner width=\u00bb1\/2&#8243;][vc_column_text]<\/p>\n<h3 class=\"mb-2 mb-lg-4\">Centro de control avanzado<\/h3>\n<p>Un centro de control avanzado proporciona actualizaciones de eventos globales casi en tiempo real adaptadas a las necesidades de su personal itinerante.[\/vc_column_text][\/vc_column_inner][vc_column_inner width=\u00bb1\/2&#8243;][vc_single_image image=\u00bb36688&#8243; img_size=\u00bbfull\u00bb alignment=\u00bbright\u00bb css=\u00bb\u00bb][\/vc_column_inner][\/vc_row_inner][\/vc_column][\/vc_row][vc_row el_class=\u00bbcontainer auto-margin\u00bb][vc_column][vc_column_text css=\u00bb\u00bb]<\/p>\n<h2 class=\"mb-3 mb-lg-5 text-center\">Aplicaci\u00f3n m\u00f3vil <span class=\"brand-color fw-bold\">GRID<\/span><\/h2>\n<p class=\"mb-4 text-center\">La aplicaci\u00f3n m\u00f3vil GRID<sup>SM<\/sup> es f\u00e1cil de usar e incluye seis funciones esenciales para el usuario: bot\u00f3n de emergencia con un solo clic, funci\u00f3n de alertas, registro de viajes, eventos clave, informes de destino y contacto 24\/7\/365 para cualquier duda, en cualquier momento.<\/p>\n<p>[\/vc_column_text][vc_single_image image=\u00bb36689&#8243; img_size=\u00bbfull\u00bb css=\u00bb\u00bb el_class=\u00bbd-none d-md-block\u00bb][vc_single_image image=\u00bb36689&#8243; img_size=\u00bbfull\u00bb alignment=\u00bbcenter\u00bb css=\u00bb\u00bb el_class=\u00bbd-md-none\u00bb][\/vc_column][\/vc_row][vc_row css=\u00bb.vc_custom_1694083861361{background-image: url(\/grcom\/grmkt_resources\/images\/Union-9.png?id=23715) !important;}\u00bb el_class=\u00bbsection-contact bg-cover\u00bb][vc_column][vc_row_inner content_placement=\u00bbmiddle\u00bb el_class=\u00bbcontainer auto-margin\u00bb][vc_column_inner el_class=\u00bbmt-sm-5 pt-lg-3&#8243; width=\u00bb1\/2&#8243;][vc_column_text css=\u00bb\u00bb]<\/p>\n<h2 class=\"mb-4 mb-lg-5\">Los viajes de negocios exigen hoy la <span class=\"brand-color fw-bold\">ventaja de GRID<\/span><\/h2>\n<p class=\"mb-3 mb-lg-4\">La mayor\u00eda de los viajeros de negocios no cuentan con acceso inmediato a informaci\u00f3n clave ni comunicaci\u00f3n en situaciones cr\u00edticas.<\/p>\n<p class=\"mb-3 mb-lg-4\"><strong>GRID<sup>SM<\/sup> cambia esa situaci\u00f3n.<\/strong><\/p>\n<p>Rellene el formulario para obtener m\u00e1s informaci\u00f3n y programar una demostraci\u00f3n.[\/vc_column_text][\/vc_column_inner][vc_column_inner width=\u00bb1\/2&#8243;][vc_column_text css=\u00bb\u00bb]<style>\n\n.backdrop.alert-wrapper {\n\tposition: absolute;\n\ttop: 0;\n\tbottom: 0;\n\tleft: 0;\n\tright: 0;\n\tz-index: 3;\n\tbackground: rgba(255, 255, 255, 0.3);\n\tbackdrop-filter: blur(10px);\n\t-webkit-backdrop-filter: blur(10px);\n}\n\n.backdrop .alert-message-container {\n\theight: 100%;\n\tdisplay: flex;\n\tjustify-content: center;\n\talign-items: center;\n}\n\n.alert-message-container .alert-message {\n\tfont-size: 16px;\n\tdisplay: flex;\n\tjustify-content: center;\n\talign-items: center;\n\tmargin: 0 30px;\n\tpadding: 15px;\n}\n\n.alert-message-container .alert-message.success {\n\tcolor: #0f5132;\n\tbackground: #d1e7dd;\n\tborder-left: 8px solid #0f5132;\n}\n\n.alert-message-container .alert-message.failure {\n\tcolor: #842029;\n\tbackground: #f8d7da;\n\tborder-left: 8px solid #842029;\n}\n\n.alert-message-container .alert-message .fa {\n\tfont-size: 40px;\n\tmargin-right: 15px;\n}\n\n.alert-message-container .alert-message.success .fa {\n\tcolor: #0f5132;\n}\n\n.alert-message-container .alert-message.failure .fa {\n\tcolor: #842029;\n}\n\n<\/style>\n\n<div class=\"gr-general-form-container\">\n\t<form id=\"gr-general-form\" role=\"form\" class=\"gr-form\" novalidate=\"\">\n\t   <div class=\"row\">\n\t   \t\t<div class=\"col-md-12\">\n\t\t\t\t\t\t\t\t\t<div id=\"success\" class=\"success message alert alert-success alert-dismissable gr-alert-success\"><\/div>\n\t\t\t\t\t<div id=\"failure\" class=\"failure message alert alert-danger alert-dismissable gr-alert-danger\"><\/div>\n\t\t\t\t\t\t  \t<\/div>\n\t\t  <div class=\"gr-form-content\">\n\t\t\t\n\t\t\t \n\t\t\t <div class=\"row\">\n\t\t\t\t\t\t\t\t\t<div class=\"col-lg-6\">\n\t\t\t\t\t\t<div class=\"form-group has-feedback\">\n\t\t\t\t\t\t<input type=\"text\" name=\"firstName\" autocomplete=\"off\" class=\"form-control input-lg gr-form-control\" data-gr-required=\"\" data-gr-name=\"\" minlength=\"2\" maxlength=\"45\" placeholder=\"Nombre\">\n\t\t\t\t\t\t<span class=\"gr gr-asterisk color-danger small-icon form-control-feedback\" aria-hidden=\"true\"><\/span>\t\t\t\t\t\t<\/div>\n\t\t\t\t\t<\/div>\n\t\t\t\t\t\t\t\t\n\t\t\t\t\t\t\t\t\t<div class=\"col-lg-6\">\n\t\t\t\t\t\t<div class=\"form-group has-feedback\">\n\t\t\t\t\t\t<input type=\"text\" name=\"lastName\" autocomplete=\"off\" class=\"form-control input-lg gr-form-control\" data-gr-required=\"\" data-gr-name=\"\" minlength=\"2\" maxlength=\"45\" placeholder=\"Apellido\">\n\t\t\t\t\t\t<span class=\"gr gr-asterisk color-danger small-icon form-control-feedback\" aria-hidden=\"true\"><\/span>\t\t\t\t\t\t<\/div>\n\t\t\t\t\t<\/div>\n\t\t\t\t\t\t\t<\/div>\n\t\t\t\t\t\t\t <div class=\"col-md-12\">\n\t\t\t\t\t<div class=\"form-group has-feedback\">\n\t\t\t\t\t   <input type=\"email\" name=\"email\" autocomplete=\"off\" maxlength=\"100\" class=\"form-control input-lg gr-form-control\" data-gr-required=\"\" data-gr-email=\"\"  placeholder=\"Direcci\u00f3n de correo electr\u00f3nico\">\n\t\t\t\t\t   <span class=\"gr gr-asterisk color-danger small-icon form-control-feedback\" aria-hidden=\"true\"><\/span>\t\t\t\t\t<\/div>\n\t\t\t\t <\/div>\n\t\t\t \t\t\t \t\t\t\t <div class=\"col-md-12\">\n\t\t\t\t\t<div class=\"form-group has-feedback\">\n\t\t\t\t\t   <input type=\"text\" id=\"orgName\" name=\"orgName\" class=\"form-control input-lg gr-form-control\" data-gr-required=\"\" data-gr-name=\"2-100\" placeholder=\"Nombre de la organizaci\u00f3n\" maxlength=\"100\">\n\t\t\t\t\t   <span class=\"gr gr-asterisk color-danger small-icon form-control-feedback\" aria-hidden=\"true\"><\/span>\t\t\t\t\t<\/div>\n\t\t\t\t <\/div>\n\t\t\t \t\t\t \n\t\t\t \t\t\t\t <div class=\"col-md-12\">\n\t\t\t\t\t<div class=\"form-group has-feedback\">\n\t\t\t\t\t   <input type=\"text\" id=\"jobTitle\" name=\"jobTitle\" class=\"form-control input-lg gr-form-control\" data-gr-required=\"\" data-gr-name=\"\"  placeholder=\"T\u00edtulo del puesto\" maxlength=\"45\">\n\t\t\t\t\t   <span class=\"gr gr-asterisk color-danger small-icon form-control-feedback\" aria-hidden=\"true\"><\/span>\t\t\t\t\t<\/div>\n\t\t\t\t <\/div>\n\t\t\t \n\t\t\t \t\t\t \n\t\t\t \t\t\t <div class=\"col-md-12 newsletter\">\n\t\t\t\t<div class=\"form-group\">\n\t\t\t\t   <label class=\"checkbox-label\" for=\"donotbulkemail\" style=\"padding-left: 42px;font-size:16px; font-weight:normal;font-family:Roboto,sans-serif;color:#37444c\"> \n\t\t\t\t\tS\u00ed, acepto recibir consejos y avisos de viaje de Global Rescue.\t\t\t\t   <input id=\"donotbulkemail\" style=\"opacity: 10;\" autocomplete=\"off\" name=\"sendMarketingEmails\" class=\"sendMarketingEmails form-check-input gr-form-control\" type=\"checkbox\"> \n\t\t\t\t   <span class=\"checkmark\"><\/span>\n\t\t\t\t   <\/label>\n\t\t\t\t   <input type=\"hidden\" name=\"isEnterprise\" id=\"isEnterprise\" value=\"\">\n\t\t\t\t   <input type=\"hidden\" name=\"AccountName\" id=\"AccountName\" value=\"\">\n\t\t\t\t<\/div>\n\t\t\t<\/div>\n\t\t  <\/div>\n\t   <\/div>\n\t   <div class=\"row text-center gr-form-content\">\n\t\t  <div class=\"col-md-12\">\n\t\t\t <div id=\"delos_registration_captcha\" class=\"gr-captcha text-center\"><\/div>\n\t\t\t \t\t\t<button type=\"submit\" id=\"submit_general_form\" data-event=\"\" data-eventcategory=\"Button\" data-eventlabel=\"General Form Registration\" class=\"btn btn-gr btn-lg btn-danger btn-block\">Reserve una demostraci\u00f3n<\/button>\n\t\t\t<input type=\"hidden\" id=\"submitGeneralForm\" name=\"submitGeneralForm\" value=\"Reserve una demostraci\u00f3n\">\n\t\t\t<input type=\"hidden\" name=\"campaign_code\" id=\"CMP\" value=\"Enterprise\">\n\t\t\t<input type=\"hidden\" id=\"successMsg\" name=\"successMsg\" value=\"Your request has been submitted successfully!\">\n\t\t\t<input type=\"hidden\" id=\"lead_source\" name=\"lead_source\" value=\"Contact Us\">\n\t\t\t<input type=\"hidden\" id=\"lead_type\" name=\"lead_type\" value=\"3\">\n\t\t\t<input type=\"hidden\" id=\"lead_type\" name=\"lead_type\" value=\"3\">\n\t\t\t<input type=\"hidden\" id=\"target_api\" name=\"target_api\" value=\"initiateContactUsNotificationRequest\">\n\t\t\t<input type=\"hidden\" id=\"toAddress\" name=\"toAddress\" value=\"enterprise@globalrescue.com\">\n\t\t\t<input type=\"hidden\" id=\"ipAddress\" name=\"ipAddress\" value=\"216.73.216.12\">\n\t\t\t<input type=\"hidden\" class=\"g-recaptcha-response\" value=\"\">\n\n\t\t  <\/div>\n\t   <\/div>\n\t<\/form>\n<\/div>\n[\/vc_column_text][\/vc_column_inner][\/vc_row_inner][\/vc_column][\/vc_row][vc_row el_class=\u00bbsection-quotes\u00bb][vc_column][vc_row_inner el_class=\u00bbcontainer auto-margin\u00bb][vc_column_inner][vc_column_text]\r\n<section class=\"quote-section p-t-0 p-b-80 p-b-sml-30 grid-2-0-quotes\" style=\"\">\r\n\t<div class=\" quote-container\">\r\n\t\t<div class=\"quote-slider-v2\">\r\n\t\t\t\t\t\t<div class=\"container quote-container\">\r\n\t\t\t\t<div class=\"quote-img\" style=\"display: flex;justify-content: center;\">\r\n\t\t\t\t\t<img decoding=\"async\" data-src=\"https:\/\/www.globalrescue.com\/grcom\/images\/common\/quote-red.webp\" width=\"160px;\"  src=\"https:\/\/www.globalrescue.com\/grcom\/images\/common\/quote-red.webp\"> \r\n\t\t\t\t<\/div>\r\n\t\t\t\t\t\t\t\t\t\t\t\t\r\n\t\t\t\t\t\t\t\t\t\t<style>\r\n\t\t\t\t\t.quote-text, .quote-text p{\r\n\t\t\t\t\t\tfont-style: italic;\r\n\t\t\t\t\t\tfont-size: 2.39rem;\r\n\t\t\t\t\t\tcolor: #d71f3e;\r\n\t\t\t\t\t\tz-index: 99;\r\n\t\t\t\t\t\tfont-weight: normal;\r\n\t\t\t\t\t}\r\n\t\t\t\t\t .quote-text span{\r\n\t\t\t\t\t\t font-style: italic;\r\n\t\t\t\t\t\tfont-size: 2.39rem;\r\n\t\t\t\t\t\tcolor: #d71f3e;\r\n\t\t\t\t\t\tz-index: 99;\r\n\t\t\t\t\t\tfont-weight: normal;\r\n\t\t\t\t\t }\r\n\t\t\t\t\t<\/style>\r\n\t\t\t\t\t\t\t\t\t\t\r\n\t\t\t\t\t\r\n\t\t\t\t\t<div class=\"quote-text text-center quote-47216 grid-2-0\">\r\n\t\t\t\t\t\t<span style=\"color: #d71635; font-weight: 300; font-size: 22pt;\">Como Vicepresidente de Global Health en Northwell Health, conf\u00edo en GRID para mantener a salvo a nuestro personal en todo el mundo. Con el seguimiento en tiempo real y las alertas de emergencia, GRID me ofrece la visibilidad y la capacidad de respuesta necesarias para proteger a nuestros viajeros en cualquier momento y lugar. Esta innovadora plataforma es esencial para organizaciones con mentalidad global como la nuestra: \u00a1hace que la aguja sea m\u00e1s grande y el pajar m\u00e1s peque\u00f1o!  <\/span>\t\r\n\t\t\t\t\t<\/div>\r\n\t\t\t\t\t\t\t\t\t\t\t\r\n\t\t\t\t\t\t<h2 class=\"grid-2-0 kil auther-title text-center m-b-0\"> \r\n\t\t\t\t\t\t\t- Eric Cioe-Pe\u00f1a MD MPH FACEP\t\t\t\t\t\t<\/h2>\r\n\t\t\t\t\t\t<p class=\"grid-2-0\" >Vicepresidente de Global Health - Centro para la Sal Global Health<\/p>\r\n\t\t\t\t\t\t\t\t\t\t\t\t\t\r\n\t\t\t<\/div>\r\n\t\t\t\t\t\t\t\t\t\t\t\t\t\t<\/div>\r\n\t<\/div>\r\n<\/section>\r\n\t\t[\/vc_column_text][\/vc_column_inner][\/vc_row_inner][\/vc_column][\/vc_row][vc_row el_class=\u00bbsection-faqs container auto-margin\u00bb][vc_column][vc_column_text css=\u00bb\u00bb]<\/p>\n<h2><span class=\"brand-color fw-bold\">Preguntas<\/span> frecuentes<\/h2>\n<p>[\/vc_column_text][\/vc_column][vc_column][vc_row_inner][vc_column_inner][vc_toggle title=\u00bb\u00bfQu\u00e9 es el responsabilidad de cuidado?\u00bb style=\u00bbarrow\u00bb color=\u00bbjuicy_pink\u00bb open=\u00bbtrue\u00bb css=\u00bb\u00bb el_class=\u00bbfaqs-restyle\u00bb]Todo empresario tiene la obligaci\u00f3n de garantizar la salud, la seguridad y el bienestar general de sus empleados mientras est\u00e9n en horario de trabajo. Esto implica salvaguardar su bienestar mientras se encuentran en sus lugares de trabajo habituales, durante sus actividades fuera de la oficina, tanto en casa como en el extranjero. Las membres\u00edas a Global Rescue pueden ayudar a cumplir las obligaciones de diligencia.[\/vc_toggle][vc_toggle title=\u00bbCertificaci\u00f3n ISO 9001&#8243; style=\u00bbarrow\u00bb color=\u00bbjuicy_pink\u00bb css=\u00bb\u00bb el_class=\u00bbfaqs-restyle\u00bb]La certificaci\u00f3n verifica el compromiso de Global Rescue con la calidad y la satisfacci\u00f3n del cliente. ISO 9001 es una norma de sistemas de gesti\u00f3n de calidad desarrollada por la Organizaci\u00f3n Internacional de Normalizaci\u00f3n, una asociaci\u00f3n de organizaciones gubernamentales y no gubernamentales de numerosos pa\u00edses. La certificaci\u00f3n ISO refleja el cumplimiento de los requisitos de los sistemas de gesti\u00f3n de calidad a nivel organizacional, centrados en la mejora continua, la satisfacci\u00f3n del cliente y la participaci\u00f3n activa tanto de la direcci\u00f3n como de los personal. La satisfacci\u00f3n general de los clientes de Global Rescue supera de forma constante el 95% y m\u00e1s de 9 de cada 10 clientes recomendar\u00edan Global Rescue a sus amigos o familiares.[\/vc_toggle][vc_toggle title=\u00bb\u00bfGlobal Rescue se encarga de la protecci\u00f3n de ejecutivos?\u00bb style=\u00bbarrow\u00bb color=\u00bbjuicy_pink\u00bb css=\u00bb\u00bb el_class=\u00bbfaqs-restyle\u00bb]S\u00ed, cuando se planifica un a destinos con un alto nivel de amenaza, contar con un capa adicional de seguridad es una pr\u00e1ctica adecuada. El servicio de protecci\u00f3n proactiva de ejecutivos de Global Rescue consta de dos elementos: la mitigaci\u00f3n anticipada de riesgos y el elemento de protecci\u00f3n cercana. El equipo de Global Rescue tiene una gran experiencia y ha proporcionado protecci\u00f3n privada a ejecutivos en todo el mundo.[\/vc_toggle][vc_toggle title=\u00bb\u00bfC\u00f3mo eval\u00faa Global Rescue a sus proveedores m\u00e9dicos?\u00bb style=\u00bbarrow\u00bb color=\u00bbjuicy_pink\u00bb css=\u00bb\u00bb el_class=\u00bbfaqs-restyle\u00bb]Somos la \u00fanica empresa que cuenta con una alianza con la Divisi\u00f3n de Operaciones Especiales de Johns Hopkins Medicine, clasificada como la n\u00famero 1 en EE.\u202fUU. en 23 ocasiones desde 1990. Esta relaci\u00f3n especial proporciona a nuestros clientes acceso a recursos de consulta inigualables, m\u00e1s de 2.400 especialistas y una red internacional de los mejores hospitales del mundo. Los miembros de Global Rescue tambi\u00e9n cuentan con el apoyo de Mass General Brigham (afiliado de la Facultad de Medicina de Harvard) y Elite Medical Group.[\/vc_toggle][vc_toggle title=\u00bb\u00bfProporciona Global Rescue apoyo en salud mental?\u00bb style=\u00bbarrow\u00bb color=\u00bbjuicy_pink\u00bb css=\u00bb\u00bb el_class=\u00bbfaqs-restyle\u00bb]S\u00ed, viajar puede ser estresante para sus empleados. Las barreras ling\u00fc\u00edsticas, el choque cultural o encontrarse con un acontecimiento traum\u00e1tico pueden provocar depresi\u00f3n, ansiedad o abuso de sustancias. Global Rescue puede ayudarle a desarrollar un programa de apoyo a la salud mental de sus empleados durante los viajes.<\/p>\n<p>Acceso telef\u00f3nico gratuito 24\/7\/365 a sus empleados con asesoramiento: tel\u00e9fono, videoconferencia y programas autodirigidos en l\u00ednea.[\/vc_toggle][vc_toggle title=\u00bb\u00bfOfrece Global Rescue formaci\u00f3n + e-learning?\u00bb style=\u00bbarrow\u00bb color=\u00bbjuicy_pink\u00bb el_class=\u00bbfaqs-restyle\u00bb]S\u00ed, al trabajar con Global Rescue sus empleados tendr\u00e1n acceso completo a nuestra biblioteca de formaci\u00f3n y aprendizaje electr\u00f3nico. Global Rescue se ha asociado con la Divisi\u00f3n de Operaciones Especiales de Johns Hopkins Medicine para crear una serie de viajes educativos para sus viajeros. [\/vc_toggle][\/vc_column_inner][\/vc_row_inner][\/vc_column][\/vc_row][vc_row el_class=\u00bbincline-background content-justify-center bg-cover\u00bb css=\u00bb.vc_custom_1694416140494{background-image: url(\/grcom\/grmkt_resources\/images\/Union-9.png?id=23715) !important;}\u00bb][vc_column el_class=\u00bbcontent-justify-center\u00bb][vc_row_inner el_class=\u00bbcontainer auto-margin section-join\u00bb][vc_column_inner el_class=\u00bbtext-center mt-3 mb-5&#8243; offset=\u00bbvc_col-xs-12&#8243;][vc_column_text css=\u00bb\u00bb]<\/p>\n<h2 class=\"mb-4 my-md-5 pt-sm-4\">\u00bfEst\u00e1s <span class=\"brand-color fw-bold\">cumpliendo con tu responsabilidad de cuidado?<\/span><\/h2>\n<p>Todo empresario tiene la obligaci\u00f3n legal de garantizar la salud, la seguridad y el bienestar general de sus empleados mientras est\u00e9n en horario de trabajo. Descubra c\u00f3mo Global Rescue puede ayudarle a cumplir con su deber de diligencia.<\/p>\n<p><a data-ab-test=\"true\" class=\"btn btn-danger btn-gr btn-lg btn-block-sm mt-4 mt-lg-5 trigger-contact-form pum-trigger\" target=\"_blank\" href=\"javascript.void();\" rel=\"noopener\">Contacte con nosotros<\/a><\/p>\n<div class=\"tls_call mt-4 mt-lg-5\">\n<p>O llame al <a href=\"tel:0016174594200\"> +1 (617) 459-4200<\/a><\/p>\n<\/div>\n<p>[\/vc_column_text][\/vc_column_inner][\/vc_row_inner][\/vc_column][\/vc_row]<\/p>\n<\/div>","protected":false},"excerpt":{"rendered":"<p>[vc_row el_class=\u00bbbanner black-bg\u00bb][vc_column][vc_row_inner el_class=\u00bbcontainer auto-margin\u00bb][vc_column_inner][vc_column_text css=\u00bb\u00bb el_class=\u00bbtext-center color-white\u00bb] UNA FUENTE AVANZADA DE INFORMACI\u00d3N Y AN\u00c1LISIS El sistema patentado Global Rescue Intelligence Delivery System (GRIDSM) es la \u00fanica plataforma integrada de riesgos de viaje, seguimiento de activos, entrega de inteligencia y respuesta a crisis disponible actualmente en el mundo. Est\u00e1 dise\u00f1ada para minimizar los riesgos del [&hellip;]<\/p>\n","protected":false},"author":5,"featured_media":0,"parent":47166,"menu_order":0,"comment_status":"closed","ping_status":"closed","template":"template-simple.php","meta":{"_acf_changed":false,"inline_featured_image":false,"footnotes":""},"class_list":["post-47079","page","type-page","status-publish","hentry"],"acf":[],"_links":{"self":[{"href":"https:\/\/www.globalrescue.com\/es\/wp-json\/wp\/v2\/pages\/47079","targetHints":{"allow":["GET"]}}],"collection":[{"href":"https:\/\/www.globalrescue.com\/es\/wp-json\/wp\/v2\/pages"}],"about":[{"href":"https:\/\/www.globalrescue.com\/es\/wp-json\/wp\/v2\/types\/page"}],"author":[{"embeddable":true,"href":"https:\/\/www.globalrescue.com\/es\/wp-json\/wp\/v2\/users\/5"}],"replies":[{"embeddable":true,"href":"https:\/\/www.globalrescue.com\/es\/wp-json\/wp\/v2\/comments?post=47079"}],"version-history":[{"count":23,"href":"https:\/\/www.globalrescue.com\/es\/wp-json\/wp\/v2\/pages\/47079\/revisions"}],"predecessor-version":[{"id":51973,"href":"https:\/\/www.globalrescue.com\/es\/wp-json\/wp\/v2\/pages\/47079\/revisions\/51973"}],"up":[{"embeddable":true,"href":"https:\/\/www.globalrescue.com\/es\/wp-json\/wp\/v2\/pages\/47166"}],"wp:attachment":[{"href":"https:\/\/www.globalrescue.com\/es\/wp-json\/wp\/v2\/media?parent=47079"}],"curies":[{"name":"wp","href":"https:\/\/api.w.org\/{rel}","templated":true}]}}