{"id":47230,"date":"2021-12-29T06:59:52","date_gmt":"2021-12-29T06:59:52","guid":{"rendered":"https:\/\/www.globalrescue.com\/socios\/afiliacion-incorporada\/"},"modified":"2025-10-02T06:49:58","modified_gmt":"2025-10-02T06:49:58","slug":"afiliacion-incorporada","status":"publish","type":"page","link":"https:\/\/www.globalrescue.com\/es\/partners\/partners-embedded\/","title":{"rendered":"Membres\u00eda integrada"},"content":{"rendered":"<div class=\"wpb-content-wrapper\"><p>[vc_row][vc_column][vc_column_text][\/vc_column_text][\/vc_column][\/vc_row][vc_row el_class=\u00bbpartner_embeded_programs container auto-margin\u00bb][vc_column][vc_column_text css=\u00bb\u00bb]<\/p>\n<h2>PROGRAMA DE MEMBRES\u00cdA INTEGRADA<\/h2>\n<h3>Una forma rentable de dar m\u00e1s valor a las ventajas de los partners<\/h3>\n<p>[\/vc_column_text][\/vc_column][vc_column el_class=\u00bbpartner_logos\u00bb][vc_row_inner content_placement=\u00bbmiddle\u00bb el_class=\u00bbauto-margin\u00bb][vc_column_inner width=\u00bb1\/5&#8243; offset=\u00bbvc_col-md-1\/5 vc_col-xs-1\/5&#8243;][vc_single_image image=\u00bb5779&#8243; img_size=\u00bbfull\u00bb alignment=\u00bbcenter\u00bb][\/vc_column_inner][vc_column_inner width=\u00bb1\/5&#8243; offset=\u00bbvc_col-md-1\/5 vc_col-xs-1\/5&#8243;][vc_single_image image=\u00bb5861&#8243; img_size=\u00bbfull\u00bb alignment=\u00bbcenter\u00bb][\/vc_column_inner][vc_column_inner width=\u00bb1\/5&#8243; offset=\u00bbvc_col-md-1\/5 vc_col-xs-1\/5&#8243;][vc_single_image image=\u00bb5737&#8243; img_size=\u00bbfull\u00bb alignment=\u00bbcenter\u00bb][\/vc_column_inner][vc_column_inner width=\u00bb1\/5&#8243; offset=\u00bbvc_col-lg-offset-0 vc_col-md-offset-0 vc_col-md-1\/5 vc_col-sm-offset-0 vc_col-xs-1\/5&#8243;][vc_single_image image=\u00bb5747&#8243; img_size=\u00bbfull\u00bb alignment=\u00bbcenter\u00bb][\/vc_column_inner][vc_column_inner width=\u00bb1\/5&#8243; offset=\u00bbvc_col-lg-offset-0 vc_col-md-offset-0 vc_col-md-1\/5 vc_col-sm-offset-0 vc_col-xs-1\/5&#8243;][vc_single_image image=\u00bb5852&#8243; img_size=\u00bbfull\u00bb alignment=\u00bbcenter\u00bb][\/vc_column_inner][\/vc_row_inner][\/vc_column][vc_column][vc_row_inner][vc_column_inner][vc_column_text css=\u00bb\u00bb]\u00danase a organizaciones y asociaciones de todo el mundo que se enorgullecen de ofrecer los servicios de protecci\u00f3n en viaje de Global Rescue como parte de los beneficios de su membres\u00eda. Demuestre a sus miembros que su salud y seguridad son lo primero. El Programa de membres\u00eda integrada permite a las organizaciones y asociaciones ofrecer a sus miembros protecci\u00f3n cr\u00edtica cuando viajan.<\/p>\n<div class=\"partner_embeded_btn\"><button id=\"requestQuote\" class=\"trigger-contact-form requestQuote btn btn-danger text-center pum-trigger\" style=\"cursor: pointer;\">Contacte con nosotros<\/button><\/div>\n<p>[\/vc_column_text][\/vc_column_inner][\/vc_row_inner][\/vc_column][\/vc_row][vc_row][vc_column][vc_column_text][\/vc_column_text][\/vc_column][\/vc_row][vc_row full_width=\u00bbstretch_row\u00bb el_class=\u00bbpartner_customized_programs\u00bb][vc_column][vc_row_inner el_class=\u00bbcontainer auto-margin\u00bb][vc_column_inner][vc_column_text]<\/p>\n<h2>PROGRAMAS PERSONALIZADOS<\/h2>\n<p>[\/vc_column_text][\/vc_column_inner][\/vc_row_inner][vc_row_inner el_class=\u00bbcontainer auto-margin\u00bb][vc_column_inner width=\u00bb1\/4&#8243; offset=\u00bbvc_col-lg-3 vc_col-md-3 vc_col-xs-6&#8243;][vc_single_image image=\u00bb36730&#8243; img_size=\u00bbfull\u00bb alignment=\u00bbcenter\u00bb css=\u00bb\u00bb][vc_column_text]Servicios de rescate y evacuaci\u00f3n sobre el terreno[\/vc_column_text][\/vc_column_inner][vc_column_inner width=\u00bb1\/4&#8243; offset=\u00bbvc_col-lg-3 vc_col-md-3 vc_col-xs-6&#8243;][vc_single_image image=\u00bb36729&#8243; img_size=\u00bbfull\u00bb alignment=\u00bbcenter\u00bb css=\u00bb\u00bb][vc_column_text]<span>Servicios de asesoramiento m\u00e9dico y de seguridad<\/span>[\/vc_column_text][\/vc_column_inner][vc_column_inner el_class=\u00bbmargin_top_mobile_30&#8243; width=\u00bb1\/4&#8243; offset=\u00bbvc_col-lg-3 vc_col-md-3 vc_col-xs-6&#8243;][vc_single_image image=\u00bb36727&#8243; img_size=\u00bbfull\u00bb alignment=\u00bbcenter\u00bb css=\u00bb\u00bb][vc_column_text]<span>Informaci\u00f3n sobre viajes y recursos de planificaci\u00f3n<\/span>[\/vc_column_text][\/vc_column_inner][vc_column_inner el_class=\u00bbmargin_top_mobile_30&#8243; width=\u00bb1\/4&#8243; offset=\u00bbvc_col-lg-3 vc_col-md-3 vc_col-xs-6&#8243;][vc_single_image image=\u00bb36728&#8243; img_size=\u00bbfull\u00bb alignment=\u00bbcenter\u00bb css=\u00bb\u00bb][vc_column_text]<span>Telemedicina mundial<\/span>[\/vc_column_text][\/vc_column_inner][\/vc_row_inner][\/vc_column][\/vc_row][vc_row el_class=\u00bbpartner_content_right_img_left partner_content_right_img_left2&#8243;][vc_column][vc_row_inner el_class=\u00bbpartner_img_mobile\u00bb][vc_column_inner][vc_single_image image=\u00bb36732&#8243; img_size=\u00bbfull\u00bb alignment=\u00bbcenter\u00bb css=\u00bb\u00bb][\/vc_column_inner][\/vc_row_inner][\/vc_column][vc_column][vc_row_inner content_placement=\u00bbmiddle\u00bb el_class=\u00bbcontainer auto-margin\u00bb][vc_column_inner el_class=\u00bbpartner_content\u00bb width=\u00bb1\/2&#8243; offset=\u00bbvc_col-lg-6 vc_col-md-6 vc_col-xs-12&#8243;][vc_column_text css=\u00bb\u00bb]<\/p>\n<h2><strong class=\"content_span\">\u00bfPOR QU\u00c9 INTEGRAR LOS SERVICIOS DE GLOBAL RESCUE?<\/strong><\/h2>\n<h3>ATRAER Y RETENER A NUEVOS AFILIADOS<\/h3>\n<p>El programa de membres\u00eda integrada est\u00e1 dise\u00f1ado para garantizar que todos tus miembros tengan acceso a servicios de viaje cr\u00edticos en cualquier momento que viajen. Incorporar Global Rescue complementa tu paquete actual de beneficios y puede ayudar a motivar la inscripci\u00f3n de nuevos miembros.<\/p>\n<h3>S\u00d3LO LOS SERVICIOS QUE NECESITAN TUS MIEMBROS<\/h3>\n<p>Seleccione s\u00f3lo los servicios que mejor se adapten a las necesidades de tus miembros y a su presupuesto.<\/p>\n<h3>AUMENTA TUS INGRESOS<\/h3>\n<p>Gana comisiones por las mejoras de membres\u00eda y por las compras de seguros de viaje.<\/p>\n<h3>ASESORES EXPERTOS<\/h3>\n<p>Nuestros expertos internos tienen d\u00e9cadas de experiencia ayudando a nuestros miembros. Entre nuestros colaboradores se encuentran la Divisi\u00f3n de Operaciones Especiales de Medicina de Urgencias de Johns Hopkins, Elite Medical Group y Partners HealthCare.[\/vc_column_text][\/vc_column_inner][vc_column_inner el_class=\u00bbpartner_img_desktop partner_img d-none d-md-flex\u00bb width=\u00bb1\/2&#8243; offset=\u00bbvc_col-lg-6 vc_col-md-6 vc_col-xs-12&#8243;][vc_single_image image=\u00bb36732&#8243; img_size=\u00bbfull\u00bb alignment=\u00bbcenter\u00bb css=\u00bb\u00bb][\/vc_column_inner][\/vc_row_inner][\/vc_column][\/vc_row][vc_row el_class=\u00bbcontainer auto-margin partner_comprehensive_support\u00bb][vc_column][vc_column_text css=\u00bb\u00bb]<\/p>\n<div class=\"partner_comprehensive_support_inner\">\n<h2>APOYO INTEGRAL<\/h2>\n<p>Recibir\u00e1 apoyo personalizado del equipo de Global Rescue, incluido un account manager dedicado que le ayudar\u00e1 con la gesti\u00f3n del programa, as\u00ed como con herramientas y apoyo de marketing.<\/p>\n<div class=\"partner_embeded_btn\"><button id=\"requestQuote\" class=\"trigger-contact-form requestQuote btn btn-danger text-center pum-trigger\" style=\"cursor: pointer;\">Contacte con nosotros<\/button><\/div>\n<\/div>\n<p>[\/vc_column_text][\/vc_column][\/vc_row][vc_row css=\u00bb.vc_custom_1642157437311{background-color: #4a4a4a !important;}\u00bb el_class=\u00bbpartner_paths\u00bb][vc_column][vc_row_inner el_class=\u00bbcontainer auto-margin\u00bb][vc_column_inner el_class=\u00bbpartner-paths-container\u00bb][vc_column_text el_class=\u00bbpartners_path_heading\u00bb]<\/p>\n<h2>CAMINOS HACIA LA ASOCIACI\u00d3N<\/h2>\n<p>[\/vc_column_text][vc_column_text]<div class=\"paths-to-partnership-carousel blogs-featured\">\r\n\t<div class=\"awards-carousel blog-listing featured\">\r\n\t\t\t\t\t\t\t<div>\r\n\t\t\t\t\t\t<div class=\"card blog-card\">\r\n\t\t\t\t\t\t\t<div class=\"blog-thumbnail\">\r\n\t\t\t\t\t\t\t\t<img decoding=\"async\" src=\"https:\/\/www.globalrescue.com\/grcom\/grmkt_resources\/images\/Ecommerce-Global-Rescue-1.webp\" class=\"card-img-top\" alt=\"Proceso de compra del cliente\">\r\n\t\t\t\t\t\t\t<\/div>\r\n\t\t\t\t\t\t\t<div class=\"card-body\">\r\n\t\t\t\t\t\t\t\t<h5 class=\"card-title mb-2\">Proceso de compra del cliente<\/h5>\r\n\t\t\t\t\t\t\t\t<p class=\"card-text mb-4\">A\u00f1ada Global Rescue a su proceso de pago actual.<\/span><\/p>\r\n\t\t\t\t\t\t\t\t<div class=\"partner_paths_link border-top\">\r\n\t\t\t\t\t\t\t\t\t<a class=\"trigger-contact-form\" href=\"javascript:\">Cont\u00e1ctenos\t\t\t\t\t\t\t\t\t\t<i class=\"ps-2 fa fa-chevron-right\"><\/i>\r\n\t\t\t\t\t\t\t\t\t<\/a>\r\n\t\t\t\t\t\t\t\t<\/div>\r\n\t\t\t\t\t\t\t<\/div>\r\n\t\t\t\t\t\t<\/div>\r\n\t\t\t\t\t<\/div>\r\n\t\t\t\t\t\t\t\t\t\t\t\t<div>\r\n\t\t\t\t\t\t<div class=\"card blog-card\">\r\n\t\t\t\t\t\t\t<div class=\"blog-thumbnail\">\r\n\t\t\t\t\t\t\t\t<img decoding=\"async\" src=\"https:\/\/www.globalrescue.com\/grcom\/grmkt_resources\/images\/Mask-Group-10-1.webp\" class=\"card-img-top\" alt=\"Programa de afiliados\">\r\n\t\t\t\t\t\t\t<\/div>\r\n\t\t\t\t\t\t\t<div class=\"card-body\">\r\n\t\t\t\t\t\t\t\t<h5 class=\"card-title mb-2\">Programa de afiliados<\/h5>\r\n\t\t\t\t\t\t\t\t<p class=\"card-text mb-4\">Genere ingresos ayudando a sus lectores a viajar con <sup>audaciaTM<\/sup> ofreci\u00e9ndoles la red de seguridad definitiva.<\/span><\/p>\r\n\t\t\t\t\t\t\t\t<div class=\"partner_paths_link border-top\">\r\n\t\t\t\t\t\t\t\t\t<a class=\"\" href=\"https:\/\/www.globalrescue.com\/es\/partners\/travel-affiliate-program\/\">M\u00e1s informaci\u00f3n\t\t\t\t\t\t\t\t\t\t<i class=\"ps-2 fa fa-chevron-right\"><\/i>\r\n\t\t\t\t\t\t\t\t\t<\/a>\r\n\t\t\t\t\t\t\t\t<\/div>\r\n\t\t\t\t\t\t\t<\/div>\r\n\t\t\t\t\t\t<\/div>\r\n\t\t\t\t\t<\/div>\r\n\t\t\t\t\t\t\t\t\t\t\t\t<div>\r\n\t\t\t\t\t\t<div class=\"card blog-card\">\r\n\t\t\t\t\t\t\t<div class=\"blog-thumbnail\">\r\n\t\t\t\t\t\t\t\t<img decoding=\"async\" src=\"https:\/\/www.globalrescue.com\/grcom\/grmkt_resources\/images\/Boat-tour.webp\" class=\"card-img-top\" alt=\"Travel Days\">\r\n\t\t\t\t\t\t\t<\/div>\r\n\t\t\t\t\t\t\t<div class=\"card-body\">\r\n\t\t\t\t\t\t\t\t<h5 class=\"card-title mb-2\">Travel Days<\/h5>\r\n\t\t\t\t\t\t\t\t<p class=\"card-text mb-4\">Incluya los servicios de Global Rescue para viajes de cualquier tipo o duraci\u00f3n.<\/span><\/p>\r\n\t\t\t\t\t\t\t\t<div class=\"partner_paths_link border-top\">\r\n\t\t\t\t\t\t\t\t\t<a class=\"\" href=\"https:\/\/www.globalrescue.com\/es\/partners\/travel-days\/\">M\u00e1s informaci\u00f3n\t\t\t\t\t\t\t\t\t\t<i class=\"ps-2 fa fa-chevron-right\"><\/i>\r\n\t\t\t\t\t\t\t\t\t<\/a>\r\n\t\t\t\t\t\t\t\t<\/div>\r\n\t\t\t\t\t\t\t<\/div>\r\n\t\t\t\t\t\t<\/div>\r\n\t\t\t\t\t<\/div>\r\n\t\t\t\t\t\t\t\t\t\t\t\t<div>\r\n\t\t\t\t\t\t<div class=\"card blog-card\">\r\n\t\t\t\t\t\t\t<div class=\"blog-thumbnail\">\r\n\t\t\t\t\t\t\t\t<img decoding=\"async\" src=\"https:\/\/www.globalrescue.com\/grcom\/grmkt_resources\/images\/Winter-trekking-tour.webp\" class=\"card-img-top\" alt=\"Programa de referidos\">\r\n\t\t\t\t\t\t\t<\/div>\r\n\t\t\t\t\t\t\t<div class=\"card-body\">\r\n\t\t\t\t\t\t\t\t<h5 class=\"card-title mb-2\">Programa de referidos<\/h5>\r\n\t\t\t\t\t\t\t\t<p class=\"card-text mb-4\">Gane dinero vendiendo afiliaciones a Global Rescue y seguros de viaje.<\/span><\/p>\r\n\t\t\t\t\t\t\t\t<div class=\"partner_paths_link border-top\">\r\n\t\t\t\t\t\t\t\t\t<a class=\"\" href=\"https:\/\/www.globalrescue.com\/es\/partners\/partners-referral\/\">M\u00e1s informaci\u00f3n\t\t\t\t\t\t\t\t\t\t<i class=\"ps-2 fa fa-chevron-right\"><\/i>\r\n\t\t\t\t\t\t\t\t\t<\/a>\r\n\t\t\t\t\t\t\t\t<\/div>\r\n\t\t\t\t\t\t\t<\/div>\r\n\t\t\t\t\t\t<\/div>\r\n\t\t\t\t\t<\/div>\r\n\t\t\t\t\t\t\t\t\t\t\t\t<div>\r\n\t\t\t\t\t\t<div class=\"card blog-card\">\r\n\t\t\t\t\t\t\t<div class=\"blog-thumbnail\">\r\n\t\t\t\t\t\t\t\t<img decoding=\"async\" src=\"https:\/\/www.globalrescue.com\/grcom\/grmkt_resources\/images\/rescue-global-icecave.webp\" class=\"card-img-top\" alt=\"Membres\u00eda integrada\">\r\n\t\t\t\t\t\t\t<\/div>\r\n\t\t\t\t\t\t\t<div class=\"card-body\">\r\n\t\t\t\t\t\t\t\t<h5 class=\"card-title mb-2\">Membres\u00eda integrada<\/h5>\r\n\t\t\t\t\t\t\t\t<p class=\"card-text mb-4\">Una forma rentable de dar m\u00e1s valor a las ventajas de los afiliados.<\/span><\/p>\r\n\t\t\t\t\t\t\t\t<div class=\"partner_paths_link border-top\">\r\n\t\t\t\t\t\t\t\t\t<a class=\"\" href=\"https:\/\/www.globalrescue.com\/es\/partners\/partners-embedded\/\">M\u00e1s informaci\u00f3n\t\t\t\t\t\t\t\t\t\t<i class=\"ps-2 fa fa-chevron-right\"><\/i>\r\n\t\t\t\t\t\t\t\t\t<\/a>\r\n\t\t\t\t\t\t\t\t<\/div>\r\n\t\t\t\t\t\t\t<\/div>\r\n\t\t\t\t\t\t<\/div>\r\n\t\t\t\t\t<\/div>\r\n\t\t\t\t\t\t\t\t\t\t<\/div>\r\n<\/div>[\/vc_column_text][\/vc_column_inner][\/vc_row_inner][\/vc_column][\/vc_row][vc_row el_class=\u00bbcontainer partner_partner auto-margin\u00bb][vc_column][vc_row_inner][vc_column_inner][vc_column_text]<\/p>\n<h2>ESTAR\u00c1S EN BUENA COMPA\u00d1\u00cdA<\/h2>\n<p>[\/vc_column_text][\/vc_column_inner][\/vc_row_inner][vc_row_inner content_placement=\u00bbmiddle\u00bb][vc_column_inner width=\u00bb3\/5&#8243;][vc_column_text css=\u00bb\u00bb]<\/p>\n<div class=\"partner_partner_content\">\n<ul>\n<li>Nuestros clientes conf\u00edan en ZOLEO para mantenerse conectados y seguros en lugares remotos y dif\u00edciles, y nuestra asociaci\u00f3n con Global Rescue nos permite hacer precisamente eso. Su equipo, experimentado y altamente cualificado, est\u00e1 formado por el tipo de profesionales que quieres tener a tu lado en caso de emergencia.<br \/>\n<h5>- Morris Shawn, Presidente de ZOLEO Inc.<\/h5>\n<\/li>\n<li>Nuestros viajeros pueden explorar con confianza y seguridad regiones remotas de seis continentes sabiendo que el equipo de Global Rescue les cubre las espaldas. En caso de emergencia, esta es sin duda la gente que hay que conocer.<br \/>\n<h5>-Allison Fleece, Fundadora y Jefa de Aventuras de WHOA Travel<\/h5>\n<\/li>\n<li>Viaje con inteligencia y est\u00e9 preparado. En cuanto al seguro m\u00e9dico de evacuaci\u00f3n y de seguridad, mi recomendaci\u00f3n es que nunca salgas de casa sin \u00e9l.<br \/>\n<h5>-Jim Klug, Director General de Yellow Dog Flyfishing<\/h5>\n<\/li>\n<\/ul>\n<\/div>\n<p>[\/vc_column_text][\/vc_column_inner][vc_column_inner width=\u00bb2\/5&#8243;][vc_single_image image=\u00bb36731&#8243; img_size=\u00bbfull\u00bb css=\u00bb\u00bb el_class=\u00bbpartner_partner_img_desktop\u00bb][\/vc_column_inner][\/vc_row_inner][vc_row_inner][vc_column_inner offset=\u00bbvc_hidden-lg vc_hidden-md vc_hidden-sm\u00bb][vc_single_image image=\u00bb27753&#8243; img_size=\u00bbfull\u00bb alignment=\u00bbcenter\u00bb el_class=\u00bbpartner_partner_img_mobile\u00bb][\/vc_column_inner][\/vc_row_inner][\/vc_column][\/vc_row]<\/p>\n<\/div>","protected":false},"excerpt":{"rendered":"<p>[vc_row][vc_column][vc_column_text][\/vc_column_text][\/vc_column][\/vc_row][vc_row el_class=\u00bbpartner_embeded_programs container auto-margin\u00bb][vc_column][vc_column_text css=\u00bb\u00bb] PROGRAMA DE MEMBRES\u00cdA INTEGRADA Una forma rentable de dar m\u00e1s valor a las ventajas de los partners [\/vc_column_text][\/vc_column][vc_column el_class=\u00bbpartner_logos\u00bb][vc_row_inner content_placement=\u00bbmiddle\u00bb el_class=\u00bbauto-margin\u00bb][vc_column_inner width=\u00bb1\/5&#8243; offset=\u00bbvc_col-md-1\/5 vc_col-xs-1\/5&#8243;][vc_single_image image=\u00bb5779&#8243; img_size=\u00bbfull\u00bb alignment=\u00bbcenter\u00bb][\/vc_column_inner][vc_column_inner width=\u00bb1\/5&#8243; offset=\u00bbvc_col-md-1\/5 vc_col-xs-1\/5&#8243;][vc_single_image image=\u00bb5861&#8243; img_size=\u00bbfull\u00bb alignment=\u00bbcenter\u00bb][\/vc_column_inner][vc_column_inner width=\u00bb1\/5&#8243; offset=\u00bbvc_col-md-1\/5 vc_col-xs-1\/5&#8243;][vc_single_image image=\u00bb5737&#8243; img_size=\u00bbfull\u00bb alignment=\u00bbcenter\u00bb][\/vc_column_inner][vc_column_inner width=\u00bb1\/5&#8243; offset=\u00bbvc_col-lg-offset-0 vc_col-md-offset-0 vc_col-md-1\/5 vc_col-sm-offset-0 vc_col-xs-1\/5&#8243;][vc_single_image image=\u00bb5747&#8243; img_size=\u00bbfull\u00bb alignment=\u00bbcenter\u00bb][\/vc_column_inner][vc_column_inner width=\u00bb1\/5&#8243; offset=\u00bbvc_col-lg-offset-0 [&hellip;]<\/p>\n","protected":false},"author":1,"featured_media":0,"parent":47227,"menu_order":0,"comment_status":"closed","ping_status":"closed","template":"","meta":{"_acf_changed":false,"inline_featured_image":false,"footnotes":""},"class_list":["post-47230","page","type-page","status-publish","hentry"],"acf":[],"_links":{"self":[{"href":"https:\/\/www.globalrescue.com\/es\/wp-json\/wp\/v2\/pages\/47230","targetHints":{"allow":["GET"]}}],"collection":[{"href":"https:\/\/www.globalrescue.com\/es\/wp-json\/wp\/v2\/pages"}],"about":[{"href":"https:\/\/www.globalrescue.com\/es\/wp-json\/wp\/v2\/types\/page"}],"author":[{"embeddable":true,"href":"https:\/\/www.globalrescue.com\/es\/wp-json\/wp\/v2\/users\/1"}],"replies":[{"embeddable":true,"href":"https:\/\/www.globalrescue.com\/es\/wp-json\/wp\/v2\/comments?post=47230"}],"version-history":[{"count":10,"href":"https:\/\/www.globalrescue.com\/es\/wp-json\/wp\/v2\/pages\/47230\/revisions"}],"predecessor-version":[{"id":52883,"href":"https:\/\/www.globalrescue.com\/es\/wp-json\/wp\/v2\/pages\/47230\/revisions\/52883"}],"up":[{"embeddable":true,"href":"https:\/\/www.globalrescue.com\/es\/wp-json\/wp\/v2\/pages\/47227"}],"wp:attachment":[{"href":"https:\/\/www.globalrescue.com\/es\/wp-json\/wp\/v2\/media?parent=47230"}],"curies":[{"name":"wp","href":"https:\/\/api.w.org\/{rel}","templated":true}]}}