{"id":47234,"date":"2022-01-11T07:45:11","date_gmt":"2022-01-11T07:45:11","guid":{"rendered":"https:\/\/www.globalrescue.com\/socios\/remision\/"},"modified":"2025-09-30T08:33:03","modified_gmt":"2025-09-30T08:33:03","slug":"remision","status":"publish","type":"page","link":"https:\/\/www.globalrescue.com\/es\/partners\/partners-referral\/","title":{"rendered":"Referidos"},"content":{"rendered":"<div class=\"wpb-content-wrapper\"><p>[vc_row el_class=\u00bbpartner_embeded_programs container auto-margin\u00bb][vc_column][vc_column_text css=\u00bb\u00bb]<\/p>\n<h2>PROGRAMA DE REFERIDOS<\/h2>\n<h3>Gana dinero vendiendo membres\u00edas de Global Rescue y seguros de viaje.<\/h3>\n<p>[\/vc_column_text][\/vc_column][vc_column el_class=\u00bbpartner_logos container auto-margin\u00bb][vc_row_inner content_placement=\u00bbmiddle\u00bb][vc_column_inner width=\u00bb1\/4&#8243; offset=\u00bbvc_col-xs-2&#8243;][vc_single_image image=\u00bb5839&#8243; alignment=\u00bbcenter\u00bb][\/vc_column_inner][vc_column_inner width=\u00bb1\/4&#8243; offset=\u00bbvc_col-xs-4&#8243;][vc_single_image image=\u00bb5794&#8243; alignment=\u00bbcenter\u00bb][\/vc_column_inner][vc_column_inner width=\u00bb1\/4&#8243; offset=\u00bbvc_col-xs-3&#8243;][vc_single_image image=\u00bb5876&#8243; alignment=\u00bbcenter\u00bb][\/vc_column_inner][vc_column_inner width=\u00bb1\/4&#8243; offset=\u00bbvc_col-xs-3&#8243;][vc_single_image image=\u00bb5818&#8243; alignment=\u00bbcenter\u00bb][\/vc_column_inner][\/vc_row_inner][\/vc_column][vc_column][vc_row_inner el_class=\u00bbcontainer auto-margin\u00bb][vc_column_inner][vc_column_text css=\u00bb\u00bb]Nuestros Safe Travel partners comprenden la importancia de proteger a sus viajeros cuando viajan. Por eso nos comprometemos a prestar servicios inigualables de evacuaci\u00f3n y asesoramiento m\u00e9dico y de seguridad.<\/p>\n<div class=\"partner_embeded_btn\"><button id=\"requestQuote\" class=\"trigger-contact-form requestQuote btn btn-danger text-center pum-trigger\" style=\"cursor: pointer;\">CONT\u00c1CTANOS<\/button><\/div>\n<p>[\/vc_column_text][\/vc_column_inner][\/vc_row_inner][\/vc_column][\/vc_row][vc_row full_width=\u00bbstretch_row\u00bb el_class=\u00bbpartner_customized_programs\u00bb][vc_column][vc_row_inner el_class=\u00bbcontainer auto-margin\u00bb][vc_column_inner][vc_column_text]<\/p>\n<h2>PROGRAMAS PERSONALIZADOS<\/h2>\n<p>[\/vc_column_text][\/vc_column_inner][\/vc_row_inner][vc_row_inner el_class=\u00bbcontainer auto-margin\u00bb][vc_column_inner width=\u00bb1\/4&#8243; offset=\u00bbvc_col-lg-3 vc_col-md-3 vc_col-xs-6&#8243;][vc_single_image image=\u00bb5870&#8243; img_size=\u00bbfull\u00bb alignment=\u00bbcenter\u00bb][vc_column_text]<span>Asistencia de urgencia 24\/7\/365<\/span>[\/vc_column_text][\/vc_column_inner][vc_column_inner width=\u00bb1\/4&#8243; offset=\u00bbvc_col-lg-3 vc_col-md-3 vc_col-xs-6&#8243;][vc_single_image image=\u00bb36729&#8243; img_size=\u00bbfull\u00bb alignment=\u00bbcenter\u00bb css=\u00bb\u00bb][vc_column_text]<span>Servicios de evacuaci\u00f3n y asesoramiento<\/span>[\/vc_column_text][\/vc_column_inner][vc_column_inner el_class=\u00bbmargin_top_mobile_30&#8243; width=\u00bb1\/4&#8243; offset=\u00bbvc_col-lg-3 vc_col-md-3 vc_col-xs-6&#8243;][vc_single_image image=\u00bb36730&#8243; img_size=\u00bbfull\u00bb alignment=\u00bbcenter\u00bb css=\u00bb\u00bb][vc_column_text]<span>Rescate sobre el terreno en todo el mundo<\/span>[\/vc_column_text][\/vc_column_inner][vc_column_inner el_class=\u00bbmargin_top_mobile_30&#8243; width=\u00bb1\/4&#8243; offset=\u00bbvc_col-lg-3 vc_col-md-3 vc_col-xs-6&#8243;][vc_single_image image=\u00bb36727&#8243; img_size=\u00bbfull\u00bb alignment=\u00bbcenter\u00bb css=\u00bb\u00bb][vc_column_text]<span>Informes de destino detallados y alertas de sucesos en tiempo real<\/span>[\/vc_column_text][\/vc_column_inner][\/vc_row_inner][\/vc_column][\/vc_row][vc_row el_class=\u00bbpartner_sidebyside\u00bb][vc_column el_class=\u00bbpartner_sidebyside_mobile_image\u00bb][vc_single_image image=\u00bb36736&#8243; img_size=\u00bbfull\u00bb css=\u00bb\u00bb][\/vc_column][vc_column][vc_row_inner el_class=\u00bbcontainer auto-margin d-flex flex-column-reverse flex-lg-row\u00bb][vc_column_inner offset=\u00bbvc_col-lg-6&#8243;][vc_column_text css=\u00bb\u00bb el_class=\u00bbme-0 me-lg-4 mt-0 mt-sm-4 mt-lg-0&#8243;]<\/p>\n<div class=\"partner_sidebyside_content\">\n<h3>POR QU\u00c9 CONVERTIRSE EN PARTNER DE REFERIDOS<\/h3>\n<p><strong>\u00bfPOR QU\u00c9 SER SOCIO DE REFERENCIA?<\/strong>Protege a tu empresa, viajeros y empleados. Somos tu plan de respaldo en el caso poco probable de que una emergencia m\u00e9dica o de seguridad ocurra, ayud\u00e1ndote a cumplir con tu responsabilidad de cuidado.<\/p>\n<p><strong>UNA \u00daNICA FUENTE DE SERVICIOS DE VIAJE<\/strong>Adem\u00e1s de la membres\u00eda a Global Rescue, ofrecemos acceso a seguros de viaje para una combinaci\u00f3n perfecta de servicios que garantice que sus viajeros protegen los costes de su viaje con antelaci\u00f3n y viajan preparados.<\/p>\n<p><strong>SERVICIOS DE ASESORAMIENTO M\u00c9DICO Y DE SEGURIDAD<\/strong>Desde problemas comunes hasta acontecimientos m\u00e9dicos graves, nuestros centros de operaciones cuentan con personal de enfermer\u00eda experimentado, param\u00e9dicos y veteranos de operaciones especiales militares, y est\u00e1n respaldados por una relaci\u00f3n exclusiva con la Divisi\u00f3n de Operaciones Especiales del Departamento de Medicina de Urgencias Johns Hopkins para ayudar a nuestros afiliados cuando m\u00e1s lo necesitan.<\/p>\n<\/div>\n<p>[\/vc_column_text][\/vc_column_inner][vc_column_inner el_class=\u00bbpartner_sidebyside_desktop_image\u00bb offset=\u00bbvc_col-lg-6&#8243;][vc_single_image image=\u00bb36736&#8243; img_size=\u00bbfull\u00bb alignment=\u00bbcenter\u00bb css=\u00bb\u00bb el_class=\u00bbms-0 ms-lg-4&#8243;][\/vc_column_inner][\/vc_row_inner][\/vc_column][vc_column el_class=\u00bbpartner_sidebyside_mobile_image margin_top_mobile_50&#8243;][vc_row_inner][vc_column_inner][vc_single_image image=\u00bb36734&#8243; img_size=\u00bbfull\u00bb css=\u00bb\u00bb][\/vc_column_inner][\/vc_row_inner][\/vc_column][vc_column el_class=\u00bbpartner_sidebyside_inner_reverse margin_top_50&#8243;][vc_row_inner content_placement=\u00bbmiddle\u00bb el_class=\u00bbcontainer auto-margin\u00bb][vc_column_inner el_class=\u00bbpartner_sidebyside_desktop_image\u00bb offset=\u00bbvc_col-lg-6&#8243;][vc_single_image image=\u00bb36734&#8243; img_size=\u00bbfull\u00bb css=\u00bb\u00bb el_class=\u00bbme-0 me-lg-4&#8243;][\/vc_column_inner][vc_column_inner offset=\u00bbvc_col-lg-6&#8243;][vc_column_text css=\u00bb\u00bb el_class=\u00bbms-0 ms-lg-4 mt-0 mt-sm-4 mt-lg-0&#8243;]<\/p>\n<div class=\"partner_sidebyside_content\">\n<p class=\"partner_sidebyside_content2\"><strong>GENERA INGRESOS ADICIONALES<\/strong>Crea una fuente de ingresos adicional basada en las ventas de membres\u00edas a Global Rescue y seguros de viaje. La inscripci\u00f3n es gratuita.<\/p>\n<p><strong>OFRECE OPCIONES DE MEMBRES\u00cdAS FLEXIBLES<\/strong>Sin importar la duraci\u00f3n de tu viaje, hay membres\u00edas anuales y de corto plazo disponibles para viajeros individuales y familias de todas las nacionalidades.<\/p>\n<p><strong>DIFERENCIATE DE LA COMPETENCIA<\/strong>Demuestre su compromiso con la salud y la seguridad de los viajeros incluyendo nuestro logo de Safe Travel Partner en tu sitio web y en materiales de marketing.<\/p>\n<\/div>\n<p>[\/vc_column_text][\/vc_column_inner][\/vc_row_inner][\/vc_column][\/vc_row][vc_row el_class=\u00bbcontainer auto-margin\u00bb][vc_column][vc_row_inner el_class=\u00bbpartner_comprehensive_support\u00bb][vc_column_inner][vc_column_text css=\u00bb\u00bb]<\/p>\n<div class=\"partner_comprehensive_support_inner\">\n<h2>\u00bfEN QU\u00c9 SE DIFERENCIA GLOBAL RESCUE DE UN SEGURO DE VIAJE?<\/h2>\n<p><span>Un seguro de viaje y una membres\u00eda de Global Rescue no son lo mismo. La membres\u00eda de Global Rescue es m\u00e1s que protecci\u00f3n financiera. Nuestros equipos de operaciones se encargan de toda la log\u00edstica y la gesti\u00f3n de los casos desde el momento en que un miembro se pone en contacto con nosotros.<\/span><\/p>\n<p><span>Aunque algunas p\u00f3lizas de seguro de viaje pueden ofrecer un reembolso de evacuaciones m\u00e9dicas, no tendr\u00edas que llamar a tu proveedor de seguros de viaje para coordinar este tipo de servicios para ti, un familiar o un viajero.<\/span><\/p>\n<p><span>Un seguro de viaje protege el valor de los desplazamientos de sus viajeros con opciones de cancelaci\u00f3n que incluyen: cancelaci\u00f3n por cualquier motivo, seguro m\u00e9dico por accidente y por enfermedad, y p\u00e9rdida de equipaje. Los productos de seguros suelen funcionar mediante reembolsos despu\u00e9s de un proceso de reclamaciones, mientras que los beneficios de Global Rescue est\u00e1n disponibles desde el principio, sin necesidad de reclamaciones.<\/span><\/p>\n<\/div>\n<p>[\/vc_column_text][\/vc_column_inner][\/vc_row_inner][\/vc_column][\/vc_row][vc_row full_width=\u00bbstretch_row\u00bb el_class=\u00bbpartner_sidebyside_2&#8243;][vc_column][vc_row_inner el_class=\u00bbpartner_sidebyside_inner_2 container auto-margin\u00bb][vc_column_inner offset=\u00bbvc_col-md-6&#8243;][vc_column_text css=\u00bb\u00bb]<\/p>\n<div class=\"partner_sidebyside_content\">\n<h2>MEJORA DE LA TELESALUD<\/h2>\n<p>Los socios de Safe Travel tambi\u00e9n pueden ganar comisiones por las ventas de una afiliaci\u00f3n mejorada de Global Rescue llamada TotalCare<sup>SM<\/sup>. Adem\u00e1s de la afiliaci\u00f3n a los servicios de viaje, TotalCare proporciona acceso inmediato a un equipo de expertos m\u00e9dicos para consultas y tratamientos por v\u00eddeo en tiempo real.<\/p>\n<\/div>\n<p>[\/vc_column_text][\/vc_column_inner][vc_column_inner offset=\u00bbvc_col-md-6&#8243;][vc_single_image image=\u00bb36735&#8243; img_size=\u00bbfull\u00bb alignment=\u00bbcenter\u00bb css=\u00bb\u00bb][\/vc_column_inner][\/vc_row_inner][\/vc_column][\/vc_row][vc_row el_class=\u00bbcontainer auto-margin\u00bb][vc_column][vc_row_inner el_class=\u00bbpartner_comprehensive_support partner_comprehensive_support2&#8243;][vc_column_inner][vc_column_text css=\u00bb\u00bb]<\/p>\n<div class=\"partner_comprehensive_support_inner\">\n<h2>APOYO INTEGRAL<\/h2>\n<p><span>Como partner de Safe Travel, recibir\u00e1s el apoyo de un account manager especializado, una p\u00e1gina de ecommerce co-brandeada, un portal de acceso para partners, recursos de marketing y mucho m\u00e1s.<\/span><\/p>\n<div class=\"partner_comprehensive_support_btn\"><button id=\"requestQuote\" class=\"trigger-contact-form requestQuote btn btn-danger text-center pum-trigger\" style=\"cursor: pointer;\">CONT\u00c1CTANOS<\/button><\/div>\n<\/div>\n<p>[\/vc_column_text][\/vc_column_inner][\/vc_row_inner][\/vc_column][\/vc_row][vc_row css=\u00bb.vc_custom_1642157437311{background-color: #4a4a4a !important;}\u00bb el_class=\u00bbpartner_paths\u00bb][vc_column][vc_row_inner el_class=\u00bbcontainer auto-margin\u00bb][vc_column_inner el_class=\u00bbpartner-paths-container\u00bb][vc_column_text el_class=\u00bbpartners_path_heading\u00bb]<\/p>\n<h2>CAMINOS HACIA LA ASOCIACI\u00d3N<\/h2>\n<p>[\/vc_column_text][vc_column_text]<div class=\"paths-to-partnership-carousel blogs-featured\">\r\n\t<div class=\"awards-carousel blog-listing featured\">\r\n\t\t\t\t\t\t\t<div>\r\n\t\t\t\t\t\t<div class=\"card blog-card\">\r\n\t\t\t\t\t\t\t<div class=\"blog-thumbnail\">\r\n\t\t\t\t\t\t\t\t<img decoding=\"async\" src=\"https:\/\/www.globalrescue.com\/grcom\/grmkt_resources\/images\/Ecommerce-Global-Rescue-1.webp\" class=\"card-img-top\" alt=\"Proceso de compra del cliente\">\r\n\t\t\t\t\t\t\t<\/div>\r\n\t\t\t\t\t\t\t<div class=\"card-body\">\r\n\t\t\t\t\t\t\t\t<h5 class=\"card-title mb-2\">Proceso de compra del cliente<\/h5>\r\n\t\t\t\t\t\t\t\t<p class=\"card-text mb-4\">A\u00f1ada Global Rescue a su proceso de pago actual.<\/span><\/p>\r\n\t\t\t\t\t\t\t\t<div class=\"partner_paths_link border-top\">\r\n\t\t\t\t\t\t\t\t\t<a class=\"trigger-contact-form\" href=\"javascript:\">Cont\u00e1ctenos\t\t\t\t\t\t\t\t\t\t<i class=\"ps-2 fa fa-chevron-right\"><\/i>\r\n\t\t\t\t\t\t\t\t\t<\/a>\r\n\t\t\t\t\t\t\t\t<\/div>\r\n\t\t\t\t\t\t\t<\/div>\r\n\t\t\t\t\t\t<\/div>\r\n\t\t\t\t\t<\/div>\r\n\t\t\t\t\t\t\t\t\t\t\t\t<div>\r\n\t\t\t\t\t\t<div class=\"card blog-card\">\r\n\t\t\t\t\t\t\t<div class=\"blog-thumbnail\">\r\n\t\t\t\t\t\t\t\t<img decoding=\"async\" src=\"https:\/\/www.globalrescue.com\/grcom\/grmkt_resources\/images\/Mask-Group-10-1.webp\" class=\"card-img-top\" alt=\"Programa de afiliados\">\r\n\t\t\t\t\t\t\t<\/div>\r\n\t\t\t\t\t\t\t<div class=\"card-body\">\r\n\t\t\t\t\t\t\t\t<h5 class=\"card-title mb-2\">Programa de afiliados<\/h5>\r\n\t\t\t\t\t\t\t\t<p class=\"card-text mb-4\">Genere ingresos ayudando a sus lectores a viajar con <sup>audaciaTM<\/sup> ofreci\u00e9ndoles la red de seguridad definitiva.<\/span><\/p>\r\n\t\t\t\t\t\t\t\t<div class=\"partner_paths_link border-top\">\r\n\t\t\t\t\t\t\t\t\t<a class=\"\" href=\"https:\/\/www.globalrescue.com\/es\/partners\/travel-affiliate-program\/\">M\u00e1s informaci\u00f3n\t\t\t\t\t\t\t\t\t\t<i class=\"ps-2 fa fa-chevron-right\"><\/i>\r\n\t\t\t\t\t\t\t\t\t<\/a>\r\n\t\t\t\t\t\t\t\t<\/div>\r\n\t\t\t\t\t\t\t<\/div>\r\n\t\t\t\t\t\t<\/div>\r\n\t\t\t\t\t<\/div>\r\n\t\t\t\t\t\t\t\t\t\t\t\t<div>\r\n\t\t\t\t\t\t<div class=\"card blog-card\">\r\n\t\t\t\t\t\t\t<div class=\"blog-thumbnail\">\r\n\t\t\t\t\t\t\t\t<img decoding=\"async\" src=\"https:\/\/www.globalrescue.com\/grcom\/grmkt_resources\/images\/Boat-tour.webp\" class=\"card-img-top\" alt=\"Travel Days\">\r\n\t\t\t\t\t\t\t<\/div>\r\n\t\t\t\t\t\t\t<div class=\"card-body\">\r\n\t\t\t\t\t\t\t\t<h5 class=\"card-title mb-2\">Travel Days<\/h5>\r\n\t\t\t\t\t\t\t\t<p class=\"card-text mb-4\">Incluya los servicios de Global Rescue para viajes de cualquier tipo o duraci\u00f3n.<\/span><\/p>\r\n\t\t\t\t\t\t\t\t<div class=\"partner_paths_link border-top\">\r\n\t\t\t\t\t\t\t\t\t<a class=\"\" href=\"https:\/\/www.globalrescue.com\/es\/partners\/travel-days\/\">M\u00e1s informaci\u00f3n\t\t\t\t\t\t\t\t\t\t<i class=\"ps-2 fa fa-chevron-right\"><\/i>\r\n\t\t\t\t\t\t\t\t\t<\/a>\r\n\t\t\t\t\t\t\t\t<\/div>\r\n\t\t\t\t\t\t\t<\/div>\r\n\t\t\t\t\t\t<\/div>\r\n\t\t\t\t\t<\/div>\r\n\t\t\t\t\t\t\t\t\t\t\t\t<div>\r\n\t\t\t\t\t\t<div class=\"card blog-card\">\r\n\t\t\t\t\t\t\t<div class=\"blog-thumbnail\">\r\n\t\t\t\t\t\t\t\t<img decoding=\"async\" src=\"https:\/\/www.globalrescue.com\/grcom\/grmkt_resources\/images\/Winter-trekking-tour.webp\" class=\"card-img-top\" alt=\"Programa de referidos\">\r\n\t\t\t\t\t\t\t<\/div>\r\n\t\t\t\t\t\t\t<div class=\"card-body\">\r\n\t\t\t\t\t\t\t\t<h5 class=\"card-title mb-2\">Programa de referidos<\/h5>\r\n\t\t\t\t\t\t\t\t<p class=\"card-text mb-4\">Gane dinero vendiendo afiliaciones a Global Rescue y seguros de viaje.<\/span><\/p>\r\n\t\t\t\t\t\t\t\t<div class=\"partner_paths_link border-top\">\r\n\t\t\t\t\t\t\t\t\t<a class=\"\" href=\"https:\/\/www.globalrescue.com\/es\/partners\/partners-referral\/\">M\u00e1s informaci\u00f3n\t\t\t\t\t\t\t\t\t\t<i class=\"ps-2 fa fa-chevron-right\"><\/i>\r\n\t\t\t\t\t\t\t\t\t<\/a>\r\n\t\t\t\t\t\t\t\t<\/div>\r\n\t\t\t\t\t\t\t<\/div>\r\n\t\t\t\t\t\t<\/div>\r\n\t\t\t\t\t<\/div>\r\n\t\t\t\t\t\t\t\t\t\t\t\t<div>\r\n\t\t\t\t\t\t<div class=\"card blog-card\">\r\n\t\t\t\t\t\t\t<div class=\"blog-thumbnail\">\r\n\t\t\t\t\t\t\t\t<img decoding=\"async\" src=\"https:\/\/www.globalrescue.com\/grcom\/grmkt_resources\/images\/rescue-global-icecave.webp\" class=\"card-img-top\" alt=\"Membres\u00eda integrada\">\r\n\t\t\t\t\t\t\t<\/div>\r\n\t\t\t\t\t\t\t<div class=\"card-body\">\r\n\t\t\t\t\t\t\t\t<h5 class=\"card-title mb-2\">Membres\u00eda integrada<\/h5>\r\n\t\t\t\t\t\t\t\t<p class=\"card-text mb-4\">Una forma rentable de dar m\u00e1s valor a las ventajas de los afiliados.<\/span><\/p>\r\n\t\t\t\t\t\t\t\t<div class=\"partner_paths_link border-top\">\r\n\t\t\t\t\t\t\t\t\t<a class=\"\" href=\"https:\/\/www.globalrescue.com\/es\/partners\/partners-embedded\/\">M\u00e1s informaci\u00f3n\t\t\t\t\t\t\t\t\t\t<i class=\"ps-2 fa fa-chevron-right\"><\/i>\r\n\t\t\t\t\t\t\t\t\t<\/a>\r\n\t\t\t\t\t\t\t\t<\/div>\r\n\t\t\t\t\t\t\t<\/div>\r\n\t\t\t\t\t\t<\/div>\r\n\t\t\t\t\t<\/div>\r\n\t\t\t\t\t\t\t\t\t\t<\/div>\r\n<\/div>[\/vc_column_text][\/vc_column_inner][\/vc_row_inner][\/vc_column][\/vc_row][vc_row el_class=\u00bbcontainer partner_partner auto-margin\u00bb][vc_column][vc_row_inner][vc_column_inner][vc_column_text]<\/p>\n<h2>ESTAR\u00c1S EN BUENA COMPA\u00d1\u00cdA<\/h2>\n<p>[\/vc_column_text][\/vc_column_inner][\/vc_row_inner][vc_row_inner content_placement=\u00bbmiddle\u00bb][vc_column_inner width=\u00bb3\/5&#8243;][vc_column_text css=\u00bb\u00bb]<\/p>\n<div class=\"partner_partner_content\">\n<ul>\n<li>Nuestros clientes conf\u00edan en ZOLEO para mantenerse conectados y seguros en lugares remotos y dif\u00edciles, y nuestro partnership con Global Rescue nos permite hacer precisamente eso. Su equipo experimentado y altamente cualificado est\u00e1 formado por el tipo de profesionales que quieres tener a tu lado en caso de emergencia.<br \/>\n<h5>- Morris Shawn, Presidente de ZOLEO Inc.<\/h5>\n<\/li>\n<li>Nuestros viajeros pueden explorar con confianza y seguridad regiones remotas de seis continentes sabiendo que el equipo de Global Rescue les cubre las espaldas. En caso de emergencia, hay que conocer a estas personas.<br \/>\n<h5>-Allison Fleece, Fundadora y Aventurera Jefe de WHOA Travel<\/h5>\n<\/li>\n<li>Viaje con inteligencia y est\u00e9 preparado. En lo que respecta al seguro m\u00e9dico de evacuaci\u00f3n y seguridad, mi recomendaci\u00f3n es que nunca salga de casa sin \u00e9l.<br \/>\n<h5>-Jim Klug, Director General de Yellow Dog Flyfishing<\/h5>\n<\/li>\n<\/ul>\n<\/div>\n<p>[\/vc_column_text][\/vc_column_inner][vc_column_inner width=\u00bb2\/5&#8243;][vc_single_image image=\u00bb36737&#8243; img_size=\u00bbfull\u00bb css=\u00bb\u00bb el_class=\u00bbpartner_partner_img_desktop\u00bb][\/vc_column_inner][\/vc_row_inner][vc_row_inner][vc_column_inner offset=\u00bbvc_hidden-lg vc_hidden-md vc_hidden-sm\u00bb][vc_single_image image=\u00bb36737&#8243; img_size=\u00bbfull\u00bb alignment=\u00bbcenter\u00bb css=\u00bb\u00bb el_class=\u00bbpartner_partner_img_mobile\u00bb][\/vc_column_inner][\/vc_row_inner][\/vc_column][\/vc_row]<\/p>\n<\/div>","protected":false},"excerpt":{"rendered":"<p>[vc_row el_class=\u00bbpartner_embeded_programs container auto-margin\u00bb][vc_column][vc_column_text css=\u00bb\u00bb] PROGRAMA DE REFERIDOS Gana dinero vendiendo membres\u00edas de Global Rescue y seguros de viaje. [\/vc_column_text][\/vc_column][vc_column el_class=\u00bbpartner_logos container auto-margin\u00bb][vc_row_inner content_placement=\u00bbmiddle\u00bb][vc_column_inner width=\u00bb1\/4&#8243; offset=\u00bbvc_col-xs-2&#8243;][vc_single_image image=\u00bb5839&#8243; alignment=\u00bbcenter\u00bb][\/vc_column_inner][vc_column_inner width=\u00bb1\/4&#8243; offset=\u00bbvc_col-xs-4&#8243;][vc_single_image image=\u00bb5794&#8243; alignment=\u00bbcenter\u00bb][\/vc_column_inner][vc_column_inner width=\u00bb1\/4&#8243; offset=\u00bbvc_col-xs-3&#8243;][vc_single_image image=\u00bb5876&#8243; alignment=\u00bbcenter\u00bb][\/vc_column_inner][vc_column_inner width=\u00bb1\/4&#8243; offset=\u00bbvc_col-xs-3&#8243;][vc_single_image image=\u00bb5818&#8243; alignment=\u00bbcenter\u00bb][\/vc_column_inner][\/vc_row_inner][\/vc_column][vc_column][vc_row_inner el_class=\u00bbcontainer auto-margin\u00bb][vc_column_inner][vc_column_text css=\u00bb\u00bb]Nuestros Safe Travel partners comprenden la importancia de proteger a sus viajeros cuando [&hellip;]<\/p>\n","protected":false},"author":1,"featured_media":0,"parent":47227,"menu_order":0,"comment_status":"closed","ping_status":"closed","template":"","meta":{"_acf_changed":false,"inline_featured_image":false,"footnotes":""},"class_list":["post-47234","page","type-page","status-publish","hentry"],"acf":[],"_links":{"self":[{"href":"https:\/\/www.globalrescue.com\/es\/wp-json\/wp\/v2\/pages\/47234","targetHints":{"allow":["GET"]}}],"collection":[{"href":"https:\/\/www.globalrescue.com\/es\/wp-json\/wp\/v2\/pages"}],"about":[{"href":"https:\/\/www.globalrescue.com\/es\/wp-json\/wp\/v2\/types\/page"}],"author":[{"embeddable":true,"href":"https:\/\/www.globalrescue.com\/es\/wp-json\/wp\/v2\/users\/1"}],"replies":[{"embeddable":true,"href":"https:\/\/www.globalrescue.com\/es\/wp-json\/wp\/v2\/comments?post=47234"}],"version-history":[{"count":9,"href":"https:\/\/www.globalrescue.com\/es\/wp-json\/wp\/v2\/pages\/47234\/revisions"}],"predecessor-version":[{"id":52788,"href":"https:\/\/www.globalrescue.com\/es\/wp-json\/wp\/v2\/pages\/47234\/revisions\/52788"}],"up":[{"embeddable":true,"href":"https:\/\/www.globalrescue.com\/es\/wp-json\/wp\/v2\/pages\/47227"}],"wp:attachment":[{"href":"https:\/\/www.globalrescue.com\/es\/wp-json\/wp\/v2\/media?parent=47234"}],"curies":[{"name":"wp","href":"https:\/\/api.w.org\/{rel}","templated":true}]}}