{"id":47238,"date":"2022-01-11T13:20:40","date_gmt":"2022-01-11T13:20:40","guid":{"rendered":"https:\/\/www.globalrescue.com\/socios\/dias-de-viaje\/"},"modified":"2025-10-15T05:56:04","modified_gmt":"2025-10-15T05:56:04","slug":"dias-de-viaje","status":"publish","type":"page","link":"https:\/\/www.globalrescue.com\/es\/partners\/travel-days\/","title":{"rendered":"Travel Days"},"content":{"rendered":"<div class=\"wpb-content-wrapper\"><p>[vc_row][vc_column][vc_column_text][\/vc_column_text][\/vc_column][\/vc_row][vc_row el_class=\u00bbcontainer auto-margin\u00bb][vc_column][vc_row_inner el_class=\u00bbpartner_comprehensive_support\u00bb][vc_column_inner][vc_column_text css=\u00bb\u00bb]<\/p>\n<div class=\"partner_comprehensive_support_inner\">\n<h2>PROGRAMA TRAVEL DAY<\/h2>\n<h4>Una forma eficiente de prestar servicios de protecci\u00f3n en viaje a todos los viajeros en cada viaje.<\/h4>\n<p><span>Demuestre a sus viajeros que su salud y seguridad son lo primero. El Programa Travel Day ofrece servicios de protecci\u00f3n de viajes al tiempo que le ayuda a cumplir con su deber de asistencia. Desde terremotos a mal de altura, disturbios civiles, fracturas \u00f3seas, p\u00e9rdida de pasaportes e incluso pandemias, Global Rescue est\u00e1 a su lado cuando m\u00e1s lo necesita. <\/span><\/p>\n<p><span>Diferencie con orgullo su oferta como socio de viajes seguros, demostrando que hace de la salud y la seguridad una prioridad al incluir servicios de protecci\u00f3n de viajes en sus desplazamientos.<\/span><\/p>\n<div class=\"partner_comprehensive_support_btn\"><button id=\"requestQuote\" class=\"trigger-contact-form requestQuote btn btn-danger text-center pum-trigger\" style=\"cursor: pointer;\">CONT\u00c1CTANOS<\/button><\/div>\n<\/div>\n<p>[\/vc_column_text][\/vc_column_inner][\/vc_row_inner][\/vc_column][\/vc_row][vc_row][vc_column][vc_column_text][\/vc_column_text][\/vc_column][\/vc_row][vc_row full_width=\u00bbstretch_row\u00bb el_class=\u00bbpartner_customized_programs\u00bb][vc_column][vc_row_inner el_class=\u00bbcontainer\u00bb][vc_column_inner][vc_column_text]<\/p>\n<h2>PROGRAMAS PERSONALIZADOS<\/h2>\n<p>[\/vc_column_text][\/vc_column_inner][\/vc_row_inner][vc_row_inner el_class=\u00bbcontainer\u00bb][vc_column_inner width=\u00bb1\/4&#8243; offset=\u00bbvc_col-lg-3 vc_col-md-3 vc_col-xs-6&#8243;][vc_single_image image=\u00bb36729&#8243; img_size=\u00bbfull\u00bb alignment=\u00bbcenter\u00bb css=\u00bb\u00bb][vc_column_text]<span>Asesoramiento m\u00e9dico y evacuaci\u00f3n<\/span>[\/vc_column_text][\/vc_column_inner][vc_column_inner width=\u00bb1\/4&#8243; offset=\u00bbvc_col-lg-3 vc_col-md-3 vc_col-xs-6&#8243;][vc_single_image image=\u00bb36740&#8243; img_size=\u00bbfull\u00bb alignment=\u00bbcenter\u00bb css=\u00bb\u00bb][vc_column_text css=\u00bb\u00bb]<span>Asesor\u00eda de seguridad y evacuaci\u00f3n<\/span>[\/vc_column_text][\/vc_column_inner][vc_column_inner el_class=\u00bbmargin_top_mobile_30&#8243; width=\u00bb1\/4&#8243; offset=\u00bbvc_col-lg-3 vc_col-md-3 vc_col-xs-6&#8243;][vc_single_image image=\u00bb36727&#8243; img_size=\u00bbfull\u00bb alignment=\u00bbcenter\u00bb css=\u00bb\u00bb][vc_column_text]<span>Inteligencia de viajes<\/span>[\/vc_column_text][\/vc_column_inner][vc_column_inner el_class=\u00bbmargin_top_mobile_30&#8243; width=\u00bb1\/4&#8243; offset=\u00bbvc_col-lg-3 vc_col-md-3 vc_col-xs-6&#8243;][vc_single_image image=\u00bb36741&#8243; img_size=\u00bbfull\u00bb alignment=\u00bbcenter\u00bb css=\u00bb\u00bb][vc_column_text]<span>Gesti\u00f3n de riesgos y consultor\u00eda<\/span>[\/vc_column_text][\/vc_column_inner][\/vc_row_inner][\/vc_column][\/vc_row][vc_row el_class=\u00bbpartner_content_right_img_left partner_content_right_img_left2&#8243;][vc_column][vc_row_inner el_class=\u00bbpartner_img_mobile\u00bb][vc_column_inner][vc_single_image image=\u00bb36744&#8243; img_size=\u00bbfull\u00bb css=\u00bb\u00bb][\/vc_column_inner][\/vc_row_inner][\/vc_column][vc_column][vc_row_inner content_placement=\u00bbmiddle\u00bb el_class=\u00bbcontainer auto-margin\u00bb][vc_column_inner el_class=\u00bbpartner_content\u00bb width=\u00bb1\/2&#8243; offset=\u00bbvc_col-lg-6 vc_col-md-6 vc_col-xs-12&#8243;][vc_column_text]<\/p>\n<div class=\"partner_content\">\n<h2><strong class=\"content_span\">SOLUCI\u00d3N RENTABLE<\/strong><\/h2>\n<p>Los precios del programa se personalizan en funci\u00f3n de su volumen anual de d\u00edas de viaje, la selecci\u00f3n de servicios, el nivel de actividad y el destino.<\/p>\n<\/div>\n<p>[\/vc_column_text][\/vc_column_inner][vc_column_inner el_class=\u00bbpartner_img_desktop partner_img\u00bb width=\u00bb1\/2&#8243; offset=\u00bbvc_col-lg-6 vc_col-md-6 vc_col-xs-12 vc_hidden-xs\u00bb][vc_single_image image=\u00bb36744&#8243; img_size=\u00bbfull\u00bb alignment=\u00bbcenter\u00bb css=\u00bb\u00bb][\/vc_column_inner][\/vc_row_inner][\/vc_column][\/vc_row][vc_row el_class=\u00bbcontainer auto-margin\u00bb][vc_column][vc_row_inner el_class=\u00bbpartner_comprehensive_support\u00bb][vc_column_inner][vc_column_text]<\/p>\n<div class=\"partner_comprehensive_support_inner\">\n<h2>APOYO INTEGRAL<\/h2>\n<p><span>Recibir\u00e1 asistencia personalizada del equipo de Global Rescue, incluido un gestor de cuentas dedicado que le ayudar\u00e1 con la implantaci\u00f3n del programa, la gesti\u00f3n del censo de viajeros y cualquier otra cosa que necesite. Acceso a herramientas de ventas y marketing en su cuenta del portal Safe Travel Partner, para ayudarle a generar ingresos adicionales a trav\u00e9s de campa\u00f1as de upsell. <\/span><\/p>\n<div class=\"partner_comprehensive_support_btn\"><button id=\"requestQuote\" class=\"trigger-contact-form requestQuote btn btn-danger text-center pum-trigger\" style=\"cursor: pointer;\">CONT\u00c1CTANOS<\/button><\/div>\n<\/div>\n<p>[\/vc_column_text][\/vc_column_inner][\/vc_row_inner][\/vc_column][\/vc_row][vc_row css=\u00bb.vc_custom_1642157437311{background-color: #4a4a4a !important;}\u00bb el_class=\u00bbpartner_paths\u00bb][vc_column][vc_row_inner el_class=\u00bbcontainer auto-margin no-inner-column-padding\u00bb][vc_column_inner el_class=\u00bbpartner-paths-container\u00bb][vc_column_text el_class=\u00bbpartners_path_heading\u00bb]<\/p>\n<h2>CAMINOS HACIA LA ASOCIACI\u00d3N<\/h2>\n<p>[\/vc_column_text][vc_column_text]<div class=\"paths-to-partnership-carousel blogs-featured\">\r\n\t<div class=\"awards-carousel blog-listing featured\">\r\n\t\t\t\t\t\t\t<div>\r\n\t\t\t\t\t\t<div class=\"card blog-card\">\r\n\t\t\t\t\t\t\t<div class=\"blog-thumbnail\">\r\n\t\t\t\t\t\t\t\t<img decoding=\"async\" src=\"https:\/\/www.globalrescue.com\/grcom\/grmkt_resources\/images\/Ecommerce-Global-Rescue-1.webp\" class=\"card-img-top\" alt=\"Proceso de compra del cliente\">\r\n\t\t\t\t\t\t\t<\/div>\r\n\t\t\t\t\t\t\t<div class=\"card-body\">\r\n\t\t\t\t\t\t\t\t<h5 class=\"card-title mb-2\">Proceso de compra del cliente<\/h5>\r\n\t\t\t\t\t\t\t\t<p class=\"card-text mb-4\">A\u00f1ada Global Rescue a su proceso de pago actual.<\/span><\/p>\r\n\t\t\t\t\t\t\t\t<div class=\"partner_paths_link border-top\">\r\n\t\t\t\t\t\t\t\t\t<a class=\"trigger-contact-form\" href=\"javascript:\">Cont\u00e1ctenos\t\t\t\t\t\t\t\t\t\t<i class=\"ps-2 fa fa-chevron-right\"><\/i>\r\n\t\t\t\t\t\t\t\t\t<\/a>\r\n\t\t\t\t\t\t\t\t<\/div>\r\n\t\t\t\t\t\t\t<\/div>\r\n\t\t\t\t\t\t<\/div>\r\n\t\t\t\t\t<\/div>\r\n\t\t\t\t\t\t\t\t\t\t\t\t<div>\r\n\t\t\t\t\t\t<div class=\"card blog-card\">\r\n\t\t\t\t\t\t\t<div class=\"blog-thumbnail\">\r\n\t\t\t\t\t\t\t\t<img decoding=\"async\" src=\"https:\/\/www.globalrescue.com\/grcom\/grmkt_resources\/images\/Mask-Group-10-1.webp\" class=\"card-img-top\" alt=\"Programa de afiliados\">\r\n\t\t\t\t\t\t\t<\/div>\r\n\t\t\t\t\t\t\t<div class=\"card-body\">\r\n\t\t\t\t\t\t\t\t<h5 class=\"card-title mb-2\">Programa de afiliados<\/h5>\r\n\t\t\t\t\t\t\t\t<p class=\"card-text mb-4\">Genere ingresos ayudando a sus lectores a viajar con <sup>audaciaTM<\/sup> ofreci\u00e9ndoles la red de seguridad definitiva.<\/span><\/p>\r\n\t\t\t\t\t\t\t\t<div class=\"partner_paths_link border-top\">\r\n\t\t\t\t\t\t\t\t\t<a class=\"\" href=\"https:\/\/www.globalrescue.com\/es\/partners\/travel-affiliate-program\/\">M\u00e1s informaci\u00f3n\t\t\t\t\t\t\t\t\t\t<i class=\"ps-2 fa fa-chevron-right\"><\/i>\r\n\t\t\t\t\t\t\t\t\t<\/a>\r\n\t\t\t\t\t\t\t\t<\/div>\r\n\t\t\t\t\t\t\t<\/div>\r\n\t\t\t\t\t\t<\/div>\r\n\t\t\t\t\t<\/div>\r\n\t\t\t\t\t\t\t\t\t\t\t\t<div>\r\n\t\t\t\t\t\t<div class=\"card blog-card\">\r\n\t\t\t\t\t\t\t<div class=\"blog-thumbnail\">\r\n\t\t\t\t\t\t\t\t<img decoding=\"async\" src=\"https:\/\/www.globalrescue.com\/grcom\/grmkt_resources\/images\/Boat-tour.webp\" class=\"card-img-top\" alt=\"Travel Days\">\r\n\t\t\t\t\t\t\t<\/div>\r\n\t\t\t\t\t\t\t<div class=\"card-body\">\r\n\t\t\t\t\t\t\t\t<h5 class=\"card-title mb-2\">Travel Days<\/h5>\r\n\t\t\t\t\t\t\t\t<p class=\"card-text mb-4\">Incluya los servicios de Global Rescue para viajes de cualquier tipo o duraci\u00f3n.<\/span><\/p>\r\n\t\t\t\t\t\t\t\t<div class=\"partner_paths_link border-top\">\r\n\t\t\t\t\t\t\t\t\t<a class=\"\" href=\"https:\/\/www.globalrescue.com\/es\/partners\/travel-days\/\">M\u00e1s informaci\u00f3n\t\t\t\t\t\t\t\t\t\t<i class=\"ps-2 fa fa-chevron-right\"><\/i>\r\n\t\t\t\t\t\t\t\t\t<\/a>\r\n\t\t\t\t\t\t\t\t<\/div>\r\n\t\t\t\t\t\t\t<\/div>\r\n\t\t\t\t\t\t<\/div>\r\n\t\t\t\t\t<\/div>\r\n\t\t\t\t\t\t\t\t\t\t\t\t<div>\r\n\t\t\t\t\t\t<div class=\"card blog-card\">\r\n\t\t\t\t\t\t\t<div class=\"blog-thumbnail\">\r\n\t\t\t\t\t\t\t\t<img decoding=\"async\" src=\"https:\/\/www.globalrescue.com\/grcom\/grmkt_resources\/images\/Winter-trekking-tour.webp\" class=\"card-img-top\" alt=\"Programa de referidos\">\r\n\t\t\t\t\t\t\t<\/div>\r\n\t\t\t\t\t\t\t<div class=\"card-body\">\r\n\t\t\t\t\t\t\t\t<h5 class=\"card-title mb-2\">Programa de referidos<\/h5>\r\n\t\t\t\t\t\t\t\t<p class=\"card-text mb-4\">Gane dinero vendiendo afiliaciones a Global Rescue y seguros de viaje.<\/span><\/p>\r\n\t\t\t\t\t\t\t\t<div class=\"partner_paths_link border-top\">\r\n\t\t\t\t\t\t\t\t\t<a class=\"\" href=\"https:\/\/www.globalrescue.com\/es\/partners\/partners-referral\/\">M\u00e1s informaci\u00f3n\t\t\t\t\t\t\t\t\t\t<i class=\"ps-2 fa fa-chevron-right\"><\/i>\r\n\t\t\t\t\t\t\t\t\t<\/a>\r\n\t\t\t\t\t\t\t\t<\/div>\r\n\t\t\t\t\t\t\t<\/div>\r\n\t\t\t\t\t\t<\/div>\r\n\t\t\t\t\t<\/div>\r\n\t\t\t\t\t\t\t\t\t\t\t\t<div>\r\n\t\t\t\t\t\t<div class=\"card blog-card\">\r\n\t\t\t\t\t\t\t<div class=\"blog-thumbnail\">\r\n\t\t\t\t\t\t\t\t<img decoding=\"async\" src=\"https:\/\/www.globalrescue.com\/grcom\/grmkt_resources\/images\/rescue-global-icecave.webp\" class=\"card-img-top\" alt=\"Membres\u00eda integrada\">\r\n\t\t\t\t\t\t\t<\/div>\r\n\t\t\t\t\t\t\t<div class=\"card-body\">\r\n\t\t\t\t\t\t\t\t<h5 class=\"card-title mb-2\">Membres\u00eda integrada<\/h5>\r\n\t\t\t\t\t\t\t\t<p class=\"card-text mb-4\">Una forma rentable de dar m\u00e1s valor a las ventajas de los afiliados.<\/span><\/p>\r\n\t\t\t\t\t\t\t\t<div class=\"partner_paths_link border-top\">\r\n\t\t\t\t\t\t\t\t\t<a class=\"\" href=\"https:\/\/www.globalrescue.com\/es\/partners\/partners-embedded\/\">M\u00e1s informaci\u00f3n\t\t\t\t\t\t\t\t\t\t<i class=\"ps-2 fa fa-chevron-right\"><\/i>\r\n\t\t\t\t\t\t\t\t\t<\/a>\r\n\t\t\t\t\t\t\t\t<\/div>\r\n\t\t\t\t\t\t\t<\/div>\r\n\t\t\t\t\t\t<\/div>\r\n\t\t\t\t\t<\/div>\r\n\t\t\t\t\t\t\t\t\t\t<\/div>\r\n<\/div>[\/vc_column_text][\/vc_column_inner][\/vc_row_inner][\/vc_column][\/vc_row][vc_row el_class=\u00bbcontainer partner_partner auto-margin\u00bb][vc_column][vc_row_inner][vc_column_inner][vc_column_text]<\/p>\n<h2>ESTAR\u00c1S EN BUENA COMPA\u00d1\u00cdA<\/h2>\n<p>[\/vc_column_text][\/vc_column_inner][\/vc_row_inner][vc_row_inner content_placement=\u00bbmiddle\u00bb][vc_column_inner width=\u00bb3\/5&#8243;][vc_column_text]<\/p>\n<div class=\"partner_partner_content\">\n<ul>\n<li>Nuestros clientes conf\u00edan en ZOLEO para mantenerse conectados y seguros en lugares remotos y dif\u00edciles, y nuestra asociaci\u00f3n con Global Rescue nos permite hacer precisamente eso. Su equipo, experimentado y altamente cualificado, est\u00e1 formado por el tipo de profesionales que quieres tener a tu lado en caso de emergencia.<br \/>\n<h5>- Morris Shawn, Presidente de ZOLEO Inc.<\/h5>\n<\/li>\n<li>Nuestros viajeros pueden explorar con confianza y seguridad regiones remotas de seis continentes sabiendo que el equipo de Global Rescue les cubre las espaldas. En caso de emergencia, esta es sin duda la gente que hay que conocer.<br \/>\n<h5>-Allison Fleece, Fundadora y Aventurera Jefe de WHOA Travel<\/h5>\n<\/li>\n<li>Viaje con inteligencia y est\u00e9 preparado. En cuanto al seguro m\u00e9dico de evacuaci\u00f3n y de seguridad, mi recomendaci\u00f3n es que nunca salgas de casa sin \u00e9l.<br \/>\n<h5>-Jim Klug, Director General de Yellow Dog Flyfishing<\/h5>\n<\/li>\n<\/ul>\n<\/div>\n<p>[\/vc_column_text][\/vc_column_inner][vc_column_inner width=\u00bb2\/5&#8243;][vc_single_image image=\u00bb36743&#8243; img_size=\u00bbfull\u00bb css=\u00bb\u00bb el_class=\u00bbpartner_partner_img_desktop\u00bb][\/vc_column_inner][\/vc_row_inner][vc_row_inner][vc_column_inner][vc_single_image image=\u00bb27753&#8243; img_size=\u00bbfull\u00bb alignment=\u00bbcenter\u00bb el_class=\u00bbpartner_partner_img_mobile\u00bb][\/vc_column_inner][\/vc_row_inner][\/vc_column][\/vc_row]<\/p>\n<\/div>","protected":false},"excerpt":{"rendered":"<p>[vc_row][vc_column][vc_column_text][\/vc_column_text][\/vc_column][\/vc_row][vc_row el_class=\u00bbcontainer auto-margin\u00bb][vc_column][vc_row_inner el_class=\u00bbpartner_comprehensive_support\u00bb][vc_column_inner][vc_column_text css=\u00bb\u00bb] PROGRAMA TRAVEL DAY Una forma eficiente de prestar servicios de protecci\u00f3n en viaje a todos los viajeros en cada viaje. Demuestre a sus viajeros que su salud y seguridad son lo primero. El Programa Travel Day ofrece servicios de protecci\u00f3n de viajes al tiempo que le ayuda a cumplir con [&hellip;]<\/p>\n","protected":false},"author":1,"featured_media":0,"parent":47227,"menu_order":0,"comment_status":"closed","ping_status":"closed","template":"","meta":{"_acf_changed":false,"inline_featured_image":false,"footnotes":""},"class_list":["post-47238","page","type-page","status-publish","hentry"],"acf":[],"_links":{"self":[{"href":"https:\/\/www.globalrescue.com\/es\/wp-json\/wp\/v2\/pages\/47238","targetHints":{"allow":["GET"]}}],"collection":[{"href":"https:\/\/www.globalrescue.com\/es\/wp-json\/wp\/v2\/pages"}],"about":[{"href":"https:\/\/www.globalrescue.com\/es\/wp-json\/wp\/v2\/types\/page"}],"author":[{"embeddable":true,"href":"https:\/\/www.globalrescue.com\/es\/wp-json\/wp\/v2\/users\/1"}],"replies":[{"embeddable":true,"href":"https:\/\/www.globalrescue.com\/es\/wp-json\/wp\/v2\/comments?post=47238"}],"version-history":[{"count":10,"href":"https:\/\/www.globalrescue.com\/es\/wp-json\/wp\/v2\/pages\/47238\/revisions"}],"predecessor-version":[{"id":53380,"href":"https:\/\/www.globalrescue.com\/es\/wp-json\/wp\/v2\/pages\/47238\/revisions\/53380"}],"up":[{"embeddable":true,"href":"https:\/\/www.globalrescue.com\/es\/wp-json\/wp\/v2\/pages\/47227"}],"wp:attachment":[{"href":"https:\/\/www.globalrescue.com\/es\/wp-json\/wp\/v2\/media?parent=47238"}],"curies":[{"name":"wp","href":"https:\/\/api.w.org\/{rel}","templated":true}]}}