{"id":47312,"date":"2023-05-25T05:35:27","date_gmt":"2023-05-25T05:35:27","guid":{"rendered":"https:\/\/www.globalrescue.com\/programa-de-afiliados-de-global-rescue\/"},"modified":"2025-10-23T06:19:14","modified_gmt":"2025-10-23T06:19:14","slug":"programa-de-afiliados-de-global-rescue","status":"publish","type":"page","link":"https:\/\/www.globalrescue.com\/es\/partners\/travel-affiliate-program\/","title":{"rendered":"Programa de afiliados de Global Rescue"},"content":{"rendered":"<div class=\"wpb-content-wrapper\"><p>[vc_row][vc_column][vc_column_text][\/vc_column_text][\/vc_column][\/vc_row][vc_row el_class=\u00bbaffiliate-section-1&#8243;][vc_column][vc_row_inner el_class=\u00bbcontainer auto-margin text-center\u00bb][vc_column_inner][vc_column_text css=\u00bb\u00bb]<\/p>\n<h3>Haz de la aventura una fuente de ingresos uni\u00e9ndote como <span class=\"brand-color fw-bold\">afiliado de Global Rescue<\/span>.<\/h3>\n<p>[\/vc_column_text][\/vc_column_inner][vc_column_inner][vc_column_text css=\u00bb.vc_custom_1760508133533{margin-bottom: 0px !important;}\u00bb]Cada d\u00eda, blogueros, educadores e influencers del sector de viajes ayudan a las personas a planificar su pr\u00f3xima aventura. Pero al convertirte en afiliado de Global Rescue, puedes ampliar tu audiencia a nivel global, fortalecer tu marca y generar ingresos al asociarte con el principal proveedor mundial de servicios de asistencia m\u00e9dica, seguridad, evacuaci\u00f3n y gesti\u00f3n de riesgos de viaje para viajeros en todo el mundo.[\/vc_column_text][\/vc_column_inner][\/vc_row_inner][\/vc_column][\/vc_row][vc_row][vc_column][vc_column_text][\/vc_column_text][\/vc_column][\/vc_row][vc_row el_class=\u00bbsection-why-join\u00bb][vc_column][vc_row_inner content_placement=\u00bbmiddle\u00bb el_class=\u00bbcontainer auto-margin\u00bb][vc_column_inner offset=\u00bbvc_col-lg-6&#8243;][vc_column_text css=\u00bb\u00bb]<\/p>\n<div class=\"mt-5 pt-5 mt-lg-0 pt-lg-0 me-xl-5\">\n<h3 class=\"pb-30\">\u00bfPor qu\u00e9 unirse al <span class=\"brand-color fw-bold\">Programa de afiliados <\/span> de Global Rescue?<\/h3>\n<h4 class=\"fw-bold\">Protege a tu p\u00fablico. Genera m\u00e1s ingresos.<\/h4>\n<p class=\"pb-30\">Ofrecemos una comisi\u00f3n del 10% sobre las nuevas membres\u00edas de Global Rescue que cumplan los requisitos..<\/p>\n<h4 class=\"fw-bold\">Posibilidades de viaje infinitas, comisiones sin l\u00edmite.<\/h4>\n<p class=\"pb-30\">Aqu\u00ed, el cielo es el l\u00edmite. No tenemos un tope de comisiones ni un m\u00ednimo para los pagos. Puedes generar tantas (o tan pocas) referencias como quieras, con recursos y con nuestro apoyo para ayudarte a lograrlo. Las comisiones se pagan trimestralmente.<\/p>\n<h4 class=\"fw-bold\">Ventana de referidos m\u00e1s amplia, mayor oportunidad.<\/h4>\n<p class=\"pb-30\">El proceso de compra de un viaje suele durar mucho m\u00e1s que el propio viaje que se planea. Ofrecemos una ventana de cookies de 6 meses para asegurarnos de que recibas el cr\u00e9dito por las referencias que generes.<\/p>\n<h4 class=\"fw-bold\">Reg\u00edstrate f\u00e1cilmente.<\/h4>\n<p>Aplica hoy: es r\u00e1pido, sencillo y gratuito.<\/p>\n<\/div>\n<p>[\/vc_column_text][\/vc_column_inner][vc_column_inner offset=\u00bbvc_col-lg-6&#8243;][vc_single_image image=\u00bb36747&#8243; img_size=\u00bbfull\u00bb alignment=\u00bbcenter\u00bb css=\u00bb\u00bb el_class=\u00bbd-none d-lg-block\u00bb][vc_single_image image=\u00bb36747&#8243; img_size=\u00bbfull\u00bb alignment=\u00bbcenter\u00bb css=\u00bb\u00bb el_class=\u00bbd-lg-none\u00bb][\/vc_column_inner][\/vc_row_inner][\/vc_column][\/vc_row][vc_row css=\u00bb.vc_custom_1683801449541{background-image: url(\/grcom\/grmkt_resources\/images\/Union-9.png?id=23715) !important;}\u00bb el_class=\u00bbsection-apply pt-md-5&#8243;][vc_column][vc_row_inner el_class=\u00bbcontainer auto-margin my-md-5 pt-md-5 pb-4&#8243;][vc_column_inner][vc_column_text css=\u00bb\u00bb el_class=\u00bbtext-center\u00bb]<\/p>\n<h3>\u00danete hoy y <span class=\"brand-color fw-bold\">comienza a generar ingresos.<\/span><\/h3>\n<p>[\/vc_column_text][vc_column_text css=\u00bb\u00bb el_class=\u00bbtext-center\u00bb]<\/p>\n<h4 class=\"pb-30\">Inspira a tu audiencia a viajar con confianza, ofreci\u00e9ndoles la m\u00e1xima protecci\u00f3n para su pr\u00f3xima aventura.<\/h4>\n<p>[\/vc_column_text][vc_column_text css=\u00bb\u00bb el_class=\u00bbtext-center\u00bb]<\/p>\n<p class=\"text-center btns-affiliate\"><button type=\"button\" class=\"btn btn-danger btn-gr btn-lg pum-trigger trigger-contact-form me-sm-4\">Hazte Afiliado<\/button><a href=\"https:\/\/ss.globalrescue.com\/ap\/#\/login\" class=\"btn btn-gr btn-lg btn-outline-dark\">INICIO DE SESI\u00d3N DE AFILIADO<\/a><\/p>\n<p>[\/vc_column_text][vc_column_text css=\u00bb\u00bb el_class=\u00bbtext-center\u00bb]<\/p>\n<p class=\"fst-italic\">Para participar en nuestro programa de afiliados, su contenido debe estar relacionado con los viajes, la aventura, las actividades al aire libre o la seguridad. Los blogueros y creadores de contenidos que no pertenezcan al sector de los viajes, la aventura o la seguridad no podr\u00e1n participar en este programa.<\/p>\n<p>[\/vc_column_text][\/vc_column_inner][\/vc_row_inner][\/vc_column][\/vc_row][vc_row el_class=\u00bbcontainer auto-margin mb-md-5 pb-md-5&#8243;][vc_column][vc_column_text css=\u00bb\u00bb el_class=\u00bbtext-center\u00bb]\u00bfEres una empresa de viajes, un proveedor, un gu\u00eda u otra organizaci\u00f3n que desea recomendar protecci\u00f3n de viaje a sus viajeros?<\/p>\n<p class=\"pb-0 pb-sm-5 pb-lg-0\"><span class=\"fw-bold\">Echa un vistazo a nuestro <a href=\"https:\/\/www.globalrescue.com\/es\/partners\/\">Programa de Partners Safe Travel.<\/a><\/span><\/p>\n<p>[\/vc_column_text][\/vc_column][\/vc_row]<\/p>\n<\/div>","protected":false},"excerpt":{"rendered":"<p>[vc_row][vc_column][vc_column_text][\/vc_column_text][\/vc_column][\/vc_row][vc_row el_class=\u00bbaffiliate-section-1&#8243;][vc_column][vc_row_inner el_class=\u00bbcontainer auto-margin text-center\u00bb][vc_column_inner][vc_column_text css=\u00bb\u00bb] Haz de la aventura una fuente de ingresos uni\u00e9ndote como afiliado de Global Rescue. [\/vc_column_text][\/vc_column_inner][vc_column_inner][vc_column_text css=\u00bb.vc_custom_1760508133533{margin-bottom: 0px !important;}\u00bb]Cada d\u00eda, blogueros, educadores e influencers del sector de viajes ayudan a las personas a planificar su pr\u00f3xima aventura. Pero al convertirte en afiliado de Global Rescue, puedes ampliar tu audiencia a [&hellip;]<\/p>\n","protected":false},"author":6,"featured_media":0,"parent":48090,"menu_order":0,"comment_status":"closed","ping_status":"closed","template":"","meta":{"_acf_changed":false,"inline_featured_image":false,"footnotes":""},"class_list":["post-47312","page","type-page","status-publish","hentry"],"acf":[],"_links":{"self":[{"href":"https:\/\/www.globalrescue.com\/es\/wp-json\/wp\/v2\/pages\/47312","targetHints":{"allow":["GET"]}}],"collection":[{"href":"https:\/\/www.globalrescue.com\/es\/wp-json\/wp\/v2\/pages"}],"about":[{"href":"https:\/\/www.globalrescue.com\/es\/wp-json\/wp\/v2\/types\/page"}],"author":[{"embeddable":true,"href":"https:\/\/www.globalrescue.com\/es\/wp-json\/wp\/v2\/users\/6"}],"replies":[{"embeddable":true,"href":"https:\/\/www.globalrescue.com\/es\/wp-json\/wp\/v2\/comments?post=47312"}],"version-history":[{"count":17,"href":"https:\/\/www.globalrescue.com\/es\/wp-json\/wp\/v2\/pages\/47312\/revisions"}],"predecessor-version":[{"id":53643,"href":"https:\/\/www.globalrescue.com\/es\/wp-json\/wp\/v2\/pages\/47312\/revisions\/53643"}],"up":[{"embeddable":true,"href":"https:\/\/www.globalrescue.com\/es\/wp-json\/wp\/v2\/pages\/48090"}],"wp:attachment":[{"href":"https:\/\/www.globalrescue.com\/es\/wp-json\/wp\/v2\/media?parent=47312"}],"curies":[{"name":"wp","href":"https:\/\/api.w.org\/{rel}","templated":true}]}}