{"id":47568,"date":"2022-07-13T15:48:57","date_gmt":"2022-07-13T15:48:57","guid":{"rendered":"https:\/\/www.globalrescue.com\/premios\/"},"modified":"2026-01-09T11:14:09","modified_gmt":"2026-01-09T11:14:09","slug":"premios","status":"publish","type":"page","link":"https:\/\/www.globalrescue.com\/es\/common\/awards\/","title":{"rendered":"Premios"},"content":{"rendered":"<div class=\"wpb-content-wrapper\"><p>[vc_row el_class=\u00bbcontainer auto-margin no-margin-bottom prepare-for-everything no-inner-column-padding\u00bb css=\u00bb.vc_custom_1657727962594{margin-top: 5% !important;margin-bottom: 5% !important;}\u00bb][vc_column][vc_column_text]<\/p>\n<h2 style=\"font-size: 25px; font-weight: 900;\">Global Rescue recibe numerosos elogios y premios de las mayores y m\u00e1s influyentes publicaciones de viajes y organizaciones del sector de todo el mundo.<\/h2>\n<p>[\/vc_column_text][\/vc_column][\/vc_row][vc_row el_class=\u00bbawards\u00bb][vc_column el_class=\u00bbadd-overlay-pattern\u00bb][vc_row_inner el_class=\u00bbcontainer auto-margin no-inner-column-padding\u00bb css=\u00bb.vc_custom_1657729597966{margin-bottom: 30px !important;}\u00bb][vc_column_inner][vc_column_text]<\/p>\n<h2 class=\" color-danger text-left heading lg bgl2 m-b-30\"><span>PREMIOS Y RECONOCIMIENTOS<\/span><\/h2>\n<p>[\/vc_column_text][\/vc_column_inner][\/vc_row_inner][\/vc_column][\/vc_row][vc_row content_placement=\u00bbtop\u00bb el_class=\u00bbcontainer auto-margin awards\u00bb][vc_column width=\u00bb1\/6&#8243; offset=\u00bbvc_col-xs-3&#8243; el_class=\u00bbvh-center\u00bb][vc_single_image image=\u00bb54745&#8243; img_size=\u00bbfull\u00bb alignment=\u00bbcenter\u00bb css=\u00bb\u00bb][\/vc_column][vc_column width=\u00bb5\/6&#8243; offset=\u00bbvc_col-xs-9&#8243;][vc_column_text css=\u00bb\u00bb]<\/p>\n<article>\n<div class=\"article-date\">Octubre de 2025<\/div>\n<div class=\"article-title\">Premio Magellan de Oro<\/div>\n<div class=\"article-summary\">Global Rescue recibi\u00f3 el Premio Magellan de Oro en la categor\u00eda de Educaci\u00f3n\/Formaci\u00f3n de Servicios de Viajes por su Campa\u00f1a Automatizada de Incorporaci\u00f3n de Socios.<\/div>\n<\/article>\n<p>[\/vc_column_text][vc_separator][\/vc_column][\/vc_row][vc_row content_placement=\u00bbtop\u00bb el_class=\u00bbcontainer auto-margin awards\u00bb][vc_column width=\u00bb1\/6&#8243; offset=\u00bbvc_col-xs-3&#8243; el_class=\u00bbvh-center\u00bb][vc_single_image image=\u00bb54747&#8243; img_size=\u00bbfull\u00bb alignment=\u00bbcenter\u00bb css=\u00bb\u00bb][\/vc_column][vc_column width=\u00bb5\/6&#8243; offset=\u00bbvc_col-xs-9&#8243;][vc_column_text css=\u00bb\u00bb]<\/p>\n<article>\n<div class=\"article-date\">Octubre de 2025<\/div>\n<div class=\"article-title\">Premio Magellan de Plata<\/div>\n<div class=\"article-summary\">Global Rescue gan\u00f3 un premio Silver Magellan en la categor\u00eda de Marketing de Servicios de Viajes por la campa\u00f1a de <a href=\"http:\/\/youtu.be\/_KV_gzJkv8M\" target=\"_blank\" rel=\"noopener\">video<\/a> del comercial de televisi\u00f3n \u201cGlobal Rescue te protege\u201d.<\/div>\n<\/article>\n<p>[\/vc_column_text][vc_separator][\/vc_column][\/vc_row][vc_row content_placement=\u00bbtop\u00bb el_class=\u00bbcontainer auto-margin awards\u00bb][vc_column width=\u00bb1\/6&#8243; offset=\u00bbvc_col-xs-3&#8243; el_class=\u00bbvh-center\u00bb][vc_single_image image=\u00bb55588&#8243; img_size=\u00bbfull\u00bb alignment=\u00bbcenter\u00bb css=\u00bb\u00bb][\/vc_column][vc_column width=\u00bb5\/6&#8243; offset=\u00bbvc_col-xs-9&#8243;][vc_column_text css=\u00bb\u00bb]<\/p>\n<article>\n<div class=\"article-date\">Agosto 2025<\/div>\n<div class=\"article-title\">Premios Skift IDEA - Innovadores del sector - Viajes de negocios<\/div>\n<div class=\"article-summary\">El sistema GRID de Global Rescue gana el codiciado premio Skift IDEA. El premio destaca el enfoque innovador de Global Rescue para hacer m\u00e1s seguros los viajes de negocios a trav\u00e9s del sistema Global Rescue Intelligence Delivery (GRID).<\/div>\n<\/article>\n<p><a href=\"https:\/\/www.globalrescue.com\/es\/common\/pressrelease\/?prId=32436\" target=\"_blank\" class=\"readmore\" rel=\"noopener\">Seguir leyendo<\/a>[\/vc_column_text][vc_separator][\/vc_column][\/vc_row][vc_row content_placement=\u00bbtop\u00bb el_class=\u00bbcontainer auto-margin awards\u00bb][vc_column width=\u00bb1\/6&#8243; offset=\u00bbvc_col-xs-3&#8243; el_class=\u00bbvh-center\u00bb][vc_single_image image=\u00bb45939&#8243; img_size=\u00bbfull\u00bb alignment=\u00bbcenter\u00bb css=\u00bb\u00bb][\/vc_column][vc_column width=\u00bb5\/6&#8243; offset=\u00bbvc_col-xs-9&#8243;][vc_column_text css=\u00bb\u00bb]<\/p>\n<article>\n<div class=\"article-date\">Mayo de 2024<\/div>\n<div class=\"article-title\">Innovaci\u00f3n tecnol\u00f3gica - Experiencia del viajero - Finalista<\/div>\n<div class=\"article-summary\">El grupo Business Travel News ha seleccionado a Global Rescue como finalista en la categor\u00eda de Innovaci\u00f3n Tecnol\u00f3gica - Experiencia del Viajero para los Business Travel Awards Europe 2024.<\/div>\n<\/article>\n<p><a href=\"https:\/\/www.globalrescue.com\/es\/common\/pressrelease\/?prId=32436\" target=\"_blank\" class=\"readmore\" rel=\"noopener\">Seguir leyendo<\/a>[\/vc_column_text][vc_separator][\/vc_column][\/vc_row][vc_row el_class=\u00bbcontainer auto-margin awards\u00bb][vc_column width=\u00bb1\/6&#8243; offset=\u00bbvc_col-xs-3&#8243; el_class=\u00bbvh-center\u00bb][vc_single_image image=\u00bb45938&#8243; img_size=\u00bbfull\u00bb alignment=\u00bbcenter\u00bb css=\u00bb\u00bb][\/vc_column][vc_column width=\u00bb5\/6&#8243; offset=\u00bbvc_col-xs-9&#8243;][vc_column_text]<\/p>\n<article>\n<div class=\"article-date\">Marzo de 2024<\/div>\n<div class=\"article-title\">Premio a la empresa m\u00e1s innovadora<\/div>\n<div class=\"article-summary\">El sistema Global Rescue Intelligence Delivery (GRID 2.0), que pone la inteligencia cr\u00edtica sobre viajes en manos de los viajeros de ocio y negocios, ha sido incluido en la prestigiosa lista de Fast Company de las empresas m\u00e1s innovadoras del mundo de 2024.<\/div>\n<\/article>\n<p><a href=\"https:\/\/www.globalrescue.com\/es\/common\/pressrelease\/?prId=31922\" target=\"_blank\" class=\"readmore\" rel=\"noopener\">Seguir leyendo<\/a>[\/vc_column_text][vc_separator][\/vc_column][\/vc_row][vc_row el_class=\u00bbcontainer auto-margin awards\u00bb][vc_column width=\u00bb1\/6&#8243; offset=\u00bbvc_col-xs-3&#8243; el_class=\u00bbvh-center\u00bb][vc_single_image image=\u00bb44595&#8243; img_size=\u00bbfull\u00bb alignment=\u00bbcenter\u00bb][\/vc_column][vc_column width=\u00bb5\/6&#8243; offset=\u00bbvc_col-xs-9&#8243;][vc_column_text]<\/p>\n<article>\n<div class=\"article-date\">Octubre de 2023<\/div>\n<div class=\"article-title\">Premio Magallanes de Oro<\/div>\n<div class=\"article-summary\">Global Rescue gan\u00f3 un premio Magellan de oro por <a href=\"https:\/\/www.globalrescue.com\/es\/enterprise\/plataforma-grid-integrated-travel-risk-crisis-response\/\" target=\"_blank\" rel=\"noopener\">GRID 2.0<\/a> en la categor\u00eda de Organizaciones de asesores de viajes, Innovaciones generales en salud y seguridad.<\/div>\n<\/article>\n<p><a href=\"https:\/\/www.globalrescue.com\/es\/common\/pressrelease\/?prId=30292&amp;duration=2023-2023\" target=\"_blank\" class=\"readmore\" rel=\"noopener\">Seguir leyendo<\/a>[\/vc_column_text][vc_separator][\/vc_column][\/vc_row][vc_row el_class=\u00bbcontainer auto-margin awards\u00bb][vc_column width=\u00bb1\/6&#8243; offset=\u00bbvc_col-xs-3&#8243; el_class=\u00bbvh-center\u00bb][vc_single_image image=\u00bb44595&#8243; img_size=\u00bbfull\u00bb alignment=\u00bbcenter\u00bb][\/vc_column][vc_column width=\u00bb5\/6&#8243; offset=\u00bbvc_col-xs-9&#8243;][vc_column_text]<\/p>\n<article>\n<div class=\"article-date\">Octubre de 2023<\/div>\n<div class=\"article-title\">Premio Magallanes de Oro<\/div>\n<div class=\"article-summary\">Global Rescue gan\u00f3 el Premio Magellan de Oro a la Comunicaci\u00f3n de Boletines Informativos a Clientes en la categor\u00eda de Organizaciones de Asesores de Viajes, Comunicaci\u00f3n de Boletines Informativos a Clientes.<\/div>\n<\/article>\n<p><a href=\"https:\/\/www.globalrescue.com\/es\/common\/pressrelease\/?prId=30292&amp;duration=2023-2023\" target=\"_blank\" class=\"readmore\" rel=\"noopener\">Seguir leyendo<\/a>[\/vc_column_text][vc_separator][\/vc_column][\/vc_row][vc_row el_class=\u00bbcontainer auto-margin awards\u00bb][vc_column width=\u00bb1\/6&#8243; offset=\u00bbvc_col-xs-3&#8243; el_class=\u00bbvh-center\u00bb][vc_single_image image=\u00bb44596&#8243; img_size=\u00bbfull\u00bb alignment=\u00bbcenter\u00bb][\/vc_column][vc_column width=\u00bb5\/6&#8243; offset=\u00bbvc_col-xs-9&#8243;][vc_column_text]<\/p>\n<article>\n<div class=\"article-date\">Octubre de 2023<\/div>\n<div class=\"article-title\">Premio Magallanes de Plata<\/div>\n<div class=\"article-summary\">Global Rescue gan\u00f3 un Premio Magellan de Plata por su <a href=\"https:\/\/www.globalrescue.com\/es\/lp\/high-altitude-travel-evacuation\/\" target=\"_blank\" rel=\"noopener\">Paquete de Evacuaci\u00f3n a Gran Altitud<\/a> en la categor\u00eda de Organizaciones de Asesores de Viajes, Marketing con un Prop\u00f3sito.<\/div>\n<\/article>\n<p><a href=\"https:\/\/www.globalrescue.com\/es\/common\/pressrelease\/?prId=30292&amp;duration=2023-2023\" target=\"_blank\" class=\"readmore\" rel=\"noopener\">Seguir leyendo<\/a>[\/vc_column_text][vc_separator][\/vc_column][\/vc_row][vc_row el_class=\u00bbcontainer auto-margin awards\u00bb][vc_column width=\u00bb1\/6&#8243; offset=\u00bbvc_col-xs-3&#8243; el_class=\u00bbvh-center\u00bb][vc_single_image image=\u00bb44596&#8243; img_size=\u00bbfull\u00bb alignment=\u00bbcenter\u00bb][\/vc_column][vc_column width=\u00bb5\/6&#8243; offset=\u00bbvc_col-xs-9&#8243;][vc_column_text]<\/p>\n<article>\n<div class=\"article-date\">Octubre de 2023<\/div>\n<div class=\"article-title\">Premio Magallanes de Plata<\/div>\n<div class=\"article-summary\">Global Rescue gan\u00f3 el Premio Magellan de Plata por su campa\u00f1a <a href=\"https:\/\/www.facebook.com\/myglobalrescue?duration=2023-2023\" target=\"_blank\" rel=\"noopener\">Travel Rebound, renovada en las redes sociales<\/a>, en la categor\u00eda de organizaciones de asesores de viajes, medios sociales de marketing.<\/div>\n<\/article>\n<p><a href=\"https:\/\/www.globalrescue.com\/es\/common\/pressrelease\/?prId=30292&amp;duration=2023-2023\" target=\"_blank\" class=\"readmore\" rel=\"noopener\">Seguir leyendo<\/a>[\/vc_column_text][vc_separator][\/vc_column][\/vc_row][vc_row el_class=\u00bbcontainer auto-margin awards\u00bb][vc_column width=\u00bb1\/6&#8243; offset=\u00bbvc_col-xs-3&#8243; el_class=\u00bbvh-center\u00bb][vc_single_image image=\u00bb46590&#8243; img_size=\u00bbfull\u00bb alignment=\u00bbcenter\u00bb css=\u00bb\u00bb][\/vc_column][vc_column width=\u00bb5\/6&#8243; offset=\u00bbvc_col-xs-9&#8243;][vc_column_text]<\/p>\n<article>\n<div class=\"article-date\">Diciembre de 2022<\/div>\n<div class=\"article-title\">Inc. Premio Best In Business de la revista<\/div>\n<div class=\"article-summary\">Global Rescue ha sido incluida en la lista de las mejores empresas de la revista Inc. Magazine en la lista de las mejores empresas de viajes y hosteler\u00eda de 2022 por anteponer su prop\u00f3sito a los beneficios. Los premios Best in Business de Inc. honran a las empresas que han tenido un impacto extraordinario en sus campos y en la sociedad.<\/div>\n<\/article>\n<p><a href=\"https:\/\/www.globalrescue.com\/es\/common\/pressrelease\/?duration=2022-2022&amp;prId=27155\" target=\"_blank\" class=\"readmore\" rel=\"noopener\">Seguir leyendo<\/a>[\/vc_column_text][vc_separator][\/vc_column][\/vc_row][vc_row el_class=\u00bbcontainer auto-margin awards\u00bb][vc_column width=\u00bb1\/6&#8243; offset=\u00bbvc_col-xs-3&#8243; el_class=\u00bbvh-center\u00bb][vc_single_image image=\u00bb43704&#8243; img_size=\u00bbfull\u00bb alignment=\u00bbcenter\u00bb][\/vc_column][vc_column width=\u00bb5\/6&#8243; offset=\u00bbvc_col-xs-9&#8243;][vc_column_text]<\/p>\n<article>\n<div class=\"article-date\">Octubre de 2022<\/div>\n<div class=\"article-title\">Premio Magellan de Oro<\/div>\n<div class=\"article-summary\">La aplicaci\u00f3n m\u00f3vil m\u00e9dica y de seguridad <sup>GRIDSM<\/sup> de Global Rescue ha sido galardonada con el premio Magellan Gold. La aplicaci\u00f3n m\u00f3vil <sup>GRIDSM<\/sup> pone al alcance de los viajeros informaci\u00f3n m\u00e9dica, de seguridad y otros datos esenciales para el viaje.<\/div>\n<\/article>\n<p><a href=\"https:\/\/www.globalrescue.com\/es\/common\/pressrelease\/?duration=2022-2022&amp;prId=26002\" target=\"_blank\" class=\"readmore\" rel=\"noopener\">Seguir leyendo<\/a>[\/vc_column_text][vc_separator][\/vc_column][\/vc_row][vc_row el_class=\u00bbcontainer auto-margin awards\u00bb][vc_column width=\u00bb1\/6&#8243; offset=\u00bbvc_col-xs-3&#8243; el_class=\u00bbvh-center\u00bb][vc_single_image image=\u00bb43704&#8243; img_size=\u00bbfull\u00bb alignment=\u00bbcenter\u00bb][\/vc_column][vc_column width=\u00bb5\/6&#8243; offset=\u00bbvc_col-xs-9&#8243;][vc_column_text]<\/p>\n<article>\n<div class=\"article-date\">Octubre de 2022<\/div>\n<div class=\"article-title\">Premio Magellan de Oro<\/div>\n<div class=\"article-summary\">Global Rescue obtuvo el premio Magellan de Oro por su Centro de Inteligencia de Viajes, un recurso en l\u00ednea de f\u00e1cil uso para los viajeros, elaborado por el Equipo de Inteligencia de Global Rescue.<\/div>\n<\/article>\n<p><a href=\"https:\/\/www.globalrescue.com\/es\/common\/pressrelease\/?duration=2022-2022&amp;prId=26002\" target=\"_blank\" class=\"readmore\" rel=\"noopener\">Seguir leyendo<\/a>[\/vc_column_text][vc_separator][\/vc_column][\/vc_row][vc_row el_class=\u00bbcontainer auto-margin awards\u00bb][vc_column width=\u00bb1\/6&#8243; offset=\u00bbvc_col-xs-3&#8243; el_class=\u00bbvh-center\u00bb][vc_single_image image=\u00bb43705&#8243; img_size=\u00bbfull\u00bb alignment=\u00bbcenter\u00bb][\/vc_column][vc_column width=\u00bb5\/6&#8243; offset=\u00bbvc_col-xs-9&#8243;][vc_column_text]<\/p>\n<article>\n<div class=\"article-date\">Octubre de 2022<\/div>\n<div class=\"article-title\">Premio Magellan de Plata<\/div>\n<div class=\"article-summary\">Global Rescue recibi\u00f3 un Magellan de plata por su campa\u00f1a de medios de comunicaci\u00f3n de pago en l\u00ednea \u00abMejor que un seguro de viaje\u00bb, que destaca la diferencia entre el seguro de viaje tradicional y la protecci\u00f3n en caso de evacuaci\u00f3n m\u00e9dica.<\/div>\n<\/article>\n<p><a href=\"https:\/\/www.globalrescue.com\/es\/common\/pressrelease\/?duration=2022-2022&amp;prId=26002\" target=\"_blank\" class=\"readmore\" rel=\"noopener\">Seguir leyendo<\/a>[\/vc_column_text][vc_separator][\/vc_column][\/vc_row][vc_row el_class=\u00bbcontainer auto-margin awards\u00bb][vc_column width=\u00bb1\/6&#8243; offset=\u00bbvc_col-xs-3&#8243; el_class=\u00bbvh-center\u00bb][vc_single_image image=\u00bb43705&#8243; img_size=\u00bbfull\u00bb alignment=\u00bbcenter\u00bb][\/vc_column][vc_column width=\u00bb5\/6&#8243; offset=\u00bbvc_col-xs-9&#8243;][vc_column_text]<\/p>\n<article>\n<div class=\"article-date\">Octubre de 2022<\/div>\n<div class=\"article-title\">Premio Magellan de Plata<\/div>\n<div class=\"article-summary\">Global Rescue obtuvo el Premio Magallanes de Plata por su iniciativa en medios sociales para aumentar el n\u00famero de seguidores orientados a los viajes y promover un mayor compromiso en las principales plataformas de medios sociales.<\/div>\n<\/article>\n<p><a href=\"https:\/\/www.globalrescue.com\/es\/common\/pressrelease\/?duration=2022-2022&amp;prId=26002\" target=\"_blank\" class=\"readmore\" rel=\"noopener\">Seguir leyendo<\/a>[\/vc_column_text][vc_separator][\/vc_column][\/vc_row][vc_row el_class=\u00bbcontainer auto-margin awards\u00bb][vc_column width=\u00bb1\/6&#8243; el_class=\u00bb.vh-center\u00bb offset=\u00bbvc_col-xs-3&#8243;][vc_single_image image=\u00bb43621&#8243; img_size=\u00bbfull\u00bb alignment=\u00bbcenter\u00bb][\/vc_column][vc_column width=\u00bb5\/6&#8243; offset=\u00bbvc_col-xs-9&#8243;][vc_column_text]<\/p>\n<article>\n<div class=\"article-date\">Agosto de 2022<\/div>\n<div class=\"article-title\">La respuesta empresarial m\u00e1s valiosa a la pandemia<\/div>\n<div class=\"article-summary\">Los International Business Awards nombraron a Global Rescue ganadora de un Silver Stevie\u00ae por nuestra ejemplar respuesta a la pandemia para garantizar el bienestar de nuestros empleados, clientes y comunidades.<\/div>\n<\/article>\n<p><a href=\"https:\/\/www.globalrescue.com\/es\/common\/pressrelease\/?duration=2022-2022&amp;prId=25240\" target=\"_blank\" class=\"readmore\" rel=\"noopener\">Seguir leyendo<\/a>[\/vc_column_text][vc_separator][\/vc_column][\/vc_row][vc_row el_class=\u00bbcontainer auto-margin awards\u00bb][vc_column width=\u00bb1\/6&#8243; offset=\u00bbvc_col-xs-3&#8243;][vc_single_image image=\u00bb43402&#8243; img_size=\u00bbfull\u00bb alignment=\u00bbcenter\u00bb el_class=\u00bb.vh-center\u00bb][\/vc_column][vc_column width=\u00bb5\/6&#8243; offset=\u00bbvc_col-xs-9&#8243;][vc_column_text]<\/p>\n<article>\n<div class=\"article-date\">Abril de 2022<\/div>\n<div class=\"article-title\">Servicios de rescate sobre el terreno<\/div>\n<div class=\"article-summary\">Global Rescue ha sido nombrada ganadora del Premio Titan de Oro a la Empresa de Servicios de Rescate Local en la categor\u00eda de Productos y Servicios de Viajes.<\/div>\n<\/article>\n<p><a href=\"https:\/\/www.globalrescue.com\/es\/common\/pressrelease\/?duration=2022-2022&amp;prId=17162\" target=\"_blank\" class=\"readmore\" rel=\"noopener\">Seguir leyendo<\/a>[\/vc_column_text][vc_separator][\/vc_column][\/vc_row][vc_row el_class=\u00bbcontainer auto-margin awards\u00bb][vc_column width=\u00bb1\/6&#8243; offset=\u00bbvc_col-xs-3&#8243; el_class=\u00bb.vh-center\u00bb][vc_single_image image=\u00bb43401&#8243; img_size=\u00bbfull\u00bb alignment=\u00bbcenter\u00bb][\/vc_column][vc_column width=\u00bb5\/6&#8243; offset=\u00bbvc_col-xs-9&#8243;][vc_column_text]<\/p>\n<article>\n<div class=\"article-date\">Febrero de 2022<\/div>\n<div class=\"article-title\">Mejor organizaci\u00f3n de soluciones de gesti\u00f3n de riesgos en viajes - EE.UU.<\/div>\n<div class=\"article-summary\">Por segundo a\u00f1o consecutivo, los Premios de Viajes y Turismo de la revista LUX Life han reconocido a Global Rescue como proveedor l\u00edder de servicios de gesti\u00f3n de riesgos y crisis en el sector de los viajes.<\/div>\n<\/article>\n<p><a href=\"https:\/\/www.globalrescue.com\/es\/common\/pressrelease\/?duration=2021-2021&amp;prId=17152\" target=\"_blank\" class=\"readmore\" rel=\"noopener\">Seguir leyendo<\/a>[\/vc_column_text][vc_separator][\/vc_column][\/vc_row][vc_row el_class=\u00bbcontainer auto-margin awards\u00bb][vc_column width=\u00bb1\/6&#8243; offset=\u00bbvc_col-xs-3&#8243; el_class=\u00bb.vh-center\u00bb][vc_single_image image=\u00bb43400&#8243; img_size=\u00bbfull\u00bb alignment=\u00bbcenter\u00bb][\/vc_column][vc_column width=\u00bb5\/6&#8243; offset=\u00bbvc_col-xs-9&#8243;][vc_column_text]<\/p>\n<article>\n<div class=\"article-date\">Noviembre de 2021<\/div>\n<div class=\"article-title\">Ganador del Premio Magellan de Oro<\/div>\n<div class=\"article-summary\">Global Rescue gan\u00f3 dos premios de oro: uno por su v\u00eddeo promocional \u00abBeyond The Road: Powered By Global Rescue for AAA\u00bb y otro por su serie Pandemic Blog de Travel Weekly.<\/div>\n<\/article>\n<p><a href=\"https:\/\/www.globalrescue.com\/es\/common\/pressrelease\/?duration=2021-2021&amp;prId=17151\" target=\"_blank\" class=\"readmore\" rel=\"noopener\">Seguir leyendo<\/a>[\/vc_column_text][vc_separator][\/vc_column][\/vc_row][vc_row el_class=\u00bbcontainer auto-margin awards\u00bb][vc_column width=\u00bb1\/6&#8243; el_class=\u00bb.vh-center\u00bb offset=\u00bbvc_col-xs-3&#8243;][vc_single_image image=\u00bb43399&#8243; img_size=\u00bbfull\u00bb alignment=\u00bbcenter\u00bb][\/vc_column][vc_column width=\u00bb5\/6&#8243; offset=\u00bbvc_col-xs-9&#8243;][vc_column_text]<\/p>\n<article>\n<div class=\"article-date\">Noviembre de 2021<\/div>\n<div class=\"article-title\">Los mejores lugares para trabajar<\/div>\n<div class=\"article-summary\">Outside Magazine premi\u00f3 a Global Rescue por su profundo compromiso con la creaci\u00f3n de entornos acogedores que dan prioridad a la conciliaci\u00f3n de la vida laboral y familiar y al compromiso de los empleados.<\/div>\n<\/article>\n<p><a href=\"https:\/\/www.globalrescue.com\/es\/common\/pressrelease\/?duration=2021-2021&amp;prId=17150\" target=\"_blank\" class=\"readmore\" rel=\"noopener\">Seguir leyendo<\/a>[\/vc_column_text][vc_separator][\/vc_column][\/vc_row][vc_row el_class=\u00bbcontainer auto-margin awards\u00bb][vc_column width=\u00bb1\/6&#8243; offset=\u00bbvc_col-xs-3&#8243; el_class=\u00bb.vh-center\u00bb][vc_single_image image=\u00bb43398&#8243; img_size=\u00bbfull\u00bb alignment=\u00bbcenter\u00bb][\/vc_column][vc_column width=\u00bb5\/6&#8243; offset=\u00bbvc_col-xs-9&#8243;][vc_column_text]<\/p>\n<article>\n<div class=\"article-date\">Abril de 2021<\/div>\n<div class=\"article-title\">Mejor organizaci\u00f3n de soluciones de gesti\u00f3n de riesgos en viajes - EE.UU.<\/div>\n<div class=\"article-summary\">Los Premios de Viajes y Turismo de la revista LUX Life reconocieron a Global Rescue como empresa que ofrece las mejores experiencias, productos y servicios de riesgo en viajes.<\/div>\n<\/article>\n<p><a href=\"https:\/\/www.globalrescue.com\/es\/common\/pressrelease\/?duration=2021-2021&amp;prId=17152\" target=\"_blank\" class=\"readmore\" rel=\"noopener\">Seguir leyendo<\/a>[\/vc_column_text][vc_separator][\/vc_column][\/vc_row][vc_row el_class=\u00bbcontainer auto-margin awards\u00bb][vc_column width=\u00bb1\/6&#8243; el_class=\u00bb.vh-center\u00bb offset=\u00bbvc_col-xs-3&#8243;][vc_single_image image=\u00bb43397&#8243; img_size=\u00bbfull\u00bb alignment=\u00bbcenter\u00bb][\/vc_column][vc_column width=\u00bb5\/6&#8243; offset=\u00bbvc_col-xs-9&#8243;][vc_column_text]<\/p>\n<article>\n<div class=\"article-date\">Noviembre de 2020<\/div>\n<div class=\"article-title\">Ganador del Premio Magellan de Plata<\/div>\n<div class=\"article-summary\">Global Rescue gan\u00f3 un premio de plata por su serie de blogs COVID-19 Intelligence de Travel Weekly.<\/div>\n<\/article>\n<p><a href=\"https:\/\/www.globalrescue.com\/es\/common\/pressrelease\/?duration=2020-2020&amp;prId=17137\" target=\"_blank\" class=\"readmore\" rel=\"noopener\">Seguir leyendo<\/a>[\/vc_column_text][vc_separator][\/vc_column][\/vc_row][vc_row el_class=\u00bbcontainer auto-margin awards\u00bb][vc_column width=\u00bb1\/6&#8243; el_class=\u00bb.vh-center\u00bb offset=\u00bbvc_col-xs-3&#8243;][vc_single_image image=\u00bb43396&#8243; img_size=\u00bbfull\u00bb alignment=\u00bbcenter\u00bb][\/vc_column][vc_column width=\u00bb5\/6&#8243; offset=\u00bbvc_col-xs-9&#8243;][vc_column_text]<\/p>\n<article>\n<div class=\"article-date\">Enero de 2015<\/div>\n<div class=\"article-title\">Mejor seguro m\u00e9dico<\/div>\n<div class=\"article-summary\">Monocle nombr\u00f3 a Global Rescue el mejor proveedor de protecci\u00f3n de viajes en materia de evacuaci\u00f3n m\u00e9dica y de seguridad, rescate sobre el terreno e inteligencia.<\/div>\n<\/article>\n<p><a href=\"https:\/\/www.globalrescue.com\/grcom\/grmkt_resources\/pdfs\/Media_pdfs\/Monocle-12.30.14.pdf\" target=\"_blank\" class=\"readmore\" rel=\"noopener\">Seguir leyendo<\/a>[\/vc_column_text][vc_separator][\/vc_column][\/vc_row][vc_row el_class=\u00bbcontainer auto-margin awards\u00bb][vc_column width=\u00bb1\/6&#8243; el_class=\u00bb.vh-center\u00bb offset=\u00bbvc_col-xs-3&#8243;][vc_single_image image=\u00bb43395&#8243; img_size=\u00bbfull\u00bb alignment=\u00bbcenter\u00bb][\/vc_column][vc_column width=\u00bb5\/6&#8243; offset=\u00bbvc_col-xs-9&#8243;][vc_column_text]<\/p>\n<article>\n<div class=\"article-date\">Marzo de 2012<\/div>\n<div class=\"article-title\">Mejor inversi\u00f3n en viajes, acc\u00e9sit<\/div>\n<div class=\"article-summary\">La revista Outside Magazine&#8217;s Travel Awards reconoci\u00f3 a Global Rescue como uno de los mejores servicios de respuesta a emergencias.<\/div>\n<\/article>\n<p><a href=\"https:\/\/www.globalrescue.com\/es\/common\/blog\/detail\/outside-magazine-chooses-global-rescue-in-recent-travel-awards\/\" target=\"_blank\" class=\"readmore\" rel=\"noopener\">Seguir leyendo<\/a>[\/vc_column_text][\/vc_column][\/vc_row]<\/p>\n<\/div>","protected":false},"excerpt":{"rendered":"<p>[vc_row el_class=\u00bbcontainer auto-margin no-margin-bottom prepare-for-everything no-inner-column-padding\u00bb css=\u00bb.vc_custom_1657727962594{margin-top: 5% !important;margin-bottom: 5% !important;}\u00bb][vc_column][vc_column_text] Global Rescue recibe numerosos elogios y premios de las mayores y m\u00e1s influyentes publicaciones de viajes y organizaciones del sector de todo el mundo. [\/vc_column_text][\/vc_column][\/vc_row][vc_row el_class=\u00bbawards\u00bb][vc_column el_class=\u00bbadd-overlay-pattern\u00bb][vc_row_inner el_class=\u00bbcontainer auto-margin no-inner-column-padding\u00bb css=\u00bb.vc_custom_1657729597966{margin-bottom: 30px !important;}\u00bb][vc_column_inner][vc_column_text] PREMIOS Y RECONOCIMIENTOS [\/vc_column_text][\/vc_column_inner][\/vc_row_inner][\/vc_column][\/vc_row][vc_row content_placement=\u00bbtop\u00bb el_class=\u00bbcontainer auto-margin awards\u00bb][vc_column width=\u00bb1\/6&#8243; offset=\u00bbvc_col-xs-3&#8243; el_class=\u00bbvh-center\u00bb][vc_single_image [&hellip;]<\/p>\n","protected":false},"author":1,"featured_media":43394,"parent":0,"menu_order":0,"comment_status":"closed","ping_status":"closed","template":"landing-pages\/template-lp-transparent-header.php","meta":{"_acf_changed":false,"inline_featured_image":false,"footnotes":""},"class_list":["post-47568","page","type-page","status-publish","has-post-thumbnail","hentry"],"acf":[],"_links":{"self":[{"href":"https:\/\/www.globalrescue.com\/es\/wp-json\/wp\/v2\/pages\/47568","targetHints":{"allow":["GET"]}}],"collection":[{"href":"https:\/\/www.globalrescue.com\/es\/wp-json\/wp\/v2\/pages"}],"about":[{"href":"https:\/\/www.globalrescue.com\/es\/wp-json\/wp\/v2\/types\/page"}],"author":[{"embeddable":true,"href":"https:\/\/www.globalrescue.com\/es\/wp-json\/wp\/v2\/users\/1"}],"replies":[{"embeddable":true,"href":"https:\/\/www.globalrescue.com\/es\/wp-json\/wp\/v2\/comments?post=47568"}],"version-history":[{"count":18,"href":"https:\/\/www.globalrescue.com\/es\/wp-json\/wp\/v2\/pages\/47568\/revisions"}],"predecessor-version":[{"id":55810,"href":"https:\/\/www.globalrescue.com\/es\/wp-json\/wp\/v2\/pages\/47568\/revisions\/55810"}],"wp:featuredmedia":[{"embeddable":true,"href":"https:\/\/www.globalrescue.com\/es\/wp-json\/wp\/v2\/media\/43394"}],"wp:attachment":[{"href":"https:\/\/www.globalrescue.com\/es\/wp-json\/wp\/v2\/media?parent=47568"}],"curies":[{"name":"wp","href":"https:\/\/api.w.org\/{rel}","templated":true}]}}