{"id":47698,"date":"2022-01-24T10:31:18","date_gmt":"2022-01-24T10:31:18","guid":{"rendered":"https:\/\/www.globalrescue.com\/noticias-media-kit\/"},"modified":"2025-07-09T08:34:49","modified_gmt":"2025-07-09T08:34:49","slug":"noticias-media-kit","status":"publish","type":"page","link":"https:\/\/www.globalrescue.com\/es\/mediakit\/","title":{"rendered":"Noticias Media kit"},"content":{"rendered":"<div class=\"wpb-content-wrapper\"><p>[vc_row el_class=\u00bbcontainer auto-margin\u00bb css=\u00bb.vc_custom_1643700368716{margin-top: 5% !important;}\u00bb][vc_column width=\u00bb1\/3&#8243;][vc_column_text]<\/p>\n<h3 style=\"text-align: left;\"><strong>ACERCA DE GLOBAL RESCUE<\/strong><\/h3>\n<p>[\/vc_column_text][vc_column_text]<\/p>\n<h4 style=\"color: #d71635; text-align: left;\"><span style=\"color: #d71635;\"><strong><a style=\"color: #d71635;\" href=\"\/grcom\/grmkt_resources\/Media-Kit\/GR-Profile-Sheet.pdf\" target=\"_blank\" rel=\"noopener\">Nuestro perfil<\/a><\/strong><\/span><\/h4>\n<h4 style=\"color: #d71635; text-align: left;\"><span style=\"color: #d71635;\"><strong><a style=\"color: #d71635;\" href=\"\/grcom\/grmkt_resources\/Media-Kit\/Global-Rescue__Fact-Sheet-Services.pdf\" target=\"_blank\" rel=\"noopener\">Hechos<\/a><\/strong><\/span><\/h4>\n<h4 style=\"color: #d71635; text-align: left;\"><span style=\"color: #d71635;\"><strong><a style=\"color: #d71635;\" href=\"\/grcom\/grmkt_resources\/Media-Kit\/Global-Rescue__Leadership-Bios.pdf\" target=\"_blank\" rel=\"noopener\">Liderazgo<\/a><\/strong><\/span><\/h4>\n<p>[\/vc_column_text][\/vc_column][vc_column width=\u00bb1\/3&#8243;][vc_column_text]<\/p>\n<h3><strong>IM\u00c1GENES Y B-ROLL<\/strong><\/h3>\n<p>[\/vc_column_text][vc_column_text]<\/p>\n<h4 style=\"color: #d71635;\"><span style=\"color: #d71635;\"><strong><a style=\"color: #d71635;\" href=\"https:\/\/globalrescue.box.com\/s\/1gp0lbg58x3qjjsvj8888kdiyo42c7vb\" target=\"_blank\" rel=\"noopener\">Logotipo<\/a><\/strong><\/span><\/h4>\n<h4 style=\"color: #d71635;\"><strong><span style=\"color: #d71635;\"><a style=\"color: #d71635;\" href=\"https:\/\/globalrescue.box.com\/s\/avwviwgl05t5pvksze8ouj4qpcq0k1ri\" target=\"_blank\" rel=\"noopener\">B-Roll<\/a><\/span><\/strong><\/h4>\n<h4><strong><span style=\"color: #d71635;\"><a style=\"color: #d71635;\" href=\"https:\/\/globalrescue.box.com\/s\/bvlpyh4d61n9phy6roqei1du5ciqce9z\" target=\"_blank\" rel=\"noopener\">Fotos de directivos<\/a><\/span><\/strong><\/h4>\n<h4 style=\"color: #d71635;\"><strong><span style=\"color: #d71635;\"><a style=\"color: #d71635;\" href=\"https:\/\/globalrescue.box.com\/s\/gzl9rui428ntg5s4x4oprmgqat85ukzg\" target=\"_blank\" rel=\"noopener\">Candids<\/a><\/span><\/strong><\/h4>\n<h4 style=\"color: #d71635;\"><strong><span style=\"color: #d71635;\"><a style=\"color: #d71635;\" href=\"https:\/\/globalrescue.box.com\/s\/ekuyzhfk71qngnvmkmi3qb14dwdgj9m3\" target=\"_blank\" rel=\"noopener\">Rescates<\/a><\/span><\/strong><\/h4>\n<p>[\/vc_column_text][\/vc_column][vc_column width=\u00bb1\/3&#8243;][vc_column_text]<\/p>\n<h3 style=\"color: #000000;\"><span style=\"color: #000000;\"><strong>QU\u00c9 HACEMOS<\/strong><\/span><\/h3>\n<p>[\/vc_column_text][vc_column_text]<\/p>\n<h4><span style=\"color: #d71635;\"><a style=\"color: #d71635;\" href=\"\/grcom\/grmkt_resources\/Media-Kit\/GR-Press-Coverage-TMR.pdf\" target=\"_blank\" rel=\"noopener\"><strong>C\u00f3mo el atrevido pasado de un hombre ayud\u00f3 a hacer m\u00e1s seguros los viajes de aventura<\/strong><\/a><\/span><\/h4>\n<p><span style=\"color: #000000;\"><a style=\"color: #000000;\" href=\"\/grcom\/grmkt_resources\/Media-Kit\/GR-Press-Coverage-TMR.pdf\" target=\"_blank\" rel=\"noopener\">Informe sobre el mercado de viajes<\/a><\/span><\/p>\n<h4><span style=\"color: #d71635;\"><a style=\"color: #d71635;\" href=\"\/grcom\/grmkt_resources\/Media-Kit\/GR-Press-Coverage-USA-Today.pdf\" target=\"_blank\" rel=\"noopener\"><strong>No deje que los volcanes y otros miedos irracionales le arruinen las vacaciones de verano<\/strong><\/a><\/span><\/h4>\n<p><span style=\"color: #000000;\"><a style=\"color: #000000;\" href=\"\/grcom\/grmkt_resources\/Media-Kit\/GR-Press-Coverage-USA-Today.pdf\" target=\"_blank\" rel=\"noopener\">USA TODAY<\/a><\/span>[\/vc_column_text][\/vc_column][\/vc_row][vc_row el_class=\u00bbcontainer auto-margin\u00bb][vc_column][vc_column_text]<\/p>\n<hr>\n<p>[\/vc_column_text][\/vc_column][\/vc_row][vc_row el_class=\u00bbcontainer auto-margin\u00bb][vc_column][vc_column_text]<\/p>\n<h3 style=\"color: #d71635; text-align: left;\"><span style=\"color: #000000;\"><strong>ESTUDIOS DE CASO<\/strong><\/span><\/h3>\n<p>[\/vc_column_text][vc_row_inner el_class=\u00bbgr-case-studies-container\u00bb][vc_column_inner width=\u00bb1\/3&#8243;][vc_single_image image=\u00bb5164&#8243; img_size=\u00bbfull\u00bb alignment=\u00bbcenter\u00bb onclick=\u00bbcustom_link\u00bb img_link_target=\u00bb_blank\u00bb link=\u00bb\/grcom\/grmkt_resources\/Media-Kit\/Global-Rescue_Case-Studies_Ron-Crystal.pdf\u00bb][vc_column_text el_class=\u00bbgr-case-studies-holder\u00bb]<\/p>\n<h4><span style=\"color: #000000;\"><a class=\"gr-case-studies\" style=\"color: #000000;\" href=\"\/grcom\/grmkt_resources\/Media-Kit\/Global-Rescue_Case-Studies_Ron-Crystal.pdf\" target=\"_blank\" rel=\"noopener\"><strong><span style=\"color: #d71635;\">Un diputado sobrevive a su propio diagn\u00f3stico de riesgo vital en el Everest<\/span><\/strong><\/a><\/span><\/h4>\n<p>[\/vc_column_text][\/vc_column_inner][vc_column_inner width=\u00bb1\/3&#8243;][vc_single_image image=\u00bb5157&#8243; img_size=\u00bbfull\u00bb alignment=\u00bbcenter\u00bb onclick=\u00bbcustom_link\u00bb img_link_target=\u00bb_blank\u00bb link=\u00bb\/grcom\/grmkt_resources\/Media-Kit\/Global-Rescue_Case-Studies_Lily.pdf\u00bb][vc_column_text el_class=\u00bbgr-case-studies-holder\u00bb]<\/p>\n<h4><span style=\"color: #d71635;\"><a class=\"gr-case-studies\" style=\"color: #d71635;\" href=\"\/grcom\/grmkt_resources\/Media-Kit\/Global-Rescue_Case-Studies_Lily.pdf\" target=\"_blank\" rel=\"noopener\"><strong>Un mundo lejos de casa, un estudiante en peligro<\/strong><\/a><\/span><\/h4>\n<p>[\/vc_column_text][\/vc_column_inner][vc_column_inner width=\u00bb1\/3&#8243;][vc_single_image image=\u00bb5152&#8243; img_size=\u00bbfull\u00bb alignment=\u00bbcenter\u00bb onclick=\u00bbcustom_link\u00bb img_link_target=\u00bb_blank\u00bb link=\u00bb\/grcom\/grmkt_resources\/Media-Kit\/GR-Press-Coverage-USA-Today.pdf\u00bb][vc_column_text el_class=\u00bbgr-case-studies-holder\u00bb]<\/p>\n<h4><span style=\"color: #d71635;\"><a class=\"gr-case-studies\" style=\"color: #d71635;\" href=\"\/grcom\/grmkt_resources\/Media-Kit\/Global-Rescue_Case-Studies_Kevin-Koval.pdf\" target=\"_blank\" rel=\"noopener\"><strong>Cuando una aventura \u00e9pica se convierte en una emergencia \u00e9pica  <\/strong><\/a><\/span><\/h4>\n<p>[\/vc_column_text][\/vc_column_inner][\/vc_row_inner][\/vc_column][\/vc_row][vc_row el_class=\u00bbcontainer auto-margin\u00bb][vc_column][vc_column_text]<\/p>\n<hr>\n<p>[\/vc_column_text][\/vc_column][\/vc_row][vc_row el_class=\u00bbcontainer auto-margin\u00bb][vc_column][vc_column_text css=\u00bb\u00bb]<\/p>\n<h4 style=\"color: #00000;\"><strong>Si desea m\u00e1s informaci\u00f3n, p\u00f3ngase en contacto con<\/strong><\/h4>\n<p><strong>Bill McIntyre<\/strong> Director de Comunicaci\u00f3n<br \/>\n<span style=\"color: #e74c3c;\"><a style=\"color: #d71635;\" href=\"tel:+12025601195\">+1 (202) 560-1195<\/a><\/span><br \/>\n<span style=\"color: #d71635;\"><a style=\"color: #d71635;\" href=\"mailto:bmcintyre@globalrescue.com\">bmcintyre@globalrescue.com<\/a><\/span>[\/vc_column_text][\/vc_column][\/vc_row][vc_row][vc_column][vc_column_text]<\/p>\n<p style=\"text-align: center; margin-bottom: 45px;\"><a class=\"mediakit-mailing-list btn btn-gr btn-danger btn-lg text-center\">\u00danase a nuestra lista de correo<\/a><\/p>\n<p>[\/vc_column_text][\/vc_column][\/vc_row]<\/p>\n<\/div>","protected":false},"excerpt":{"rendered":"<p>[vc_row el_class=\u00bbcontainer auto-margin\u00bb css=\u00bb.vc_custom_1643700368716{margin-top: 5% !important;}\u00bb][vc_column width=\u00bb1\/3&#8243;][vc_column_text] ACERCA DE GLOBAL RESCUE [\/vc_column_text][vc_column_text] Nuestro perfil Hechos Liderazgo [\/vc_column_text][\/vc_column][vc_column width=\u00bb1\/3&#8243;][vc_column_text] IM\u00c1GENES Y B-ROLL [\/vc_column_text][vc_column_text] Logotipo B-Roll Fotos de directivos Candids Rescates [\/vc_column_text][\/vc_column][vc_column width=\u00bb1\/3&#8243;][vc_column_text] QU\u00c9 HACEMOS [\/vc_column_text][vc_column_text] C\u00f3mo el atrevido pasado de un hombre ayud\u00f3 a hacer m\u00e1s seguros los viajes de aventura Informe sobre el mercado de [&hellip;]<\/p>\n","protected":false},"author":1,"featured_media":0,"parent":0,"menu_order":0,"comment_status":"closed","ping_status":"closed","template":"","meta":{"_acf_changed":false,"inline_featured_image":false,"footnotes":""},"class_list":["post-47698","page","type-page","status-publish","hentry"],"acf":[],"_links":{"self":[{"href":"https:\/\/www.globalrescue.com\/es\/wp-json\/wp\/v2\/pages\/47698","targetHints":{"allow":["GET"]}}],"collection":[{"href":"https:\/\/www.globalrescue.com\/es\/wp-json\/wp\/v2\/pages"}],"about":[{"href":"https:\/\/www.globalrescue.com\/es\/wp-json\/wp\/v2\/types\/page"}],"author":[{"embeddable":true,"href":"https:\/\/www.globalrescue.com\/es\/wp-json\/wp\/v2\/users\/1"}],"replies":[{"embeddable":true,"href":"https:\/\/www.globalrescue.com\/es\/wp-json\/wp\/v2\/comments?post=47698"}],"version-history":[{"count":2,"href":"https:\/\/www.globalrescue.com\/es\/wp-json\/wp\/v2\/pages\/47698\/revisions"}],"predecessor-version":[{"id":47700,"href":"https:\/\/www.globalrescue.com\/es\/wp-json\/wp\/v2\/pages\/47698\/revisions\/47700"}],"wp:attachment":[{"href":"https:\/\/www.globalrescue.com\/es\/wp-json\/wp\/v2\/media?parent=47698"}],"curies":[{"name":"wp","href":"https:\/\/api.w.org\/{rel}","templated":true}]}}