{"id":47868,"date":"2022-03-30T10:23:08","date_gmt":"2022-03-30T10:23:08","guid":{"rendered":"https:\/\/www.globalrescue.com\/servicios-covid-19-de-global-rescue\/"},"modified":"2025-07-14T11:35:56","modified_gmt":"2025-07-14T11:35:56","slug":"servicios-covid-19-de-global-rescue","status":"publish","type":"page","link":"https:\/\/www.globalrescue.com\/es\/common\/coronavirus\/","title":{"rendered":"SERVICIOS COVID-19 DE GLOBAL RESCUE"},"content":{"rendered":"<div class=\"wpb-content-wrapper\"><p>[vc_row el_class=\u00bbcorona_first_section\u00bb][vc_column][vc_row_inner el_class=\u00bbcontainer auto-margin text-panel-with-heading\u00bb][vc_column_inner][vc_column_text]<\/p>\n<div class=\"\">\n<h3 class=\"subheader m-t-0 p-b-0\">Global Rescue presta servicios de transporte y evacuaci\u00f3n a personas con COVID-19 y lo ha hecho de forma ininterrumpida desde el inicio de la pandemia.<\/h3>\n<div class=\"\">\n<p>&nbsp;<\/p>\n<p>Esto incluye el rescate sobre el terreno y la evacuaci\u00f3n m\u00e9dica de los miembros infectados por COVID-19 que requieran hospitalizaci\u00f3n, la revisi\u00f3n de la atenci\u00f3n por parte de nuestro personal interno de m\u00e9dicos, la localizaci\u00f3n de centros de an\u00e1lisis y los servicios de asesoramiento en relaci\u00f3n con la cuarentena y los cierres fronterizos fluctuantes.<\/p>\n<\/div>\n<\/div>\n<p>[\/vc_column_text][\/vc_column_inner][\/vc_row_inner][\/vc_column][\/vc_row][vc_row el_class=\u00bbgr_services\u00bb][vc_column][vc_column_text el_class=\u00bbcontainer margin-auto\u00bb]<\/p>\n<h2 class=\"heading\">COVID-19 SERVICIOS<\/h2>\n<p>[\/vc_column_text][vc_row_inner el_class=\u00bbgr_services_item container margin-auto\u00bb][vc_column_inner width=\u00bb1\/2&#8243;][vc_column_text]<\/p>\n<div class=\"gr_services_items\">\n<p><img decoding=\"async\" class=\"lazy\" alt=\"icono, helic\u00f3ptero de rescate m\u00e9dico\" src=\"\/wp-content\/themes\/global-rescue\/img\/Evacuation%20Service.svg\" \/><\/p>\n<div class=\"gr_services_block_content\">\n<h3><span>Rescate sobre el terreno en todo el mundo<\/span><\/h3>\n<p><span>Si est\u00e1 enfermo y no puede llegar por sus propios medios al centro m\u00e9dico adecuado m\u00e1s cercano, le transportamos por cualquier medio posible (terrestre, a\u00e9reo o mar\u00edtimo) al centro m\u00e9dico m\u00e1s cercano capaz de diagnosticarle y tratarle.<\/span><\/p>\n<\/div>\n<\/div>\n<p>[\/vc_column_text][\/vc_column_inner][vc_column_inner width=\u00bb1\/2&#8243;][vc_column_text]<\/p>\n<div class=\"gr_services_items\">\n<p><img decoding=\"async\" class=\"lazy\" alt=\"icono, dos manos que sostienen un informe en papel con informaci\u00f3n\" src=\"\/wp-content\/themes\/global-rescue\/img\/Medical%20Partners%20and%20Centers%20of%20Excellence.svg\" \/><\/p>\n<div class=\"gr_services_block_content\">\n<h3><span>Revisi\u00f3n m\u00e9dica de la asistencia<\/span><\/h3>\n<p><span>Nuestros m\u00e9dicos internos supervisan su tratamiento para garantizar que su atenci\u00f3n est\u00e9 a la altura de los m\u00e1s altos est\u00e1ndares.<\/span><\/p>\n<\/div>\n<\/div>\n<p>[\/vc_column_text][\/vc_column_inner][\/vc_row_inner][vc_row_inner el_class=\u00bbgr_services_item container margin-auto\u00bb][vc_column_inner width=\u00bb1\/2&#8243;][vc_column_text]<\/p>\n<div class=\"gr_services_items\">\n<p><img decoding=\"async\" class=\"lazy\" alt=\"icono, estrella m\u00e9dica de la vida\" src=\"\/wp-content\/themes\/global-rescue\/img\/transport_to_hospital.svg\" \/><\/p>\n<div class=\"gr_services_block_content\">\n<h3><span>Evacuaci\u00f3n m\u00e9dica<\/span><\/h3>\n<p><span>Si es hospitalizado, le trasladaremos al hospital de su pa\u00eds de origen que usted elija de acuerdo con todas las normativas gubernamentales aplicables.<\/span><\/p>\n<\/div>\n<\/div>\n<p>[\/vc_column_text][\/vc_column_inner][vc_column_inner width=\u00bb1\/2&#8243;][vc_column_text]<\/p>\n<div class=\"gr_services_items\">\n<p><img decoding=\"async\" class=\"\" alt=\"icono, escudo delante de la cartera\" src=\"\/wp-content\/themes\/global-rescue\/img\/medical_advisory_services.svg\" \/><\/p>\n<div class=\"gr_services_block_content\">\n<h3><span>Servicios de asesoramiento<\/span><\/h3>\n<p><span>Obtenga respuestas y orientaci\u00f3n para las preocupaciones y la disminuci\u00f3n del riesgo relacionado con COVID-19 mientras viaja.<\/span><\/p>\n<\/div>\n<\/div>\n<p>[\/vc_column_text][\/vc_column_inner][\/vc_row_inner][vc_row_inner el_class=\u00bbgr_services_item container margin-auto\u00bb][vc_column_inner width=\u00bb1\/2&#8243;][vc_column_text]<\/p>\n<div class=\"gr_services_items\">\n<p><img decoding=\"async\" class=\"lazy\" alt=\"icono, estrella m\u00e9dica de la vida\" src=\"\/wp-content\/themes\/global-rescue\/img\/Covid-19-testing.svg\" \/><\/p>\n<div class=\"gr_services_block_content\">\n<h3><span>Ubicaciones de las pruebas<\/span><\/h3>\n<p><span>Si necesita someterse a pruebas durante el viaje, ayudamos a los viajeros a encontrar centros m\u00e9dicos capaces de realizar pruebas de COVID-19.<\/span><\/p>\n<\/div>\n<\/div>\n<p>[\/vc_column_text][\/vc_column_inner][vc_column_inner width=\u00bb1\/2&#8243;][vc_column_text]<\/p>\n<div class=\"gr_services_items\">\n<p><img decoding=\"async\" class=\"\" alt=\"icono, escudo delante de la cartera\" src=\"\/wp-content\/themes\/global-rescue\/img\/Travel-Insurance.svg\" \/><\/p>\n<div class=\"gr_services_block_content\">\n<h3><span>Seguro de viaje adicional<\/span><\/h3>\n<p><span>La adici\u00f3n del seguro de viaje cubre el coste de los servicios hospitalarios hasta 100.000 d\u00f3lares en caso de enfermedad repentina, incluido el COVID-19.<\/span><\/p>\n<\/div>\n<\/div>\n<p>[\/vc_column_text][\/vc_column_inner][\/vc_row_inner][vc_row_inner][vc_column_inner][vc_column_text]\r\n<section class=\"quote-section p-t-0 p-b-80 p-b-sml-30 coronavirus-quotes\" style=\"background:linear-gradient(to bottom,#fff 75px,#eff0f3 20px)\">\r\n\t<div class=\"container quote-container\">\r\n\t\t<div class=\"quote-slider-v2\">\r\n\t\t\t\t\t\t<div class=\"container quote-container\">\r\n\t\t\t\t<div class=\"quote-img\" style=\"display: flex;justify-content: center;\">\r\n\t\t\t\t\t<img decoding=\"async\" data-src=\"https:\/\/www.globalrescue.com\/grcom\/grmkt_resources\/images\/Landing-Pages\/Unknown-Snowboarder_Avatar-160x160-1.png\" width=\"160px;\"  src=\"https:\/\/www.globalrescue.com\/grcom\/grmkt_resources\/images\/Landing-Pages\/Unknown-Snowboarder_Avatar-160x160-1.png\"> \r\n\t\t\t\t<\/div>\r\n\t\t\t\t\t\t\t\t\t\t\t\t\r\n\t\t\t\t\t\t\t\t\t\t\r\n\t\t\t\t\t\r\n\t\t\t\t\t<div class=\"quote-text text-center quote-47880 coronavirus\">\r\n\t\t\t\t\t\t<span style=\"color: #d71635; font-weight: 300; font-size: 22pt;\"><span>  \"Global Rescue nos dio la esperanza de que, pasara lo que pasara, \u00edbamos a salir de China. Tambi\u00e9n nos proporcionaron informaci\u00f3n sobre el virus que no consegu\u00edamos en ning\u00fan otro sitio.\" <\/span><\/span>\t\r\n\t\t\t\t\t<\/div>\r\n\t\t\t\t\t\t\t\t\t\t\r\n\t\t\t\t\t\t<p class=\"coronavirus kil auther-title text-center m-b-0\"> \r\n\t\t\t\t\t\t\t-Kaitlyn Farrington, snowboarder de Salt Lake City (Utah), cuenta c\u00f3mo Global Rescue la embarc\u00f3 en uno de los \u00faltimos vuelos que salieron de China al principio de la pandemia.<span class=\"not-bold\"><\/span>\r\n\t\t\t\t\t\t\t\t\t\t\t\t\t\t\t<\/br>\r\n\t\t\t\t\t\t\t\t<a href=\"https:\/\/www.globalrescue.com\/es\/common\/blog\/detail\/escape-from-china\/\" target=\"_blank\" rel=\"noopener noreferrer\" tabindex=\"0\" class=\"d-block mt-3\">Leer el rescate completo<\/a>\r\n\t\t\t\t\t\t\t\t\t\t\t\t\t\t\r\n\t\t\t\t\t\t<\/p>\r\n\t\t\t\t\t\t\t\t\t\t\t\t\t\r\n\t\t\t<\/div>\r\n\t\t\t\t\t\t\t\t\t<div class=\"container quote-container\">\r\n\t\t\t\t<div class=\"quote-img\" style=\"display: flex;justify-content: center;\">\r\n\t\t\t\t\t<img decoding=\"async\" data-src=\"https:\/\/www.globalrescue.com\/grcom\/grmkt_resources\/images\/Landing-Pages\/Zach-Cann_Avatar_160x160.png\" width=\"160px;\"  src=\"https:\/\/www.globalrescue.com\/grcom\/grmkt_resources\/images\/Landing-Pages\/Zach-Cann_Avatar_160x160.png\"> \r\n\t\t\t\t<\/div>\r\n\t\t\t\t\t\t\t\t\t\t\t\t\r\n\t\t\t\t\t\t\t\t\t\t\r\n\t\t\t\t\t\r\n\t\t\t\t\t<div class=\"quote-text text-center quote-47881 coronavirus\">\r\n\t\t\t\t\t\t<span style=\"color: #d71635; font-weight: 300; font-size: 22pt;\">\"Teniendo en cuenta lo remotos que est\u00e1bamos y en un mundo con COVID-19 y tantas restricciones de viaje en constante cambio, el hecho de que volvi\u00e9ramos a casa, a los EE.UU., en mi opini\u00f3n, es un milagro. Est\u00e1bamos muy agradecidos de contar con Global Rescue\".<\/span>\t\r\n\t\t\t\t\t<\/div>\r\n\t\t\t\t\t\t\t\t\t\t\r\n\t\t\t\t\t\t<p class=\"coronavirus kil auther-title text-center m-b-0\"> \r\n\t\t\t\t\t\t\t-Zach Cann, un padre de Arizona, nos cuenta c\u00f3mo Global Rescue pudo evitar los tr\u00e1mites burocr\u00e1ticos relacionados con la cuarentena para acelerar el regreso de su familia desde Pap\u00faa Nueva Guinea a un nivel superior de cuidados para su hijo herido.<span class=\"not-bold\"><\/span>\r\n\t\t\t\t\t\t\t\t\t\t\t\t\t\t\t<\/br>\r\n\t\t\t\t\t\t\t\t<a href=\"https:\/\/www.globalrescue.com\/es\/common\/blog\/detail\/rescue-to-remote-papua-new-guinea\/\" target=\"_blank\" rel=\"noopener noreferrer\" tabindex=\"0\" class=\"d-block mt-3\">Leer el rescate completo<\/a>\r\n\t\t\t\t\t\t\t\t\t\t\t\t\t\t\r\n\t\t\t\t\t\t<\/p>\r\n\t\t\t\t\t\t\t\t\t\t\t\t\t\r\n\t\t\t<\/div>\r\n\t\t\t\t\t\t\t\t\t<div class=\"container quote-container\">\r\n\t\t\t\t<div class=\"quote-img\" style=\"display: flex;justify-content: center;\">\r\n\t\t\t\t\t<img decoding=\"async\" data-src=\"https:\/\/www.globalrescue.com\/grcom\/grmkt_resources\/images\/Landing-Pages\/Yandy-Nunez-Martinez_Avatar-160x160-1.png\" width=\"160px;\"  src=\"https:\/\/www.globalrescue.com\/grcom\/grmkt_resources\/images\/Landing-Pages\/Yandy-Nunez-Martinez_Avatar-160x160-1.png\"> \r\n\t\t\t\t<\/div>\r\n\t\t\t\t\t\t\t\t\t\t\t\t\r\n\t\t\t\t\t\t\t\t\t\t\r\n\t\t\t\t\t\r\n\t\t\t\t\t<div class=\"quote-text text-center quote-47882 coronavirus\">\r\n\t\t\t\t\t\t<span style=\"color: #d71635; font-weight: 300; font-size: 22pt;\">\"Nunca hab\u00eda estado tan enferma en mi vida. Sent\u00eda que estaba al borde de la muerte, como si mi alma abandonara mi cuerpo. Entonces el sherpa vino a mi tienda y me dijo: 'Global Rescue est\u00e1 aqu\u00ed. Es hora de irnos'. Quer\u00eda llorar de alivio\".<\/span>\t\r\n\t\t\t\t\t<\/div>\r\n\t\t\t\t\t\t\t\t\t\t\r\n\t\t\t\t\t\t<p class=\"coronavirus kil auther-title text-center m-b-0\"> \r\n\t\t\t\t\t\t\t-Yandy N\u00fa\u00f1ez Mart\u00ednez, alpinista cubano de 33 a\u00f1os que enferm\u00f3 y dio positivo por COVID-19 tras intentar coronar el Everest.<span class=\"not-bold\"><\/span>\r\n\t\t\t\t\t\t\t\t\t\t\t\t\t\t\t<\/br>\r\n\t\t\t\t\t\t\t\t<a href=\"https:\/\/www.globalrescue.com\/es\/common\/blog\/detail\/mount-everest-evacuation-for-the-cuban-mountaineer\/\" target=\"_blank\" rel=\"noopener noreferrer\" tabindex=\"0\" class=\"d-block mt-3\">Leer el rescate completo<\/a>\r\n\t\t\t\t\t\t\t\t\t\t\t\t\t\t\r\n\t\t\t\t\t\t<\/p>\r\n\t\t\t\t\t\t\t\t\t\t\t\t\t\r\n\t\t\t<\/div>\r\n\t\t\t\t\t\t\t\t\t<div class=\"container quote-container\">\r\n\t\t\t\t<div class=\"quote-img\" style=\"display: flex;justify-content: center;\">\r\n\t\t\t\t\t<img decoding=\"async\" data-src=\"https:\/\/www.globalrescue.com\/grcom\/grmkt_resources\/images\/Landing-Pages\/Dolly-Webster_Avatar-160x160-1.png\" width=\"160px;\"  src=\"https:\/\/www.globalrescue.com\/grcom\/grmkt_resources\/images\/Landing-Pages\/Dolly-Webster_Avatar-160x160-1.png\"> \r\n\t\t\t\t<\/div>\r\n\t\t\t\t\t\t\t\t\t\t\t\t\r\n\t\t\t\t\t\t\t\t\t\t\r\n\t\t\t\t\t\r\n\t\t\t\t\t<div class=\"quote-text text-center quote-47883 coronavirus\">\r\n\t\t\t\t\t\t<span style=\"color: #d71635; font-weight: 300; font-size: 22pt;\"><span>  \"Sol\u00edamos utilizar la palabra 'rescate' con cierta ligereza. Nunca volver\u00e9 a hacerlo porque tiene un significado muy importante. Global Rescue me dio la esperanza de recuperar mi vida\".<\/span><\/span>\t\r\n\t\t\t\t\t<\/div>\r\n\t\t\t\t\t\t\t\t\t\t\r\n\t\t\t\t\t\t<p class=\"coronavirus kil auther-title text-center m-b-0\"> \r\n\t\t\t\t\t\t\t-Dolly Webster, una residente de Montana de 62 a\u00f1os que necesit\u00f3 tratamiento tras contraer COVID-19 durante un viaje de pesca con mosca en las Bahamas, fue evacuada en ambulancia a\u00e9rea a un hospital de mayor nivel de atenci\u00f3n en EE.UU.<span class=\"not-bold\"><\/span>\r\n\t\t\t\t\t\t\t\t\t\t\t\t\t\t\t<\/br>\r\n\t\t\t\t\t\t\t\t<a href=\"https:\/\/www.globalrescue.com\/es\/common\/blog\/detail\/covid-19-medical-evacuation-during-travel\/\" target=\"_blank\" rel=\"noopener noreferrer\" tabindex=\"0\" class=\"d-block mt-3\">Leer el rescate completo<\/a>\r\n\t\t\t\t\t\t\t\t\t\t\t\t\t\t\r\n\t\t\t\t\t\t<\/p>\r\n\t\t\t\t\t\t\t\t\t\t\t\t\t\r\n\t\t\t<\/div>\r\n\t\t\t\t\t\t\t\t\t\t\t\t\t\t<\/div>\r\n\t<\/div>\r\n<\/section>\r\n\t\t[\/vc_column_text][\/vc_column_inner][\/vc_row_inner][\/vc_column][\/vc_row][vc_row el_class=\u00bbcontainer margin-auto corona_award_section\u00bb][vc_column][vc_row_inner content_placement=\u00bbmiddle\u00bb][vc_column_inner width=\u00bb1\/2&#8243; offset=\u00bbvc_hidden-xs\u00bb][vc_single_image image=\u00bb5940&#8243; img_size=\u00bbfull\u00bb alignment=\u00bbcenter\u00bb][\/vc_column_inner][vc_column_inner width=\u00bb1\/2&#8243;][vc_column_text]<\/p>\n<div class=\"\">\n<h2 class=\"color-danger text-left heading lg m-b-0\">SERVICIOS GALARDONADOS DE COVID-19<\/h2>\n<h3 class=\"subheader m-t-0 p-b-0\">Travel Weekly concedi\u00f3 dos Premios Magallanes consecutivos en 2020 y 2021 a Global Rescue por sus servicios de inteligencia sobre coronavirus.<\/h3>\n<div class=\"m-t-10\">\n<p>\u00abTodo el mundo busca informaci\u00f3n \u00fatil, educativa y directa sobre la pandemia y su impacto en el sector y en los viajeros\u00bb, afirm\u00f3 Kent Webber, director senior de Servicios de Inteligencia de Global Rescue. \u00abLos informes diarios y las series de blogs de Global Rescue son las formas m\u00e1s r\u00e1pidas y eficaces de canalizar nuestra experiencia y compartir la informaci\u00f3n\u00bb.<\/p>\n<p style=\"text-align: left;\"><img decoding=\"async\" class=\"lazy-img\" src=\"\/grcom\/grmkt_resources\/images\/magellan-awards-horizontal.png\" alt=\"Dos logotipos de los Premios Magallanes. Uno para el Premio de Plata 2020. Uno para el Premio de Oro 2021\" width=\"200\" \/><\/p>\n<\/div>\n<\/div>\n<p>[\/vc_column_text][\/vc_column_inner][\/vc_row_inner][\/vc_column][\/vc_row][vc_row css=\u00bb.vc_custom_1658831396549{background-color: #e6e6e6 !important;}\u00bb][vc_column][vc_column_text el_class=\u00bbcontainer auto-margin\u00bb]<\/p>\n\t<div class=\"col-sm-12\">\r\n\t\t<h2 class=\"color-danger heading \" style=\"margin: 20px 0px; text-align: center; font-size: 41px;\">FURTHER READING<\/h2>\r\n\t<\/div>\r\n<div class=\"row posts-grid\">\r\n\t\t\t\t\t<div class=\"col-6 col-md-3\">\r\n\t\t\t\t<a class=\"lp-blog-list-v2 m-b-sml-20\" style=\"position:relative;display:block\" target=\"_blank\" href=\"https:\/\/www.globalrescue.com\/es\/common\/blog\/detail\/covid-19-commonly-asked-questions\/\" data-event=\"\" data-eventcategory=\"Link\" data-eventlabel=\"Blog Square - Las 6 preguntas m\u00e1s frecuentes sobre nuestros servicios COVID-19\">\r\n\t\t\t\t\t<div class=\"thumbnail m-b-5 lazyload-bg-img\" style=\"pointer-events: none; overflow: hidden; padding: 0px; border-radius: 0px; background-size: cover; height: 170px; background-image: url(https:\/\/www.globalrescue.com\/grcom\/grmkt_resources\/images\/Media-blog-images\/common-COVID-19-questions.jpg);\" data-src=\"https:\/\/www.globalrescue.com\/grcom\/grmkt_resources\/images\/Media-blog-images\/common-COVID-19-questions.jpg\">\r\n\t\t\t\t\t<\/div>\r\n\t\t\t\t\t<div class=\"foreground\" style=\"position: absolute;top:0;justify-content:center;align-items:center;width:100%;height:100%;background:rgba(0,0,0,0.5)\"><\/div>\r\n\t\t\t\t\t<p class=\"m-t-0\" style=\"pointer-events:none;position: absolute;bottom: 30px;left: 12px;right:12px;color: #fff;text-shadow: 1px 1px 1px #333;\">\r\n\t\t\t\t\t\t<b>COVID-19 Actualizaci\u00f3n semanal: lo que hay que saber<\/b>\r\n\t\t\t\t\t<\/p>\r\n\t\t\t\t\t  <span style=\"pointer-events:none;color:#fff;position: absolute;bottom: 15px;left: 12px;\">\r\n\t\t\t\t\t    Leer<span style=\"color: #fff;font-size: 19px;\">\u2192<\/span>\r\n\t\t\t\t\t  <\/span>\r\n\t\t\t   <\/a>\r\n\t\t\t<\/div>\r\n\t\t\t\t\t\t\t\t\t<div class=\"col-6 col-md-3\">\r\n\t\t\t\t<a class=\"lp-blog-list-v2 m-b-sml-20\" style=\"position:relative;display:block\" target=\"_blank\" href=\"https:\/\/www.globalrescue.com\/es\/common\/blog\/detail\/do-covid-self-test-kits-work\/\" data-event=\"\" data-eventcategory=\"Link\" data-eventlabel=\"Blog Square - \u00bfFuncionan los kits de autodiagn\u00f3stico COVID?\">\r\n\t\t\t\t\t<div class=\"thumbnail m-b-5 lazyload-bg-img\" style=\"pointer-events: none; overflow: hidden; padding: 0px; border-radius: 0px; background-size: cover; height: 170px; background-image: url(https:\/\/www.globalrescue.com\/grcom\/grmkt_resources\/images\/Media-blog-images\/at-home-COVID-self-test-kit.jpg);\" data-src=\"https:\/\/www.globalrescue.com\/grcom\/grmkt_resources\/images\/Media-blog-images\/at-home-COVID-self-test-kit.jpg\">\r\n\t\t\t\t\t<\/div>\r\n\t\t\t\t\t<div class=\"foreground\" style=\"position: absolute;top:0;justify-content:center;align-items:center;width:100%;height:100%;background:rgba(0,0,0,0.5)\"><\/div>\r\n\t\t\t\t\t<p class=\"m-t-0\" style=\"pointer-events:none;position: absolute;bottom: 30px;left: 12px;right:12px;color: #fff;text-shadow: 1px 1px 1px #333;\">\r\n\t\t\t\t\t\t<b>Nuestros servicios COVID-19: Preguntas m\u00e1s frecuentes de los miembros<\/b>\r\n\t\t\t\t\t<\/p>\r\n\t\t\t\t\t  <span style=\"pointer-events:none;color:#fff;position: absolute;bottom: 15px;left: 12px;\">\r\n\t\t\t\t\t    Leer<span style=\"color: #fff;font-size: 19px;\">\u2192<\/span>\r\n\t\t\t\t\t  <\/span>\r\n\t\t\t   <\/a>\r\n\t\t\t<\/div>\r\n\t\t\t\t\t\t\t\t\t<div class=\"col-6 col-md-3\">\r\n\t\t\t\t<a class=\"lp-blog-list-v2 m-b-sml-20\" style=\"position:relative;display:block\" target=\"_blank\" href=\"https:\/\/www.globalrescue.com\/es\/common\/blog\/detail\/covid-19-documentation-education\/\" data-event=\"\" data-eventcategory=\"Link\" data-eventlabel=\"Blog Square - COVID-19 Educaci\u00f3n en documentaci\u00f3n\">\r\n\t\t\t\t\t<div class=\"thumbnail m-b-5 lazyload-bg-img\" style=\"pointer-events: none; overflow: hidden; padding: 0px; border-radius: 0px; background-size: cover; height: 170px; background-image: url(https:\/\/www.globalrescue.com\/grcom\/grmkt_resources\/images\/Media-blog-images\/Blog-post-images\/traveldocumentation-scaled.jpg);\" data-src=\"https:\/\/www.globalrescue.com\/grcom\/grmkt_resources\/images\/Media-blog-images\/Blog-post-images\/traveldocumentation-scaled.jpg\">\r\n\t\t\t\t\t<\/div>\r\n\t\t\t\t\t<div class=\"foreground\" style=\"position: absolute;top:0;justify-content:center;align-items:center;width:100%;height:100%;background:rgba(0,0,0,0.5)\"><\/div>\r\n\t\t\t\t\t<p class=\"m-t-0\" style=\"pointer-events:none;position: absolute;bottom: 30px;left: 12px;right:12px;color: #fff;text-shadow: 1px 1px 1px #333;\">\r\n\t\t\t\t\t\t<b>\u00bfFuncionan los kits de autodiagn\u00f3stico COVID-19?  <\/b>\r\n\t\t\t\t\t<\/p>\r\n\t\t\t\t\t  <span style=\"pointer-events:none;color:#fff;position: absolute;bottom: 15px;left: 12px;\">\r\n\t\t\t\t\t    Leer<span style=\"color: #fff;font-size: 19px;\">\u2192<\/span>\r\n\t\t\t\t\t  <\/span>\r\n\t\t\t   <\/a>\r\n\t\t\t<\/div>\r\n\t\t\t\t\t\t\t\t\t<div class=\"col-6 col-md-3\">\r\n\t\t\t\t<a class=\"lp-blog-list-v2 m-b-sml-20\" style=\"position:relative;display:block\" target=\"_blank\" href=\"https:\/\/www.globalrescue.com\/es\/common\/blog\/detail\/coronavirus-travel-updates\/\" data-event=\"\" data-eventcategory=\"Link\" data-eventlabel=\"Blog Square - Actualizaci\u00f3n sobre el coronavirus: lo que hay que saber\">\r\n\t\t\t\t\t<div class=\"thumbnail m-b-5 lazyload-bg-img\" style=\"pointer-events: none; overflow: hidden; padding: 0px; border-radius: 0px; background-size: cover; height: 170px; background-image: url(https:\/\/www.globalrescue.com\/grcom\/grmkt_resources\/images\/Media-blog-images\/masked-travel.jpg);\" data-src=\"https:\/\/www.globalrescue.com\/grcom\/grmkt_resources\/images\/Media-blog-images\/masked-travel.jpg\">\r\n\t\t\t\t\t<\/div>\r\n\t\t\t\t\t<div class=\"foreground\" style=\"position: absolute;top:0;justify-content:center;align-items:center;width:100%;height:100%;background:rgba(0,0,0,0.5)\"><\/div>\r\n\t\t\t\t\t<p class=\"m-t-0\" style=\"pointer-events:none;position: absolute;bottom: 30px;left: 12px;right:12px;color: #fff;text-shadow: 1px 1px 1px #333;\">\r\n\t\t\t\t\t\t<b>COVID-19 Educaci\u00f3n en documentaci\u00f3n<\/b>\r\n\t\t\t\t\t<\/p>\r\n\t\t\t\t\t  <span style=\"pointer-events:none;color:#fff;position: absolute;bottom: 15px;left: 12px;\">\r\n\t\t\t\t\t    Leer<span style=\"color: #fff;font-size: 19px;\">\u2192<\/span>\r\n\t\t\t\t\t  <\/span>\r\n\t\t\t   <\/a>\r\n\t\t\t<\/div>\r\n\t\t\t\t\t\t<\/div>\r\n<div class=\"text-center m-t-20 m-b-20\">\r\n\t<a href=\"\/common\/blog\/\" class=\"btn btn-danger btn-gr btn-lg\" data-event=\"\" data-eventcategory=\"Button\" data-eventlabel=\"VISIT OUR BLOG\" target=\"_blank\">VISIT OUR BLOG<\/a>\r\n<\/div>\r\n\n<p>[\/vc_column_text][\/vc_column][\/vc_row]<\/p>\n<\/div>","protected":false},"excerpt":{"rendered":"<p>[vc_row el_class=\u00bbcorona_first_section\u00bb][vc_column][vc_row_inner el_class=\u00bbcontainer auto-margin text-panel-with-heading\u00bb][vc_column_inner][vc_column_text] Global Rescue presta servicios de transporte y evacuaci\u00f3n a personas con COVID-19 y lo ha hecho de forma ininterrumpida desde el inicio de la pandemia. &nbsp; Esto incluye el rescate sobre el terreno y la evacuaci\u00f3n m\u00e9dica de los miembros infectados por COVID-19 que requieran hospitalizaci\u00f3n, la revisi\u00f3n de la [&hellip;]<\/p>\n","protected":false},"author":1,"featured_media":0,"parent":0,"menu_order":0,"comment_status":"closed","ping_status":"closed","template":"","meta":{"_acf_changed":false,"inline_featured_image":false,"footnotes":""},"class_list":["post-47868","page","type-page","status-publish","hentry"],"acf":[],"_links":{"self":[{"href":"https:\/\/www.globalrescue.com\/es\/wp-json\/wp\/v2\/pages\/47868","targetHints":{"allow":["GET"]}}],"collection":[{"href":"https:\/\/www.globalrescue.com\/es\/wp-json\/wp\/v2\/pages"}],"about":[{"href":"https:\/\/www.globalrescue.com\/es\/wp-json\/wp\/v2\/types\/page"}],"author":[{"embeddable":true,"href":"https:\/\/www.globalrescue.com\/es\/wp-json\/wp\/v2\/users\/1"}],"replies":[{"embeddable":true,"href":"https:\/\/www.globalrescue.com\/es\/wp-json\/wp\/v2\/comments?post=47868"}],"version-history":[{"count":3,"href":"https:\/\/www.globalrescue.com\/es\/wp-json\/wp\/v2\/pages\/47868\/revisions"}],"predecessor-version":[{"id":48006,"href":"https:\/\/www.globalrescue.com\/es\/wp-json\/wp\/v2\/pages\/47868\/revisions\/48006"}],"wp:attachment":[{"href":"https:\/\/www.globalrescue.com\/es\/wp-json\/wp\/v2\/media?parent=47868"}],"curies":[{"name":"wp","href":"https:\/\/api.w.org\/{rel}","templated":true}]}}