{"id":48386,"date":"2022-02-24T10:34:57","date_gmt":"2022-02-24T10:34:57","guid":{"rendered":"https:\/\/www.globalrescue.com\/primeros-pasos-global-rescue\/"},"modified":"2025-08-06T05:56:24","modified_gmt":"2025-08-06T05:56:24","slug":"primeros-pasos-global-rescue","status":"publish","type":"page","link":"https:\/\/www.globalrescue.com\/es\/landing-pages\/sociosqueempiezan\/","title":{"rendered":"Primeros pasos | Global Rescue"},"content":{"rendered":"<div class=\"wpb-content-wrapper\"><p>[vc_row el_class=\u00bbcontainer auto-margin mt-4&#8243;][vc_column][vc_column_text]<\/p>\n<h4 style=\"text-align: center; font-size: 20px;\"><strong>Global Rescue facilita la puesta en marcha y acelera su negocio. P\u00f3ngase en marcha r\u00e1pidamente con unos sencillos pasos para proteger a sus viajeros, ayudar a minimizar el riesgo de responsabilidad civil y aumentar los ingresos. <\/strong><\/h4>\n<p>[\/vc_column_text][\/vc_column][\/vc_row][vc_row el_class=\u00bbcontainer auto-margin\u00bb][vc_column width=\u00bb1\/3&#8243;][vc_column_text]<\/p>\n<div style=\"text-align: center;\">\n<h1 style=\"text-align: center;\"><strong><span style=\"color: #d71635;\">1 <\/span><\/strong><\/h1>\n<h3><strong><span style=\"color: #000000;\">Utilizar el logotipo<\/span><\/strong><\/h3>\n<p>Muestre el logotipo de Global Rescue Safe Travel Partner en su sitio web. Enl\u00e1celo a su p\u00e1gina de destino personalizada en globalrescue.com e incl\u00fayalo en sus comunicaciones digitales e impresas.<\/p>\n<p><a href=\"https:\/\/globalrescue.box.com\/s\/wuutjofuctacy5ugxnlz88kxyxnpxns0\" target=\"_blank\" rel=\"noopener\">Obtener logotipo<\/a><\/p>\n<\/div>\n<p>[\/vc_column_text][\/vc_column][vc_column width=\u00bb1\/3&#8243;][vc_column_text]<\/p>\n<div style=\"text-align: center;\">\n<h1 style=\"text-align: center;\"><strong><span style=\"color: #d71635;\">2 <\/span><\/strong><\/h1>\n<h3><strong><span style=\"color: #000000;\">Informe a sus viajeros<\/span><\/strong><\/h3>\n<p>A\u00f1ada mensajes en su sitio web en secciones como \u00abplanificaci\u00f3n de viajes\u00bb, \u00abpreguntas frecuentes\u00bb o \u00ablog\u00edstica de viajes\u00bb que describan a sus clientes las ventajas de la afiliaci\u00f3n a Global Rescue.<\/p>\n<p><a href=\"https:\/\/globalrescue.box.com\/s\/4mxbct0cc7m1k01afm3mb095xtwox4zm\" target=\"_blank\" rel=\"noopener\">Obtenga un ejemplar de muestra<\/a><\/p>\n<\/div>\n<p>[\/vc_column_text][\/vc_column][vc_column width=\u00bb1\/3&#8243;][vc_column_text]<\/p>\n<div style=\"text-align: center;\">\n<h1 style=\"text-align: center;\"><strong><span style=\"color: #d71635;\">3 <\/span><\/strong><\/h1>\n<h3><strong><span style=\"color: #000000;\">Social\u00edzate<\/span><\/strong><\/h3>\n<p>Ampl\u00ede el alcance de sus clientes compartiendo contenidos sobre viajes, seguridad y protecci\u00f3n de Global Rescue. S\u00edganos y publique sobre Global Rescue en sus redes sociales, incluso escriba un art\u00edculo sobre nuestros servicios en su blog.<\/p>\n<p><a href=\"https:\/\/globalrescue.box.com\/s\/hwkbblb61yyh4yz3qhn67a05wka640il\" target=\"_blank\" rel=\"noopener\">Consejos sobre redes sociales<\/a><\/p>\n<\/div>\n<p>[\/vc_column_text][\/vc_column][\/vc_row][vc_row el_class=\u00bbcontainer auto-margin\u00bb][vc_column][vc_column_text css=\u00bb\u00bb]<\/p>\n<div class=\"btn-quick-start\" style=\"padding-top: 20px; padding-bottom: 20px; text-align: center;\"><a class=\"btn btn-danger btn-gr btn-lg btn-block-sm hidden-sm no-padding font-thirteen\" href=\"https:\/\/globalrescue.box.com\/s\/gazwxgj1ypm3qp5y1phpd8o8r2w28ei3\" target=\"_blank\" rel=\"noopener\" data-toggle=\"modal\">ACCEDER A LOS MATERIALES DE INICIO R\u00c1PIDO <\/a><\/div>\n<p style=\"text-align: center;\">\u00bfNecesita ayuda? <a class=\"trigger-contact-form\">Contacte con nosotros<\/a><\/p>\n<p>[\/vc_column_text][\/vc_column][\/vc_row]<\/p>\n<\/div>","protected":false},"excerpt":{"rendered":"<p>[vc_row el_class=\u00bbcontainer auto-margin mt-4&#8243;][vc_column][vc_column_text] Global Rescue facilita la puesta en marcha y acelera su negocio. P\u00f3ngase en marcha r\u00e1pidamente con unos sencillos pasos para proteger a sus viajeros, ayudar a minimizar el riesgo de responsabilidad civil y aumentar los ingresos. [\/vc_column_text][\/vc_column][\/vc_row][vc_row el_class=\u00bbcontainer auto-margin\u00bb][vc_column width=\u00bb1\/3&#8243;][vc_column_text] 1 Utilizar el logotipo Muestre el logotipo de Global Rescue Safe [&hellip;]<\/p>\n","protected":false},"author":5,"featured_media":40505,"parent":0,"menu_order":0,"comment_status":"closed","ping_status":"closed","template":"landing-pages\/template-lp-dark-header.php","meta":{"_acf_changed":false,"inline_featured_image":false,"footnotes":""},"class_list":["post-48386","page","type-page","status-publish","has-post-thumbnail","hentry"],"acf":[],"_links":{"self":[{"href":"https:\/\/www.globalrescue.com\/es\/wp-json\/wp\/v2\/pages\/48386","targetHints":{"allow":["GET"]}}],"collection":[{"href":"https:\/\/www.globalrescue.com\/es\/wp-json\/wp\/v2\/pages"}],"about":[{"href":"https:\/\/www.globalrescue.com\/es\/wp-json\/wp\/v2\/types\/page"}],"author":[{"embeddable":true,"href":"https:\/\/www.globalrescue.com\/es\/wp-json\/wp\/v2\/users\/5"}],"replies":[{"embeddable":true,"href":"https:\/\/www.globalrescue.com\/es\/wp-json\/wp\/v2\/comments?post=48386"}],"version-history":[{"count":3,"href":"https:\/\/www.globalrescue.com\/es\/wp-json\/wp\/v2\/pages\/48386\/revisions"}],"predecessor-version":[{"id":50896,"href":"https:\/\/www.globalrescue.com\/es\/wp-json\/wp\/v2\/pages\/48386\/revisions\/50896"}],"wp:featuredmedia":[{"embeddable":true,"href":"https:\/\/www.globalrescue.com\/es\/wp-json\/wp\/v2\/media\/40505"}],"wp:attachment":[{"href":"https:\/\/www.globalrescue.com\/es\/wp-json\/wp\/v2\/media?parent=48386"}],"curies":[{"name":"wp","href":"https:\/\/api.w.org\/{rel}","templated":true}]}}