{"id":48400,"date":"2022-03-07T08:29:15","date_gmt":"2022-03-07T08:29:15","guid":{"rendered":"https:\/\/www.globalrescue.com\/ventajas-de-ser-miembro\/"},"modified":"2025-07-17T07:18:59","modified_gmt":"2025-07-17T07:18:59","slug":"ventajas-de-ser-miembro","status":"publish","type":"page","link":"https:\/\/www.globalrescue.com\/es\/landing-pages\/membership-benefits\/","title":{"rendered":"Ventajas de ser miembro"},"content":{"rendered":"<div class=\"wpb-content-wrapper\"><p>[vc_row el_class=\u00bbwidth-90 mt-4&#8243;][vc_column][vc_row_inner content_placement=\u00bbmiddle\u00bb el_class=\u00bbmt-5&#8243;][vc_column_inner width=\u00bb1\/4&#8243; offset=\u00bbvc_col-xs-3&#8243;][vc_single_image image=\u00bb5027&#8243; img_size=\u00bblarge\u00bb alignment=\u00bbcenter\u00bb][\/vc_column_inner][vc_column_inner width=\u00bb1\/4&#8243; offset=\u00bbvc_col-xs-3&#8243;][vc_single_image image=\u00bb5026&#8243; img_size=\u00bblarge\u00bb alignment=\u00bbcenter\u00bb][\/vc_column_inner][vc_column_inner width=\u00bb1\/4&#8243; offset=\u00bbvc_col-xs-3&#8243;][vc_single_image image=\u00bb5137&#8243; img_size=\u00bblarge\u00bb alignment=\u00bbcenter\u00bb][\/vc_column_inner][vc_column_inner width=\u00bb1\/4&#8243; offset=\u00bbvc_col-xs-3&#8243;][vc_single_image image=\u00bb5025&#8243; img_size=\u00bblarge\u00bb alignment=\u00bbcenter\u00bb][\/vc_column_inner][\/vc_row_inner][vc_row_inner][vc_column_inner][vc_column_text]<\/p>\n<hr \/>\n<p>[\/vc_column_text][\/vc_column_inner][\/vc_row_inner][\/vc_column][\/vc_row][vc_row][vc_column][vc_row_inner el_class=\u00bbcontainer auto-margin mt-3 mb-5&#8243;][vc_column_inner][vc_column_text]<\/p>\n<div>\n<p>&nbsp;<\/p>\n<h2 style=\"text-align: center; font-size: 34px !important;\"><strong>Servicios de protecci\u00f3n de viajes: Su prestaci\u00f3n m\u00e1s importante como afiliado en 2020 y m\u00e1s all\u00e1<\/strong><\/h2>\n<p>&nbsp;<\/p>\n<p>La preocupaci\u00f3n de los viajeros por la salud y la seguridad es mayor que nunca, por lo que ahora es el momento perfecto para actualizar su combinaci\u00f3n de prestaciones.<\/p>\n<p>\u00danase a organizaciones y asociaciones de todo el mundo que se enorgullecen de ofrecer los servicios de protecci\u00f3n de viajes de Global Rescue como parte de los beneficios de su afiliaci\u00f3n. Algunos de nuestros principales servicios son:<\/p>\n<\/div>\n<p>[\/vc_column_text][\/vc_column_inner][\/vc_row_inner][\/vc_column][\/vc_row][vc_row el_class=\u00bbcontainer auto-margin\u00bb][vc_column][vc_row_inner el_class=\u00bbmembership-items\u00bb][vc_column_inner width=\u00bb1\/5&#8243; offset=\u00bbvc_col-xs-1\/5&#8243;][vc_single_image image=\u00bb5806&#8243; img_size=\u00bblarge\u00bb alignment=\u00bbcenter\u00bb][vc_column_text]<strong><span>Viajes <\/span><\/strong><br \/>\n<strong><span>Asistencia <\/span><\/strong><br \/>\n<strong><span>24\/7\/365<br \/>\n<\/span><\/strong>[\/vc_column_text][\/vc_column_inner][vc_column_inner width=\u00bb1\/5&#8243; offset=\u00bbvc_col-xs-1\/5&#8243;][vc_single_image image=\u00bb5808&#8243; img_size=\u00bblarge\u00bb alignment=\u00bbcenter\u00bb][vc_column_text]<strong><span><span>Evacuaci\u00f3n<\/span><br \/>\n<span>y Asesoramiento<\/span><br \/>\n<span>Servicios<\/span><\/span><\/strong>[\/vc_column_text][\/vc_column_inner][vc_column_inner width=\u00bb1\/5&#8243; offset=\u00bbvc_col-xs-1\/5&#8243;][vc_single_image image=\u00bb5811&#8243; img_size=\u00bblarge\u00bb alignment=\u00bbcenter\u00bb][vc_column_text]<strong><span>En todo el mundo <\/span><\/strong><br \/>\n<strong><span>Sobre el terreno <\/span><\/strong><br \/>\n<strong><span>Rescate<br \/>\n<\/span><\/strong>[\/vc_column_text][\/vc_column_inner][vc_column_inner width=\u00bb1\/5&#8243; offset=\u00bbvc_col-xs-1\/5&#8243;][vc_single_image image=\u00bb5807&#8243; img_size=\u00bblarge\u00bb alignment=\u00bbcenter\u00bb][vc_column_text]<strong><span><span>Viajar<\/span><br \/>\n<span>Planificaci\u00f3n<\/span><br \/>\n<span>Recursos<\/span><\/span><\/strong>[\/vc_column_text][\/vc_column_inner][vc_column_inner width=\u00bb1\/5&#8243; offset=\u00bbvc_col-xs-1\/5&#8243;][vc_single_image image=\u00bb5809&#8243; img_size=\u00bblarge\u00bb alignment=\u00bbcenter\u00bb][vc_column_text]<strong><span><span>En todo el mundo<\/span><br \/>\n<span>Telemedicina<\/span><br \/>\n<span>Acceso<\/span><\/span><\/strong>[\/vc_column_text][\/vc_column_inner][\/vc_row_inner][vc_row_inner][vc_column_inner][vc_column_text]<\/p>\n<hr \/>\n<p>[\/vc_column_text][\/vc_column_inner][\/vc_row_inner][\/vc_column][\/vc_row][vc_row el_class=\u00bbcontainer auto-margin mt-5 mb-5&#8243;][vc_column][vc_row_inner content_placement=\u00bbmiddle\u00bb][vc_column_inner width=\u00bb1\/2&#8243;][vc_column_text]<\/p>\n<div class=\"\">\n<div class=\"\">\n<div>\n<h2><strong>\u00bfPor qu\u00e9 integrar los servicios de Global Rescue?<\/strong><\/h2>\n<\/div>\n<p>&nbsp;<\/p>\n<div>\n<h4 style=\"color: #d71635;\"><strong>Atraer y retener a nuevos afiliados<\/strong><\/h4>\n<p>El programa de Ventajas para Afiliados se dise\u00f1\u00f3 para garantizar que todos sus afiliados tengan acceso a servicios de viaje fundamentales siempre que viajen.<\/p>\n<\/div>\n<p>&nbsp;<\/p>\n<div>\n<h4 style=\"color: #d71635;\"><strong>Asesores expertos<\/strong><\/h4>\n<p>Nuestros expertos internos cuentan con d\u00e9cadas de experiencia ayudando a nuestros afiliados y entre nuestros colaboradores se encuentran la Divisi\u00f3n de Operaciones Especiales de Medicina de Urgencias de Johns Hopkins, Elite Medical Group y Partners HealthCare.<\/p>\n<\/div>\n<p>&nbsp;<\/p>\n<div>\n<h4 style=\"color: #d71635;\"><strong>S\u00f3lo los servicios que necesitan sus afiliados<\/strong><\/h4>\n<p>Seleccione s\u00f3lo los servicios que mejor se adapten a las necesidades de sus afiliados y a su presupuesto.<\/p>\n<\/div>\n<p>&nbsp;<\/p>\n<div>\n<h4 style=\"color: #d71635;\"><strong>Aumentar los ingresos<\/strong><\/h4>\n<p>Gane comisiones por las mejoras de afiliaci\u00f3n y las compras de seguros de viaje.<\/p>\n<\/div>\n<\/div>\n<\/div>\n<p>[\/vc_column_text][\/vc_column_inner][vc_column_inner width=\u00bb1\/2&#8243; offset=\u00bbvc_hidden-xs\u00bb][vc_single_image image=\u00bb4972&#8243; img_size=\u00bbfull\u00bb alignment=\u00bbcenter\u00bb][\/vc_column_inner][\/vc_row_inner][\/vc_column][\/vc_row]<\/p>\n<\/div>","protected":false},"excerpt":{"rendered":"<p>[vc_row el_class=\u00bbwidth-90 mt-4&#8243;][vc_column][vc_row_inner content_placement=\u00bbmiddle\u00bb el_class=\u00bbmt-5&#8243;][vc_column_inner width=\u00bb1\/4&#8243; offset=\u00bbvc_col-xs-3&#8243;][vc_single_image image=\u00bb5027&#8243; img_size=\u00bblarge\u00bb alignment=\u00bbcenter\u00bb][\/vc_column_inner][vc_column_inner width=\u00bb1\/4&#8243; offset=\u00bbvc_col-xs-3&#8243;][vc_single_image image=\u00bb5026&#8243; img_size=\u00bblarge\u00bb alignment=\u00bbcenter\u00bb][\/vc_column_inner][vc_column_inner width=\u00bb1\/4&#8243; offset=\u00bbvc_col-xs-3&#8243;][vc_single_image image=\u00bb5137&#8243; img_size=\u00bblarge\u00bb alignment=\u00bbcenter\u00bb][\/vc_column_inner][vc_column_inner width=\u00bb1\/4&#8243; offset=\u00bbvc_col-xs-3&#8243;][vc_single_image image=\u00bb5025&#8243; img_size=\u00bblarge\u00bb alignment=\u00bbcenter\u00bb][\/vc_column_inner][\/vc_row_inner][vc_row_inner][vc_column_inner][vc_column_text] [\/vc_column_text][\/vc_column_inner][\/vc_row_inner][\/vc_column][\/vc_row][vc_row][vc_column][vc_row_inner el_class=\u00bbcontainer auto-margin mt-3 mb-5&#8243;][vc_column_inner][vc_column_text] &nbsp; Servicios de protecci\u00f3n de viajes: Su prestaci\u00f3n m\u00e1s importante como afiliado en 2020 y m\u00e1s all\u00e1 &nbsp; La preocupaci\u00f3n de los viajeros por la [&hellip;]<\/p>\n","protected":false},"author":1,"featured_media":40396,"parent":0,"menu_order":0,"comment_status":"closed","ping_status":"closed","template":"landing-pages\/template-lp-dark-header.php","meta":{"_acf_changed":false,"inline_featured_image":false,"footnotes":""},"class_list":["post-48400","page","type-page","status-publish","has-post-thumbnail","hentry"],"acf":[],"_links":{"self":[{"href":"https:\/\/www.globalrescue.com\/es\/wp-json\/wp\/v2\/pages\/48400","targetHints":{"allow":["GET"]}}],"collection":[{"href":"https:\/\/www.globalrescue.com\/es\/wp-json\/wp\/v2\/pages"}],"about":[{"href":"https:\/\/www.globalrescue.com\/es\/wp-json\/wp\/v2\/types\/page"}],"author":[{"embeddable":true,"href":"https:\/\/www.globalrescue.com\/es\/wp-json\/wp\/v2\/users\/1"}],"replies":[{"embeddable":true,"href":"https:\/\/www.globalrescue.com\/es\/wp-json\/wp\/v2\/comments?post=48400"}],"version-history":[{"count":3,"href":"https:\/\/www.globalrescue.com\/es\/wp-json\/wp\/v2\/pages\/48400\/revisions"}],"predecessor-version":[{"id":48403,"href":"https:\/\/www.globalrescue.com\/es\/wp-json\/wp\/v2\/pages\/48400\/revisions\/48403"}],"wp:featuredmedia":[{"embeddable":true,"href":"https:\/\/www.globalrescue.com\/es\/wp-json\/wp\/v2\/media\/40396"}],"wp:attachment":[{"href":"https:\/\/www.globalrescue.com\/es\/wp-json\/wp\/v2\/media?parent=48400"}],"curies":[{"name":"wp","href":"https:\/\/api.w.org\/{rel}","templated":true}]}}