{"id":48404,"date":"2022-02-24T11:44:31","date_gmt":"2022-02-24T11:44:31","guid":{"rendered":"https:\/\/www.globalrescue.com\/lp\/proteccion-en-viaje\/"},"modified":"2026-02-23T09:28:40","modified_gmt":"2026-02-23T09:28:40","slug":"proteccion-en-viaje","status":"publish","type":"page","link":"https:\/\/www.globalrescue.com\/es\/lp\/give-travel-protection\/","title":{"rendered":"Protecci\u00f3n en viaje"},"content":{"rendered":"<div class=\"wpb-content-wrapper\"><p>[vc_row el_class=\u00bbtravel-protection-bg pt-5 pb-5&#8243; css=\u00bb.vc_custom_1665740478455{background-image: url(https:\/\/www.globalrescue.com\/grcom\/grmkt_resources\/images\/Landing-Pages\/airplane-flying-over-snowcapped-mountain-range.jpg?id=5902) !important;}\u00bb][vc_column][vc_row_inner el_class=\u00bbcontainer auto-margin\u00bb][vc_column_inner][vc_column_text]<\/p>\n<h1 class=\"headline text-uc\"><\/h1>\n<h1 left=\"\"><strong><span style=\"font-weight: 300; color: #ffffff;\">Regale <span style=\"font-weight: 900; color: #d71635;\">protecci\u00f3n en sus viajes<\/span><\/span><\/strong><\/h1>\n<h1 left=\"\"><strong><span style=\"font-weight: 300; color: #ffffff;\"> Dales <span style=\"font-weight: 900; color: #d71635;\">un rescate global<\/span><\/span><\/strong><\/h1>\n<p>&nbsp;<\/p>\n<div class=\"text-content\">\n<h4 style=\"font-weight: 300; color: #ffffff; font-size: 20px;\">Puede despedir a un ser querido con buenos deseos. Pero eso no les dar\u00e1 el nivel de protecci\u00f3n que necesitan en caso de que surja una emergencia en el viaje. Por eso, antes de que se vayan, ap\u00f3yeles con el l\u00edder en rescate sobre el terreno, evacuaci\u00f3n m\u00e9dica y de seguridad, inteligencia y telesalud. Reg\u00e1leles Global Rescue.<\/h4>\n<div class=\"text-center hidden-xs\">\n<p>&nbsp;<\/p>\n<h3 style=\"color: #ffffff; text-align: left;\"><span style=\"font-weight: 900;\"><a href=\"tel:+16174594200\" class=\"d-none d-sm-block\" data-toggle=\"modal\">Llame al +1(617) 459-4200 para comprar <\/a><\/span><\/h3>\n<p><a class=\"btn btn-danger btn-gr btn-lg btn-block d-block d-sm-none\" href=\"tel:+16174594200\" data-toggle=\"modal\">Llame hoy para comprar <\/a><\/p>\n<p style=\"text-align: left; color: #ffffff;\"><em>Nuestros servicios para afiliados est\u00e1n disponibles 24 horas al d\u00eda, 7 d\u00edas a la semana <\/em><\/p>\n<\/div>\n<p>&nbsp;<\/p>\n<\/div>\n<div class=\"text-center\" style=\"display: none;\"><a class=\"btn btn-danger btn-gr text-uc btn-lg\" data-event=\"\" data-eventcategory=\"Button\" data-eventlabel=\"\"><\/a><\/div>\n<p>[\/vc_column_text][\/vc_column_inner][\/vc_row_inner][\/vc_column][\/vc_row][vc_row el_class=\u00bbcontainer auto-margin\u00bb][vc_column][vc_row_inner el_class=\u00bbmembership-heading\u00bb][vc_column_inner][vc_column_text]<\/p>\n<h1 style=\"text-align: center;\"><strong><span style=\"color: #d71635; font-weight: 900;\">Ser miembro tiene sus privilegios <\/span><\/strong><\/h1>\n<p>[\/vc_column_text][\/vc_column_inner][\/vc_row_inner][vc_row_inner el_class=\u00bbmembership-items\u00bb][vc_column_inner width=\u00bb1\/6&#8243; offset=\u00bbvc_col-xs-4&#8243;][vc_single_image image=\u00bb40185&#8243; img_size=\u00bbfull\u00bb alignment=\u00bbcenter\u00bb el_class=\u00bbicon_img\u00bb][vc_column_text]<\/p>\n<p style=\"text-align: center;\"><strong><span>Emergencia <\/span><\/strong><br \/>\n<strong><span>Campo <\/span><\/strong><br \/>\n<strong><span>Rescate<\/span><\/strong><\/p>\n<p>[\/vc_column_text][\/vc_column_inner][vc_column_inner width=\u00bb1\/6&#8243; offset=\u00bbvc_col-xs-4&#8243;][vc_single_image image=\u00bb40310&#8243; img_size=\u00bbfull\u00bb alignment=\u00bbcenter\u00bb el_class=\u00bbicon_img\u00bb][vc_column_text]<\/p>\n<p style=\"text-align: center;\"><strong><span>M\u00e9dico <\/span><\/strong><br \/>\n<strong><span>Evacuaci\u00f3n y<\/span><\/strong><br \/>\n<strong><span>Asesoramiento<br \/>\n<\/span><\/strong><\/p>\n<p>[\/vc_column_text][\/vc_column_inner][vc_column_inner width=\u00bb1\/6&#8243; offset=\u00bbvc_col-xs-4&#8243;][vc_single_image image=\u00bb40306&#8243; img_size=\u00bbfull\u00bb alignment=\u00bbcenter\u00bb el_class=\u00bbicon_img\u00bb][vc_column_text]<\/p>\n<p style=\"text-align: center;\"><strong><span>24\/7\/365 <\/span><\/strong><br \/>\n<strong><span>Asistencia <\/span><\/strong><\/p>\n<p>&nbsp;<\/p>\n<p>[\/vc_column_text][\/vc_column_inner][vc_column_inner width=\u00bb1\/6&#8243; offset=\u00bbvc_col-xs-4&#8243;][vc_single_image image=\u00bb40228&#8243; img_size=\u00bbfull\u00bb alignment=\u00bbcenter\u00bb el_class=\u00bbicon_img\u00bb][vc_column_text]<\/p>\n<p style=\"text-align: center;\"><strong><span>Detallado <\/span><\/strong><br \/>\n<strong><span>Destino <\/span><\/strong><br \/>\n<strong><span>Informes<br \/>\n<\/span><\/strong><\/p>\n<p>[\/vc_column_text][\/vc_column_inner][vc_column_inner width=\u00bb1\/6&#8243; offset=\u00bbvc_col-xs-4&#8243;][vc_single_image image=\u00bb39504&#8243; img_size=\u00bbfull\u00bb alignment=\u00bbcenter\u00bb el_class=\u00bbicon_img\u00bb][vc_column_text]<\/p>\n<p style=\"text-align: center;\"><strong><span>En tiempo real <\/span><\/strong><br \/>\n<strong><span>Sucesos <\/span><\/strong><br \/>\n<strong><span>Alertas<br \/>\n<\/span><\/strong><\/p>\n<p>[\/vc_column_text][\/vc_column_inner][vc_column_inner width=\u00bb1\/6&#8243; offset=\u00bbvc_col-xs-4&#8243;][vc_single_image image=\u00bb40169&#8243; img_size=\u00bbfull\u00bb alignment=\u00bbcenter\u00bb el_class=\u00bbicon_img\u00bb][vc_column_text]<\/p>\n<p style=\"text-align: center;\"><strong><span>Global<\/span><\/strong><br \/>\n<strong><span>COVID-19<\/span><\/strong><br \/>\n<strong><span>Transporte<br \/>\n<\/span><\/strong><\/p>\n<p>[\/vc_column_text][\/vc_column_inner][\/vc_row_inner][vc_row_inner][vc_column_inner][vc_column_text]<\/p>\n<p style=\"text-align: center;\"><a class=\"btn btn-gr btn-danger btn-lg text-center\" href=\"https:\/\/www.globalrescue.com\/es\/personal\/travelservices\/\" target=\"_blank\" rel=\"noopener\" data-event=\"\" data-eventcategory=\"Button\">Eche un vistazo<\/a><\/p>\n<p>[\/vc_column_text][\/vc_column_inner][\/vc_row_inner][\/vc_column][\/vc_row][vc_row el_class=\u00bbbg_color_grey pt-5 pb-5&#8243;][vc_column][vc_row_inner content_placement=\u00bbmiddle\u00bb el_class=\u00bbcontainer auto-margin flex-column-reverse flex-sm-row member-testimonial\u00bb][vc_column_inner width=\u00bb4\/12&#8243;][vc_single_image image=\u00bb39748&#8243; img_size=\u00bbfull\u00bb alignment=\u00bbcenter\u00bb][\/vc_column_inner][vc_column_inner width=\u00bb8\/12&#8243;][vc_single_image image=\u00bb40266&#8243; el_class=\u00bbmb-3&#8243;][vc_column_text css=\u00bb\u00bb]<\/p>\n<div class=\"\">\n<h3 style=\"color: #d71635; font-weight: 600;\"><em>\u00abHe comprado afiliaciones para mis hijos y como regalo para amigos. Si algo va mal en un pa\u00eds extranjero, quiero que Global Rescue les respalde\u00bb.<\/em><\/h3>\n<h4><strong>DIANETTE WELLS<\/strong><\/h4>\n<p>Atleta de resistencia, alpinista y madre de tres hijos<\/p>\n<\/div>\n<p>[\/vc_column_text][\/vc_column_inner][\/vc_row_inner][\/vc_column][\/vc_row]<\/p>\n<\/div>","protected":false},"excerpt":{"rendered":"<p>[vc_row el_class=\u00bbtravel-protection-bg pt-5 pb-5&#8243; css=\u00bb.vc_custom_1665740478455{background-image: url(https:\/\/www.globalrescue.com\/grcom\/grmkt_resources\/images\/Landing-Pages\/airplane-flying-over-snowcapped-mountain-range.jpg?id=5902) !important;}\u00bb][vc_column][vc_row_inner el_class=\u00bbcontainer auto-margin\u00bb][vc_column_inner][vc_column_text] Regale protecci\u00f3n en sus viajes Dales un rescate global &nbsp; Puede despedir a un ser querido con buenos deseos. Pero eso no les dar\u00e1 el nivel de protecci\u00f3n que necesitan en caso de que surja una emergencia en el viaje. Por eso, antes de que se [&hellip;]<\/p>\n","protected":false},"author":1,"featured_media":40336,"parent":48090,"menu_order":0,"comment_status":"closed","ping_status":"closed","template":"landing-pages\/template-lp-dark-header.php","meta":{"_acf_changed":false,"inline_featured_image":false,"footnotes":""},"class_list":["post-48404","page","type-page","status-publish","has-post-thumbnail","hentry"],"acf":[],"_links":{"self":[{"href":"https:\/\/www.globalrescue.com\/es\/wp-json\/wp\/v2\/pages\/48404","targetHints":{"allow":["GET"]}}],"collection":[{"href":"https:\/\/www.globalrescue.com\/es\/wp-json\/wp\/v2\/pages"}],"about":[{"href":"https:\/\/www.globalrescue.com\/es\/wp-json\/wp\/v2\/types\/page"}],"author":[{"embeddable":true,"href":"https:\/\/www.globalrescue.com\/es\/wp-json\/wp\/v2\/users\/1"}],"replies":[{"embeddable":true,"href":"https:\/\/www.globalrescue.com\/es\/wp-json\/wp\/v2\/comments?post=48404"}],"version-history":[{"count":5,"href":"https:\/\/www.globalrescue.com\/es\/wp-json\/wp\/v2\/pages\/48404\/revisions"}],"predecessor-version":[{"id":57190,"href":"https:\/\/www.globalrescue.com\/es\/wp-json\/wp\/v2\/pages\/48404\/revisions\/57190"}],"up":[{"embeddable":true,"href":"https:\/\/www.globalrescue.com\/es\/wp-json\/wp\/v2\/pages\/48090"}],"wp:featuredmedia":[{"embeddable":true,"href":"https:\/\/www.globalrescue.com\/es\/wp-json\/wp\/v2\/media\/40336"}],"wp:attachment":[{"href":"https:\/\/www.globalrescue.com\/es\/wp-json\/wp\/v2\/media?parent=48404"}],"curies":[{"name":"wp","href":"https:\/\/api.w.org\/{rel}","templated":true}]}}