{"id":48414,"date":"2022-02-25T11:04:44","date_gmt":"2022-02-25T11:04:44","guid":{"rendered":"https:\/\/www.globalrescue.com\/informacion-sobre-seguridad-en-los-viajes\/"},"modified":"2025-08-06T07:33:12","modified_gmt":"2025-08-06T07:33:12","slug":"informacion-sobre-seguridad-en-los-viajes","status":"publish","type":"page","link":"https:\/\/www.globalrescue.com\/es\/landing-pages\/travel-safety-information\/","title":{"rendered":"Informaci\u00f3n sobre seguridad en los viajes"},"content":{"rendered":"<div class=\"wpb-content-wrapper\"><p>[vc_row el_class=\u00bbheader_bg_color pb-5&#8243;][vc_column][vc_row_inner content_placement=\u00bbmiddle\u00bb el_class=\u00bbcontainer auto-margin pt-lg-5 mt-lg-5&#8243;][vc_column_inner width=\u00bb5\/12&#8243;][vc_column_text]<\/p>\n<h1 class=\"color-danger text-left headline lg m-b-0\"><\/h1>\n<h1><strong><span style=\"color: #d71635; font-weight: 900;\">Informaci\u00f3n sobre seguridad en los viajes al alcance de su mano <\/span><\/strong><\/h1>\n<div class=\"m-t-10\">\n<h4 style=\"font-size: 20px; font-weight: 400;\">El equipo de Global Rescue Intelligence realiza un seguimiento diario de la informaci\u00f3n sobre riesgos, salud y seguridad en los viajes en todo el mundo.<\/h4>\n<\/div>\n<p>[\/vc_column_text][\/vc_column_inner][vc_column_inner width=\u00bb7\/12&#8243;][vc_single_image image=\u00bb5958&#8243; img_size=\u00bbfull\u00bb alignment=\u00bbcenter\u00bb][\/vc_column_inner][\/vc_row_inner][\/vc_column][\/vc_row][vc_row el_class=\u00bbcontainer auto-margin mt-5 mb-3&#8243;][vc_column][vc_column_text]<\/p>\n<h1 style=\"text-align: center;\"><strong><span style=\"color: #d71635; font-weight: 900;\">Viaje preparado<\/span><\/strong><\/h1>\n<h4 style=\"text-align: center; font-weight: 400; font-size: 20px;\">Consiga tranquilidad con informaci\u00f3n sobre viajes en tiempo real.<\/h4>\n<p>[\/vc_column_text][\/vc_column][\/vc_row][vc_row el_class=\u00bbmb-5 container auto-margin\u00bb][vc_column][vc_row_inner el_class=\u00bbt_a_center\u00bb][vc_column_inner width=\u00bb1\/2&#8243;][vc_single_image image=\u00bb23143&#8243; alignment=\u00bbcenter\u00bb][vc_column_text css=\u00bb\u00bb]<\/p>\n<h4 style=\"font-size: 20px;\"><strong>Informarse antes de partir<\/strong><\/h4>\n<p>La pandemia nos ha demostrado lo complicado que puede ser viajar y lo r\u00e1pido que pueden cambiar las normas, reglamentos y avisos. Para mantenerle al d\u00eda de las \u00faltimas novedades -ya est\u00e9n relacionadas con la salud, la seguridad o el tiempo-, Global Rescue ha recopilado este \u00faltimo <a href=\"https:\/\/www.globalrescue.com\/es\/common\/travel-intelligence-center\/\" target=\"_blank\" rel=\"noopener\">centro de recursos<\/a> que le servir\u00e1 de fuente de informaci\u00f3n de viaje \u00fanica.[\/vc_column_text][\/vc_column_inner][vc_column_inner width=\u00bb1\/2&#8243;][vc_single_image image=\u00bb23142&#8243; alignment=\u00bbcenter\u00bb][vc_column_text]<\/p>\n<h4 style=\"font-size: 20px;\"><strong>Informes de destino y alertas de sucesos<\/strong><\/h4>\n<p>Los informes sobre destinos abarcan todo tipo de temas, desde la moneda y las estafas m\u00e1s comunes hasta consejos sobre salud en los viajes y seguridad personal 215 pa\u00edses y principados de todo el mundo. Acceda a ellos en la aplicaci\u00f3n My Global <sup>Rescue\u2020<\/sup> o en su portal de miembros.[\/vc_column_text][\/vc_column_inner][\/vc_row_inner][vc_column_text css=\u00bb\u00bb el_class=\u00bbmt-4&#8243;]<\/p>\n<p class=\"reponsive-styles-adj\" style=\"text-align: center;\"><a class=\"free-destination-report btn btn-gr btn-danger btn-lg text-center\" data-event=\"\" data-eventcategory=\"Button\" data-eventlabel=\"Free Destination Report \u2013 Top\">Informe gratuito sobre el destino<\/a><\/p>\n<p>[\/vc_column_text][\/vc_column][\/vc_row][vc_row el_class=\u00bbmt-5 mb-5 container auto-margin\u00bb][vc_column][vc_row_inner][vc_column_inner width=\u00bb1\/2&#8243;][vc_column_text]<\/p>\n<div class=\"\">\n<h4 style=\"font-size: 20px;\"><strong>Aplicaci\u00f3n m\u00f3vil My Global Rescue <\/strong><\/h4>\n<p style=\"text-align: left;\">Acceda a los servicios de Global Rescue en un solo lugar. Consulte informes y alertas de destino, active la asistencia de emergencia, las visitas sanitarias virtuales en tiempo real y no pierda de vista a las personas que le importan con el seguimiento GPS y los mensajes.<\/p>\n<h4 class=\"mt-5\"><\/h4>\n<h4 style=\"font-size: 20px;\"><strong>Afiliaci\u00f3n a Global Rescue <\/strong><\/h4>\n<p style=\"text-align: left;\">Todas las afiliaciones a los servicios de protecci\u00f3n de viajes de Global Rescue incluyen el acceso a los datos recopilados por nuestros equipos de inteligencia y seguridad.<a href=\"https:\/\/www.globalrescue.com\/es\/personal\/travelservices\/\">Haga clic aqu\u00ed<\/a>para obtener m\u00e1s informaci\u00f3n.<\/p>\n<p style=\"text-align: left;\">\n<\/div>\n<p>[\/vc_column_text][\/vc_column_inner][vc_column_inner width=\u00bb1\/2&#8243;][vc_single_image image=\u00bb5915&#8243; img_size=\u00bbfull\u00bb alignment=\u00bbcenter\u00bb][\/vc_column_inner][\/vc_row_inner][\/vc_column][\/vc_row][vc_row][vc_column][vc_column_text]\r\n<section class=\"quote-section p-t-0 p-b-80 p-b-sml-30 travel-safety-information-quotes\" style=\"background:linear-gradient(to bottom,#fff 75px,#eff0f3 20px)\">\r\n\t<div class=\"container quote-container\">\r\n\t\t<div class=\"quote-slider-v2\">\r\n\t\t\t\t\t\t<div class=\"container quote-container\">\r\n\t\t\t\t<div class=\"quote-img\" style=\"display: flex;justify-content: center;\">\r\n\t\t\t\t\t<img decoding=\"async\" data-src=\"https:\/\/www.globalrescue.com\/grcom\/grmkt_resources\/images\/Landing-Pages\/Oliver-White-Avatar_160x160.jpg\" width=\"160px;\"  src=\"https:\/\/www.globalrescue.com\/grcom\/grmkt_resources\/images\/Landing-Pages\/Oliver-White-Avatar_160x160.jpg\"> \r\n\t\t\t\t<\/div>\r\n\t\t\t\t\t\t\t\t\t\t\t\t\r\n\t\t\t\t\t\t\t\t\t\t<style>\r\n\t\t\t\t\t.quote-text, .quote-text p{\r\n\t\t\t\t\t\tfont-style: italic;\r\n\t\t\t\t\t\tfont-size: 2.39rem;\r\n\t\t\t\t\t\tcolor: #d71f3e;\r\n\t\t\t\t\t\tz-index: 99;\r\n\t\t\t\t\t\tfont-weight: normal;\r\n\t\t\t\t\t}\r\n\t\t\t\t\t .quote-text span{\r\n\t\t\t\t\t\t font-style: italic;\r\n\t\t\t\t\t\tfont-size: 2.39rem;\r\n\t\t\t\t\t\tcolor: #d71f3e;\r\n\t\t\t\t\t\tz-index: 99;\r\n\t\t\t\t\t\tfont-weight: normal;\r\n\t\t\t\t\t }\r\n\t\t\t\t\t<\/style>\r\n\t\t\t\t\t\t\t\t\t\t\r\n\t\t\t\t\t\r\n\t\t\t\t\t<div class=\"quote-text text-center quote-48494 travel-safety-information\">\r\n\t\t\t\t\t\t<span style=\"color: #d71635; font-weight: 300; font-size: 22pt;\">Soy miembro de Global Rescue, no s\u00f3lo por motivos de evacuaci\u00f3n m\u00e9dica, sino tambi\u00e9n de seguridad. Cuando voy a un lugar un poco m\u00e1s arriesgado, llamo a Global Rescue y les explico mi itinerario. Me dan un informe sobre el pa\u00eds y contactos locales por si tengo alg\u00fan problema.  <\/span>\t\r\n\t\t\t\t\t<\/div>\r\n\t\t\t\t\t\t\t\t\t\t\r\n\t\t\t\t\t\t<p class=\"travel-safety-information kil auther-title text-center m-b-0\"> \r\n\t\t\t\t\t\t\tOliver White, pescador profesional y trotamundos<span class=\"not-bold\"><\/span>\r\n\t\t\t\t\t\t\t\t\t\t\t\t\t\t\r\n\t\t\t\t\t\t<\/p>\r\n\t\t\t\t\t\t\t\t\t\t\t\t\t\r\n\t\t\t<\/div>\r\n\t\t\t\t\t\t\t\t\t<div class=\"container quote-container\">\r\n\t\t\t\t<div class=\"quote-img\" style=\"display: flex;justify-content: center;\">\r\n\t\t\t\t\t<img decoding=\"async\" data-src=\"https:\/\/www.globalrescue.com\/grcom\/grmkt_resources\/images\/Landing-Pages\/Daniela-Shields_Avatar_160x160.png\" width=\"160px;\"  src=\"https:\/\/www.globalrescue.com\/grcom\/grmkt_resources\/images\/Landing-Pages\/Daniela-Shields_Avatar_160x160.png\"> \r\n\t\t\t\t<\/div>\r\n\t\t\t\t\t\t\t\t\t\t\t\t\r\n\t\t\t\t\t\t\t\t\t\t<style>\r\n\t\t\t\t\t.quote-text, .quote-text p{\r\n\t\t\t\t\t\tfont-style: italic;\r\n\t\t\t\t\t\tfont-size: 2.39rem;\r\n\t\t\t\t\t\tcolor: #d71f3e;\r\n\t\t\t\t\t\tz-index: 99;\r\n\t\t\t\t\t\tfont-weight: normal;\r\n\t\t\t\t\t}\r\n\t\t\t\t\t .quote-text span{\r\n\t\t\t\t\t\t font-style: italic;\r\n\t\t\t\t\t\tfont-size: 2.39rem;\r\n\t\t\t\t\t\tcolor: #d71f3e;\r\n\t\t\t\t\t\tz-index: 99;\r\n\t\t\t\t\t\tfont-weight: normal;\r\n\t\t\t\t\t }\r\n\t\t\t\t\t<\/style>\r\n\t\t\t\t\t\t\t\t\t\t\r\n\t\t\t\t\t\r\n\t\t\t\t\t<div class=\"quote-text text-center quote-48495 travel-safety-information\">\r\n\t\t\t\t\t\t<span style=\"color: #d71635; font-weight: 300; font-size: 22pt;\">La informaci\u00f3n espec\u00edfica de Global Rescue sobre el viaje marc\u00f3 la diferencia. Todos los dem\u00e1s fueron amables pero muy amplios en su pincelada. Una especie de tostada con leche. Gracias a Global Rescue supe cosas sobre las protestas de Hong Kong que no escuch\u00e9 hasta el d\u00eda siguiente en las noticias.   <\/span>\t\r\n\t\t\t\t\t<\/div>\r\n\t\t\t\t\t\t\t\t\t\t\r\n\t\t\t\t\t\t<p class=\"travel-safety-information kil auther-title text-center m-b-0\"> \r\n\t\t\t\t\t\t\tDaniela Shields, madre con una hija estudiando en Hong Kong<span class=\"not-bold\"><\/span>\r\n\t\t\t\t\t\t\t\t\t\t\t\t\t\t\r\n\t\t\t\t\t\t<\/p>\r\n\t\t\t\t\t\t\t\t\t\t\t\t\t\r\n\t\t\t<\/div>\r\n\t\t\t\t\t\t\t\t\t<div class=\"container quote-container\">\r\n\t\t\t\t<div class=\"quote-img\" style=\"display: flex;justify-content: center;\">\r\n\t\t\t\t\t<img decoding=\"async\" data-src=\"https:\/\/www.globalrescue.com\/grcom\/grmkt_resources\/images\/Landing-Pages\/Andrew-Tilker_Avatar-160x160-1.jpg\" width=\"160px;\"  src=\"https:\/\/www.globalrescue.com\/grcom\/grmkt_resources\/images\/Landing-Pages\/Andrew-Tilker_Avatar-160x160-1.jpg\"> \r\n\t\t\t\t<\/div>\r\n\t\t\t\t\t\t\t\t\t\t\t\t\r\n\t\t\t\t\t\t\t\t\t\t<style>\r\n\t\t\t\t\t.quote-text, .quote-text p{\r\n\t\t\t\t\t\tfont-style: italic;\r\n\t\t\t\t\t\tfont-size: 2.39rem;\r\n\t\t\t\t\t\tcolor: #d71f3e;\r\n\t\t\t\t\t\tz-index: 99;\r\n\t\t\t\t\t\tfont-weight: normal;\r\n\t\t\t\t\t}\r\n\t\t\t\t\t .quote-text span{\r\n\t\t\t\t\t\t font-style: italic;\r\n\t\t\t\t\t\tfont-size: 2.39rem;\r\n\t\t\t\t\t\tcolor: #d71f3e;\r\n\t\t\t\t\t\tz-index: 99;\r\n\t\t\t\t\t\tfont-weight: normal;\r\n\t\t\t\t\t }\r\n\t\t\t\t\t<\/style>\r\n\t\t\t\t\t\t\t\t\t\t\r\n\t\t\t\t\t\r\n\t\t\t\t\t<div class=\"quote-text text-center quote-48496 travel-safety-information\">\r\n\t\t\t\t\t\t<span style=\"color: #d71635; font-weight: 300; font-size: 22pt;\">Buscaba informaci\u00f3n sobre casos de COVID-19 en Francia. Me sorprendi\u00f3 la rapidez con la que recib\u00ed una respuesta: en menos de una hora. La informaci\u00f3n que recib\u00ed me ayud\u00f3 a tomar una decisi\u00f3n m\u00e1s informada sobre si hacer el viaje o no. Decid\u00ed ir.   <\/span>\t\r\n\t\t\t\t\t<\/div>\r\n\t\t\t\t\t\t\t\t\t\t\r\n\t\t\t\t\t\t<p class=\"travel-safety-information kil auther-title text-center m-b-0\"> \r\n\t\t\t\t\t\t\tAndrew Tilker, responsable de especies asi\u00e1ticas de la oficina de Global Wildlife Conservation en Berl\u00edn<span class=\"not-bold\"><\/span>\r\n\t\t\t\t\t\t\t\t\t\t\t\t\t\t\r\n\t\t\t\t\t\t<\/p>\r\n\t\t\t\t\t\t\t\t\t\t\t\t\t\r\n\t\t\t<\/div>\r\n\t\t\t\t\t\t\t\t\t\t\t\t\t\t<\/div>\r\n\t<\/div>\r\n<\/section>\r\n\t\t[\/vc_column_text][\/vc_column][\/vc_row][vc_row el_class=\u00bbcontainer auto-margin\u00bb][vc_column][vc_row_inner el_class=\u00bbmt-5 mb-5&#8243;][vc_column_inner][vc_column_text]<\/p>\n<h6 style=\"font-weight: 400; font-family: Open Sans,sans-serif; font-size: 14px;\">La aplicaci\u00f3n m\u00f3vil de Global Rescue est\u00e1 dise\u00f1ada para funcionar con las versiones actuales de los sistemas operativos Android e iOS. La disponibilidad de los servicios est\u00e1 sujeta a la compatibilidad de su equipo, la conectividad y la se\u00f1al en su ubicaci\u00f3n. No se garantiza que todas las caracter\u00edsticas y funcionalidades est\u00e9n disponibles en su ubicaci\u00f3n. El uso y la disponibilidad de la aplicaci\u00f3n m\u00f3vil est\u00e1n sujetos al plan de su proveedor de servicios y pueden estar sujetos a tarifas adicionales de su proveedor.<\/h6>\n<h6 style=\"font-weight: 400; font-family: Open Sans,sans-serif; font-size: 14px;\">Consulte el Acuerdo de servicios para afiliados para conocer las condiciones y restricciones aplicables.<\/h6>\n<p>&nbsp;<\/p>\n<p>[\/vc_column_text][\/vc_column_inner][\/vc_row_inner][\/vc_column][\/vc_row]<\/p>\n<\/div>","protected":false},"excerpt":{"rendered":"<p>[vc_row el_class=\u00bbheader_bg_color pb-5&#8243;][vc_column][vc_row_inner content_placement=\u00bbmiddle\u00bb el_class=\u00bbcontainer auto-margin pt-lg-5 mt-lg-5&#8243;][vc_column_inner width=\u00bb5\/12&#8243;][vc_column_text] Informaci\u00f3n sobre seguridad en los viajes al alcance de su mano El equipo de Global Rescue Intelligence realiza un seguimiento diario de la informaci\u00f3n sobre riesgos, salud y seguridad en los viajes en todo el mundo. [\/vc_column_text][\/vc_column_inner][vc_column_inner width=\u00bb7\/12&#8243;][vc_single_image image=\u00bb5958&#8243; img_size=\u00bbfull\u00bb alignment=\u00bbcenter\u00bb][\/vc_column_inner][\/vc_row_inner][\/vc_column][\/vc_row][vc_row el_class=\u00bbcontainer auto-margin mt-5 mb-3&#8243;][vc_column][vc_column_text] Viaje [&hellip;]<\/p>\n","protected":false},"author":1,"featured_media":0,"parent":0,"menu_order":0,"comment_status":"closed","ping_status":"closed","template":"landing-pages\/template-lp-dark-header.php","meta":{"_acf_changed":false,"inline_featured_image":false,"footnotes":""},"class_list":["post-48414","page","type-page","status-publish","hentry"],"acf":[],"_links":{"self":[{"href":"https:\/\/www.globalrescue.com\/es\/wp-json\/wp\/v2\/pages\/48414","targetHints":{"allow":["GET"]}}],"collection":[{"href":"https:\/\/www.globalrescue.com\/es\/wp-json\/wp\/v2\/pages"}],"about":[{"href":"https:\/\/www.globalrescue.com\/es\/wp-json\/wp\/v2\/types\/page"}],"author":[{"embeddable":true,"href":"https:\/\/www.globalrescue.com\/es\/wp-json\/wp\/v2\/users\/1"}],"replies":[{"embeddable":true,"href":"https:\/\/www.globalrescue.com\/es\/wp-json\/wp\/v2\/comments?post=48414"}],"version-history":[{"count":13,"href":"https:\/\/www.globalrescue.com\/es\/wp-json\/wp\/v2\/pages\/48414\/revisions"}],"predecessor-version":[{"id":50898,"href":"https:\/\/www.globalrescue.com\/es\/wp-json\/wp\/v2\/pages\/48414\/revisions\/50898"}],"wp:attachment":[{"href":"https:\/\/www.globalrescue.com\/es\/wp-json\/wp\/v2\/media?parent=48414"}],"curies":[{"name":"wp","href":"https:\/\/api.w.org\/{rel}","templated":true}]}}