{"id":48498,"date":"2022-02-14T05:20:08","date_gmt":"2022-02-14T05:20:08","guid":{"rendered":"https:\/\/www.globalrescue.com\/lp\/proteccion-de-viajes-en-safari\/"},"modified":"2025-07-17T15:15:51","modified_gmt":"2025-07-17T15:15:51","slug":"proteccion-de-viajes-en-safari","status":"publish","type":"page","link":"https:\/\/www.globalrescue.com\/es\/lp\/safari-travel-protection\/","title":{"rendered":"Protecci\u00f3n de viajes en safari"},"content":{"rendered":"<div class=\"wpb-content-wrapper\"><p>[vc_row el_class=\u00bbmt-5 mb-5&#8243;][vc_column][vc_row_inner content_placement=\u00bbmiddle\u00bb el_class=\u00bbsafari_section_1 auto-margin\u00bb][vc_column_inner width=\u00bb1\/5&#8243; offset=\u00bbvc_col-xs-1\/5&#8243;][vc_single_image image=\u00bb5906&#8243; img_size=\u00bbfull\u00bb alignment=\u00bbcenter\u00bb][\/vc_column_inner][vc_column_inner width=\u00bb1\/5&#8243; offset=\u00bbvc_col-xs-1\/5&#8243;][vc_single_image image=\u00bb6131&#8243; img_size=\u00bbfull\u00bb alignment=\u00bbcenter\u00bb][\/vc_column_inner][vc_column_inner width=\u00bb1\/5&#8243; offset=\u00bbvc_col-xs-1\/5&#8243;][vc_single_image image=\u00bb6113&#8243; img_size=\u00bbfull\u00bb alignment=\u00bbcenter\u00bb][\/vc_column_inner][vc_column_inner width=\u00bb1\/5&#8243; offset=\u00bbvc_col-xs-1\/5&#8243;][vc_single_image image=\u00bb6191&#8243; img_size=\u00bbfull\u00bb alignment=\u00bbcenter\u00bb][\/vc_column_inner][vc_column_inner width=\u00bb1\/5&#8243; offset=\u00bbvc_col-xs-1\/5&#8243;][vc_single_image image=\u00bb6141&#8243; img_size=\u00bbfull\u00bb alignment=\u00bbcenter\u00bb][\/vc_column_inner][\/vc_row_inner][\/vc_column][\/vc_row][vc_row][vc_column][vc_row_inner content_placement=\u00bbmiddle\u00bb el_class=\u00bbcontainer auto-margin mt-5 mb-5&#8243;][vc_column_inner width=\u00bb1\/2&#8243;][vc_column_text]<\/p>\n<div class=\"\">\n<h1 class=\"color-danger text-left headline lg m-b-0\"><\/h1>\n<h1 style=\"font-weight: 900; color: #d71635;\">Ofrezca servicios de protecci\u00f3n de viajes de Global Rescue<\/h1>\n<div class=\"m-t-10\">\n<p>As\u00f3ciese con Global Rescue, l\u00edder en gesti\u00f3n de riesgos en los viajes, que ofrece en exclusiva servicios m\u00e9dicos, de seguridad y de inteligencia integrados e internos. Trabajamos con algunos de los mejores operadores tur\u00edsticos de safaris africanos, que se enorgullecen de ofrecer los servicios de protecci\u00f3n de viajes de Global Rescue.<\/p>\n<\/div>\n<\/div>\n<p>[\/vc_column_text][\/vc_column_inner][vc_column_inner width=\u00bb1\/2&#8243;][vc_single_image image=\u00bb6118&#8243; img_size=\u00bbfull\u00bb alignment=\u00bbcenter\u00bb][\/vc_column_inner][\/vc_row_inner][\/vc_column][\/vc_row][vc_row el_class=\u00bbcontainer auto-margin mt-3 mb-5&#8243;][vc_column][vc_row_inner][vc_column_inner][vc_column_text]<\/p>\n<div class=\"col-md-12 \">\n<h3 class=\"color-danger text-center heading bgl \"><span>Algunos de nuestros principales servicios son<\/span><\/h3>\n<\/div>\n<p>[\/vc_column_text][\/vc_column_inner][\/vc_row_inner][vc_row_inner el_class=\u00bbsafari_section_2 membership-items\u00bb][vc_column_inner width=\u00bb1\/5&#8243; offset=\u00bbvc_col-xs-1\/5&#8243;][vc_single_image image=\u00bb5806&#8243; img_size=\u00bblarge\u00bb alignment=\u00bbcenter\u00bb][vc_column_text]<strong><span>Viajes <\/span><\/strong><br \/>\n<strong><span>Asistencia <\/span><\/strong><br \/>\n<strong><span>24\/7\/365<br \/>\n<\/span><\/strong>[\/vc_column_text][\/vc_column_inner][vc_column_inner width=\u00bb1\/5&#8243; offset=\u00bbvc_col-xs-1\/5&#8243;][vc_single_image image=\u00bb5808&#8243; img_size=\u00bblarge\u00bb alignment=\u00bbcenter\u00bb][vc_column_text]<strong><span>Evacuaci\u00f3n <\/span><\/strong><br \/>\n<strong><span>y Asesoramiento <\/span><\/strong><br \/>\n<strong><span>Servicios<br \/>\n<\/span><\/strong>[\/vc_column_text][\/vc_column_inner][vc_column_inner width=\u00bb1\/5&#8243; offset=\u00bbvc_col-xs-1\/5&#8243;][vc_single_image image=\u00bb5811&#8243; img_size=\u00bblarge\u00bb alignment=\u00bbcenter\u00bb][vc_column_text]<strong><span>En todo el mundo <\/span><\/strong><br \/>\n<strong><span>Sobre el terreno <\/span><\/strong><br \/>\n<strong><span>Rescate<br \/>\n<\/span><\/strong>[\/vc_column_text][\/vc_column_inner][vc_column_inner width=\u00bb1\/5&#8243; offset=\u00bbvc_col-xs-1\/5&#8243;][vc_single_image image=\u00bb5807&#8243; img_size=\u00bblarge\u00bb alignment=\u00bbcenter\u00bb][vc_column_text]<strong><span>Viajar <\/span><\/strong><br \/>\n<strong><span>Planificaci\u00f3n <\/span><\/strong><br \/>\n<strong><span>Recursos<br \/>\n<\/span><\/strong>[\/vc_column_text][\/vc_column_inner][vc_column_inner width=\u00bb1\/5&#8243; offset=\u00bbvc_col-xs-1\/5&#8243;][vc_single_image image=\u00bb5809&#8243; img_size=\u00bblarge\u00bb alignment=\u00bbcenter\u00bb][vc_column_text]<strong><span>En todo el mundo <\/span><\/strong><br \/>\n<strong><span>Telemedicina <\/span><\/strong><br \/>\n<strong><span>Acceso<br \/>\n<\/span><\/strong>[\/vc_column_text][\/vc_column_inner][\/vc_row_inner][\/vc_column][\/vc_row][vc_row el_class=\u00bbcontainer auto-margin mt-5 mb-5&#8243;][vc_column][vc_row_inner content_placement=\u00bbmiddle\u00bb el_class=\u00bbmt-5&#8243;][vc_column_inner width=\u00bb1\/2&#8243;][vc_single_image image=\u00bb5986&#8243; img_size=\u00bbfull\u00bb alignment=\u00bbcenter\u00bb][\/vc_column_inner][vc_column_inner width=\u00bb1\/2&#8243;][vc_column_text]<\/p>\n<div class=\"\">\n<h1 class=\"color-danger text-left headline lg m-b-0\"><\/h1>\n<h1 style=\"font-weight: 900; color: #d71635;\">Qui\u00e9nes somos<\/h1>\n<div class=\"m-t-10\">\n<p>Global Rescue es la \u00fanica empresa de gesti\u00f3n de riesgos en viajes, gesti\u00f3n de crisis y respuesta que asume el control total de todas las fases de nuestros servicios. Con m\u00e1s de 20.000 operaciones en todo el mundo, Global Rescue tiene experiencia en algunos de los entornos m\u00e1s remotos y peligrosos del mundo.<\/p>\n<p>Nuestros centros de operaciones cuentan con personal de enfermer\u00eda experimentado, param\u00e9dicos y veteranos de operaciones militares especiales. Tambi\u00e9n colaboramos con la Divisi\u00f3n de Operaciones Especiales de Medicina de Urgencias de Johns Hopkins, Elite Medical Group y Mass General Brigham.<\/p>\n<\/div>\n<\/div>\n<p>[\/vc_column_text][\/vc_column_inner][\/vc_row_inner][\/vc_column][\/vc_row][vc_row el_class=\u00bbsafari_last_section\u00bb][vc_column][vc_row_inner el_class=\u00bbcontainer auto-margin pb-5 pt-5&#8243;][vc_column_inner width=\u00bb1\/3&#8243;][vc_column_text]<\/p>\n<div class=\"\" style=\"text-align: left;\">\n<h1 style=\"font-weight: 900; color: #d71635;\">Por qu\u00e9 asociarse<\/h1>\n<\/div>\n<p>[\/vc_column_text][\/vc_column_inner][vc_column_inner width=\u00bb1\/3&#8243;][vc_column_text]<\/p>\n<div class=\"\" style=\"text-align: left;\">\n<h4 style=\"font-weight: 900;\">SEGURO DE VIAJE<\/h4>\n<p>El complemento perfecto a la afiliaci\u00f3n a Global Rescue.<\/p>\n<h4 style=\"font-weight: 900;\">SERVICIOS DE EVACUACI\u00d3N<\/h4>\n<p>Repatriaci\u00f3n al hospital de elecci\u00f3n y gesti\u00f3n completa del caso.<\/p>\n<h4 style=\"font-weight: 900;\">RESCATE DE CAMPO<\/h4>\n<p>Fuimos pioneros en el rescate sobre el terreno en todo el mundo. M\u00e1s informaci\u00f3n sobre el rescate local sobre el terreno.<\/p>\n<h4 style=\"font-weight: 900;\">TODO EN UNO<\/h4>\n<p>Evacuaci\u00f3n de emergencia, respuesta a crisis, rescate sobre el terreno y seguro de viaje a terceros: todo en una sola factura.<\/p>\n<h4 style=\"font-weight: 900;\">INSCRIPCI\u00d3N GRATUITA<\/h4>\n<p>La inscripci\u00f3n es gratuita.<\/p>\n<h4 style=\"font-weight: 900;\">TELEHEALTH<\/h4>\n<p>Acceso a servicios globales de telesalud.<\/p>\n<\/div>\n<p>[\/vc_column_text][\/vc_column_inner][vc_column_inner width=\u00bb1\/3&#8243;][vc_column_text]<\/p>\n<div class=\"\" style=\"text-align: left;\">\n<h4 style=\"font-weight: 900;\">GANANCIAS ILIMITADAS<\/h4>\n<p>Genere ingresos cuando sus clientes adquieran afiliaciones a Global Rescue o seguros de viaje.<\/p>\n<h4 style=\"font-weight: 900;\">DEBER DE ASISTENCIA<\/h4>\n<p>Proteja la salud y la seguridad de sus clientes y contribuya a cumplir su deber legal de diligencia.<\/p>\n<h4 style=\"font-weight: 900;\">RESPUESTA COVID<\/h4>\n<p>Capacidad para responder a los casos de COVID y acceso a la informaci\u00f3n y los recursos de COVID.<\/p>\n<h4 style=\"font-weight: 900;\">APOYO A LA COMERCIALIZACI\u00d3N<\/h4>\n<p>Herramientas y recursos que le ayudar\u00e1n a impulsar las ventas, adem\u00e1s de consejos sobre seguridad en los viajes de nuestros expertos internos.<\/p>\n<\/div>\n<p>[\/vc_column_text][\/vc_column_inner][\/vc_row_inner][vc_row_inner el_class=\u00bbcontainer auto-margin mb-5&#8243;][vc_column_inner][vc_column_text]<\/p>\n<div class=\"\">\n<div class=\"\">\n<p style=\"text-align: center;\"><button id=\"selectDopdownVal\" class=\"btn btn-gr btn-danger btn-lg text-center trigger-contact-form\" data-val=\"Become a Partner\">Contacte con nosotros<\/button><\/p>\n<\/div>\n<\/div>\n<p>[\/vc_column_text][\/vc_column_inner][\/vc_row_inner][\/vc_column][\/vc_row]<\/p>\n<\/div>","protected":false},"excerpt":{"rendered":"<p>[vc_row el_class=\u00bbmt-5 mb-5&#8243;][vc_column][vc_row_inner content_placement=\u00bbmiddle\u00bb el_class=\u00bbsafari_section_1 auto-margin\u00bb][vc_column_inner width=\u00bb1\/5&#8243; offset=\u00bbvc_col-xs-1\/5&#8243;][vc_single_image image=\u00bb5906&#8243; img_size=\u00bbfull\u00bb alignment=\u00bbcenter\u00bb][\/vc_column_inner][vc_column_inner width=\u00bb1\/5&#8243; offset=\u00bbvc_col-xs-1\/5&#8243;][vc_single_image image=\u00bb6131&#8243; img_size=\u00bbfull\u00bb alignment=\u00bbcenter\u00bb][\/vc_column_inner][vc_column_inner width=\u00bb1\/5&#8243; offset=\u00bbvc_col-xs-1\/5&#8243;][vc_single_image image=\u00bb6113&#8243; img_size=\u00bbfull\u00bb alignment=\u00bbcenter\u00bb][\/vc_column_inner][vc_column_inner width=\u00bb1\/5&#8243; offset=\u00bbvc_col-xs-1\/5&#8243;][vc_single_image image=\u00bb6191&#8243; img_size=\u00bbfull\u00bb alignment=\u00bbcenter\u00bb][\/vc_column_inner][vc_column_inner width=\u00bb1\/5&#8243; offset=\u00bbvc_col-xs-1\/5&#8243;][vc_single_image image=\u00bb6141&#8243; img_size=\u00bbfull\u00bb alignment=\u00bbcenter\u00bb][\/vc_column_inner][\/vc_row_inner][\/vc_column][\/vc_row][vc_row][vc_column][vc_row_inner content_placement=\u00bbmiddle\u00bb el_class=\u00bbcontainer auto-margin mt-5 mb-5&#8243;][vc_column_inner width=\u00bb1\/2&#8243;][vc_column_text] Ofrezca servicios de protecci\u00f3n de viajes de Global Rescue As\u00f3ciese con Global Rescue, l\u00edder en gesti\u00f3n de riesgos [&hellip;]<\/p>\n","protected":false},"author":1,"featured_media":40612,"parent":48090,"menu_order":0,"comment_status":"closed","ping_status":"closed","template":"landing-pages\/template-lp-dark-header.php","meta":{"_acf_changed":false,"inline_featured_image":false,"footnotes":""},"class_list":["post-48498","page","type-page","status-publish","has-post-thumbnail","hentry"],"acf":[],"_links":{"self":[{"href":"https:\/\/www.globalrescue.com\/es\/wp-json\/wp\/v2\/pages\/48498","targetHints":{"allow":["GET"]}}],"collection":[{"href":"https:\/\/www.globalrescue.com\/es\/wp-json\/wp\/v2\/pages"}],"about":[{"href":"https:\/\/www.globalrescue.com\/es\/wp-json\/wp\/v2\/types\/page"}],"author":[{"embeddable":true,"href":"https:\/\/www.globalrescue.com\/es\/wp-json\/wp\/v2\/users\/1"}],"replies":[{"embeddable":true,"href":"https:\/\/www.globalrescue.com\/es\/wp-json\/wp\/v2\/comments?post=48498"}],"version-history":[{"count":3,"href":"https:\/\/www.globalrescue.com\/es\/wp-json\/wp\/v2\/pages\/48498\/revisions"}],"predecessor-version":[{"id":48501,"href":"https:\/\/www.globalrescue.com\/es\/wp-json\/wp\/v2\/pages\/48498\/revisions\/48501"}],"up":[{"embeddable":true,"href":"https:\/\/www.globalrescue.com\/es\/wp-json\/wp\/v2\/pages\/48090"}],"wp:featuredmedia":[{"embeddable":true,"href":"https:\/\/www.globalrescue.com\/es\/wp-json\/wp\/v2\/media\/40612"}],"wp:attachment":[{"href":"https:\/\/www.globalrescue.com\/es\/wp-json\/wp\/v2\/media?parent=48498"}],"curies":[{"name":"wp","href":"https:\/\/api.w.org\/{rel}","templated":true}]}}