{"id":48502,"date":"2022-02-09T09:09:43","date_gmt":"2022-02-09T09:09:43","guid":{"rendered":"https:\/\/www.globalrescue.com\/proteccion-en-viaje\/"},"modified":"2025-08-15T09:01:45","modified_gmt":"2025-08-15T09:01:45","slug":"proteccion-en-viaje","status":"publish","type":"page","link":"https:\/\/www.globalrescue.com\/es\/travel-protection\/","title":{"rendered":"Protecci\u00f3n en viaje"},"content":{"rendered":"<div class=\"wpb-content-wrapper\"><p>[vc_row el_class=\u00bbcontainer auto-margin\u00bb css=\u00bb.vc_custom_1656399359715{border-top-width: 4% !important;}\u00bb][vc_column][vc_column_text]<\/p>\n<h4 style=\"text-align: center;\"><strong>Una afiliaci\u00f3n a Global Rescue le proporciona la preparaci\u00f3n que necesita para las vacaciones que se merece, tanto si va a \u00c1frica, Norteam\u00e9rica o Sudam\u00e9rica, Europa o cualquier otro lugar. Nuestros servicios de asistencia al viajero est\u00e1n dise\u00f1ados para proteger su viaje de los impactos de emergencias inesperadas. Desde la sustituci\u00f3n del pasaporte perdido hasta el rescate desde cualquier lugar, en Global Rescue tiene a su disposici\u00f3n un equipo de expertos m\u00e9dicos y en seguridad. <\/strong><\/h4>\n<p>[\/vc_column_text][vc_column_text]<\/p>\n<p style=\"text-align: center;\"><a class=\"btn btn-gr btn-danger btn-lg text-center\" href=\"https:\/\/ss.globalrescue.com\/#\/signup\/step1\" target=\"_blank\" data-event=\"\" data-eventcategory=\"Button\" rel=\"noopener\">\u00danete a<\/a><\/p>\n<p>[\/vc_column_text][vc_separator color=\u00bbcustom\u00bb accent_color=\u00bb#eeeeee\u00bb][\/vc_column][\/vc_row][vc_row el_class=\u00bbcontainer auto-margin\u00bb][vc_column][vc_column_text]<\/p>\n<h1 style=\"text-align: center;\"><strong><span style=\"color: #d71635; font-size: 41px; font-weight: 900; text-transform: uppercase;\">Ofertas globales de rescate<\/span><\/strong><\/h1>\n<p>[\/vc_column_text][vc_row_inner][vc_column_inner width=\u00bb1\/2&#8243;][vc_column_text el_class=\u00bbtext-panel-with-heading\u00bb]<\/p>\n<div class=\"\">\n<h3 style=\"color: #d71635;\"><strong>Rescate <\/strong><\/h3>\n<p>Rescate significa que acudiremos a ti si no puedes llegar a un hospital o est\u00e1s en peligro. Nuestros equipos desplegables est\u00e1n preparados para rescatar a nuestros afiliados desde el punto de enfermedad o lesi\u00f3n en caso de emergencia m\u00e9dica grave.<\/p>\n<h3 style=\"color: #d71635;\"><strong>Evacuaci\u00f3n m\u00e9dica<\/strong><\/h3>\n<p>Si tiene que ser hospitalizado, podemos trasladar a nuestros afiliados al hospital de su elecci\u00f3n.<\/p>\n<h3 style=\"color: #d71635;\"><strong>Asesoramiento m\u00e9dico <\/strong><\/h3>\n<p>Nuestros centros de operaciones cuentan con personal de enfermer\u00eda y param\u00e9dico experimentado, que puede ayudarle a recibir la atenci\u00f3n que necesita.<\/p>\n<p>Global Rescue colabora con la Divisi\u00f3n de Operaciones Especiales de Medicina de Urgencias de Johns Hopkins, Elite Medical Group y Partners HealthCare.<\/p>\n<\/div>\n<p>[\/vc_column_text][\/vc_column_inner][vc_column_inner width=\u00bb1\/2&#8243;][vc_single_image image=\u00bb5432&#8243; img_size=\u00bbfull\u00bb alignment=\u00bbcenter\u00bb][\/vc_column_inner][\/vc_row_inner][vc_row_inner][vc_column_inner el_class=\u00bbpad-top-8cent\u00bb width=\u00bb1\/2&#8243; offset=\u00bbvc_hidden-xs\u00bb][vc_single_image image=\u00bb5961&#8243; img_size=\u00bbfull\u00bb][\/vc_column_inner][vc_column_inner width=\u00bb1\/2&#8243;][vc_column_text el_class=\u00bbtext-panel-with-heading\u00bb]<\/p>\n<div class=\"\">\n<h3 style=\"color: #d71635;\"><strong>Informes de destino y alertas de sucesos <\/strong><\/h3>\n<p>Los informes de destino para 215 pa\u00edses y principados de todo el mundo incluyen requisitos de entrada, estado y restricciones de viaje COVID-19, evaluaciones detalladas de salud y seguridad e inmunizaciones requeridas. Mantente al d\u00eda de los acontecimientos sanitarios y de seguridad en todo el mundo.<\/p>\n<h3 style=\"color: #d71635;\"><strong>Asistencia en viaje <\/strong><\/h3>\n<p>Desde una barrera ling\u00fc\u00edstica durante una emergencia hasta la p\u00e9rdida de un pasaporte, la asistencia en viaje de Global Rescue puede ayudar con problemas inesperados. Global Rescue tambi\u00e9n puede proporcionar referencias a representaci\u00f3n legal en m\u00e1s de 160 pa\u00edses.<\/p>\n<h3 style=\"color: #d71635;\"><strong>Afiliaci\u00f3n de seguridad <\/strong><\/h3>\n<p>Nuestros equipos de veteranos de operaciones militares especiales est\u00e1n disponibles para prestar servicios de asesoramiento, consulta y evacuaci\u00f3n en casos de cat\u00e1strofes naturales, atentados terroristas y disturbios civiles, cuando usted se encuentre en peligro.<\/p>\n<h3 style=\"color: #d71635;\"><strong>Aplicaci\u00f3n My Global Rescue <\/strong><\/h3>\n<p>Consulte informes y alertas de destino, active la asistencia de emergencia, las visitas sanitarias virtuales en tiempo real y no pierda de vista a las personas que le importan con el seguimiento GPS y los mensajes.<\/p>\n<\/div>\n<p>[\/vc_column_text][\/vc_column_inner][\/vc_row_inner][\/vc_column][\/vc_row][vc_row css=\u00bb.vc_custom_1656399042420{background-color: #e6e6e6 !important;}\u00bb][vc_column][vc_row_inner el_class=\u00bbcontainer auto-margin\u00bb][vc_column_inner width=\u00bb1\/4&#8243;][\/vc_column_inner][vc_column_inner width=\u00bb1\/2&#8243;][vc_column_text el_class=\u00bblp-price-estimator\u00bb]<\/p>\n<p style=\"text-align: center;\"><div class=\"pricing-estimate estimator-v3\" id=\"gr-overlapping-membership-estimator\">\r\n\t<h2 class=\"text-left heading heading-dyn m-b-20\">Obtenga una estimaci\u00f3n del precio<\/h2>\r\n\t<div class=\"form-group m-b-20\">\r\n\t\t<div class=\"row\">\r\n\t\t\t<div class=\"vc_col-xs-12 m-b-5\"><strong>\u00bfPara qui\u00e9n es la membres\u00eda?<\/strong><\/div>\r\n\t\t\t<div class=\"vc_col-xs-6\">\r\n\t\t\t\t<label class=\"btn btn-gr btn-lg btn-block\" for=\"individual\" data-event=\"\" data-eventcategory=\"Button\" data-eventlabel=\"Alone - How are you traveling? \u2013 Price Estimator\">\r\n\t\t\t\t\t<input id=\"individual\" style=\"opacity: 0;position:absolute;\" autocomplete=\"off\" name=\"type-options\" type=\"radio\" value=\"Individual\"> PARA M\u00cd <\/label>\r\n\t\t\t<\/div>\r\n\t\t\t<div class=\"vc_col-xs-6\">\r\n\t\t\t\t<label class=\"btn btn-gr btn-lg btn-block\" for=\"family\" data-event=\"\" data-eventcategory=\"Button\" data-eventlabel=\"With Family - How are you traveling? \u2013 Price Estimator\">\r\n\t\t\t\t\t<input id=\"family\" style=\"opacity: 0;position:absolute;\" autocomplete=\"off\" name=\"type-options\" type=\"radio\" value=\"Family\"> MI FAMILIA Y YO<\/label>\r\n\t\t\t<\/div>\r\n\t\t<\/div>\r\n\t<\/div>\r\n\t<div class=\"form-group m-b-20\">\r\n\t\t<div class=\"m-b-10\">\r\n\t\t\t<div class=\"row\">\r\n\t\t\t\t<div class=\"vc_col-xs-12 m-b-5\"><strong>\u00bfQuieres una membres\u00eda anual o de corto plazo?<\/strong> <\/div>\r\n\t\t\t\t<div class=\"vc_col-xs-6\">\r\n\t\t\t\t\t<label class=\"btn btn-gr btn-lg btn-block\" for=\"oneTrip\" data-event=\"\" data-eventcategory=\"Button\" data-eventlabel=\"One Trip - How many trips are you planning this year? \u2013 Price Estimator\">\r\n\t\t\t\t\t\t<input id=\"oneTrip\" style=\"opacity: 0;position:absolute;\" autocomplete=\"off\" name=\"duration-options\" type=\"radio\" value=\"allYear\"> Anual <\/label>\r\n\t\t\t\t<\/div>\r\n\t\t\t\t<div class=\"vc_col-xs-6\">\r\n\t\t\t\t\t<label class=\"btn btn-gr btn-lg btn-block\" for=\"allYear\" data-event=\"\" data-eventcategory=\"Button\" data-eventlabel=\"Multiple Trips - How many trips are you planning this year? \u2013 Price Estimator\">\r\n\t\t\t\t\t\t<input id=\"allYear\" style=\"opacity: 0;position:absolute;\" autocomplete=\"off\" name=\"duration-options\" type=\"radio\" value=\"oneTrip\"> Corto plazo<\/label>\r\n\t\t\t\t<\/div>\r\n\t\t\t<\/div>\r\n\t\t<\/div>\r\n\t<\/div>\r\n\t<div class=\"form-group m-b-20\">\r\n\t\t<div class=\"one-trip-options oneTrip\" style=\"display: none;\">\r\n\t\t\t<div class=\"row\">\r\n\t\t\t\t<div class=\"vc_col-xs-12 m-b-5\"><strong>\u00bfCu\u00e1nto dura su viaje?<\/strong><\/div>\r\n\t\t\t\t<div class=\"vc_col-xs-4\" style=\"\">\r\n\t\t\t\t\t<label class=\"btn btn-gr btn-lg btn-block\" for=\"7Day\" data-event=\"\" data-eventcategory=\"Button\" data-eventlabel=\"7 Days - How long is your trip? \u2013 Price Estimator\">\r\n\t\t\t\t\t\t<input id=\"7Day\" style=\"opacity: 0;position:absolute;\" autocomplete=\"off\" name=\"one-trip-options\" class=\"one-trip-opt-radio\" type=\"radio\" value=\"7 Days\"> 7 D\u00edas<\/label>\r\n\t\t\t\t<\/div>\r\n\t\t\t\t<div class=\"vc_col-xs-4\" style=\"\">\r\n\t\t\t\t\t<label class=\"btn btn-gr btn-lg btn-block\" for=\"14Day\" data-event=\"\" data-eventcategory=\"Button\" data-eventlabel=\"14 Days - How long is your trip? \u2013 Price Estimator\">\r\n\t\t\t\t\t\t<input id=\"14Day\" style=\"opacity: 0;position:absolute;\" autocomplete=\"off\" name=\"one-trip-options\" class=\"one-trip-opt-radio\" type=\"radio\" value=\"14 Days\"> 14 D\u00edas<\/label>\r\n\t\t\t\t<\/div>\r\n\t\t\t\t<div class=\"vc_col-xs-4\" style=\"\">\r\n\t\t\t\t\t<label class=\"btn btn-gr btn-lg btn-block\" for=\"30Day\" data-event=\"\" data-eventcategory=\"Button\" data-eventlabel=\"30 Days - How long is your trip? \u2013 Price Estimator\">\r\n\t\t\t\t\t\t<input id=\"30Day\" style=\"opacity: 0;position:absolute;\" autocomplete=\"off\" name=\"one-trip-options\" class=\"one-trip-opt-radio\" type=\"radio\" value=\"30 Days\"> 30 D\u00edas<\/label>\r\n\t\t\t\t<\/div>\r\n\t\t\t<\/div>\r\n\t\t<\/div>\r\n\t\t<div class=\"m-b-30 all-year-options allYear\">\r\n\t\t\t<div class=\"row \">\r\n\t\t\t\r\n\t\t\t\t<div class=\"vc_col-xs-12 m-b-5\">\r\n\t\t\t\t\t<strong>\u00bfCu\u00e1l es la duraci\u00f3n de tu viaje m\u00e1s largo este a\u00f1o?<\/strong>\r\n\t\t\t\t<\/div>\r\n\t\t\t\t<div class=\"\">\r\n\t\t\t\t<div class=\"vc_col-xs-3\" style=\"padding: 0 3px 0 3px;\">\r\n\t\t\t\t\t<label class=\"btn btn-gr btn-lg btn-block\" data-event=\"\" data-eventcategory=\"Button\" data-eventlabel=\"45 Days - What is the duration of your longest trip this year? \u2013 Price Estimator\">\r\n\t\t\t\t\t\t<input id=\"45Days\" style=\"opacity: 0;position:absolute;\" autocomplete=\"off\" name=\"all-year-options\" class=\"all-year-opt-radio\" type=\"radio\" value=\"45\"> 45 D\u00edas<\/label>\r\n\t\t\t\t<\/div>\r\n\t\t\t\t<div class=\"vc_col-xs-3\" style=\"padding: 0 3px 0 3px;\">\r\n\t\t\t\t\t<label class=\"btn btn-gr btn-lg btn-block\" data-event=\"\" data-eventcategory=\"Button\" data-eventlabel=\"90 Days - What is the duration of your longest trip this year? \u2013 Price Estimator\">\r\n\t\t\t\t\t\t<input id=\"90Days\" style=\"opacity: 0;position:absolute;\" autocomplete=\"off\" name=\"all-year-options\" class=\"all-year-opt-radio\" type=\"radio\" value=\"90\">90 D\u00edas<\/label>\r\n\t\t\t\t<\/div>\r\n\t\t\t\t<div class=\"vc_col-xs-3\" style=\"padding: 0 3px 0 3px;\">\r\n\t\t\t\t\t<label class=\"btn btn-gr btn-lg btn-block\" data-event=\"\" data-eventcategory=\"Button\" data-eventlabel=\"180 Days - What is the duration of your longest trip this year? \u2013 Price Estimator\">\r\n\t\t\t\t\t\t<input id=\"180Days\" style=\"opacity: 0;position:absolute;\" autocomplete=\"off\" name=\"all-year-options\" class=\"all-year-opt-radio\" type=\"radio\" value=\"180\">180 D\u00edas\n\n<\/label>\r\n\t\t\t\t<\/div>\r\n\t\t\t\t<div class=\"vc_col-xs-3\" style=\"padding: 0 3px 0 3px;\">\r\n\t\t\t\t\t<label class=\"btn btn-gr btn-lg btn-block\" data-event=\"\" data-eventcategory=\"Button\" data-eventlabel=\"365 Days - What is the duration of your longest trip this year? \u2013 Price Estimator\">\r\n\t\t\t\t\t\t<input id=\"360Days\" style=\"opacity: 0;position:absolute;\" autocomplete=\"off\" name=\"all-year-options\" class=\"all-year-opt-radio\" type=\"radio\" value=\"365\">365 D\u00edas<\/label>\r\n\t\t\t\t<\/div>\r\n\t\t\t<\/div>\r\n\t\t\t<\/div>\r\n\t\t<\/div>\r\n\t<\/div>\r\n\t\r\n\t\t<div class=\"form-group m-b-20\">\r\n\t\t\t<div class=\"row\">\r\n\t\t\t\t\t<div class=\"vc_col-xs-12 m-b-5\">\r\n\t\t\t\t\t\t<strong>\u00bfAgregar paquete de seguridad?<\/strong>&nbsp; \r\n\t\t\t\t\t\t<em id=\"tooltip-ex\" tabindex=\"0\" class=\"gr gr-question-circle color-danger\" data-bs-toggle=\"tooltip\" data-bs-placement=\"top\" title=\"\" data-bs-original-title=\"Nuestros veteranos de operaciones especiales militares rescatar\u00e1n a nuestros miembros en peligro de sufrir da\u00f1os corporales debido a guerras, disturbios civiles, desastres naturales, \u00f3rdenes de evacuaci\u00f3n gubernamentales y otras emergencias de seguridad.\" aria-label=\"Our military special operations veterans will extract our members in danger of bodily harm from war, civil unrest, natural disasters, government evacuation orders and other security emergencies.\"><\/em>\r\n\t\t\t\t\t<\/div>\r\n\t\t\t\t\t<div class=\"vc_col-xs-6\">\r\n\t\t\t\t\t\t<label class=\"btn btn-gr btn-lg btn-block\" data-event=\"\" data-eventcategory=\"Button\" data-eventlabel=\"Yes - Add on a security membership? \u2013 Price Estimator\">\r\n\t\t\t\t\t\t\t<input id=\"yes\" style=\"opacity: 0;position:absolute;\" autocomplete=\"off\" name=\"security-options\" type=\"radio\" value=\"Medical and Security Evacuation\"> S\u00ed <\/label>\r\n\t\t\t\t\t<\/div>\r\n\t\t\t\t\t<div class=\"vc_col-xs-6\">\r\n\t\t\t\t\t\t<label class=\"btn btn-gr btn-lg btn-block\" data-event=\"\" data-eventcategory=\"Button\" data-eventlabel=\"No - Add on a security membership? \u2013 Price Estimator\">\r\n\t\t\t\t\t\t\t<input id=\"no\" style=\"opacity: 0;position:absolute;\" autocomplete=\"off\" name=\"security-options\" type=\"radio\" value=\"Medical Evacuation Only\"> No <\/label>\r\n\t\t\t\t\t<\/div>\r\n\t\t\t\t<\/div>\r\n\t\t<\/div>\r\n\t\t<div class=\"form-group\" id=\"high-altitude-place\" style=\"margin-bottom: 25px !important;\">\r\n\t\t\t<div class=\"row\">\r\n\t\t\t\t\t<div class=\"vc_col-xs-12 m-b-5\">\r\n\t\t\t\t\t\t<strong>\u00bfA\u00f1adir evacuaci\u00f3n a gran altitud?<\/strong> \r\n\t\t\t\t\t\t<em id=\"tooltip-ex\" tabindex=\"0\" class=\"gr gr-question-circle color-danger\" data-bs-toggle=\"tooltip\" data-bs-placement=\"top\" title=\"\" data-bs-original-title=\"Proporciona servicios a miembros de 16 a\u00f1os de edad o m\u00e1s que viajan a m\u00e1s de 15,000 pies (4,600 m) durante cualquier parte de su viaje (excluyendo viajes en avi\u00f3n) y que requieren transporte de emergencia debido a una lesi\u00f3n o enfermedad.\" aria-label=\"Nuestros veteranos de operaciones especiales militares rescatar\u00e1n a nuestros miembros en peligro de sufrir da\u00f1os corporales debido a guerras, disturbios civiles, desastres naturales, \u00f3rdenes de evacuaci\u00f3n gubernamentales y otras emergencias de seguridad.\"><\/em>\r\n\t\t\t\t\t<\/div>\r\n\t\t\t\t\t<div class=\"vc_col-xs-6\">\r\n\t\t\t\t\t\t<label class=\"btn btn-gr btn-lg btn-block\" data-event=\"\" data-eventcategory=\"Button\" data-eventlabel=\"Yes - Add on a High Altitude Evacuation? \u2013 Price Estimator\">\r\n\t\t\t\t\t\t\t<input id=\"high-altitude-evacuation\" style=\"opacity: 0;position:absolute;\" autocomplete=\"off\" name=\"high-altitude-evacuation\" type=\"radio\" value=\"Medical and High Altitude Evacuation\"> S\u00ed <\/label>\r\n\t\t\t\t\t<\/div>\r\n\t\t\t\t\t<div class=\"vc_col-xs-6\">\r\n\t\t\t\t\t\t<label class=\"btn btn-gr btn-lg btn-block\" data-event=\"\" data-eventcategory=\"Button\" data-eventlabel=\"No - Add on a High Altitude Evacuation? \u2013 Price Estimator\">\r\n\t\t\t\t\t\t\t<input id=\"no-high-altitude-evacuation\" style=\"opacity: 0;position:absolute;\" autocomplete=\"off\" name=\"high-altitude-evacuation\" type=\"radio\" value=\"Medical Evacuation Only\"> No <\/label>\r\n\t\t\t\t\t<\/div>\r\n\t\t\t\t<\/div>\r\n\t\t<\/div>\r\n\t\t\t<div class=\"text-center tls_estimator_total m-b-20\">\r\n\t\t\t\t<div class=\"row\">\r\n\t\t\t\t\t<div class=\"col-6\">\r\n\t\t\t\t\t\t\t\t\t\t\t\t<h4 class=\"text-center grey-bg fr-lh\"><strong>Estimado\t\t\t<\/strong><\/h4>\r\n\t\t\t\t\t<\/div>\r\n\t\t\t\t\t<div class=\"col-6 price-wrapper\">\r\n\t\t\t\t\t\t<h1 class=\"headline vc_color-danger text-center m-t-5\">$<span class=\"pkgPrice\">0.00<\/span><\/h1> \r\n\t\t\t\t\t<\/div>\r\n\t\t\t\t\t\r\n\t\t\t\t<\/div>\r\n\t\t\t<\/div>\r\n\t\t\t\r\n\t\t\r\n\t\t\r\n\t\t<div class=\"row\">\r\n\t\t\t<p style=\"font-size: 14px;letter-spacing: 0px; font-weight: 500;\">Por favor responda todas las preguntas para obtener un presupuesto.<\/p>\r\n\t\t\t<div class=\"vc_col-sm-12\"> \r\n\t\t\t\t<a id=\"enrollNow\" class=\"btn btn-danger btn-block btn-gr btn-lg m-b-0\" data-ab-testing=\"\" href=\"https:\/\/ss.globalrescue.com\/grhash\/signup\/step1\/\" target=\"\" rel=\"noopener\" data-event=\"\" data-eventcategory=\"Link\" data-eventlabel=\"Enroll \u2013 Price Estimator\" disabled=\"disabled\">\u00daNASE A<\/a> \r\n\t\t\t<\/div>\r\n\t\t<\/div>\r\n\t\r\n<\/div>\n<p>[\/vc_column_text][\/vc_column_inner][vc_column_inner width=\u00bb1\/4&#8243;][\/vc_column_inner][\/vc_row_inner][\/vc_column][\/vc_row][vc_row el_class=\u00bbcontainer auto-margin\u00bb][vc_column width=\u00bb1\/2&#8243;][vc_single_image image=\u00bb6061&#8243; alignment=\u00bbcenter\u00bb][vc_column_text css=\u00bb\u00bb el_class=\u00bblp-quotes\u00bb]<\/p>\n<p style=\"text-align: center;\"><em><span style=\"color: #d71635; font-weight: 200; font-size: 18pt;\">\u00abGlobal Rescue me respondi\u00f3 en unos 30 segundos.\u00bb<\/span><\/em><\/p>\n<p style=\"text-align: center;\"><strong>Maredith Richardson, estudiante de posgrado que estudia en el extranjero y perdi\u00f3 su pasaporte a manos de un ladr\u00f3n de bolsos. <\/strong><\/p>\n<p>[\/vc_column_text][\/vc_column][vc_column width=\u00bb1\/2&#8243;][vc_single_image image=\u00bb6062&#8243; alignment=\u00bbcenter\u00bb][vc_column_text el_class=\u00bblp-quotes\u00bb]<\/p>\n<p style=\"text-align: center;\"><em><span style=\"color: #d71635; font-weight: 200; font-size: 18pt;\">\u00abGlobal Rescue ten\u00eda un equipo de expertos en operaciones especiales trabajando para conseguir un avi\u00f3n que me sacara\u00bb.<\/span><\/em><\/p>\n<p style=\"text-align: center;\"><strong>Michael Blease-Shepley, empresario que necesit\u00f3 ser evacuado de Nigeria tras el brote de COVID-19. <\/strong><\/p>\n<p>[\/vc_column_text][\/vc_column][\/vc_row][vc_row el_class=\u00bbcontainer auto-margin\u00bb][vc_column][vc_separator color=\u00bbcustom\u00bb accent_color=\u00bb#eeeeee\u00bb][\/vc_column][\/vc_row][vc_row el_class=\u00bbcontainer auto-margin\u00bb][vc_column][vc_column_text]<\/p>\n<h6>La aplicaci\u00f3n m\u00f3vil de Global Rescue est\u00e1 dise\u00f1ada para funcionar con las versiones actuales de los sistemas operativos Android e iOS. La disponibilidad de los servicios est\u00e1 sujeta a la compatibilidad de su equipo, la conectividad y la se\u00f1al en su ubicaci\u00f3n. No se garantiza que todas las caracter\u00edsticas y funcionalidades est\u00e9n disponibles en su ubicaci\u00f3n. El uso y la disponibilidad de la aplicaci\u00f3n m\u00f3vil est\u00e1n sujetos al plan de su proveedor de servicios y pueden estar sujetos a tarifas adicionales de su proveedor.<\/h6>\n<h6>Consulte el Acuerdo de servicios para afiliados para conocer las condiciones y restricciones aplicables.<\/h6>\n<p>[\/vc_column_text][\/vc_column][\/vc_row][vc_row el_class=\u00bbcrosspurpose-section my-4&#8243;][vc_column css=\u00bb.vc_custom_1731506434339{background-image: url(\/grcom\/images\/common\/Mask-Group-68.png?id=36547) !important;background-position: center !important;background-repeat: no-repeat !important;background-size: cover !important;}\u00bb offset=\u00bbvc_col-md-6&#8243;][vc_column_text css_animation=\u00bbnone\u00bb el_class=\u00bbd-flex justify-content-end\u00bb]<\/p>\n<div class=\"cross-platform-content\">\n<p class=\"fw-bold m-0\">Rescate global para<\/p>\n<p class=\"mb-4\">Operadores tur\u00edsticos y gu\u00edas<\/p>\n<p><a href=\"https:\/\/www.globalrescue.com\/es\/partners\/?source=crosspurpose&#038;pagesource=travel-protection\" class=\"btn btn-lg btn-gr btn-danger btn-cross-platform\">As\u00f3ciese con nosotros<\/a><\/p>\n<\/div>\n<p>[\/vc_column_text][\/vc_column][vc_column css=\u00bb.vc_custom_1731506443595{background-image: url(\/grcom\/images\/common\/Mask-Group-67.png?id=36549) !important;background-position: center !important;background-repeat: no-repeat !important;background-size: cover !important;}\u00bb offset=\u00bbvc_col-md-6&#8243;][vc_column_text el_class=\u00bbd-flex justify-content-start\u00bb]<\/p>\n<div class=\"cross-platform-content\">\n<p class=\"fw-bold m-0\">Global Rescue para<\/p>\n<p class=\"mb-4\">Empresas e instituciones<\/p>\n<p><a href=\"https:\/\/www.globalrescue.com\/es\/enterprise\/business-travel-risk-mitigation\/?source=crosspurpose&#038;pagesource=travel-protection\" class=\"btn btn-lg btn-gr btn-danger\">Saber m\u00e1s<\/a><\/p>\n<\/div>\n<p>[\/vc_column_text][\/vc_column][\/vc_row]<\/p>\n<\/div>","protected":false},"excerpt":{"rendered":"<p>[vc_row el_class=\u00bbcontainer auto-margin\u00bb css=\u00bb.vc_custom_1656399359715{border-top-width: 4% !important;}\u00bb][vc_column][vc_column_text] Una afiliaci\u00f3n a Global Rescue le proporciona la preparaci\u00f3n que necesita para las vacaciones que se merece, tanto si va a \u00c1frica, Norteam\u00e9rica o Sudam\u00e9rica, Europa o cualquier otro lugar. Nuestros servicios de asistencia al viajero est\u00e1n dise\u00f1ados para proteger su viaje de los impactos de emergencias inesperadas. Desde [&hellip;]<\/p>\n","protected":false},"author":1,"featured_media":40488,"parent":0,"menu_order":0,"comment_status":"closed","ping_status":"closed","template":"landing-pages\/template-lp-transparent-header.php","meta":{"_acf_changed":false,"inline_featured_image":false,"footnotes":""},"class_list":["post-48502","page","type-page","status-publish","has-post-thumbnail","hentry"],"acf":[],"_links":{"self":[{"href":"https:\/\/www.globalrescue.com\/es\/wp-json\/wp\/v2\/pages\/48502","targetHints":{"allow":["GET"]}}],"collection":[{"href":"https:\/\/www.globalrescue.com\/es\/wp-json\/wp\/v2\/pages"}],"about":[{"href":"https:\/\/www.globalrescue.com\/es\/wp-json\/wp\/v2\/types\/page"}],"author":[{"embeddable":true,"href":"https:\/\/www.globalrescue.com\/es\/wp-json\/wp\/v2\/users\/1"}],"replies":[{"embeddable":true,"href":"https:\/\/www.globalrescue.com\/es\/wp-json\/wp\/v2\/comments?post=48502"}],"version-history":[{"count":7,"href":"https:\/\/www.globalrescue.com\/es\/wp-json\/wp\/v2\/pages\/48502\/revisions"}],"predecessor-version":[{"id":51154,"href":"https:\/\/www.globalrescue.com\/es\/wp-json\/wp\/v2\/pages\/48502\/revisions\/51154"}],"wp:featuredmedia":[{"embeddable":true,"href":"https:\/\/www.globalrescue.com\/es\/wp-json\/wp\/v2\/media\/40488"}],"wp:attachment":[{"href":"https:\/\/www.globalrescue.com\/es\/wp-json\/wp\/v2\/media?parent=48502"}],"curies":[{"name":"wp","href":"https:\/\/api.w.org\/{rel}","templated":true}]}}