{"id":48506,"date":"2022-03-10T10:12:46","date_gmt":"2022-03-10T10:12:46","guid":{"rendered":"https:\/\/www.globalrescue.com\/encuesta-sobre-la-seguridad-en-los-viajes-2019-global-rescue\/"},"modified":"2026-01-21T08:05:54","modified_gmt":"2026-01-21T08:05:54","slug":"encuesta-sobre-la-seguridad-en-los-viajes-2019-global-rescue","status":"publish","type":"page","link":"https:\/\/www.globalrescue.com\/es\/landing-pages\/travelsafetysurvey2019\/","title":{"rendered":"Encuesta sobre la seguridad en los viajes 2019 - Global Rescue"},"content":{"rendered":"<div class=\"wpb-content-wrapper\"><p>[vc_row el_class=\u00bbpt-3&#8243;][vc_column][vc_column_text css=\u00bb\u00bb]<\/p>\n<div>\n<div class=\"margin-bottom-30\">\n<div class=\"headline\">\n<h3><\/h3>\n<\/div>\n<div class=\"row\">\n<div class=\"col-xs-12\">\n<div>\n<h3 style=\"text-align: center;\"><strong><span style=\"color: #000000;\">El 87% de la poblaci\u00f3n tiene dudas sobre la seguridad en los viajes<\/span><\/strong><\/h3>\n<p>La encuesta de Global Rescue de 2019 revel\u00f3 que casi el 90% de los viajeros tienen cierta preocupaci\u00f3n por la seguridad en los viajes. Descubra por qu\u00e9 nuestros miembros son aprensivos y c\u00f3mo afectar\u00e1 a sus viajes este a\u00f1o.<\/p>\n<p>&nbsp;<\/p>\n<p>&nbsp;<\/p>\n<p style=\"text-align: center;\"><img decoding=\"async\" class=\"gr-responsive-img\" src=\"\/grcom\/grmkt_resources\/images\/Landing-Pages\/2019-GlobalRescue-TravelSafetySurvey-InfoGraphic-es.png\" alt=\"Encuesta sobre seguridad en los viajes\" \/><\/p>\n<p>&nbsp;<\/p>\n<p style=\"text-align: center;\"><a class=\"btn btn-gr btn-danger btn-lg text-center\" href=\"https:\/\/www.globalrescue.com\/common\/blog\/detail\/survey-finds-87-percent-of-travelers-have-travel-safety-concerns\/\">LEER M\u00c1S<\/a><\/p>\n<p>&nbsp;<\/p>\n<hr \/>\n<\/div>\n<\/div>\n<\/div>\n<\/div>\n<\/div>\n<p>[\/vc_column_text][\/vc_column][\/vc_row][vc_row el_class=\u00bbpartner-logos\u00bb][vc_column][vc_column_text]<\/p>\n<h3 style=\"text-align: center;\"><strong><span style=\"color: #000000;\">Las organizaciones mejor preparadas del mundo y m\u00e1s de un mill\u00f3n de afiliados conf\u00edan en Global Rescue cuando viajan.<\/span><\/strong><\/h3>\n<p>[\/vc_column_text][\/vc_column][vc_column width=\u00bb1\/5&#8243; offset=\u00bbvc_col-xs-4&#8243;][vc_single_image image=\u00bb40479&#8243;][\/vc_column][vc_column width=\u00bb1\/5&#8243; offset=\u00bbvc_col-xs-4&#8243;][vc_single_image image=\u00bb40509&#8243;][\/vc_column][vc_column width=\u00bb1\/5&#8243; offset=\u00bbvc_col-xs-4&#8243;][vc_single_image image=\u00bb40603&#8243;][\/vc_column][vc_column width=\u00bb1\/5&#8243; offset=\u00bbvc_hidden-lg vc_hidden-md vc_hidden-sm vc_col-xs-2&#8243;][\/vc_column][vc_column width=\u00bb1\/5&#8243; offset=\u00bbvc_col-xs-4&#8243;][vc_single_image image=\u00bb40526&#8243;][\/vc_column][vc_column width=\u00bb1\/5&#8243; offset=\u00bbvc_col-xs-4&#8243;][vc_single_image image=\u00bb39694&#8243;][\/vc_column][vc_column width=\u00bb1\/5&#8243; offset=\u00bbvc_hidden-lg vc_hidden-md vc_hidden-sm vc_col-xs-2&#8243;][\/vc_column][vc_column][vc_column_text]<\/p>\n<div>\n<p>&nbsp;<\/p>\n<p style=\"text-align: center;\"><a class=\"btn btn-gr btn-danger btn-lg text-center\" href=\"https:\/\/ss.globalrescue.com\/grhash\/signup\/?mc=WelcomeBack\" target=\"_blank\" rel=\"noopener\">\u00daNETE AHORA<\/a><\/p>\n<p>&nbsp;<\/p>\n<\/div>\n<p>[\/vc_column_text][\/vc_column][\/vc_row]<\/p>\n<\/div>","protected":false},"excerpt":{"rendered":"<p>[vc_row el_class=\u00bbpt-3&#8243;][vc_column][vc_column_text css=\u00bb\u00bb] El 87% de la poblaci\u00f3n tiene dudas sobre la seguridad en los viajes La encuesta de Global Rescue de 2019 revel\u00f3 que casi el 90% de los viajeros tienen cierta preocupaci\u00f3n por la seguridad en los viajes. Descubra por qu\u00e9 nuestros miembros son aprensivos y c\u00f3mo afectar\u00e1 a sus viajes este a\u00f1o. [&hellip;]<\/p>\n","protected":false},"author":5,"featured_media":0,"parent":0,"menu_order":0,"comment_status":"closed","ping_status":"closed","template":"landing-pages\/template-lp-v13.php","meta":{"_acf_changed":false,"inline_featured_image":false,"footnotes":""},"class_list":["post-48506","page","type-page","status-publish","hentry"],"acf":[],"_links":{"self":[{"href":"https:\/\/www.globalrescue.com\/es\/wp-json\/wp\/v2\/pages\/48506","targetHints":{"allow":["GET"]}}],"collection":[{"href":"https:\/\/www.globalrescue.com\/es\/wp-json\/wp\/v2\/pages"}],"about":[{"href":"https:\/\/www.globalrescue.com\/es\/wp-json\/wp\/v2\/types\/page"}],"author":[{"embeddable":true,"href":"https:\/\/www.globalrescue.com\/es\/wp-json\/wp\/v2\/users\/5"}],"replies":[{"embeddable":true,"href":"https:\/\/www.globalrescue.com\/es\/wp-json\/wp\/v2\/comments?post=48506"}],"version-history":[{"count":5,"href":"https:\/\/www.globalrescue.com\/es\/wp-json\/wp\/v2\/pages\/48506\/revisions"}],"predecessor-version":[{"id":56690,"href":"https:\/\/www.globalrescue.com\/es\/wp-json\/wp\/v2\/pages\/48506\/revisions\/56690"}],"wp:attachment":[{"href":"https:\/\/www.globalrescue.com\/es\/wp-json\/wp\/v2\/media?parent=48506"}],"curies":[{"name":"wp","href":"https:\/\/api.w.org\/{rel}","templated":true}]}}