{"id":48516,"date":"2022-02-23T11:01:25","date_gmt":"2022-02-23T11:01:25","guid":{"rendered":"https:\/\/www.globalrescue.com\/rescate-global-rescate-local-sobre-el-terreno\/"},"modified":"2025-08-19T12:43:05","modified_gmt":"2025-08-19T12:43:05","slug":"rescate-global-rescate-local-sobre-el-terreno","status":"publish","type":"page","link":"https:\/\/www.globalrescue.com\/es\/landing-pages\/local-field-rescue\/","title":{"rendered":"Global Rescue | Rescate local sobre el terreno"},"content":{"rendered":"<div class=\"wpb-content-wrapper\"><p>[vc_row el_class=\u00bbcontainer auto-margin\u00bb][vc_column][vc_column_text]<\/p>\n<div>\n<p>&nbsp;<\/p>\n<h4 style=\"text-align: center;\"><strong>Global Rescue, la empresa l\u00edder mundial en gesti\u00f3n integrada de crisis y riesgos en viajes, ha ampliado sus servicios de afiliaci\u00f3n para incluir el rescate local sobre el terreno en un radio de 160 km del domicilio, as\u00ed como en cualquier lugar m\u00e1s all\u00e1 de los 160 km.<\/strong><\/h4>\n<p>&nbsp;<\/p>\n<p style=\"text-align: center;\"><a class=\"btn btn-gr btn-danger btn-lg text-center\" href=\"https:\/\/ss.globalrescue.com\/#\/signup\/step1\" data-event=\"\" data-eventcategory=\"Button\">\u00danete a<\/a><\/p>\n<p>&nbsp;<\/p>\n<hr \/>\n<\/div>\n<p>[\/vc_column_text][\/vc_column][\/vc_row][vc_row el_class=\u00bbcontainer auto-margin py-5&#8243;][vc_column width=\u00bb1\/2&#8243; offset=\u00bbvc_hidden-xs\u00bb][vc_single_image image=\u00bb6067&#8243; img_size=\u00bb644&#215;556&#8243;][\/vc_column][vc_column width=\u00bb1\/2&#8243;][vc_column_text]<\/p>\n<div>\n<h1 style=\"text-align: left;\"><strong><span style=\"color: #d71635; font-weight: 900;\">Restricciones de rescate con kilometraje cero <\/span><\/strong><\/h1>\n<div class=\"m-t-10\">\n<p style=\"text-align: left;\">La pandemia ha reducido los viajes y ha impulsado las actividades recreativas, la exploraci\u00f3n y el aprecio de la naturaleza local.En respuesta, hemos eliminado el requisito de estar a m\u00e1s de 100 millas de su casa para recibir servicios de rescate.Ahora, Global Rescue est\u00e1 con usted, localmente o en el extranjero, si se pone enfermo o se lesiona y no puede ponerse a salvo por s\u00ed mismo.<\/p>\n<ul>\n<li style=\"text-align: left;\">Los precios para los miembros siguen siendo los mismos.<\/li>\n<li>Si se encuentra a menos de 160 km de su domicilio, el servicio m\u00e1ximo de Global Rescue es de 15.000 USD.<\/li>\n<li>Si se encuentra a m\u00e1s de 100 millas de su domicilio, el m\u00e1ximo de servicio sigue siendo de 500.000 USD.<\/li>\n<\/ul>\n<\/div>\n<\/div>\n<p>[\/vc_column_text][\/vc_column][\/vc_row][vc_row el_class=\u00bbcontainer auto-margin py-5&#8243;][vc_column width=\u00bb1\/2&#8243;][vc_column_text]<\/p>\n<div>\n<h1 class=\"color-danger text-left headline lg m-b-0\"><\/h1>\n<h1><strong><span style=\"color: #d71635; font-weight: 900;\">Ocio local seguro <\/span><\/strong><\/h1>\n<div class=\"m-t-10\">\n<p>Global Rescue, fundada en 2004, proporciona ayuda a sus miembros cuando sufren una emergencia m\u00e9dica o de seguridad mientras est\u00e1n lejos de casa.Los servicios a los afiliados incluyen rescate y evacuaci\u00f3n por motivos m\u00e9dicos y de seguridad, informaci\u00f3n y asesoramiento sobre viajes, y orientaci\u00f3n general sobre viajes.Tanto si practica senderismo, kayak, motonieve, pesca o simplemente disfruta del aire libre, este servicio mejorado significa que puede contar con nosotros est\u00e9 donde est\u00e9.<\/p>\n<\/div>\n<\/div>\n<p>[\/vc_column_text][\/vc_column][vc_column width=\u00bb1\/2&#8243;][vc_single_image image=\u00bb5922&#8243; img_size=\u00bb644&#215;410&#8243;][\/vc_column][\/vc_row][vc_row css=\u00bb.vc_custom_1646127478695{background-color: #e6e6e6 !important;}\u00bb][vc_column][vc_row_inner el_class=\u00bbcontainer auto-margin\u00bb][vc_column_inner width=\u00bb1\/4&#8243;][\/vc_column_inner][vc_column_inner width=\u00bb1\/2&#8243;][vc_column_text]<\/p>\n<div class=\"pricing-estimate estimator-v3\" id=\"gr-overlapping-membership-estimator\">\r\n\t<h2 class=\"text-left heading heading-dyn m-b-20\">Obtenga una estimaci\u00f3n del precio<\/h2>\r\n\t<div class=\"form-group m-b-20\">\r\n\t\t<div class=\"row\">\r\n\t\t\t<div class=\"vc_col-xs-12 m-b-5\"><strong>\u00bfPara qui\u00e9n es la membres\u00eda?<\/strong><\/div>\r\n\t\t\t<div class=\"vc_col-xs-6\">\r\n\t\t\t\t<label class=\"btn btn-gr btn-lg btn-block\" for=\"individual\" data-event=\"\" data-eventcategory=\"Button\" data-eventlabel=\"Alone - How are you traveling? \u2013 Price Estimator\">\r\n\t\t\t\t\t<input id=\"individual\" style=\"opacity: 0;position:absolute;\" autocomplete=\"off\" name=\"type-options\" type=\"radio\" value=\"Individual\"> PARA M\u00cd <\/label>\r\n\t\t\t<\/div>\r\n\t\t\t<div class=\"vc_col-xs-6\">\r\n\t\t\t\t<label class=\"btn btn-gr btn-lg btn-block\" for=\"family\" data-event=\"\" data-eventcategory=\"Button\" data-eventlabel=\"With Family - How are you traveling? \u2013 Price Estimator\">\r\n\t\t\t\t\t<input id=\"family\" style=\"opacity: 0;position:absolute;\" autocomplete=\"off\" name=\"type-options\" type=\"radio\" value=\"Family\"> MI FAMILIA Y YO<\/label>\r\n\t\t\t<\/div>\r\n\t\t<\/div>\r\n\t<\/div>\r\n\t<div class=\"form-group m-b-20\">\r\n\t\t<div class=\"m-b-10\">\r\n\t\t\t<div class=\"row\">\r\n\t\t\t\t<div class=\"vc_col-xs-12 m-b-5\"><strong>\u00bfQuieres una membres\u00eda anual o de corto plazo?<\/strong> <\/div>\r\n\t\t\t\t<div class=\"vc_col-xs-6\">\r\n\t\t\t\t\t<label class=\"btn btn-gr btn-lg btn-block\" for=\"oneTrip\" data-event=\"\" data-eventcategory=\"Button\" data-eventlabel=\"One Trip - How many trips are you planning this year? \u2013 Price Estimator\">\r\n\t\t\t\t\t\t<input id=\"oneTrip\" style=\"opacity: 0;position:absolute;\" autocomplete=\"off\" name=\"duration-options\" type=\"radio\" value=\"allYear\"> Anual <\/label>\r\n\t\t\t\t<\/div>\r\n\t\t\t\t<div class=\"vc_col-xs-6\">\r\n\t\t\t\t\t<label class=\"btn btn-gr btn-lg btn-block\" for=\"allYear\" data-event=\"\" data-eventcategory=\"Button\" data-eventlabel=\"Multiple Trips - How many trips are you planning this year? \u2013 Price Estimator\">\r\n\t\t\t\t\t\t<input id=\"allYear\" style=\"opacity: 0;position:absolute;\" autocomplete=\"off\" name=\"duration-options\" type=\"radio\" value=\"oneTrip\"> Corto plazo<\/label>\r\n\t\t\t\t<\/div>\r\n\t\t\t<\/div>\r\n\t\t<\/div>\r\n\t<\/div>\r\n\t<div class=\"form-group m-b-20\">\r\n\t\t<div class=\"one-trip-options oneTrip\" style=\"display: none;\">\r\n\t\t\t<div class=\"row\">\r\n\t\t\t\t<div class=\"vc_col-xs-12 m-b-5\"><strong>\u00bfCu\u00e1nto dura su viaje?<\/strong><\/div>\r\n\t\t\t\t<div class=\"vc_col-xs-4\" style=\"\">\r\n\t\t\t\t\t<label class=\"btn btn-gr btn-lg btn-block\" for=\"7Day\" data-event=\"\" data-eventcategory=\"Button\" data-eventlabel=\"7 Days - How long is your trip? \u2013 Price Estimator\">\r\n\t\t\t\t\t\t<input id=\"7Day\" style=\"opacity: 0;position:absolute;\" autocomplete=\"off\" name=\"one-trip-options\" class=\"one-trip-opt-radio\" type=\"radio\" value=\"7 Days\"> 7 D\u00edas<\/label>\r\n\t\t\t\t<\/div>\r\n\t\t\t\t<div class=\"vc_col-xs-4\" style=\"\">\r\n\t\t\t\t\t<label class=\"btn btn-gr btn-lg btn-block\" for=\"14Day\" data-event=\"\" data-eventcategory=\"Button\" data-eventlabel=\"14 Days - How long is your trip? \u2013 Price Estimator\">\r\n\t\t\t\t\t\t<input id=\"14Day\" style=\"opacity: 0;position:absolute;\" autocomplete=\"off\" name=\"one-trip-options\" class=\"one-trip-opt-radio\" type=\"radio\" value=\"14 Days\"> 14 D\u00edas<\/label>\r\n\t\t\t\t<\/div>\r\n\t\t\t\t<div class=\"vc_col-xs-4\" style=\"\">\r\n\t\t\t\t\t<label class=\"btn btn-gr btn-lg btn-block\" for=\"30Day\" data-event=\"\" data-eventcategory=\"Button\" data-eventlabel=\"30 Days - How long is your trip? \u2013 Price Estimator\">\r\n\t\t\t\t\t\t<input id=\"30Day\" style=\"opacity: 0;position:absolute;\" autocomplete=\"off\" name=\"one-trip-options\" class=\"one-trip-opt-radio\" type=\"radio\" value=\"30 Days\"> 30 D\u00edas<\/label>\r\n\t\t\t\t<\/div>\r\n\t\t\t<\/div>\r\n\t\t<\/div>\r\n\t\t<div class=\"m-b-30 all-year-options allYear\">\r\n\t\t\t<div class=\"row \">\r\n\t\t\t\r\n\t\t\t\t<div class=\"vc_col-xs-12 m-b-5\">\r\n\t\t\t\t\t<strong>\u00bfCu\u00e1l es la duraci\u00f3n de tu viaje m\u00e1s largo este a\u00f1o?<\/strong>\r\n\t\t\t\t<\/div>\r\n\t\t\t\t<div class=\"\">\r\n\t\t\t\t<div class=\"vc_col-xs-3\" style=\"padding: 0 3px 0 3px;\">\r\n\t\t\t\t\t<label class=\"btn btn-gr btn-lg btn-block\" data-event=\"\" data-eventcategory=\"Button\" data-eventlabel=\"45 Days - What is the duration of your longest trip this year? \u2013 Price Estimator\">\r\n\t\t\t\t\t\t<input id=\"45Days\" style=\"opacity: 0;position:absolute;\" autocomplete=\"off\" name=\"all-year-options\" class=\"all-year-opt-radio\" type=\"radio\" value=\"45\"> 45 D\u00edas<\/label>\r\n\t\t\t\t<\/div>\r\n\t\t\t\t<div class=\"vc_col-xs-3\" style=\"padding: 0 3px 0 3px;\">\r\n\t\t\t\t\t<label class=\"btn btn-gr btn-lg btn-block\" data-event=\"\" data-eventcategory=\"Button\" data-eventlabel=\"90 Days - What is the duration of your longest trip this year? \u2013 Price Estimator\">\r\n\t\t\t\t\t\t<input id=\"90Days\" style=\"opacity: 0;position:absolute;\" autocomplete=\"off\" name=\"all-year-options\" class=\"all-year-opt-radio\" type=\"radio\" value=\"90\">90 D\u00edas<\/label>\r\n\t\t\t\t<\/div>\r\n\t\t\t\t<div class=\"vc_col-xs-3\" style=\"padding: 0 3px 0 3px;\">\r\n\t\t\t\t\t<label class=\"btn btn-gr btn-lg btn-block\" data-event=\"\" data-eventcategory=\"Button\" data-eventlabel=\"180 Days - What is the duration of your longest trip this year? \u2013 Price Estimator\">\r\n\t\t\t\t\t\t<input id=\"180Days\" style=\"opacity: 0;position:absolute;\" autocomplete=\"off\" name=\"all-year-options\" class=\"all-year-opt-radio\" type=\"radio\" value=\"180\">180 D\u00edas\n\n<\/label>\r\n\t\t\t\t<\/div>\r\n\t\t\t\t<div class=\"vc_col-xs-3\" style=\"padding: 0 3px 0 3px;\">\r\n\t\t\t\t\t<label class=\"btn btn-gr btn-lg btn-block\" data-event=\"\" data-eventcategory=\"Button\" data-eventlabel=\"365 Days - What is the duration of your longest trip this year? \u2013 Price Estimator\">\r\n\t\t\t\t\t\t<input id=\"360Days\" style=\"opacity: 0;position:absolute;\" autocomplete=\"off\" name=\"all-year-options\" class=\"all-year-opt-radio\" type=\"radio\" value=\"365\">365 D\u00edas<\/label>\r\n\t\t\t\t<\/div>\r\n\t\t\t<\/div>\r\n\t\t\t<\/div>\r\n\t\t<\/div>\r\n\t<\/div>\r\n\t\r\n\t\t<div class=\"form-group m-b-20\">\r\n\t\t\t<div class=\"row\">\r\n\t\t\t\t\t<div class=\"vc_col-xs-12 m-b-5\">\r\n\t\t\t\t\t\t<strong>\u00bfAgregar paquete de seguridad?<\/strong>&nbsp; \r\n\t\t\t\t\t\t<em id=\"tooltip-ex\" tabindex=\"0\" class=\"gr gr-question-circle color-danger\" data-bs-toggle=\"tooltip\" data-bs-placement=\"top\" title=\"\" data-bs-original-title=\"Nuestros veteranos de operaciones especiales militares rescatar\u00e1n a nuestros miembros en peligro de sufrir da\u00f1os corporales debido a guerras, disturbios civiles, desastres naturales, \u00f3rdenes de evacuaci\u00f3n gubernamentales y otras emergencias de seguridad.\" aria-label=\"Our military special operations veterans will extract our members in danger of bodily harm from war, civil unrest, natural disasters, government evacuation orders and other security emergencies.\"><\/em>\r\n\t\t\t\t\t<\/div>\r\n\t\t\t\t\t<div class=\"vc_col-xs-6\">\r\n\t\t\t\t\t\t<label class=\"btn btn-gr btn-lg btn-block\" data-event=\"\" data-eventcategory=\"Button\" data-eventlabel=\"Yes - Add on a security membership? \u2013 Price Estimator\">\r\n\t\t\t\t\t\t\t<input id=\"yes\" style=\"opacity: 0;position:absolute;\" autocomplete=\"off\" name=\"security-options\" type=\"radio\" value=\"Medical and Security Evacuation\"> S\u00ed <\/label>\r\n\t\t\t\t\t<\/div>\r\n\t\t\t\t\t<div class=\"vc_col-xs-6\">\r\n\t\t\t\t\t\t<label class=\"btn btn-gr btn-lg btn-block\" data-event=\"\" data-eventcategory=\"Button\" data-eventlabel=\"No - Add on a security membership? \u2013 Price Estimator\">\r\n\t\t\t\t\t\t\t<input id=\"no\" style=\"opacity: 0;position:absolute;\" autocomplete=\"off\" name=\"security-options\" type=\"radio\" value=\"Medical Evacuation Only\"> No <\/label>\r\n\t\t\t\t\t<\/div>\r\n\t\t\t\t<\/div>\r\n\t\t<\/div>\r\n\t\t<div class=\"form-group\" id=\"high-altitude-place\" style=\"margin-bottom: 25px !important;\">\r\n\t\t\t<div class=\"row\">\r\n\t\t\t\t\t<div class=\"vc_col-xs-12 m-b-5\">\r\n\t\t\t\t\t\t<strong>\u00bfA\u00f1adir evacuaci\u00f3n a gran altitud?<\/strong> \r\n\t\t\t\t\t\t<em id=\"tooltip-ex\" tabindex=\"0\" class=\"gr gr-question-circle color-danger\" data-bs-toggle=\"tooltip\" data-bs-placement=\"top\" title=\"\" data-bs-original-title=\"Proporciona servicios a miembros de 16 a\u00f1os de edad o m\u00e1s que viajan a m\u00e1s de 15,000 pies (4,600 m) durante cualquier parte de su viaje (excluyendo viajes en avi\u00f3n) y que requieren transporte de emergencia debido a una lesi\u00f3n o enfermedad.\" aria-label=\"Nuestros veteranos de operaciones especiales militares rescatar\u00e1n a nuestros miembros en peligro de sufrir da\u00f1os corporales debido a guerras, disturbios civiles, desastres naturales, \u00f3rdenes de evacuaci\u00f3n gubernamentales y otras emergencias de seguridad.\"><\/em>\r\n\t\t\t\t\t<\/div>\r\n\t\t\t\t\t<div class=\"vc_col-xs-6\">\r\n\t\t\t\t\t\t<label class=\"btn btn-gr btn-lg btn-block\" data-event=\"\" data-eventcategory=\"Button\" data-eventlabel=\"Yes - Add on a High Altitude Evacuation? \u2013 Price Estimator\">\r\n\t\t\t\t\t\t\t<input id=\"high-altitude-evacuation\" style=\"opacity: 0;position:absolute;\" autocomplete=\"off\" name=\"high-altitude-evacuation\" type=\"radio\" value=\"Medical and High Altitude Evacuation\"> S\u00ed <\/label>\r\n\t\t\t\t\t<\/div>\r\n\t\t\t\t\t<div class=\"vc_col-xs-6\">\r\n\t\t\t\t\t\t<label class=\"btn btn-gr btn-lg btn-block\" data-event=\"\" data-eventcategory=\"Button\" data-eventlabel=\"No - Add on a High Altitude Evacuation? \u2013 Price Estimator\">\r\n\t\t\t\t\t\t\t<input id=\"no-high-altitude-evacuation\" style=\"opacity: 0;position:absolute;\" autocomplete=\"off\" name=\"high-altitude-evacuation\" type=\"radio\" value=\"Medical Evacuation Only\"> No <\/label>\r\n\t\t\t\t\t<\/div>\r\n\t\t\t\t<\/div>\r\n\t\t<\/div>\r\n\t\t\t<div class=\"text-center tls_estimator_total m-b-20\">\r\n\t\t\t\t<div class=\"row\">\r\n\t\t\t\t\t<div class=\"col-6\">\r\n\t\t\t\t\t\t\t\t\t\t\t\t<h4 class=\"text-center grey-bg fr-lh\"><strong>Estimado\t\t\t<\/strong><\/h4>\r\n\t\t\t\t\t<\/div>\r\n\t\t\t\t\t<div class=\"col-6 price-wrapper\">\r\n\t\t\t\t\t\t<h1 class=\"headline vc_color-danger text-center m-t-5\">$<span class=\"pkgPrice\">0.00<\/span><\/h1> \r\n\t\t\t\t\t<\/div>\r\n\t\t\t\t\t\r\n\t\t\t\t<\/div>\r\n\t\t\t<\/div>\r\n\t\t\t\r\n\t\t\r\n\t\t\r\n\t\t<div class=\"row\">\r\n\t\t\t<p style=\"font-size: 14px;letter-spacing: 0px; font-weight: 500;\">Por favor responda todas las preguntas para obtener un presupuesto.<\/p>\r\n\t\t\t<div class=\"vc_col-sm-12\"> \r\n\t\t\t\t<a id=\"enrollNow\" class=\"btn btn-danger btn-block btn-gr btn-lg m-b-0\" data-ab-testing=\"\" href=\"https:\/\/ss.globalrescue.com\/grhash\/signup\/step1\/\" target=\"\" rel=\"noopener\" data-event=\"\" data-eventcategory=\"Link\" data-eventlabel=\"Enroll \u2013 Price Estimator\" disabled=\"disabled\">\u00daNASE A<\/a> \r\n\t\t\t<\/div>\r\n\t\t<\/div>\r\n\t\r\n<\/div>\n<p>[\/vc_column_text][\/vc_column_inner][vc_column_inner width=\u00bb1\/4&#8243;][\/vc_column_inner][\/vc_row_inner][\/vc_column][\/vc_row][vc_row][vc_column][vc_row_inner el_class=\u00bbcontainer auto-margin testimonials\u00bb][vc_column_inner][vc_column_text css=\u00bb\u00bb]\t<div class=\"col-sm-12\">\r\n\t\t<h2 class=\"color-danger heading \" style=\"margin: 20px 0px; text-align: left; font-size: ;\">Testimonios<\/h2>\r\n\t<\/div>\r\n<div class=\"row posts-grid\">\r\n\t\t\t<div class=\"col-6 col-md-3 testimonials-bg\">\r\n\t\t\t   <a href=\"javascript:void()\" class=\"lp-blog-list-v2 gr-post-grid-modal-opener\" data-post-id=\"48710\" data-event=\"\" data-eventcategory=\"Link\" data-eventlabel=\"Blog Video - JAMIE CRANE-MAUZY\">\r\n\t\t\t\t  <div class=\"thumbnail lazyload-bg-img\" style=\"background-image: url(https:\/\/www.globalrescue.com\/grcom\/grmkt_resources\/images\/testimonial_images\/Mauzy_2_90x90.jpg);\" data-src=\"https:\/\/www.globalrescue.com\/grcom\/grmkt_resources\/images\/testimonial_images\/Mauzy_2_90x90.jpg\">\r\n\t\t\t\t  <\/div>\r\n\t\t\t\t  \r\n\t\t\t\t  <div class=\"foreground\"><\/div>\r\n\t\t\t\t\t<p class=\"m-t-0 testimonial-title \"><b>JAMIE CRANE-MAUZY<\/b><\/p>\r\n\t\t\t\t\t<div class=\"play-icon\"><i class=\"gr gr-play\" style=\"color: #fff; font-size: 2.5rem;\"><\/i><\/div>\r\n\t\t\t   <\/a>\r\n\t\t\t<\/div>\r\n\t\t\t\t\t\t\t<div class=\"col-6 col-md-3 testimonials-bg\">\r\n\t\t\t   <a href=\"javascript:void()\" class=\"lp-blog-list-v2 gr-post-grid-modal-opener\" data-post-id=\"48682\" data-event=\"\" data-eventcategory=\"Link\" data-eventlabel=\"Blog Video - \u00bfPor qu\u00e9 Global Rescue?\">\r\n\t\t\t\t  <div class=\"thumbnail lazyload-bg-img\" style=\"background-image: url(https:\/\/www.globalrescue.com\/grcom\/grmkt_resources\/images\/testimonial_images\/Allan-Lokos_testimonial.jpg);\" data-src=\"https:\/\/www.globalrescue.com\/grcom\/grmkt_resources\/images\/testimonial_images\/Allan-Lokos_testimonial.jpg\">\r\n\t\t\t\t  <\/div>\r\n\t\t\t\t  \r\n\t\t\t\t  <div class=\"foreground\"><\/div>\r\n\t\t\t\t\t<p class=\"m-t-0 testimonial-title \"><b>\u00bfPor qu\u00e9 Global Rescue?<\/b><\/p>\r\n\t\t\t\t\t<div class=\"play-icon\"><i class=\"gr gr-play\" style=\"color: #fff; font-size: 2.5rem;\"><\/i><\/div>\r\n\t\t\t   <\/a>\r\n\t\t\t<\/div>\r\n\t\t\t\t\t\t\t\t\t<div class=\"col-6 col-md-3\">\r\n\t\t\t\t<a class=\"lp-blog-list-v2 m-b-sml-20\" style=\"position:relative;display:block\" target=\"_blank\" href=\"https:\/\/www.globalrescue.com\/es\/common\/blog\/detail\/llama-trauma-in-wyoming\/\" data-event=\"\" data-eventcategory=\"Link\" data-eventlabel=\"Blog Square - Traumatismos de llamas en la cordillera de Wind River\">\r\n\t\t\t\t\t<div class=\"thumbnail m-b-5 lazyload-bg-img\" style=\"pointer-events: none; overflow: hidden; padding: 0px; border-radius: 0px; background-size: cover; height: 170px; background-image: url(https:\/\/www.globalrescue.com\/grcom\/grmkt_resources\/images\/common_images\/WindRiverRangeWyoming_MaryKelly.jpg);\" data-src=\"https:\/\/www.globalrescue.com\/grcom\/grmkt_resources\/images\/common_images\/WindRiverRangeWyoming_MaryKelly.jpg\">\r\n\t\t\t\t\t<\/div>\r\n\t\t\t\t\t<div class=\"foreground\" style=\"position: absolute;top:0;justify-content:center;align-items:center;width:100%;height:100%;background:rgba(0,0,0,0.5)\"><\/div>\r\n\t\t\t\t\t<p class=\"m-t-0\" style=\"pointer-events:none;position: absolute;bottom: 30px;left: 12px;right:12px;color: #fff;text-shadow: 1px 1px 1px #333;\">\r\n\t\t\t\t\t\t<b>Traumatismo por llamas en la cordillera Wind River<\/b>\r\n\t\t\t\t\t<\/p>\r\n\t\t\t\t\t  <span style=\"pointer-events:none;color:#fff;position: absolute;bottom: 15px;left: 12px;\">\r\n\t\t\t\t\t    Leer<span style=\"color: #fff;font-size: 19px;\">\u2192<\/span>\r\n\t\t\t\t\t  <\/span>\r\n\t\t\t   <\/a>\r\n\t\t\t<\/div>\r\n\t\t\t\t\t\t\t\t\t<div class=\"col-6 col-md-3\">\r\n\t\t\t\t<a class=\"lp-blog-list-v2 m-b-sml-20\" style=\"position:relative;display:block\" target=\"_blank\" href=\"https:\/\/www.globalrescue.com\/es\/common\/blog\/detail\/granito-pico-montana-rescate\/\" data-event=\"\" data-eventcategory=\"Link\" data-eventlabel=\"Blog Square - Rescate de un escalador estadounidense durante las vacaciones de fin de semana\">\r\n\t\t\t\t\t<div class=\"thumbnail m-b-5 lazyload-bg-img\" style=\"pointer-events: none; overflow: hidden; padding: 0px; border-radius: 0px; background-size: cover; height: 170px; background-image: url(https:\/\/www.globalrescue.com\/grcom\/grmkt_resources\/images\/common_images\/ZachEiten_mountains.jpg);\" data-src=\"https:\/\/www.globalrescue.com\/grcom\/grmkt_resources\/images\/common_images\/ZachEiten_mountains.jpg\">\r\n\t\t\t\t\t<\/div>\r\n\t\t\t\t\t<div class=\"foreground\" style=\"position: absolute;top:0;justify-content:center;align-items:center;width:100%;height:100%;background:rgba(0,0,0,0.5)\"><\/div>\r\n\t\t\t\t\t<p class=\"m-t-0\" style=\"pointer-events:none;position: absolute;bottom: 30px;left: 12px;right:12px;color: #fff;text-shadow: 1px 1px 1px #333;\">\r\n\t\t\t\t\t\t<b>Rescate de un escalador estadounidense durante las vacaciones de fin de semana<\/b>\r\n\t\t\t\t\t<\/p>\r\n\t\t\t\t\t  <span style=\"pointer-events:none;color:#fff;position: absolute;bottom: 15px;left: 12px;\">\r\n\t\t\t\t\t    Leer<span style=\"color: #fff;font-size: 19px;\">\u2192<\/span>\r\n\t\t\t\t\t  <\/span>\r\n\t\t\t   <\/a>\r\n\t\t\t<\/div>\r\n\t\t\t\t\t\t<\/div>\r\n<div class=\"text-center m-t-20 m-b-20\">\r\n\t<a href=\"\/personal\/travelservices\/\" class=\"btn btn-danger btn-gr btn-lg\" data-event=\"\" data-eventcategory=\"Button\" data-eventlabel=\"SABER M\u00c1S\" target=\"_blank\">SABER M\u00c1S<\/a>\r\n<\/div>\r\n[\/vc_column_text][\/vc_column_inner][\/vc_row_inner][\/vc_column][\/vc_row][vc_row el_class=\u00bbcrosspurpose-section my-4&#8243;][vc_column css=\u00bb.vc_custom_1731506434339{background-image: url(\/grcom\/images\/common\/Mask-Group-68.png?id=36547) !important;background-position: center !important;background-repeat: no-repeat !important;background-size: cover !important;}\u00bb offset=\u00bbvc_col-md-6&#8243;][vc_column_text css_animation=\u00bbnone\u00bb el_class=\u00bbd-flex justify-content-end\u00bb]<\/p>\n<div class=\"cross-platform-content\">\n<p class=\"fw-bold m-0\">Rescate global para<\/p>\n<p class=\"mb-4\">Operadores tur\u00edsticos y gu\u00edas<\/p>\n<p><a href=\"https:\/\/www.globalrescue.com\/es\/partners\/?source=crosspurpose&#038;pagesource=local-field-rescue\" class=\"btn btn-lg btn-gr btn-danger btn-cross-platform\">As\u00f3ciese con nosotros<\/a><\/p>\n<\/div>\n<p>[\/vc_column_text][\/vc_column][vc_column css=\u00bb.vc_custom_1731506443595{background-image: url(\/grcom\/images\/common\/Mask-Group-67.png?id=36549) !important;background-position: center !important;background-repeat: no-repeat !important;background-size: cover !important;}\u00bb offset=\u00bbvc_col-md-6&#8243;][vc_column_text el_class=\u00bbd-flex justify-content-start\u00bb]<\/p>\n<div class=\"cross-platform-content\">\n<p class=\"fw-bold m-0\">Rescate global para<\/p>\n<p class=\"mb-4\">Empresas e instituciones<\/p>\n<p><a href=\"https:\/\/www.globalrescue.com\/es\/enterprise\/business-travel-risk-mitigation\/?source=crosspurpose&#038;pagesource=local-field-rescue\" class=\"btn btn-lg btn-gr btn-danger\">Saber m\u00e1s<\/a><\/p>\n<\/div>\n<p>[\/vc_column_text][\/vc_column][\/vc_row]<\/p>\n<\/div>","protected":false},"excerpt":{"rendered":"<p>[vc_row el_class=\u00bbcontainer auto-margin\u00bb][vc_column][vc_column_text] &nbsp; Global Rescue, la empresa l\u00edder mundial en gesti\u00f3n integrada de crisis y riesgos en viajes, ha ampliado sus servicios de afiliaci\u00f3n para incluir el rescate local sobre el terreno en un radio de 160 km del domicilio, as\u00ed como en cualquier lugar m\u00e1s all\u00e1 de los 160 km. &nbsp; \u00danete a [&hellip;]<\/p>\n","protected":false},"author":5,"featured_media":40401,"parent":0,"menu_order":0,"comment_status":"closed","ping_status":"closed","template":"landing-pages\/template-lp-dark-header.php","meta":{"_acf_changed":false,"inline_featured_image":false,"footnotes":""},"class_list":["post-48516","page","type-page","status-publish","has-post-thumbnail","hentry"],"acf":[],"_links":{"self":[{"href":"https:\/\/www.globalrescue.com\/es\/wp-json\/wp\/v2\/pages\/48516","targetHints":{"allow":["GET"]}}],"collection":[{"href":"https:\/\/www.globalrescue.com\/es\/wp-json\/wp\/v2\/pages"}],"about":[{"href":"https:\/\/www.globalrescue.com\/es\/wp-json\/wp\/v2\/types\/page"}],"author":[{"embeddable":true,"href":"https:\/\/www.globalrescue.com\/es\/wp-json\/wp\/v2\/users\/5"}],"replies":[{"embeddable":true,"href":"https:\/\/www.globalrescue.com\/es\/wp-json\/wp\/v2\/comments?post=48516"}],"version-history":[{"count":6,"href":"https:\/\/www.globalrescue.com\/es\/wp-json\/wp\/v2\/pages\/48516\/revisions"}],"predecessor-version":[{"id":51359,"href":"https:\/\/www.globalrescue.com\/es\/wp-json\/wp\/v2\/pages\/48516\/revisions\/51359"}],"wp:featuredmedia":[{"embeddable":true,"href":"https:\/\/www.globalrescue.com\/es\/wp-json\/wp\/v2\/media\/40401"}],"wp:attachment":[{"href":"https:\/\/www.globalrescue.com\/es\/wp-json\/wp\/v2\/media?parent=48516"}],"curies":[{"name":"wp","href":"https:\/\/api.w.org\/{rel}","templated":true}]}}