{"id":48765,"date":"2022-03-07T07:00:02","date_gmt":"2022-03-07T07:00:02","guid":{"rendered":"https:\/\/www.globalrescue.com\/lp\/estamos-contratando\/"},"modified":"2025-08-19T08:00:45","modified_gmt":"2025-08-19T08:00:45","slug":"estamos-contratando","status":"publish","type":"page","link":"https:\/\/www.globalrescue.com\/es\/lp\/wearehiring\/","title":{"rendered":"Estamos contratando"},"content":{"rendered":"<div class=\"wpb-content-wrapper\"><p>[vc_row el_class=\u00bbmt-5 mb-5&#8243;][vc_column][vc_row_inner el_class=\u00bbauto-margin mt-sm-5 mb-sm-5&#8243;][vc_column_inner][vc_column_text]<\/p>\n<section class=\"p-t-70 p-b-70 p-t-sml-30 p-b-sml-30 acg-text-panel\">\n<div class=\"container text-panel\">\n<h3 style=\"color: #828282; text-align: center; font-weight: 400; font-size: 28px; margin: 0 -15px;\"><em>En Global Rescue, venimos a trabajar cada d\u00eda con un \u00fanico prop\u00f3sito: estar ah\u00ed para nuestros miembros cuando m\u00e1s importa. <\/em><\/h3>\n<\/div>\n<\/section>\n<p>[\/vc_column_text][\/vc_column_inner][\/vc_row_inner][\/vc_column][\/vc_row][vc_row][vc_column][vc_row_inner content_placement=\u00bbmiddle\u00bb el_class=\u00bbcontainer auto-margin mb-5&#8243;][vc_column_inner width=\u00bb1\/2&#8243;][vc_column_text css=\u00bb\u00bb]<\/p>\n<div class=\"\">\n<div class=\"\">\n<h1 style=\"text-align: left;\"><span style=\"color: #d71635; font-weight: 900;\">Solicitar ahora <\/span><\/h1>\n<p>Global Rescue ofrece interesantes oportunidades profesionales en diversas disciplinas empresariales, m\u00e9dicas, de seguridad y de respuesta a crisis. En Global Rescue, trabajar\u00e1s en proyectos apasionantes y desafiantes y formar\u00e1s parte de una empresa en crecimiento que despliega servicios revolucionarios de salud, viajes y respuesta a crisis en todo el mundo.<\/p>\n<p style=\"font-weight: 600;\">Si est\u00e1 preparado para el reto -y para una carrera gratificante-, somos la empresa para usted.<\/p>\n<\/div>\n<div class=\"mt-4 m-b-sml-30 read_blog_button\"><a href=\"https:\/\/secure7.saashr.com\/ta\/6210167.careers?CareersSearch=&amp;lang=en-US\" data-eventcategory=\"Button\" data-event=\"\" data-eventlabel=\"Join Our Team\" class=\"btn btn-danger btn-gr btn-lg\">\u00danete a nuestro equipo<\/a><\/div>\n<\/div>\n<p>[\/vc_column_text][\/vc_column_inner][vc_column_inner width=\u00bb1\/2&#8243;][vc_single_image image=\u00bb10337&#8243; img_size=\u00bbfull\u00bb alignment=\u00bbcenter\u00bb][\/vc_column_inner][\/vc_row_inner][\/vc_column][\/vc_row][vc_row][vc_column][vc_row_inner el_class=\u00bbmb-5&#8243;][vc_column_inner][vc_column_text]<\/p>\n<div class=\"container\" style=\"border-bottom: solid 1px #333;\"><\/div>\n<p>&nbsp;<\/p>\n<section class=\"p-t-70 p-b-70 p-t-sml-30 p-b-sml-30 acg-text-panel\">\n<div class=\"container text-panel\">\n<p style=\"text-align: left; font-weight: 600;\">Global Rescue ha sido l\u00edder y pionera en el sector de la gesti\u00f3n de crisis y riesgos en viajes desde su fundaci\u00f3n en 2004. Proporcionamos los mejores servicios integrados de gesti\u00f3n m\u00e9dica, de seguridad, de riesgos en viajes y de crisis disponibles en cualquier lugar, prestados por nuestros equipos de param\u00e9dicos de cuidados cr\u00edticos, m\u00e9dicos, enfermeros y veteranos de operaciones militares especiales. Nuestra trayectoria nos ha convertido en el proveedor elegido por organismos gubernamentales y algunas de las mayores empresas, universidades, organizaciones sin \u00e1nimo de lucro y operadores tur\u00edsticos del mundo.<\/p>\n<p>&nbsp;<\/p>\n<div class=\"container\" style=\"border-bottom: solid 1px #333;\"><\/div>\n<p>&nbsp;<\/p>\n<p>&nbsp;<\/p>\n<h1 style=\"text-align: center;\"><span style=\"color: #d71635; font-weight: 900;\">Nuestra cultura <\/span><\/h1>\n<p>Global Rescue tiene su sede en el <span style=\"font-weight: 600;\">hist\u00f3rico<\/span> edificio de un molino en Lebanon (Nueva Hampshire). En su interior hay ladrillo, piedra, cemento, anchas vigas de madera y grandes ventanales con vistas al r\u00edo. La distribuci\u00f3n es indicativa de la cultura de la empresa: abierta. Las paredes semicristalinas invitan a la conversaci\u00f3n, el trabajo en equipo, el intercambio de informaci\u00f3n, las lluvias de ideas improvisadas y la camarader\u00eda.<\/p>\n<p>Todo el mundo en Global Rescue es inteligente, dedicado y trabaja duro. Somos un equipo <span style=\"font-weight: 600;\">diverso<\/span>, con diferentes edades (multigeneracional), \u00e1reas de especializaci\u00f3n (desde medicina natural a conocimientos log\u00edsticos) y or\u00edgenes culturales (cuatro oficinas en todo el mundo), pero unidos en nuestra misi\u00f3n de <span style=\"font-weight: 600;\">ayudar a los viajeros<\/span>, a veces en el peor d\u00eda de su vida.<\/p>\n<p>Una petici\u00f3n de un miembro de Global Rescue puede ser tan sencilla como responder a una pregunta sobre el mejor aeropuerto de un pa\u00eds de destino, o tan compleja como el rescate en helic\u00f3ptero de un miembro herido en un lugar remoto. Todo el mundo <span style=\"font-weight: 600;\">se centra en el cliente<\/span> y <span style=\"font-weight: 600;\">en la misi\u00f3n<\/span> - es un trabajo serio <span style=\"font-weight: 600;\">salvar vidas<\/span> - pero equilibramos el trabajo duro con la diversi\u00f3n: comidas, oportunidades de voluntariado\/donaci\u00f3n, oportunidades de aprendizaje, concursos de disfraces, pausas para el chocolate y paseos con los compa\u00f1eros de trabajo. Las personas son tan valiosas como el trabajo.<\/p>\n<p>Global Rescue no es un lugar de trabajo al uso. Nuestro equipo de profesionales <span style=\"font-weight: 600;\">apasionados<\/span> e impulsados por su misi\u00f3n est\u00e1 reinventando el sector de la gesti\u00f3n de crisis y riesgos en los viajes y ayudando a <span style=\"font-weight: 600;\">salvar vidas cada d\u00eda<\/span>.<\/p>\n<\/div>\n<\/section>\n<p>[\/vc_column_text][\/vc_column_inner][\/vc_row_inner][\/vc_column][\/vc_row][vc_row][vc_column][vc_row_inner content_placement=\u00bbmiddle\u00bb el_class=\u00bbcontainer auto-margin mb-5&#8243;][vc_column_inner width=\u00bb1\/2&#8243;][vc_single_image image=\u00bb6039&#8243; img_size=\u00bbfull\u00bb alignment=\u00bbcenter\u00bb][\/vc_column_inner][vc_column_inner width=\u00bb1\/2&#8243;][vc_single_image image=\u00bb6041&#8243; img_size=\u00bbfull\u00bb alignment=\u00bbcenter\u00bb][vc_single_image image=\u00bb6042&#8243; img_size=\u00bbfull\u00bb alignment=\u00bbcenter\u00bb][\/vc_column_inner][\/vc_row_inner][\/vc_column][\/vc_row][vc_row][vc_column][vc_row_inner content_placement=\u00bbmiddle\u00bb el_class=\u00bbcontainer auto-margin mt-5 mb-5&#8243;][vc_column_inner width=\u00bb1\/2&#8243;][vc_column_text]<\/p>\n<div class=\"\">\n<h1 class=\"color-danger text-left headline lg m-b-0\"><\/h1>\n<h1><span style=\"color: #d71635; font-weight: 900;\">Nuestras ventajas<\/span><\/h1>\n<div class=\"m-t-10\">\n<div class=\"page\" data-page-number=\"1\" data-loaded=\"true\"><\/div>\n<div class=\"page\" data-page-number=\"2\" data-loaded=\"true\">\n<div class=\"textLayer\">Global Rescue ofrece salarios competitivos, bonificaciones basadas en el rendimiento y un s\u00f3lido conjunto de beneficios. Comprometidos con hacer de Global Rescue un gran lugar para trabajar, patrocinamos regularmente salidas de empresa, fiestas navide\u00f1as, actividades de compromiso de los empleados y participaci\u00f3n en la comunidad.<\/div>\n<\/div>\n<\/div>\n<\/div>\n<p>[\/vc_column_text][\/vc_column_inner][vc_column_inner width=\u00bb1\/2&#8243;][vc_single_image image=\u00bb6004&#8243; img_size=\u00bbfull\u00bb alignment=\u00bbcenter\u00bb][\/vc_column_inner][\/vc_row_inner][\/vc_column][\/vc_row][vc_row css=\u00bb.vc_custom_1646626640669{background-color: #e6e6e6 !important;}\u00bb][vc_column][vc_row_inner el_class=\u00bbcontainer auto-margin blog-posts\u00bb][vc_column_inner][vc_column_text css=\u00bb\u00bb]\t<div class=\"col-sm-12\">\r\n\t\t<h2 class=\"color-danger heading \" style=\"margin: 20px 0px; text-align: center; font-size: 41px;\">M\u00e1s informaci\u00f3n<\/h2>\r\n\t<\/div>\r\n<div class=\"row posts-grid\">\r\n\t\t\t\t\t<div class=\"col-6 col-md-3\">\r\n\t\t\t\t<a class=\"lp-blog-list-v2 m-b-sml-20\" style=\"position:relative;display:block\" target=\"_blank\" href=\"https:\/\/www.globalrescue.com\/es\/common\/blog\/detail\/news\/\" data-event=\"\" data-eventcategory=\"Link\" data-eventlabel=\"Blog Square - Noticias\">\r\n\t\t\t\t\t<div class=\"thumbnail m-b-5 lazyload-bg-img\" style=\"pointer-events: none; overflow: hidden; padding: 0px; border-radius: 0px; background-size: cover; height: 170px; background-image: url(https:\/\/www.globalrescue.com\/grcom\/grmkt_resources\/images\/Landing-Pages\/news.jpg);\" data-src=\"https:\/\/www.globalrescue.com\/grcom\/grmkt_resources\/images\/Landing-Pages\/news.jpg\">\r\n\t\t\t\t\t<\/div>\r\n\t\t\t\t\t<div class=\"foreground\" style=\"position: absolute;top:0;justify-content:center;align-items:center;width:100%;height:100%;background:rgba(0,0,0,0.5)\"><\/div>\r\n\t\t\t\t\t<p class=\"m-t-0\" style=\"pointer-events:none;position: absolute;bottom: 30px;left: 12px;right:12px;color: #fff;text-shadow: 1px 1px 1px #333;\">\r\n\t\t\t\t\t\t<b>Nuestro buen trabajo en los titulares<\/b>\r\n\t\t\t\t\t<\/p>\r\n\t\t\t\t\t  <span style=\"pointer-events:none;color:#fff;position: absolute;bottom: 15px;left: 12px;\">\r\n\t\t\t\t\t    Leer<span style=\"color: #fff;font-size: 19px;\">\u2192<\/span>\r\n\t\t\t\t\t  <\/span>\r\n\t\t\t   <\/a>\r\n\t\t\t<\/div>\r\n\t\t\t\t\t\t\t\t\t<div class=\"col-6 col-md-3\">\r\n\t\t\t\t<a class=\"lp-blog-list-v2 m-b-sml-20\" style=\"position:relative;display:block\" target=\"_blank\" href=\"https:\/\/www.globalrescue.com\/es\/common\/blog\/detail\/about-us\/\" data-event=\"\" data-eventcategory=\"Link\" data-eventlabel=\"Blog Square - Qui\u00e9nes somos\">\r\n\t\t\t\t\t<div class=\"thumbnail m-b-5 lazyload-bg-img\" style=\"pointer-events: none; overflow: hidden; padding: 0px; border-radius: 0px; background-size: cover; height: 170px; background-image: url(https:\/\/www.globalrescue.com\/grcom\/grmkt_resources\/images\/Landing-Pages\/Scott-Hume.jpg);\" data-src=\"https:\/\/www.globalrescue.com\/grcom\/grmkt_resources\/images\/Landing-Pages\/Scott-Hume.jpg\">\r\n\t\t\t\t\t<\/div>\r\n\t\t\t\t\t<div class=\"foreground\" style=\"position: absolute;top:0;justify-content:center;align-items:center;width:100%;height:100%;background:rgba(0,0,0,0.5)\"><\/div>\r\n\t\t\t\t\t<p class=\"m-t-0\" style=\"pointer-events:none;position: absolute;bottom: 30px;left: 12px;right:12px;color: #fff;text-shadow: 1px 1px 1px #333;\">\r\n\t\t\t\t\t\t<b>Conozca al equipo directivo<\/b>\r\n\t\t\t\t\t<\/p>\r\n\t\t\t\t\t  <span style=\"pointer-events:none;color:#fff;position: absolute;bottom: 15px;left: 12px;\">\r\n\t\t\t\t\t    Leer<span style=\"color: #fff;font-size: 19px;\">\u2192<\/span>\r\n\t\t\t\t\t  <\/span>\r\n\t\t\t   <\/a>\r\n\t\t\t<\/div>\r\n\t\t\t\t\t\t\t\t\t<div class=\"col-6 col-md-3\">\r\n\t\t\t\t<a class=\"lp-blog-list-v2 m-b-sml-20\" style=\"position:relative;display:block\" target=\"_blank\" href=\"https:\/\/www.globalrescue.com\/es\/common\/blog\/detail\/the-ultimate-world-travel-safety-kit\/\" data-event=\"\" data-eventcategory=\"Link\" data-eventlabel=\"Blog Square - Lo \u00faltimo en seguridad para viajar por el mundo\">\r\n\t\t\t\t\t<div class=\"thumbnail m-b-5 lazyload-bg-img\" style=\"pointer-events: none; overflow: hidden; padding: 0px; border-radius: 0px; background-size: cover; height: 170px; background-image: url(https:\/\/www.globalrescue.com\/grcom\/grmkt_resources\/images\/Media-blog-images\/travel-safety-kit.jpg);\" data-src=\"https:\/\/www.globalrescue.com\/grcom\/grmkt_resources\/images\/Media-blog-images\/travel-safety-kit.jpg\">\r\n\t\t\t\t\t<\/div>\r\n\t\t\t\t\t<div class=\"foreground\" style=\"position: absolute;top:0;justify-content:center;align-items:center;width:100%;height:100%;background:rgba(0,0,0,0.5)\"><\/div>\r\n\t\t\t\t\t<p class=\"m-t-0\" style=\"pointer-events:none;position: absolute;bottom: 30px;left: 12px;right:12px;color: #fff;text-shadow: 1px 1px 1px #333;\">\r\n\t\t\t\t\t\t<b>Los empleados comparten su experiencia con el mundo<\/b>\r\n\t\t\t\t\t<\/p>\r\n\t\t\t\t\t  <span style=\"pointer-events:none;color:#fff;position: absolute;bottom: 15px;left: 12px;\">\r\n\t\t\t\t\t    Leer<span style=\"color: #fff;font-size: 19px;\">\u2192<\/span>\r\n\t\t\t\t\t  <\/span>\r\n\t\t\t   <\/a>\r\n\t\t\t<\/div>\r\n\t\t\t\t\t\t\t\t\t<div class=\"col-6 col-md-3\">\r\n\t\t\t\t<a class=\"lp-blog-list-v2 m-b-sml-20\" style=\"position:relative;display:block\" target=\"_blank\" href=\"https:\/\/www.globalrescue.com\/es\/common\/blog\/detail\/mission-briefs-april-june-2021\/\" data-event=\"\" data-eventcategory=\"Link\" data-eventlabel=\"Blog Square - Misi\u00f3n Briefs: De abril a junio de 2021\">\r\n\t\t\t\t\t<div class=\"thumbnail m-b-5 lazyload-bg-img\" style=\"pointer-events: none; overflow: hidden; padding: 0px; border-radius: 0px; background-size: cover; height: 170px; background-image: url(https:\/\/www.globalrescue.com\/grcom\/grmkt_resources\/images\/Media-blog-images\/Everest-Expedition.jpg);\" data-src=\"https:\/\/www.globalrescue.com\/grcom\/grmkt_resources\/images\/Media-blog-images\/Everest-Expedition.jpg\">\r\n\t\t\t\t\t<\/div>\r\n\t\t\t\t\t<div class=\"foreground\" style=\"position: absolute;top:0;justify-content:center;align-items:center;width:100%;height:100%;background:rgba(0,0,0,0.5)\"><\/div>\r\n\t\t\t\t\t<p class=\"m-t-0\" style=\"pointer-events:none;position: absolute;bottom: 30px;left: 12px;right:12px;color: #fff;text-shadow: 1px 1px 1px #333;\">\r\n\t\t\t\t\t\t<b>Misi\u00f3n Briefs: De abril a junio de 2021<\/b>\r\n\t\t\t\t\t<\/p>\r\n\t\t\t\t\t  <span style=\"pointer-events:none;color:#fff;position: absolute;bottom: 15px;left: 12px;\">\r\n\t\t\t\t\t    Leer<span style=\"color: #fff;font-size: 19px;\">\u2192<\/span>\r\n\t\t\t\t\t  <\/span>\r\n\t\t\t   <\/a>\r\n\t\t\t<\/div>\r\n\t\t\t\t\t\t<\/div>\r\n<div class=\"text-center m-t-20 m-b-20\">\r\n\t<a href=\"https:\/\/secure7.saashr.com\/ta\/6210167.careers?CareersSearch=&amp;lang=en-US\" class=\"btn btn-danger btn-gr btn-lg\" data-event=\"\" data-eventcategory=\"Button\" data-eventlabel=\"Ver ofertas de empleo\" target=\"_blank\">Ver ofertas de empleo<\/a>\r\n<\/div>\r\n[\/vc_column_text][\/vc_column_inner][\/vc_row_inner][\/vc_column][\/vc_row]<\/p>\n<\/div>","protected":false},"excerpt":{"rendered":"<p>[vc_row el_class=\u00bbmt-5 mb-5&#8243;][vc_column][vc_row_inner el_class=\u00bbauto-margin mt-sm-5 mb-sm-5&#8243;][vc_column_inner][vc_column_text] En Global Rescue, venimos a trabajar cada d\u00eda con un \u00fanico prop\u00f3sito: estar ah\u00ed para nuestros miembros cuando m\u00e1s importa. [\/vc_column_text][\/vc_column_inner][\/vc_row_inner][\/vc_column][\/vc_row][vc_row][vc_column][vc_row_inner content_placement=\u00bbmiddle\u00bb el_class=\u00bbcontainer auto-margin mb-5&#8243;][vc_column_inner width=\u00bb1\/2&#8243;][vc_column_text css=\u00bb\u00bb] Solicitar ahora Global Rescue ofrece interesantes oportunidades profesionales en diversas disciplinas empresariales, m\u00e9dicas, de seguridad y de respuesta a crisis. En Global [&hellip;]<\/p>\n","protected":false},"author":1,"featured_media":40322,"parent":48090,"menu_order":0,"comment_status":"closed","ping_status":"closed","template":"landing-pages\/template-lp-dark-header.php","meta":{"_acf_changed":false,"inline_featured_image":false,"footnotes":""},"class_list":["post-48765","page","type-page","status-publish","has-post-thumbnail","hentry"],"acf":[],"_links":{"self":[{"href":"https:\/\/www.globalrescue.com\/es\/wp-json\/wp\/v2\/pages\/48765","targetHints":{"allow":["GET"]}}],"collection":[{"href":"https:\/\/www.globalrescue.com\/es\/wp-json\/wp\/v2\/pages"}],"about":[{"href":"https:\/\/www.globalrescue.com\/es\/wp-json\/wp\/v2\/types\/page"}],"author":[{"embeddable":true,"href":"https:\/\/www.globalrescue.com\/es\/wp-json\/wp\/v2\/users\/1"}],"replies":[{"embeddable":true,"href":"https:\/\/www.globalrescue.com\/es\/wp-json\/wp\/v2\/comments?post=48765"}],"version-history":[{"count":5,"href":"https:\/\/www.globalrescue.com\/es\/wp-json\/wp\/v2\/pages\/48765\/revisions"}],"predecessor-version":[{"id":50865,"href":"https:\/\/www.globalrescue.com\/es\/wp-json\/wp\/v2\/pages\/48765\/revisions\/50865"}],"up":[{"embeddable":true,"href":"https:\/\/www.globalrescue.com\/es\/wp-json\/wp\/v2\/pages\/48090"}],"wp:featuredmedia":[{"embeddable":true,"href":"https:\/\/www.globalrescue.com\/es\/wp-json\/wp\/v2\/media\/40322"}],"wp:attachment":[{"href":"https:\/\/www.globalrescue.com\/es\/wp-json\/wp\/v2\/media?parent=48765"}],"curies":[{"name":"wp","href":"https:\/\/api.w.org\/{rel}","templated":true}]}}