{"id":48826,"date":"2022-01-18T06:03:16","date_gmt":"2022-01-18T06:03:16","guid":{"rendered":"https:\/\/www.globalrescue.com\/lp\/servicios-de-rescate-covid\/"},"modified":"2025-08-18T08:55:12","modified_gmt":"2025-08-18T08:55:12","slug":"servicios-de-rescate-covid","status":"publish","type":"page","link":"https:\/\/www.globalrescue.com\/es\/lp\/covid-rescue-services\/","title":{"rendered":"Servicios de rescate Covid"},"content":{"rendered":"<div class=\"wpb-content-wrapper\"><p>[vc_row][vc_column][vc_row_inner el_class=\u00bbcontainer auto-margin covid_1st_section\u00bb][vc_column_inner width=\u00bb1\/2&#8243;][vc_column_text]<\/p>\n<h3>Global Rescue ofrece a sus clientes los principales servicios m\u00e9dicos, de seguridad, evacuaci\u00f3n, gesti\u00f3n de riesgos en viajes y gesti\u00f3n de crisis del mundo.<\/h3>\n<p>Cuando se trata de gestionar una crisis de COVID, nuestros servicios son personalizables para satisfacer las necesidades \u00fanicas de cada agencia, destino, operador tur\u00edstico, servicio de gu\u00eda o empresa de viajes. Tanto si un viajero necesita un r\u00e9gimen de detecci\u00f3n y pruebas de COVID-19 para un viaje como si necesita ayuda para encontrar un centro sanitario preparado para la COVID, Global Rescue puede proporcionarle asistencia antes, durante y despu\u00e9s del viaje.<\/p>\n<p>En caso de emergencia, nuestros expertos m\u00e9dicos y en seguridad pueden coordinar todos los aspectos, desde el asesoramiento hasta la evacuaci\u00f3n, lo que permite a las empresas de viajes centrarse en ofrecer la mejor experiencia posible a sus hu\u00e9spedes. Esto es lo que ofrecemos en cada etapa del viaje de un viajero.<\/p>\n<p>[\/vc_column_text][\/vc_column_inner][vc_column_inner el_class=\u00bbmargin_top_30_mobile\u00bb width=\u00bb1\/2&#8243;][vc_single_image image=\u00bb5334&#8243; img_size=\u00bbfull\u00bb alignment=\u00bbcenter\u00bb][\/vc_column_inner][\/vc_row_inner][\/vc_column][\/vc_row][vc_row el_class=\u00bbcovid_2nd_section\u00bb][vc_column][vc_row_inner el_class=\u00bbcontainer auto-margin\u00bb][vc_column_inner][vc_column_text]<\/p>\n<hr \/>\n<p>[\/vc_column_text][\/vc_column_inner][\/vc_row_inner][vc_row_inner el_class=\u00bbcontainer auto-margin\u00bb][vc_column_inner][vc_column_text]<\/p>\n<h2>PLANIFICACI\u00d3N PREVIA AL VIAJE<\/h2>\n<p>[\/vc_column_text][\/vc_column_inner][\/vc_row_inner][vc_row_inner el_class=\u00bbcontainer auto-margin\u00bb][vc_column_inner el_class=\u00bbcovid_section_2_block\u00bb width=\u00bb1\/2&#8243;][vc_column_text]<\/p>\n<h3>Evaluaci\u00f3n del emplazamiento<\/h3>\n<p>Perm\u00edtanos ampliar a\u00fan m\u00e1s su investigaci\u00f3n y planificaci\u00f3n. Nuestros expertos han investigado los hospitales y centros m\u00e9dicos locales para garantizar que los viajeros tengan acceso inmediato a la atenci\u00f3n sanitaria en caso de que la necesiten. Nuestros expertos tambi\u00e9n han investigado la infraestructura de transporte e identificado los servicios de ambulancia a\u00e9rea para el transporte de pacientes COVID-19.[\/vc_column_text][\/vc_column_inner][vc_column_inner el_class=\u00bbcovid_section_2_block\u00bb width=\u00bb1\/2&#8243;][vc_column_text]<\/p>\n<h3>Informes de destino<\/h3>\n<p>La informaci\u00f3n actualizada sobre viajes est\u00e1 siempre al alcance de su mano. Nuestros socios tienen acceso ilimitado a avisos de viaje e informes de destino para 215 pa\u00edses y principados, incluida informaci\u00f3n diaria relacionada con COVID-19, as\u00ed como evaluaciones de riesgo y restricciones espec\u00edficas de cada destino.[\/vc_column_text][\/vc_column_inner][\/vc_row_inner][vc_row_inner el_class=\u00bbcontainer auto-margin\u00bb][vc_column_inner el_class=\u00bbcovid_section_2_block\u00bb width=\u00bb1\/2&#8243;][vc_column_text]<\/p>\n<h3>Creaci\u00f3n del Plan de Acci\u00f3n<\/h3>\n<p>\u00bfNo dispone de un plan de acci\u00f3n de emergencia? Nuestros equipos de param\u00e9dicos, veteranos de alto rango de los servicios de inteligencia militar y de las Fuerzas Especiales pueden prestar asistencia en la actualizaci\u00f3n de los protocolos existentes y en la aplicaci\u00f3n de nuevos procedimientos para hacer frente a los riesgos del COVID-19.[\/vc_column_text][\/vc_column_inner][vc_column_inner el_class=\u00bbaction_plans covid_section_2_block\u00bb width=\u00bb1\/2&#8243;][vc_column_text]Los Planes de Acci\u00f3n pueden incluir:<\/p>\n<ul>\n<li>Auditor\u00eda completa de los planes existentes de la empresa, los procedimientos operativos normalizados, los planes de contingencias y los planes de acci\u00f3n en caso de emergencia.<\/li>\n<li>Evaluaci\u00f3n de las necesidades, amenazas, nivel de riesgo y vulnerabilidades con el personal clave<\/li>\n<li>Apoyo experto en la elaboraci\u00f3n y puesta en marcha de planes<\/li>\n<li>Creaci\u00f3n de ejercicios te\u00f3ricos y m\u00f3dulos de formaci\u00f3n en l\u00ednea para el personal<\/li>\n<\/ul>\n<p>[\/vc_column_text][\/vc_column_inner][\/vc_row_inner][\/vc_column][\/vc_row][vc_row el_class=\u00bbcovid_3rd_section container auto-margin\u00bb][vc_column][vc_column_text]<\/p>\n<hr \/>\n<p>[\/vc_column_text][vc_row_inner][vc_column_inner][vc_column_text]<\/p>\n<h2>PROTECCI\u00d3N DE DISPARO<\/h2>\n<p>[\/vc_column_text][\/vc_column_inner][\/vc_row_inner][vc_row_inner el_class=\u00bbcovid_3rd_section_block\u00bb][vc_column_inner width=\u00bb1\/2&#8243;][vc_column_text]<\/p>\n<h3>Perfiles de clientes<\/h3>\n<p>Realice un seguimiento del historial de viajes, las afecciones m\u00e9dicas y los resultados de las pruebas en una ubicaci\u00f3n segura. Global Rescue Intelligence Delivery System (<sup>GRIDSM<\/sup>), una plataforma propia de gesti\u00f3n de viajes dise\u00f1ada para almacenar informaci\u00f3n cr\u00edtica sobre los viajeros, automatiza la creaci\u00f3n y conservaci\u00f3n de los perfiles de los clientes.<\/p>\n<h3>Alertas de viaje<\/h3>\n<p>Tome decisiones informadas con la investigaci\u00f3n de nuestros expertos en inteligencia. <sup>GRIDSM<\/sup> <span> <\/span>supervisa continuamente los cambios en las restricciones fronterizas, las fluctuantes condiciones de los destinos y las cambiantes normas aplicables a los viajeros, proporcionando un conocimiento de la situaci\u00f3n en tiempo real tanto a los operadores como a los viajeros.<\/p>\n<h3>Ubicaci\u00f3n del viajero<\/h3>\n<p>Sepa d\u00f3nde est\u00e1n los clientes -y mant\u00e9ngalos a salvo- desde la reserva hasta el regreso a casa. Con el consentimiento del usuario, <sup>GRIDSM<\/sup> <span> <\/span>puede supervisar la ubicaci\u00f3n de los viajeros en tiempo real mediante el seguimiento por GPS y establecer correspondencias entre los perfiles y las amenazas potenciales.[\/vc_column_text][\/vc_column_inner][vc_column_inner el_class=\u00bbdisplay_none_mobile\u00bb width=\u00bb1\/2&#8243;][vc_single_image image=\u00bb10455&#8243; img_size=\u00bbfull\u00bb alignment=\u00bbcenter\u00bb][\/vc_column_inner][\/vc_row_inner][vc_row_inner el_class=\u00bbcovid_3rd_section_block\u00bb][vc_column_inner el_class=\u00bbmargin_bottom_30_mobile\u00bb width=\u00bb1\/2&#8243;][vc_single_image image=\u00bb5999&#8243; img_size=\u00bbfull\u00bb alignment=\u00bbcenter\u00bb][\/vc_column_inner][vc_column_inner width=\u00bb1\/2&#8243;][vc_column_text]<\/p>\n<h3>Datos compartibles<\/h3>\n<p>Si los destinos solicitan pruebas de vacunaci\u00f3n o resultados de pruebas, GRID<sup>SM<\/sup><span> <\/span>Los datos pueden compartirse con las partes interesadas del sector, los niveles pertinentes de las administraciones locales, estatales o federales y otras organizaciones necesarias.<\/p>\n<h3>Telemedicina mundial<\/h3>\n<p>No se arriesgue a infectarse ni a contagiar a otras personas acudiendo a un centro sanitario. <sup>TotalCareSM<\/sup> <span> <\/span>La telesalud permite a los viajeros acceder a los m\u00e9dicos para recibir diagn\u00f3stico y tratamiento en tiempo real desde cualquier lugar.[\/vc_column_text][\/vc_column_inner][\/vc_row_inner][\/vc_column][\/vc_row][vc_row el_class=\u00bbcovid_4th_section container auto-margin\u00bb][vc_column][vc_row_inner][vc_column_inner][vc_column_text]<\/p>\n<hr \/>\n<p>[\/vc_column_text][\/vc_column_inner][\/vc_row_inner][vc_row_inner][vc_column_inner][vc_column_text]<\/p>\n<h2>RESPUESTA DE EMERGENCIA 24\/7<\/h2>\n<p>[\/vc_column_text][\/vc_column_inner][\/vc_row_inner][vc_row_inner][vc_column_inner][vc_column_text]En caso de que se produzca un COVID-19 u otra situaci\u00f3n m\u00e9dica o de seguridad, nuestras capacidades de despliegue de primera clase apoyar\u00e1n los planes de acci\u00f3n de emergencia de su empresa. Esto incluye:[\/vc_column_text][\/vc_column_inner][\/vc_row_inner][vc_row_inner][vc_column_inner width=\u00bb1\/2&#8243;][vc_column_text]<\/p>\n<ul>\n<li>Evaluaci\u00f3n m\u00e9dica, triaje y pruebas para viajeros sintom\u00e1ticos y personal<\/li>\n<li>Dotaci\u00f3n de personal y equipos m\u00e9dicos y de seguridad para las instalaciones de triaje y eliminaci\u00f3n de residuos<\/li>\n<li>Coordinaci\u00f3n y gesti\u00f3n de todas las evacuaciones m\u00e9dicas terrestres y a\u00e9reas de viajeros COVID-19 positivos.<\/li>\n<li>Recogida y seguimiento de datos de viajeros positivos a COVID-19 desde el diagn\u00f3stico hasta la repatriaci\u00f3n<\/li>\n<li>Coordinaci\u00f3n del ingreso hospitalario<\/li>\n<\/ul>\n<p>[\/vc_column_text][\/vc_column_inner][vc_column_inner width=\u00bb1\/2&#8243;][vc_column_text]<\/p>\n<ul>\n<li>Gesti\u00f3n del transporte terrestre y a\u00e9reo a lugares en cuarentena, instalaciones hospitalarias\/de aislamiento o viaje de vuelta a casa. Si un afiliado tiene restringido viajar, le proporcionamos servicios de asesoramiento que incluyen orientaci\u00f3n y derivaci\u00f3n m\u00e9dica y de seguridad, coordinaci\u00f3n y transmisi\u00f3n de historiales m\u00e9dicos, y ayuda para navegar por las opciones de viaje.<\/li>\n<li>Provisi\u00f3n de hotel u otros recursos de alojamiento para acomodar la cuarentena de los viajeros que sufran s\u00edntomas leves de COVID-19 (pero que no requieran hospitalizaci\u00f3n) o que no est\u00e9n infectados pero est\u00e9n sujetos a cuarentena.<\/li>\n<li>Servicios de asesoramiento continuados hasta que el afiliado vuelva a casa o mejore<\/li>\n<\/ul>\n<p>[\/vc_column_text][\/vc_column_inner][\/vc_row_inner][vc_row_inner][vc_column_inner el_class=\u00bbcovid_4th_section_link\u00bb][vc_column_text css=\u00bb\u00bb]Obtenga m\u00e1s informaci\u00f3n sobre nuestro programa de socios Safe Travel y c\u00f3mo ofrecer Global Rescue a sus clientes.<\/p>\n<p class=\"reponsive-styles-adj\"><a class=\"mobile-responsive\" href=\"https:\/\/www.globalrescue.com\/es\/partners\/\">DETALLES DEL PROGRAMA DE SOCIOS<\/a><\/p>\n<p>[\/vc_column_text][\/vc_column_inner][\/vc_row_inner][\/vc_column][\/vc_row][vc_row][vc_column][vc_column_text]\r\n<section class=\"quote-section p-t-0 p-b-80 p-b-sml-30 covid-rescue-services-quotes\" style=\"background:linear-gradient(to bottom,#fff 75px,#eff0f3 20px)\">\r\n\t<div class=\"container quote-container\">\r\n\t\t<div class=\"quote-slider-v2\">\r\n\t\t\t\t\t\t<div class=\"container quote-container\">\r\n\t\t\t\t<div class=\"quote-img\" style=\"display: flex;justify-content: center;\">\r\n\t\t\t\t\t<img decoding=\"async\" data-src=\"https:\/\/www.globalrescue.com\/grcom\/grmkt_resources\/images\/Landing-Pages\/Quote-Slider-WTTC.png\" width=\"160px;\"  src=\"https:\/\/www.globalrescue.com\/grcom\/grmkt_resources\/images\/Landing-Pages\/Quote-Slider-WTTC.png\"> \r\n\t\t\t\t<\/div>\r\n\t\t\t\t\t\t\t\t\t\t\t\t\t<style>\r\n\t\t\t\t\t\t.quote-text{\r\n\t\t\t\t\t\t\tfont-style: italic;\r\n\t\t\t\t\t\t\tfont-size: 2.39rem;\r\n\t\t\t\t\t\t\tcolor: #d71f3e;\r\n\t\t\t\t\t\t\tz-index: 99;\r\n\t\t\t\t\t\t\tfont-weight: normal;\r\n\t\t\t\t\t\t\ttext-align: center !important;\r\n\t\t\t\t\t\t}\r\n\t\t\t\t\t\t.auther-title {\r\n\t\t\t\t\t\t\tfont-weight: 400;\r\n\t\t\t\t\t\t\tfont-size: 1.1rem;\r\n\t\t\t\t\t\t\tcolor: #000;\r\n\t\t\t\t\t\t\tz-index: 2;\r\n\t\t\t\t\t\t\tfont-weight: 700;\r\n\t\t\t\t\t\t\tpadding: 1rem 14rem;\r\n\t\t\t\t\t\t}\r\n\t\t\t\t\t<\/style>\r\n\t\t\t\t\t<div class=\"quote-text text-center\">\r\n\t\t\t\t\t\tDado que la gesti\u00f3n de crisis y el riesgo en los viajes han sido un tema fundamental durante COVID-19, nuestra colaboraci\u00f3n con nuestro miembro y socio estrat\u00e9gico, Global Rescue, ha sido inestimable.\t\t\t\t\t<\/div>\r\n\t\t\t\t\t<p class=\"auther-title text-center m-b-0\">\r\n\t\t\t\t\t\t\tConsejo Mundial de Viajes y Turismo\t\t\t\t\t<\/p>\r\n\t\t\t\t\t\t\t\t\r\n\t\t\t<\/div>\r\n\t\t\t\t\t\t\t\t\t<div class=\"container quote-container\">\r\n\t\t\t\t<div class=\"quote-img\" style=\"display: flex;justify-content: center;\">\r\n\t\t\t\t\t<img decoding=\"async\" data-src=\"https:\/\/www.globalrescue.com\/grcom\/grmkt_resources\/images\/Landing-Pages\/Quote-Slider-SASS-Global-Travel.png\" width=\"160px;\"  src=\"https:\/\/www.globalrescue.com\/grcom\/grmkt_resources\/images\/Landing-Pages\/Quote-Slider-SASS-Global-Travel.png\"> \r\n\t\t\t\t<\/div>\r\n\t\t\t\t\t\t\t\t\t\t\t\t\t<style>\r\n\t\t\t\t\t\t.quote-text{\r\n\t\t\t\t\t\t\tfont-style: italic;\r\n\t\t\t\t\t\t\tfont-size: 2.39rem;\r\n\t\t\t\t\t\t\tcolor: #d71f3e;\r\n\t\t\t\t\t\t\tz-index: 99;\r\n\t\t\t\t\t\t\tfont-weight: normal;\r\n\t\t\t\t\t\t\ttext-align: center !important;\r\n\t\t\t\t\t\t}\r\n\t\t\t\t\t\t.auther-title {\r\n\t\t\t\t\t\t\tfont-weight: 400;\r\n\t\t\t\t\t\t\tfont-size: 1.1rem;\r\n\t\t\t\t\t\t\tcolor: #000;\r\n\t\t\t\t\t\t\tz-index: 2;\r\n\t\t\t\t\t\t\tfont-weight: 700;\r\n\t\t\t\t\t\t\tpadding: 1rem 14rem;\r\n\t\t\t\t\t\t}\r\n\t\t\t\t\t<\/style>\r\n\t\t\t\t\t<div class=\"quote-text text-center\">\r\n\t\t\t\t\t\tSi te sientes solo y atrapado, tener a alguien -como Global Rescue- que sepa d\u00f3nde est\u00e1s, aporta una enorme tranquilidad.\t\t\t\t\t<\/div>\r\n\t\t\t\t\t<p class=\"auther-title text-center m-b-0\">\r\n\t\t\t\t\t\t\tDavid Burg de SASS Global Travel en Walnut, California\t\t\t\t\t<\/p>\r\n\t\t\t\t\t\t\t\t\r\n\t\t\t<\/div>\r\n\t\t\t\t\t\t\t\t\t<div class=\"container quote-container\">\r\n\t\t\t\t<div class=\"quote-img\" style=\"display: flex;justify-content: center;\">\r\n\t\t\t\t\t<img decoding=\"async\" data-src=\"https:\/\/www.globalrescue.com\/grcom\/grmkt_resources\/images\/Landing-Pages\/Unknown-Snowboarder_Avatar-160x160-1.png\" width=\"160px;\"  src=\"https:\/\/www.globalrescue.com\/grcom\/grmkt_resources\/images\/Landing-Pages\/Unknown-Snowboarder_Avatar-160x160-1.png\"> \r\n\t\t\t\t<\/div>\r\n\t\t\t\t\t\t\t\t\t\t\t\t\t<style>\r\n\t\t\t\t\t\t.quote-text{\r\n\t\t\t\t\t\t\tfont-style: italic;\r\n\t\t\t\t\t\t\tfont-size: 2.39rem;\r\n\t\t\t\t\t\t\tcolor: #d71f3e;\r\n\t\t\t\t\t\t\tz-index: 99;\r\n\t\t\t\t\t\t\tfont-weight: normal;\r\n\t\t\t\t\t\t\ttext-align: center !important;\r\n\t\t\t\t\t\t}\r\n\t\t\t\t\t\t.auther-title {\r\n\t\t\t\t\t\t\tfont-weight: 400;\r\n\t\t\t\t\t\t\tfont-size: 1.1rem;\r\n\t\t\t\t\t\t\tcolor: #000;\r\n\t\t\t\t\t\t\tz-index: 2;\r\n\t\t\t\t\t\t\tfont-weight: 700;\r\n\t\t\t\t\t\t\tpadding: 1rem 14rem;\r\n\t\t\t\t\t\t}\r\n\t\t\t\t\t<\/style>\r\n\t\t\t\t\t<div class=\"quote-text text-center\">\r\n\t\t\t\t\t\tGlobal Rescue nos dio la esperanza de que, pasara lo que pasara, \u00edbamos a salir de China. Tambi\u00e9n nos proporcionaron informaci\u00f3n sobre el virus que no consegu\u00edamos en ning\u00fan otro sitio. \t\t\t\t\t<\/div>\r\n\t\t\t\t\t<p class=\"auther-title text-center m-b-0\">\r\n\t\t\t\t\t\t\tKaitlyn Farrington, snowboarder de Salt Lake City, Utah\t\t\t\t\t<\/p>\r\n\t\t\t\t\t\t\t\t\r\n\t\t\t<\/div>\r\n\t\t\t\t\t\t\t\t\t<div class=\"container quote-container\">\r\n\t\t\t\t<div class=\"quote-img\" style=\"display: flex;justify-content: center;\">\r\n\t\t\t\t\t<img decoding=\"async\" data-src=\"https:\/\/www.globalrescue.com\/grcom\/grmkt_resources\/images\/Landing-Pages\/Zach-Cann_Avatar_160x160.png\" width=\"160px;\"  src=\"https:\/\/www.globalrescue.com\/grcom\/grmkt_resources\/images\/Landing-Pages\/Zach-Cann_Avatar_160x160.png\"> \r\n\t\t\t\t<\/div>\r\n\t\t\t\t\t\t\t\t\t\t\t\t\t<style>\r\n\t\t\t\t\t\t.quote-text{\r\n\t\t\t\t\t\t\tfont-style: italic;\r\n\t\t\t\t\t\t\tfont-size: 2.39rem;\r\n\t\t\t\t\t\t\tcolor: #d71f3e;\r\n\t\t\t\t\t\t\tz-index: 99;\r\n\t\t\t\t\t\t\tfont-weight: normal;\r\n\t\t\t\t\t\t\ttext-align: center !important;\r\n\t\t\t\t\t\t}\r\n\t\t\t\t\t\t.auther-title {\r\n\t\t\t\t\t\t\tfont-weight: 400;\r\n\t\t\t\t\t\t\tfont-size: 1.1rem;\r\n\t\t\t\t\t\t\tcolor: #000;\r\n\t\t\t\t\t\t\tz-index: 2;\r\n\t\t\t\t\t\t\tfont-weight: 700;\r\n\t\t\t\t\t\t\tpadding: 1rem 14rem;\r\n\t\t\t\t\t\t}\r\n\t\t\t\t\t<\/style>\r\n\t\t\t\t\t<div class=\"quote-text text-center\">\r\n\t\t\t\t\t\tTeniendo en cuenta lo remotos que est\u00e1bamos y en un mundo con COVID-19 y tantas restricciones de viaje en constante cambio, el hecho de que volvi\u00e9ramos a casa, a los EE.UU., en mi opini\u00f3n, es un milagro. Est\u00e1bamos muy agradecidos de contar con Global Rescue. \t\t\t\t\t<\/div>\r\n\t\t\t\t\t<p class=\"auther-title text-center m-b-0\">\r\n\t\t\t\t\t\t\tZach Cann, padre de dos hijos de Chandler, Arizona\t\t\t\t\t<\/p>\r\n\t\t\t\t\t\t\t\t\r\n\t\t\t<\/div>\r\n\t\t\t\t\t\t\t\t\t\t\t\t\t\t<\/div>\r\n\t<\/div>\r\n<\/section>\r\n\t\t[\/vc_column_text][\/vc_column][\/vc_row][vc_row el_class=\u00bbcontainer auto-margin covid_5th_section\u00bb][vc_column][vc_row_inner][vc_column_inner][vc_column_text]<\/p>\n<h2>MISIONES PAND\u00c9MICAS<\/h2>\n<p>\u00bfSe pregunta a qui\u00e9n hemos ayudado? Nuestros informes de misi\u00f3n trimestrales ofrecen una visi\u00f3n general de nuestras operaciones m\u00e9dicas y de seguridad durante la pandemia.[\/vc_column_text][\/vc_column_inner][\/vc_row_inner][vc_row_inner el_class=\u00bbcovid_5th_section_block\u00bb][vc_column_inner width=\u00bb1\/3&#8243;][vc_column_text]<\/p>\n<h3><a href=\"https:\/\/www.globalrescue.com\/es\/common\/blog\/detail\/march-mission-brief\/\" target=\"_blank\" rel=\"noopener\">Marzo de 2020<\/a><\/h3>\n<p>Estudiantes en Australia, una familia en China<\/p>\n<p>[\/vc_column_text][\/vc_column_inner][vc_column_inner width=\u00bb1\/3&#8243;][vc_column_text]<\/p>\n<h3><a href=\"https:\/\/www.globalrescue.com\/es\/common\/blog\/detail\/spring-mission-brief\/\" target=\"_blank\" rel=\"noopener\">Mayo de 2020<\/a><\/h3>\n<p>Empleados en Buenos Aires; viajeros en Italia, Francia y Rusia<\/p>\n<p>[\/vc_column_text][\/vc_column_inner][vc_column_inner width=\u00bb1\/3&#8243;][vc_column_text]<\/p>\n<h3><a href=\"https:\/\/www.globalrescue.com\/es\/common\/blog\/detail\/mission-briefs-june-to-december-2020\/\" target=\"_blank\" rel=\"noopener\">Junio de 2020<\/a><\/h3>\n<p>Escalador en Montana<\/p>\n<p>[\/vc_column_text][\/vc_column_inner][\/vc_row_inner][vc_row_inner][vc_column_inner width=\u00bb1\/3&#8243;][vc_column_text]<\/p>\n<h3><a href=\"https:\/\/www.globalrescue.com\/es\/common\/blog\/detail\/mission-briefs-january-march-2021\/\" target=\"_blank\" rel=\"noopener\">Enero de 2021<\/a><\/h3>\n<p>Viajeros en M\u00e9xico y Arabia Saud\u00ed<\/p>\n<p>[\/vc_column_text][\/vc_column_inner][vc_column_inner width=\u00bb1\/3&#8243;][vc_column_text]<\/p>\n<h3><a href=\"https:\/\/www.globalrescue.com\/es\/common\/blog\/detail\/mission-briefs-april-june-2021\/\" target=\"_blank\" rel=\"noopener\">Junio de 2021<\/a><\/h3>\n<p>Ni\u00f1o herido en Nueva Guinea<\/p>\n<p>[\/vc_column_text][\/vc_column_inner][vc_column_inner width=\u00bb1\/3&#8243;][vc_column_text]<\/p>\n<h3><a href=\"https:\/\/www.globalrescue.com\/es\/common\/blog\/detail\/covid-19-medical-evacuation-during-travel\/\" target=\"_blank\" rel=\"noopener\">Octubre de 2021<\/a><\/h3>\n<p>Transporte positivo de COVID-19 desde las Bahamas<\/p>\n<p>[\/vc_column_text][\/vc_column_inner][\/vc_row_inner][\/vc_column][\/vc_row][vc_row el_class=\u00bbcovid_6th_section container auto-margin\u00bb][vc_column][vc_row_inner el_class=\u00bbcovid_6th_section_border\u00bb][vc_column_inner][vc_column_text]<\/p>\n<hr \/>\n<p>[\/vc_column_text][\/vc_column_inner][\/vc_row_inner][vc_row_inner][vc_column_inner][vc_column_text]La aplicaci\u00f3n m\u00f3vil de Global Rescue est\u00e1 dise\u00f1ada para funcionar con las versiones actuales de los sistemas operativos Android e iOS. La disponibilidad de los servicios est\u00e1 sujeta a la compatibilidad de su equipo, la conectividad y la se\u00f1al en su ubicaci\u00f3n. No se garantiza que todas las caracter\u00edsticas y funcionalidades est\u00e9n disponibles en su ubicaci\u00f3n. El uso y la disponibilidad de la aplicaci\u00f3n m\u00f3vil est\u00e1n sujetos al plan de su proveedor de servicios y pueden estar sujetos a tarifas adicionales de su proveedor. Consulte el Acuerdo de servicios para afiliados para conocer las condiciones y restricciones aplicables.<\/p>\n<p>&nbsp;<\/p>\n<p>Global Rescue LLC presta servicios t\u00e9cnicos y administrativos a Elite Medical Group, P.C. (\u00abElite Medical\u00bb), una sociedad profesional propiedad de m\u00e9dicos colegiados que emplea o contrata a m\u00e9dicos colegiados para ejercer la medicina en lugares donde se prestan servicios m\u00e9dicos. Los m\u00e9dicos de Elite Medical proporcionan toda la atenci\u00f3n m\u00e9dica a la que se accede a trav\u00e9s del servicio de telesalud Totalcare y todas las tarifas asociadas son establecidas y cobradas por Elite Medical. Elite Medical se reserva el derecho de denegar la atenci\u00f3n por el uso indebido potencial o real de sus servicios.[\/vc_column_text][\/vc_column_inner][\/vc_row_inner][\/vc_column][\/vc_row]<\/p>\n<\/div>","protected":false},"excerpt":{"rendered":"<p>[vc_row][vc_column][vc_row_inner el_class=\u00bbcontainer auto-margin covid_1st_section\u00bb][vc_column_inner width=\u00bb1\/2&#8243;][vc_column_text] Global Rescue ofrece a sus clientes los principales servicios m\u00e9dicos, de seguridad, evacuaci\u00f3n, gesti\u00f3n de riesgos en viajes y gesti\u00f3n de crisis del mundo. Cuando se trata de gestionar una crisis de COVID, nuestros servicios son personalizables para satisfacer las necesidades \u00fanicas de cada agencia, destino, operador tur\u00edstico, servicio de [&hellip;]<\/p>\n","protected":false},"author":1,"featured_media":0,"parent":48090,"menu_order":0,"comment_status":"closed","ping_status":"closed","template":"","meta":{"_acf_changed":false,"inline_featured_image":false,"footnotes":""},"class_list":["post-48826","page","type-page","status-publish","hentry"],"acf":[],"_links":{"self":[{"href":"https:\/\/www.globalrescue.com\/es\/wp-json\/wp\/v2\/pages\/48826","targetHints":{"allow":["GET"]}}],"collection":[{"href":"https:\/\/www.globalrescue.com\/es\/wp-json\/wp\/v2\/pages"}],"about":[{"href":"https:\/\/www.globalrescue.com\/es\/wp-json\/wp\/v2\/types\/page"}],"author":[{"embeddable":true,"href":"https:\/\/www.globalrescue.com\/es\/wp-json\/wp\/v2\/users\/1"}],"replies":[{"embeddable":true,"href":"https:\/\/www.globalrescue.com\/es\/wp-json\/wp\/v2\/comments?post=48826"}],"version-history":[{"count":6,"href":"https:\/\/www.globalrescue.com\/es\/wp-json\/wp\/v2\/pages\/48826\/revisions"}],"predecessor-version":[{"id":51193,"href":"https:\/\/www.globalrescue.com\/es\/wp-json\/wp\/v2\/pages\/48826\/revisions\/51193"}],"up":[{"embeddable":true,"href":"https:\/\/www.globalrescue.com\/es\/wp-json\/wp\/v2\/pages\/48090"}],"wp:attachment":[{"href":"https:\/\/www.globalrescue.com\/es\/wp-json\/wp\/v2\/media?parent=48826"}],"curies":[{"name":"wp","href":"https:\/\/api.w.org\/{rel}","templated":true}]}}