{"id":48840,"date":"2022-02-14T07:53:03","date_gmt":"2022-02-14T07:53:03","guid":{"rendered":"https:\/\/www.globalrescue.com\/africa-rd\/"},"modified":"2026-01-21T08:22:32","modified_gmt":"2026-01-21T08:22:32","slug":"africa-rd","status":"publish","type":"page","link":"https:\/\/www.globalrescue.com\/es\/landingpages\/africa-dr\/","title":{"rendered":"\u00c1frica RD"},"content":{"rendered":"<div class=\"wpb-content-wrapper\"><p>[vc_row el_class=\u00bbcontainer auto-margin\u00bb][vc_column][vc_row_inner][vc_column_inner][vc_column_text css=\u00bb\u00bb]<\/p>\n<div style=\"margin: auto; width: 75%;\">\n<h1 class=\"main-lp-heading\" style=\"text-align: center; margin-top: 0; margin-bottom: 45px;\"><strong>Las vacaciones en safari m\u00e1s seguras empiezan con Global Rescue<\/strong><\/h1>\n<h4 style=\"color: #d71635;\"><strong>\u00bfVa a \u00c1frica? Hemos hecho toda la b\u00fasqueda. <\/strong><\/h4>\n<p>Nuestros expertos elaboran informes personalizados sobre los destinos, que abarcan desde la moneda y las estafas m\u00e1s comunes hasta consejos sobre salud en los viajes y seguridad personal.<\/p>\n<\/div>\n<p>&nbsp;<\/p>\n<p class=\"reponsive-styles-adj\" style=\"text-align: center;\"><a class=\"free-destination-report btn btn-gr btn-danger btn-lg text-center\" target=\"_blank\" data-toggle=\"modal\" data-target=\"#downloadDestinationReportPopup\" data-event=\"\" data-eventcategory=\"Button\" data-eventlabel=\"Free Destination Report \u2013 Top\" rel=\"noopener\">Informe gratuito sobre el destino<\/a><\/p>\n<div style=\"margin: auto; width: 75%;\">\n<p>&nbsp;<\/p>\n<h4 style=\"color: #d71635;\"><strong>\u00bfPor qu\u00e9 m\u00e1s de un mill\u00f3n de afiliados conf\u00edan en Global Rescue?<\/strong><\/h4>\n<ul>\n<li>Servicios de asesoramiento personalizado para viajeros<\/li>\n<li>Asistencia de urgencia 24\/7\/365<\/li>\n<li>Informes de destino detallados y alertas de sucesos en tiempo real<\/li>\n<li>Servicios de evacuaci\u00f3n m\u00e9dica y de seguridad sin coste adicional<\/li>\n<\/ul>\n<\/div>\n<p>[\/vc_column_text][\/vc_column_inner][\/vc_row_inner][vc_row_inner][vc_column_inner][vc_single_image image=\u00bb56674&#8243; img_size=\u00bbfull\u00bb alignment=\u00bbcenter\u00bb css=\u00bb\u00bb][\/vc_column_inner][\/vc_row_inner][vc_column_text css=\u00bb.vc_custom_1650522730262{margin-bottom: 60px !important;}\u00bb]<\/p>\n<div style=\"margin: auto; width: 75%;\">\n<h4 style=\"color: #d71635;\"><strong>Servicios de asesoramiento<\/strong><\/h4>\n<p>Tanto si busca el consejo de un m\u00e9dico como asistencia m\u00e9dica inmediata, Global Rescue colabora con la Divisi\u00f3n de Operaciones Especiales de Medicina de Urgencias de Johns Hopkins, Elite Medical Group y Partners HealthCare, la filial de la Facultad de Medicina de Harvard.<\/p>\n<p>Mant\u00e9ngase al d\u00eda de los acontecimientos sanitarios y de seguridad en todo el mundo con alertas y recomendaciones en tiempo real de nuestros equipos de inteligencia. Los informes detallados sobre destinos incluyen evaluaciones sanitarias y de seguridad, calificaciones de riesgo escalonadas y consejos para 215 pa\u00edses y principados de todo el mundo.<\/p>\n<h4 style=\"color: #d71635;\"><strong>Llame a Global Rescue, no a un centro de llamadas<\/strong><\/h4>\n<p>Hable con un experto de Global Rescue a la primera llamada. En nuestros centros de operaciones trabajan enfermeros, param\u00e9dicos y veteranos de operaciones especiales del ej\u00e9rcito.<\/p>\n<h4 style=\"color: #d71635;\"><strong>Su hospital preferido, no el m\u00e1s cercano<\/strong><\/h4>\n<p>Rescate sobre el terreno y evacuaci\u00f3n desde el punto de su enfermedad o lesi\u00f3n y de vuelta al hospital de su elecci\u00f3n.<\/p>\n<\/div>\n<p>[\/vc_column_text][vc_column_text css=\u00bb\u00bb]<\/p>\n<hr \/>\n<p class=\"reponsive-styles-adj\" style=\"text-align: center;\"><a class=\"free-destination-report btn btn-gr btn-danger btn-lg text-center\" target=\"_blank\" data-toggle=\"modal\" data-target=\"#downloadDestinationReportPopup\" data-event=\"\" data-eventcategory=\"Button\" data-eventlabel=\"Free Destination Report \u2013 Bottom\" rel=\"noopener\">Informe gratuito sobre el destino<\/a><\/p>\n<p style=\"text-align: center;\"><a href=\"https:\/\/www.globalrescue.com\/es\/personal\/travelservices\/\" target=\"_blank\" data-event=\"\" data-eventcategory=\"Link\" data-eventlabel=\"Learn more about GR\" rel=\"noopener\">M\u00e1s informaci\u00f3n sobre Global Rescue<\/a><\/p>\n<p>[\/vc_column_text][\/vc_column][\/vc_row]<\/p>\n<\/div>","protected":false},"excerpt":{"rendered":"<p>[vc_row el_class=\u00bbcontainer auto-margin\u00bb][vc_column][vc_row_inner][vc_column_inner][vc_column_text css=\u00bb\u00bb] Las vacaciones en safari m\u00e1s seguras empiezan con Global Rescue \u00bfVa a \u00c1frica? Hemos hecho toda la b\u00fasqueda. Nuestros expertos elaboran informes personalizados sobre los destinos, que abarcan desde la moneda y las estafas m\u00e1s comunes hasta consejos sobre salud en los viajes y seguridad personal. &nbsp; Informe gratuito sobre el [&hellip;]<\/p>\n","protected":false},"author":1,"featured_media":40331,"parent":0,"menu_order":0,"comment_status":"closed","ping_status":"closed","template":"landing-pages\/template-lp-v13.php","meta":{"_acf_changed":false,"inline_featured_image":false,"footnotes":""},"class_list":["post-48840","page","type-page","status-publish","has-post-thumbnail","hentry"],"acf":[],"_links":{"self":[{"href":"https:\/\/www.globalrescue.com\/es\/wp-json\/wp\/v2\/pages\/48840","targetHints":{"allow":["GET"]}}],"collection":[{"href":"https:\/\/www.globalrescue.com\/es\/wp-json\/wp\/v2\/pages"}],"about":[{"href":"https:\/\/www.globalrescue.com\/es\/wp-json\/wp\/v2\/types\/page"}],"author":[{"embeddable":true,"href":"https:\/\/www.globalrescue.com\/es\/wp-json\/wp\/v2\/users\/1"}],"replies":[{"embeddable":true,"href":"https:\/\/www.globalrescue.com\/es\/wp-json\/wp\/v2\/comments?post=48840"}],"version-history":[{"count":9,"href":"https:\/\/www.globalrescue.com\/es\/wp-json\/wp\/v2\/pages\/48840\/revisions"}],"predecessor-version":[{"id":56699,"href":"https:\/\/www.globalrescue.com\/es\/wp-json\/wp\/v2\/pages\/48840\/revisions\/56699"}],"wp:featuredmedia":[{"embeddable":true,"href":"https:\/\/www.globalrescue.com\/es\/wp-json\/wp\/v2\/media\/40331"}],"wp:attachment":[{"href":"https:\/\/www.globalrescue.com\/es\/wp-json\/wp\/v2\/media?parent=48840"}],"curies":[{"name":"wp","href":"https:\/\/api.w.org\/{rel}","templated":true}]}}