{"id":48988,"date":"2022-03-16T10:13:57","date_gmt":"2022-03-16T10:13:57","guid":{"rendered":"https:\/\/www.globalrescue.com\/rescate-mundial-mas-alla-del-cubo\/"},"modified":"2026-02-23T09:28:40","modified_gmt":"2026-02-23T09:28:40","slug":"rescate-mundial-mas-alla-del-cubo","status":"publish","type":"page","link":"https:\/\/www.globalrescue.com\/es\/lp\/off-beat-travel-adventures\/","title":{"rendered":"Rescate mundial | M\u00e1s all\u00e1 del cubo"},"content":{"rendered":"<div class=\"wpb-content-wrapper\"><p>[vc_row][vc_column][vc_column_text]<\/p>\n<h1>M\u00e1s all\u00e1 de la lista de cosas que hacer antes de morir<\/h1>\n<h3>7 alternativas de viajes de aventura<\/h3>\n<div class=\"stack_adapt_social jssocials\" id=\"share\"><\/div>\n<p>Los destinos cl\u00e1sicos son bien conocidos: el Gran Ca\u00f1\u00f3n, Stonehenge, la Torre Eiffel y muchos m\u00e1s. Son ic\u00f3nicos y merecen la pena por excelentes razones, pero muchos viajeros buscan lugares menos populares y no tan concurridos. Impulsado en parte por un deseo protocolario pand\u00e9mico de distanciamiento social, tambi\u00e9n se debe a que el<a href=\"https:\/\/qloapps.com\/tourists-are-looking-for-untapped-locations-post-pandemic-use-it-to-expand-hotels-reach\/\"><span> <\/span>sendero-menos-plagado tiene sus propias ventajas<\/a>, entre ellas conocer un lugar que la mayor parte del mundo no ha conocido.  <\/p>\n<p>&nbsp;<\/p>\n<p>Las siguientes son atracciones, actividades y destinos para ampliar su lista de deseos m\u00e1s all\u00e1 de los t\u00edpicos favoritos de los aficionados al turismo. Desde una cueva c\u00f3smica en Chile hasta una pir\u00e1mide de piedra secreta en las tierras altas del este de Escocia, pasando por una expedici\u00f3n en el \u00c1rtico canadiense para rastrear una esquiva ballena conocida como \u00abel unicornio del mar\u00bb, esta lista excitar\u00e1 su imaginaci\u00f3n y, tal vez, su pr\u00f3ximo itinerario. <\/p>\n<p>&nbsp;<\/p>\n<h3><strong>El cl\u00e1sico:<\/strong><br \/>\nLas pir\u00e1mides egipcias de Guiza<\/h3>\n<h3><strong>La alternativa:<\/strong><br \/>\nScotland&#8217;s Balmoral Cairns<\/h3>\n<p>[\/vc_column_text][vc_single_image image=\u00bb43365&#8243; img_size=\u00bbfull\u00bb][vc_column_text]Naturalmente, El Cairo y M\u00e9xico son los primeros destinos que vienen a la mente cuando se piensa en \u00abpir\u00e1mide\u00bb. Pero deber\u00eda a\u00f1adir las Highlands escocesas a esa lista. Escondidas entre el paisaje boscoso de  <span> <\/span><a href=\"https:\/\/www.visitcairngorms.com\/\">Parque Nacional de Cairngorms<\/a><span> <\/span>se alza un monolito de piedra de cuatro caras y 35 pies de altura que se ha ganado con justicia el nombre de \u00abPir\u00e1mide de Escocia\u00bb.<\/p>\n<p>&nbsp;<\/p>\n<p>Aunque t\u00e9cnicamente es un moj\u00f3n -y uno de los 11 que se han erigido aqu\u00ed como centinelas desde mediados del siglo XIX-, el Moj\u00f3n del Pr\u00edncipe Alberto fue erigido por la Reina Victoria, cuya casa de veraneo,<span> <\/span><a href=\"https:\/\/www.balmoralcastle.com\/\">El castillo de Balmoral<\/a> est\u00e1 a la vuelta de la esquina. Pero a diferencia de los otros mojones, que tienen forma c\u00f3nica y una altura m\u00e1s modesta, de entre 3 y 4 metros, \u00e9ste, el m\u00e1s espectacular de todos, que se puede encadenar en una cadena de tres a cinco metros, se encuentra a la vuelta de la esquina. <span> <\/span><a href=\"https:\/\/www.walkhighlands.co.uk\/cairngorms\/balmoral-cairns.shtml\">caminata de seis millas<\/a><span> <\/span>- est\u00e1 construido con granito labrado. Mide 1,20 m por 1,20 m en la base y se eleva por encima de los pinos y los brezos de color p\u00farpura. <span> <\/span><a href=\"https:\/\/www.mudandroutes.com\/summit\/creag-an-lurachain\/\">Creag an Lurachain<\/a>, donde -como dice la inscripci\u00f3n- domina \u00abuna ampl\u00edsima perspectiva por todos lados\u00bb.<\/p>\n<p>&nbsp;<\/p>\n<h3><strong>El cl\u00e1sico:<\/strong><br \/>\nU.S.&#8217;s Arches National Park<\/h3>\n<h3><strong>La alternativa:<\/strong><br \/>\nCuevas de m\u00e1rmol de Chile<\/h3>\n<p>[\/vc_column_text][vc_single_image image=\u00bb43366&#8243; img_size=\u00bbfull\u00bb][vc_column_text]Hay otro pa\u00eds de las maravillas rocosas profundamente coloreado y erosionado por el agua que hay que ver para creer - \u00e9ste situado en la costa del Lago General Carrera, un<span> <\/span><a href=\"https:\/\/www.southamerica.travel\/chile\/news\/marble-caves-patagonia-chile#:~:text=There%20really%20is%20no%20easy,to%20stroll%20inside%20the%20caves.\">remoto lago glaciar<\/a><span> <\/span>compartida por Argentina y Chile.<\/p>\n<p>&nbsp;<\/p>\n<p>Llamada<span> <\/span><a href=\"https:\/\/chile.travel\/en\/where-to-go\/patagonia-and-antartica\/general-carrera-lake\/marble-caves\">Cuevas de m\u00e1rmol<\/a><span> <\/span>(o \u00abCapillas de M\u00e1rmo\u00bb), docenas de cuevas suavemente inclinadas, columnas intrincadas, t\u00faneles laber\u00ednticos y arcos contorsionados han sido formados por los vientos patag\u00f3nicos y las olas que desgastan los escarpados acantilados de roca de m\u00e1rmol de la costa durante seis milenios. Y lo que es a\u00fan m\u00e1s impresionante, el espect\u00e1culo se presenta inundado de ondulantes tonos azules de verde azulado y turquesa, zafiro y verde espuma. <\/p>\n<p>&nbsp;<\/p>\n<p>Sin embargo, estos impresionantes tonos no son los verdaderos colores del m\u00e1rmol, sino un reflejo de los colores siempre cambiantes del lago glaciar. Esto significa que cambian a lo largo del a\u00f1o, seg\u00fan el nivel del agua y la estaci\u00f3n: Normalmente, en invierno y a principios de primavera, las paredes son de tonos azules m\u00e1s claros; en verano y oto\u00f1o, se oscurecen hasta alcanzar colores cobalto. <\/p>\n<p>&nbsp;<\/p>\n<h3><strong>El cl\u00e1sico:<\/strong><br \/>\nLa catedral rusa de San Basilio<\/h3>\n<h3><strong>La alternativa:<\/strong><br \/>\nSantuario Madonna della Corona de Italia<\/h3>\n<p>[\/vc_column_text][vc_single_image image=\u00bb43367&#8243; img_size=\u00bbfull\u00bb][vc_column_text]Si alguna vez se ha maravillado con las coloridas c\u00fapulas del icono de la Plaza Roja de Mosc\u00fa, entonces este<span> <\/span><a href=\"https:\/\/www.madonnadellacorona.it\/en\/home-3\/\">capilla 1530<\/a><span> <\/span>situada en el norte de Italia, deber\u00eda ser la siguiente en su lista. No s\u00f3lo por su impresionante fachada de estilo g\u00f3tico de color salm\u00f3n, sus adornos de m\u00e1rmol y su imponente campanario, sino tambi\u00e9n por su ubicaci\u00f3n: a mitad de camino de un escarpado acantilado en el monte Baldo, a unos 2.500 pies sobre el nivel del mar y con vistas al valle del r\u00edo Adigio. <\/p>\n<p>&nbsp;<\/p>\n<p>Aunque la capilla no se construy\u00f3 hasta el siglo XVI, los acantilados y recovecos ocultos del Monte Baldo han sido el hogar de los santos desde el siglo XI, cuando los monjes ermita\u00f1os se retiraban para reflexionar en silencio. Hoy, sin embargo, es accesible a cualquiera que desee ver uno de los santuarios m\u00e1s espectaculares (y precariamente encaramados) de toda Italia, siempre que est\u00e9 dispuesto a subir a pie por el \u00ab<a href=\"https:\/\/www.lagodigardacamping.com\/en\/live-lake-garda\/%20suggested-itineraries\/madonna-della-corona_i58c16.html\">Camino del Peregrino<\/a>\u00ab, una ruta de 2,5 km que consta de 1.540 escalones de piedra. <\/p>\n<p>&nbsp;<\/p>\n<h3><strong>El cl\u00e1sico:<\/strong><br \/>\nAfrican Safari<\/h3>\n<h3><strong>La alternativa:<\/strong><br \/>\nArctic Canada&#8217;s Narwhal Expeditions<\/h3>\n<p>[\/vc_column_text][vc_single_image image=\u00bb43368&#8243; img_size=\u00bbfull\u00bb][vc_column_text]Sin\u00f3nimo de safaris africanos, no hay duda de que ver a \u00ablos Cinco Grandes\u00bb es algo muy importante. Sin embargo, hay una raz\u00f3n por la que llaman a los narvales \u00abel unicornio del mar\u00bb, y no es s\u00f3lo por sus largos colmillos (en realidad un diente agrandado) que sobresalen de sus cabezas. Es porque estas ballenas, amantes del hielo y de las inmersiones profundas, son una de las criaturas m\u00e1s escurridizas del mundo. Al no haber sido nunca mantenidas en cautividad, la \u00fanica forma de verlas es en libertad durante un viaje al \u00c1rtico canadiense en primavera o verano.   <\/p>\n<p>&nbsp;<\/p>\n<p>La raz\u00f3n es el hielo marino, que les ayuda a esconderse de los depredadores. De hecho, durante el invierno, pasan aproximadamente cinco meses bajo el hielo en el <span> <\/span>En la <a href=\"https:\/\/www.pewtrusts.org\/en\/projects\/conserving-life-in-canadas-oceans\/northern-solutions\/baffin-bay-and-davis-strait#:~:text=Baffin%20Bay%20and%20Davis%20Strait%20are%20two%20large%20basins%20between,than%20the%20Great%20Lakes%20combined.\">zona de la bah\u00eda de Baffin y el estrecho de Davis<\/a>, dos grandes cuencas situadas entre la isla canadiense de Baffin y Groenlandia. Pero una vez que el hielo empieza a resquebrajarse y a derretirse en primavera, inician su migraci\u00f3n hacia el norte, siguiendo el retroceso del hielo hacia sus zonas de alimentaci\u00f3n estivales, lo que nos da una breve ventana de tiempo para verlos de cerca mientras se dirigen hacia el oeste por el borde de los t\u00e9mpanos de hielo. <span> <\/span><a href=\"https:\/\/arctickingdom.com\/baffin-islands-wildlife-hub-lancaster-sound\/\">Lancaster Sound<\/a>, acu\u00f1ado \u00abel Serengeti del Norte\u00bb por su rica fauna.<\/p>\n<p>&nbsp;<\/p>\n<h3><strong>El cl\u00e1sico:<\/strong><br \/>\nGran Ca\u00f1\u00f3n de EE.UU.<\/h3>\n<h3><strong>La alternativa:<\/strong><br \/>\nSig\u00f6ldugljufur de Islandia<\/h3>\n<p>[\/vc_column_text][vc_single_image image=\u00bb43369&#8243; img_size=\u00bbfull\u00bb][vc_column_text]Islandia alberga docenas de impresionantes ca\u00f1ones. Pero a diferencia de <span> <\/span><a href=\"https:\/\/guidetoiceland.is\/connect-with-locals\/jorunnsg\/the-majestic-canyon\">Fja\u00f0r\u00e1rglj\u00fafur<\/a><span> <\/span>y<span> <\/span><a href=\"https:\/\/guidetoiceland.is\/connect-with-locals\/regina\/stakkholtsgja-canyon\">Stakkholtsgja<\/a>, que se han popularizado recientemente en v\u00eddeos musicales, el ca\u00f1\u00f3n de Sig\u00f6duglj\u00fafur, en las Tierras Altas centrales, sigue estando relativamente por debajo del radar, lo que puede resultar dif\u00edcil de creer una vez que se pone la vista en \u00e9l.<\/p>\n<p>&nbsp;<\/p>\n<p>Esto se debe a su remota ubicaci\u00f3n y a la falta de se\u00f1ales que anuncien el lugar. Para llegar, hay que conducir varios kil\u00f3metros por un terreno rocoso y \u00e1rido. <span> <\/span><a href=\"https:\/\/anywhereweroam.com\/f-roads-in-iceland\/\">Las famosas carreteras F de Islandia<\/a><span> <\/span>(pistas de grava sin asfaltar que no se mantienen con regularidad), aparcar, y luego caminar un poco m\u00e1s de media milla hasta el borde del ca\u00f1\u00f3n.<\/p>\n<p>&nbsp;<\/p>\n<p>Pero merece la pena. Apodado el \u00abValle de las L\u00e1grimas\u00bb, docenas de peque\u00f1as cascadas brotan de las paredes del ca\u00f1\u00f3n y descienden por los serpenteantes bordes de los acantilados hasta el valle, como sacadas de una novela de J.R.R. Tolkien. Aunque no es tan grande como otros ca\u00f1ones de la isla, sus aguas de un azul intenso, su abundante vegetaci\u00f3n verde tecnicolor y sus paisajes de lava lo compensan con creces.  <\/p>\n<p>&nbsp;<\/p>\n<h3><strong>El cl\u00e1sico:<\/strong><br \/>\nMuseo del Louvre de Francia<\/h3>\n<h3><strong>La alternativa:<\/strong><br \/>\nMuseo Subacu\u00e1tico de Arte de Canc\u00fan<\/h3>\n<p>[\/vc_column_text][vc_single_image image=\u00bb43370&#8243; img_size=\u00bbfull\u00bb][vc_column_text]No, no hay nada como contemplar la Mona Lisa con tus propios ojos. Pero las figuras de otro mundo de <span> <\/span><a href=\"https:\/\/musamexico.org\/\">Museo Subacu\u00e1tico de Arte de Canc\u00fan<\/a><span> <\/span>(o el Museo Subacu\u00e1tico de Arte de Canc\u00fan) son igual de fascinantes, y casi espeluznantes por la forma en que las creaciones cubiertas de coral parecen salidas de la mente del cineasta mexicano Guillermo del Toro.<\/p>\n<p>&nbsp;<\/p>\n<p>Entre Canc\u00fan e Isla Mujeres, frente a la costa de M\u00e9xico, un total de 500 instalaciones escult\u00f3ricas de tama\u00f1o natural, la mayor\u00eda de ellas obra del escultor y ecologista ingl\u00e9s<span> <\/span><a href=\"https:\/\/www.underwatersculpture.com\/works\/chronological\/\">Jason deCaires Taylor<\/a><span> <\/span>- se han hundido en el fondo del oc\u00e9ano desde que se inici\u00f3 el proyecto en 2009. Hoy, dividido en tres galer\u00edas, el museo submarino ocupa 420 metros cuadrados, lo que lo convierte en la mayor y m\u00e1s ambiciosa instalaci\u00f3n de arte subacu\u00e1tico del mundo. Pero no se cre\u00f3 \u00fanicamente para divertir a los buceadores, los que practican snorkel y los que acuden a contemplar el espect\u00e1culo en barcos con fondo de cristal. Hechas de hormig\u00f3n marino con pH neutro, las esculturas fomentan de forma natural el crecimiento del coral y la diversidad marina, adem\u00e1s de desviar el tr\u00e1fico de otros arrecifes de coral locales que se enfrentan al deterioro debido al cambio clim\u00e1tico y al turismo.   <\/p>\n<p>&nbsp;<\/p>\n<h3><strong>El cl\u00e1sico:<br \/>\n<\/strong> El interior de Australia<\/h3>\n<h3><strong>La alternativa:<\/strong><br \/>\nLa Huacachina peruana<\/h3>\n<p>[\/vc_column_text][vc_single_image image=\u00bb43371&#8243; img_size=\u00bbfull\u00bb][vc_column_text]Aunque Per\u00fa sea m\u00e1s conocido por sus escarpados paisajes andinos, alrededor del 10% del pa\u00eds est\u00e1 formado por un desierto costero de arena. Y uno de los mejores lugares para disfrutar de ese trozo es un lugar poco conocido llamado <span> <\/span><a href=\"https:\/\/www.huacachina.com\/\">Huacachina<\/a>, un oasis des\u00e9rtico \u00fanico que parece surgir de la nada&#8230; como un espejismo.<\/p>\n<p>&nbsp;<\/p>\n<p>Situada a unas cinco horas al sur de Lima, esta peque\u00f1a ciudad de 115 habitantes es el \u00fanico oasis des\u00e9rtico natural de Sudam\u00e9rica, centrado en torno a las verdes aguas de la laguna de Huacachina, que gracias a una corriente subterr\u00e1nea ha generado el exuberante crecimiento de palmeras, eucaliptos y algarrobos. En los a\u00f1os sesenta, la mayor\u00eda ven\u00eda a ba\u00f1arse en la laguna, a la que se atribu\u00edan propiedades terap\u00e9uticas, pero, hoy en d\u00eda, el pueblo se ha convertido en la meca de los aventureros modernos. Ello se debe a las ondulantes dunas de arena anaranjada que la rodean -se dice que son las m\u00e1s altas de Sudam\u00e9rica-, un territorio privilegiado para el turismo de aventura.  <span> <\/span><a href=\"https:\/\/www.peruhop.com\/huacachina-sandboarding-and-dune-buggy-tours\/\">excursiones en dune-buggy<\/a><span> <\/span>y sandboarding.<\/p>\n<p>&nbsp;<\/p>\n<p>&nbsp;<\/p>\n<h3>\u00bfTe alejas de los caminos trillados? Consigue Global Rescue. <\/h3>\n<p>Viajar a lugares de dif\u00edcil acceso tiene su atractivo evidente, pero tambi\u00e9n implica un mayor riesgo, dada la falta de accesibilidad en caso de emergencia. Aseg\u00farese de viajar siempre preparado con Global Rescue, una empresa basada en la afiliaci\u00f3n que ofrece servicios de protecci\u00f3n en viajes, como rescate sobre el terreno, evacuaci\u00f3n m\u00e9dica y de seguridad, informaci\u00f3n sobre seguridad en viajes y mucho m\u00e1s. <\/p>\n<p>&nbsp;<\/p>\n<p style=\"text-align: left;\"><a class=\"btn btn-danger btn-gr text-ux btn-lg\" href=\"https:\/\/ss.globalrescue.com\/grhash\/signup\/\" target=\"_blank\" rel=\"noopener\">\u00danete ahora<\/a><\/p>\n<p>[\/vc_column_text][\/vc_column][\/vc_row]<\/p>\n<\/div>","protected":false},"excerpt":{"rendered":"<p>[vc_row][vc_column][vc_column_text] M\u00e1s all\u00e1 de la lista de cosas que hacer antes de morir 7 alternativas de viajes de aventura Los destinos cl\u00e1sicos son bien conocidos: el Gran Ca\u00f1\u00f3n, Stonehenge, la Torre Eiffel y muchos m\u00e1s. Son ic\u00f3nicos y merecen la pena por excelentes razones, pero muchos viajeros buscan lugares menos populares y no tan concurridos. [&hellip;]<\/p>\n","protected":false},"author":5,"featured_media":43372,"parent":0,"menu_order":0,"comment_status":"closed","ping_status":"closed","template":"landing-pages\/template-lp-fullwidth-parallax.php","meta":{"_acf_changed":false,"inline_featured_image":false,"footnotes":""},"class_list":["post-48988","page","type-page","status-publish","has-post-thumbnail","hentry"],"acf":[],"_links":{"self":[{"href":"https:\/\/www.globalrescue.com\/es\/wp-json\/wp\/v2\/pages\/48988","targetHints":{"allow":["GET"]}}],"collection":[{"href":"https:\/\/www.globalrescue.com\/es\/wp-json\/wp\/v2\/pages"}],"about":[{"href":"https:\/\/www.globalrescue.com\/es\/wp-json\/wp\/v2\/types\/page"}],"author":[{"embeddable":true,"href":"https:\/\/www.globalrescue.com\/es\/wp-json\/wp\/v2\/users\/5"}],"replies":[{"embeddable":true,"href":"https:\/\/www.globalrescue.com\/es\/wp-json\/wp\/v2\/comments?post=48988"}],"version-history":[{"count":11,"href":"https:\/\/www.globalrescue.com\/es\/wp-json\/wp\/v2\/pages\/48988\/revisions"}],"predecessor-version":[{"id":57188,"href":"https:\/\/www.globalrescue.com\/es\/wp-json\/wp\/v2\/pages\/48988\/revisions\/57188"}],"wp:featuredmedia":[{"embeddable":true,"href":"https:\/\/www.globalrescue.com\/es\/wp-json\/wp\/v2\/media\/43372"}],"wp:attachment":[{"href":"https:\/\/www.globalrescue.com\/es\/wp-json\/wp\/v2\/media?parent=48988"}],"curies":[{"name":"wp","href":"https:\/\/api.w.org\/{rel}","templated":true}]}}