{"id":48993,"date":"2022-03-16T10:07:31","date_gmt":"2022-03-16T10:07:31","guid":{"rendered":"https:\/\/www.globalrescue.com\/global-rescue-vacaciones-en-familia-sin-peleas\/"},"modified":"2025-08-19T10:01:19","modified_gmt":"2025-08-19T10:01:19","slug":"global-rescue-vacaciones-en-familia-sin-peleas","status":"publish","type":"page","link":"https:\/\/www.globalrescue.com\/es\/lp\/happy-family-vacations\/","title":{"rendered":"Global Rescue | Vacaciones en familia sin peleas"},"content":{"rendered":"<div class=\"wpb-content-wrapper\"><p>[vc_row][vc_column][vc_column_text]<\/p>\n<div>\n<h1>Vacaciones en familia sin peleas<\/h1>\n<h3>Todo el mundo est\u00e1 luchando a lo Kung Fu en tus merecidas vacaciones familiares. He aqu\u00ed c\u00f3mo mantener a los ni\u00f1os, adolescentes, c\u00f3nyuges y abuelos seguros y felices en una aventura de viaje. <\/h3>\n<div class=\"stack_adapt_social jssocials\" id=\"share\"><\/div>\n<p>Se supone que las vacaciones en familia son relajantes, un momento para desconectar y pasar tiempo juntos. Entonces, \u00bfpor qu\u00e9 discute todo el mundo? <\/p>\n<p>No eres el \u00fanico. \u00abSon innumerables los desencuentros familiares durante las vacaciones porque algunos de sus miembros, o todos, est\u00e1n agotados\u00bb, explica Monet Hambrick, madre y escritora del blog The Traveling Child. Tambi\u00e9n surgen discusiones por cuestiones econ\u00f3micas, sorpresas desagradables y expectativas no cumplidas.  <\/p>\n<p>La planificaci\u00f3n de viajes -as\u00ed como la suscripci\u00f3n a servicios de protecci\u00f3n de viajes- puede ayudarle a evitar algo de estr\u00e9s durante las vacaciones que tanto le ha costado ganar a su familia.<\/p>\n<p>&nbsp;<\/p>\n<\/div>\n<p>[\/vc_column_text][vc_single_image image=\u00bb23027&#8243; img_size=\u00bbfull\u00bb][vc_column_text]<\/p>\n<div>\n<h2>Viajar con ni\u00f1os peque\u00f1os<\/h2>\n<p>Para los padres primerizos, preparar a los ni\u00f1os peque\u00f1os para un viaje en coche o en avi\u00f3n puede ser una tarea desalentadora. La excitaci\u00f3n de los ni\u00f1os se dispara en vacaciones y puede resultar dif\u00edcil conseguir que se tranquilicen. He aqu\u00ed algunos consejos para planificar los viajes en familia:  <\/p>\n<p>&nbsp;<\/p>\n<ul>\n<li><strong>Empieza por un lugar\/destino seguro.  <\/strong>Consulte los riesgos para la salud, los riesgos para la seguridad, las estad\u00edsticas sobre delincuencia y las restricciones por coronavirus. La actualizaci\u00f3n gratuita de Global Rescue sobre el coronavirus puede orientar a su familia en una direcci\u00f3n de bajo riesgo, o puede suscribirse a un Informe de Destino gratuito para investigar su destino. <\/li>\n<\/ul>\n<p>&nbsp;<\/p>\n<ul>\n<li><strong>Planifique un itinerario.  <\/strong>A la vez que investigas cuestiones de seguridad y salud, probablemente tambi\u00e9n est\u00e9s investigando qu\u00e9 hacer. Est\u00e1 bien planear unas cuantas actividades, pero hay que estar dispuesto a transigir si el tiempo, las colas de entrada o la actitud no acompa\u00f1an. <\/li>\n<\/ul>\n<p>&nbsp;<\/p>\n<ul>\n<li><strong>Disponga de la documentaci\u00f3n adecuada.<\/strong>  Seg\u00fan el Departamento de Seguridad Nacional de Estados Unidos, todos los ni\u00f1os, incluidos los beb\u00e9s, deben tener su propio pasaporte o documento del Programa de Viajero de Confianza para entrar en Estados Unidos.<\/li>\n<\/ul>\n<p>&nbsp;<\/p>\n<ul>\n<li><strong>Lleve documentos si viaja solo con ni\u00f1os menores.  <\/strong>Por ejemplo, si el ni\u00f1o s\u00f3lo va acompa\u00f1ado por uno de los progenitores, \u00e9ste debe tener una nota del otro progenitor del ni\u00f1o: \u00abReconozco que mi esposa\/esposo viaja fuera del pa\u00eds con mi hijo\/hija. Tiene mi permiso para hacerlo\u00bb.<\/li>\n<\/ul>\n<p>&nbsp;<\/p>\n<ul>\n<li><strong>Decide los asientos para los ni\u00f1os.<\/strong>  No es necesario comprar un asiento adicional para un ni\u00f1o menor de 2 a\u00f1os. Si no quiere llevar al ni\u00f1o en su regazo durante todo el vuelo, puede comprar un billete de beb\u00e9 (no tarifa completa). Traiga su propia sillita.  <\/li>\n<\/ul>\n<p>&nbsp;<\/p>\n<ul>\n<li><strong>Inscr\u00edbase en TSA Precheck.  <\/strong>Puede resultar dif\u00edcil para los ni\u00f1os peque\u00f1os esperar en largas colas. Los viajeros de bajo riesgo pueden solicitar un proceso de seguridad acelerado, saliendo de un destino estadounidense, en 120 aeropuertos. Al regresar a los estados, Global Entry, gestionado por el Servicio de Aduanas y Protecci\u00f3n de Fronteras de Estados Unidos, acelera el proceso de entrada en el pa\u00eds.  <\/li>\n<\/ul>\n<p>&nbsp;<\/p>\n<ul>\n<li><strong>Empaca algunos extras.<\/strong>  Aseg\u00farate de tener a mano tus mantas y peluches favoritos para favorecer las siestas, que te ayudar\u00e1n con los cambios de huso horario o el jet lag. Lleve piruletas para el dolor de o\u00eddos y tentempi\u00e9s para cuando baje el az\u00facar. Piensa en una maleta con ruedas de tama\u00f1o infantil para los ni\u00f1os mayores de 5 a\u00f1os; a los ni\u00f1os les encanta ser \u00fatiles.  <\/li>\n<\/ul>\n<p>&nbsp;<\/p>\n<ul>\n<li><strong>Impartir educaci\u00f3n en materia de seguridad.<\/strong>  No empiece la aventura sin que los ni\u00f1os sepan qu\u00e9 hacer en caso de emergencia, memoricen los n\u00fameros de tel\u00e9fono, lleven siempre encima los datos de contacto y el DNI, y vayan cogidos de la mano de los adultos en las zonas p\u00fablicas. Tambi\u00e9n querr\u00e1 recordar a los ni\u00f1os, sobre todo a los menores de 12 a\u00f1os, que contin\u00faen con todas las medidas de protecci\u00f3n frente al coronavirus que siguen en casa. <\/li>\n<\/ul>\n<p>&nbsp;<\/p>\n<\/div>\n<p>[\/vc_column_text][vc_single_image image=\u00bb23029&#8243; img_size=\u00bbfull\u00bb][vc_column_text]<\/p>\n<div>\n<h2>Viajar con adolescentes y preadolescentes<\/h2>\n<p>Aunque los ni\u00f1os sean mayores, no significa que el viaje familiar sea m\u00e1s f\u00e1cil. Las redes sociales influyen en las decisiones de todos y, seg\u00fan una encuesta sobre vacaciones realizada por Alamo Rent A Car, casi la mitad de las familias deciden d\u00f3nde ir o qu\u00e9 hacer en vacaciones bas\u00e1ndose en las fotos que ven en las redes sociales. Los padres parecen estar especialmente influenciados, con un 61% frente al 36% de los no padres.  <\/p>\n<p>Si viajas con adolescentes o preadolescentes, prueba algunas de estas ideas:<\/p>\n<p>&nbsp;<\/p>\n<ul>\n<li><strong>Pide la opini\u00f3n de tu hijo adolescente.<\/strong>  Lo m\u00e1s probable es que ya hayan visto lugares de vacaciones en las redes sociales de sus amigos, investigado lugares a los que les gustar\u00eda ir e investigado destinos ecotur\u00edsticos pensando en la sostenibilidad. Y estar\u00e1n m\u00e1s implicados en el viaje si han ayudado a planificarlo. <\/li>\n<\/ul>\n<p>&nbsp;<\/p>\n<ul>\n<li><strong>Elige un lugar con muchas opciones.  <\/strong>Ya has investigado sobre la seguridad y los riesgos sanitarios del destino. Pide a tus hijos que elijan el hotel, investigando las opciones que tiene para ellos: acceso a la playa, piscina cubierta o al aire libre, sala de juegos o actividades cercanas. Los adolescentes querr\u00e1n ir a hacer cosas por su cuenta y t\u00fa querr\u00e1s que est\u00e9n seguros.  <\/li>\n<\/ul>\n<p>&nbsp;<\/p>\n<ul>\n<li><strong>No proh\u00edbas la tecnolog\u00eda.  <\/strong>Por supuesto, no querr\u00e1 tener a su hijo pegado a la pantalla durante todo el viaje. Pero un tel\u00e9fono m\u00f3vil o un iPad pueden ser \u00fatiles durante los tiempos muertos del viaje, o para seguir a su hijo adolescente cuando est\u00e1 solo. La afiliaci\u00f3n a Global Rescue incluye la aplicaci\u00f3n m\u00f3vil My Global Rescue, que ayuda a las familias a realizar un seguimiento de las personas que les importan con \u00e1reas designadas de geo-valla y funcionalidad de registro.  <\/li>\n<\/ul>\n<p>&nbsp;<\/p>\n<ul>\n<li><strong>Establece unas normas adecuadas a tu edad.  <\/strong>Por ejemplo, limitando la cantidad de dinero u objetos de valor que llevan consigo, o fijando horarios de entrada o toques de queda.<\/li>\n<\/ul>\n<p>&nbsp;<\/p>\n<\/div>\n<p>[\/vc_column_text][vc_single_image image=\u00bb23030&#8243; img_size=\u00bbfull\u00bb][vc_column_text]<\/p>\n<div>\n<h2>Consejos para viajar en familia a cualquier edad<\/h2>\n<p>\u00bfNi\u00f1os peque\u00f1os, adolescentes, abuelos? Viajar en familia requiere paciencia, planificaci\u00f3n y pr\u00e1ctica. He aqu\u00ed c\u00f3mo empezar.  <\/p>\n<p>&nbsp;<\/p>\n<ul>\n<li><strong>Sondea a la familia.  <\/strong>No pongas a una sola persona a cargo de la planificaci\u00f3n. No s\u00f3lo es estresante, sino que todos deben tener voz. Pregunte a todos c\u00f3mo quieren pasar sus vacaciones y utilice los resultados para elegir el destino. Seg\u00fan una reciente encuesta sobre viajes de Global Rescue, as\u00ed es como planifica su viaje el 39% de los encuestados.   <\/li>\n<\/ul>\n<p>&nbsp;<\/p>\n<ul>\n<li><strong>Planificar las actividades y los tiempos muertos.  <\/strong>  Puede que a los abuelos no les interese el senderismo o las excursiones a pie. Los adolescentes quieren probar el submarinismo y el parapente. Proponga una variedad de actividades -con planes de contingencia u opciones alternativas preparadas- e incluya tambi\u00e9n el tiempo de inactividad en el programa de vacaciones.  <\/li>\n<\/ul>\n<p>&nbsp;<\/p>\n<ul>\n<li><strong>Aseg\u00farese de que todo el mundo est\u00e1 sano.<\/strong>  Todos los miembros de la familia deben programar una consulta m\u00e9dica tres o cuatro semanas antes del viaje. Todas las inmunizaciones y vacunas deben estar al d\u00eda. <\/li>\n<\/ul>\n<p>&nbsp;<\/p>\n<ul>\n<li><strong>Planifica tu ruta.<\/strong>  Dependiendo de las edades de su clan, puede considerar un vuelo con escala (los ni\u00f1os peque\u00f1os y las personas mayores tienen la oportunidad de estirar las piernas). Los adolescentes probablemente puedan aguantar un vuelo directo m\u00e1s largo. <\/li>\n<\/ul>\n<p>&nbsp;<\/p>\n<ul>\n<li><strong>Reg\u00edstrese en l\u00ednea y elija sus asientos.  <\/strong>Con los ni\u00f1os m\u00e1s peque\u00f1os, querr\u00e1s tener asientos asignados para que todos est\u00e9is sentados juntos.<\/li>\n<\/ul>\n<p>&nbsp;<\/p>\n<ul>\n<li><strong>A\u00f1ada tiempo extra al plan de viaje.<\/strong>  Tenga en cuenta los cambios meteorol\u00f3gicos. Consulta los tiempos de espera en el aeropuerto antes de subirte al coche. <\/li>\n<\/ul>\n<p>&nbsp;<\/p>\n<ul>\n<li><strong>Averig\u00fce qu\u00e9 documentaci\u00f3n necesitar\u00e1.<\/strong>  Aseg\u00farese de que su hijo lleva consigo sus datos personales en todo momento, junto con copias de sus formularios de consentimiento de viaje, itinerario de viaje y pasaporte. Los documentos m\u00e1s valiosos, como pasaportes y documentaci\u00f3n de vacunaci\u00f3n, deben permanecer con uno de los padres o tutores. Los abuelos deben llevar una lista de medicamentos. United Airlines ofrece algunos consejos para los viajes nacionales e internacionales.   <\/li>\n<\/ul>\n<p>&nbsp;<\/p>\n<ul>\n<li><strong>No pasa nada por hacer demasiada maleta, aunque sea un poco.<\/strong> Seg\u00fan una <a href=\"https:\/\/www.globalrescue.com\/es\/common\/blog\/detail\/2020-travel-safety-survey\/\">encuesta de Global Rescue de 2020<\/a>, casi todo el mundo (el 75% de los encuestados) empaca de m\u00e1s para un viaje. Las vacaciones en familia pueden ser el \u00fanico momento en el que est\u00e1 bien llevar algunos extras. Por ejemplo, puede que no necesites una tirita a diario cuando est\u00e1s en casa, pero no tener una en un viaje puede ser una molestia importante.  <\/li>\n<\/ul>\n<p>&nbsp;<\/p>\n<ul>\n<li><strong>Invierta en servicios de afiliaci\u00f3n para viajes.<\/strong>  Las afiliaciones familiares a Global Rescue incluyen un afiliado principal, su c\u00f3nyuge y hasta seis hijos menores de 26 a\u00f1os a su cargo. Cada miembro podr\u00e1 acceder a servicios m\u00e9dicos, de seguridad, de evacuaci\u00f3n, de gesti\u00f3n de riesgos de viaje y de gesti\u00f3n de crisis. La p\u00e9rdida de objetos, como el pasaporte, puede hacer que las vacaciones sean estresantes, pero tendr\u00e1 asistencia 24 horas al d\u00eda, 7 d\u00edas a la semana, con un abono de protecci\u00f3n de viajes. Si las cosas se tuercen con una enfermedad o lesi\u00f3n grave, podr\u00e1 obtener asistencia m\u00e9dica o servicios de evacuaci\u00f3n.   <\/li>\n<\/ul>\n<h4><strong><br \/>\nSi ha marcado los puntos de esta lista que se aplican a sus pr\u00f3ximas vacaciones de verano, usted y los miembros de su familia est\u00e1n preparados para un viaje seguro. Ahora respire hondo, cuente hasta 10 y disfrute de sus vacaciones. <\/strong><\/h4>\n<p>&nbsp;<\/p>\n<\/div>\n<p>[\/vc_column_text][vc_single_image image=\u00bb23031&#8243; img_size=\u00bbfull\u00bb][vc_column_text]<\/p>\n<p>&nbsp;<\/p>\n<p style=\"text-align: center;\"><span style=\"font-size: 20pt; text-align: left; color: #d71635;\"><em>\u00abA lo largo del a\u00f1o, regalar\u00e9 por su cumplea\u00f1os a mis hijos mayores que se han quedado sin nuestro plan familiar la suscripci\u00f3n a la protecci\u00f3n de viajes\u00bb.  <\/em><\/span><\/p>\n<p style=\"text-align: center; font-weight: bold;\">- Tim Williams de Wellborn, Florida<\/p>\n<p>&nbsp;<\/p>\n<p>[\/vc_column_text][\/vc_column][\/vc_row]<\/p>\n<\/div>","protected":false},"excerpt":{"rendered":"<p>[vc_row][vc_column][vc_column_text] Vacaciones en familia sin peleas Todo el mundo est\u00e1 luchando a lo Kung Fu en tus merecidas vacaciones familiares. He aqu\u00ed c\u00f3mo mantener a los ni\u00f1os, adolescentes, c\u00f3nyuges y abuelos seguros y felices en una aventura de viaje. Se supone que las vacaciones en familia son relajantes, un momento para desconectar y pasar tiempo [&hellip;]<\/p>\n","protected":false},"author":5,"featured_media":0,"parent":0,"menu_order":0,"comment_status":"closed","ping_status":"closed","template":"landing-pages\/template-lp-fullwidth-parallax.php","meta":{"_acf_changed":false,"inline_featured_image":false,"footnotes":""},"class_list":["post-48993","page","type-page","status-publish","hentry"],"acf":[],"_links":{"self":[{"href":"https:\/\/www.globalrescue.com\/es\/wp-json\/wp\/v2\/pages\/48993","targetHints":{"allow":["GET"]}}],"collection":[{"href":"https:\/\/www.globalrescue.com\/es\/wp-json\/wp\/v2\/pages"}],"about":[{"href":"https:\/\/www.globalrescue.com\/es\/wp-json\/wp\/v2\/types\/page"}],"author":[{"embeddable":true,"href":"https:\/\/www.globalrescue.com\/es\/wp-json\/wp\/v2\/users\/5"}],"replies":[{"embeddable":true,"href":"https:\/\/www.globalrescue.com\/es\/wp-json\/wp\/v2\/comments?post=48993"}],"version-history":[{"count":4,"href":"https:\/\/www.globalrescue.com\/es\/wp-json\/wp\/v2\/pages\/48993\/revisions"}],"predecessor-version":[{"id":51344,"href":"https:\/\/www.globalrescue.com\/es\/wp-json\/wp\/v2\/pages\/48993\/revisions\/51344"}],"wp:attachment":[{"href":"https:\/\/www.globalrescue.com\/es\/wp-json\/wp\/v2\/media?parent=48993"}],"curies":[{"name":"wp","href":"https:\/\/api.w.org\/{rel}","templated":true}]}}