{"id":48997,"date":"2022-07-21T15:33:31","date_gmt":"2022-07-21T15:33:31","guid":{"rendered":"https:\/\/www.globalrescue.com\/seguro-de-viaje\/"},"modified":"2025-08-19T10:03:02","modified_gmt":"2025-08-19T10:03:02","slug":"seguro-de-viaje","status":"publish","type":"page","link":"https:\/\/www.globalrescue.com\/es\/lp\/travel-insurance\/","title":{"rendered":"seguro de viaje"},"content":{"rendered":"<div class=\"wpb-content-wrapper\"><p>[vc_row][vc_column][vc_column_text]<\/p>\n<h1>El sucio secreto del seguro de viaje<\/h1>\n<h3>La pandemia deja al descubierto las lagunas de los seguros de viaje<\/h3>\n<div class=\"stack_adapt_social jssocials\" id=\"share\"><\/div>\n<p>Cuando se anunci\u00f3 la pandemia hace m\u00e1s de un a\u00f1o, las fronteras internacionales se cerraron, y los viajeros, las agencias de viajes, las compa\u00f1\u00edas a\u00e9reas y muchos otros se apresuraron a ayudar a la gente a volver a casa de forma r\u00e1pida y segura. Las vacaciones se interrumpieron, los viajes de negocios se cancelaron y los planes de ocio se cancelaron abruptamente. Casi nadie estaba preparado para manejar el repentino y masivo movimiento de personas que intentaban escapar de lo que se convertir\u00eda en la primera pandemia en un siglo.  <\/p>\n<p>&nbsp;<\/p>\n<p>El miedo al coronavirus se apoder\u00f3 del mundo, y todo el mundo deseaba desesperadamente huir, volver a casa con la familia, los amigos y a salvo. Los funcionarios se apresuraron a transportar a los expatriados a sus pa\u00edses de origen. Las aerol\u00edneas comerciales, que habitualmente vuelan con el cupo completo de pasajeros, se esforzaron por cambiar las rutas y las reservas de los clientes impacientes por volver a casa sanos y salvos.  <\/p>\n<p>&nbsp;<\/p>\n<p>Al mismo tiempo, las fronteras se cerraban sin previo aviso y con un rigor casi absoluto.<\/p>\n<p>Los viajeros aprendieron r\u00e1pidamente un sucio secreto:<span> <\/span><strong>su seguro de viaje no les proporcionaba la protecci\u00f3n que esperaban.<\/strong><\/p>\n<p>&nbsp;<\/p>\n<h2>Los viajeros deber\u00e1n pasar la cuarentena en hoteles por su cuenta<\/h2>\n<p>&nbsp;<\/p>\n<p>\u00abCuando se produjo la pandemia, muchas p\u00f3lizas de seguros de viaje no cubr\u00edan las interrupciones y cancelaciones de viajes relacionadas con el COVID-19\u00bb, seg\u00fan un informe de The New York Times.<\/p>\n<p>&nbsp;<\/p>\n<p>Las \u00ablimitaciones de la cobertura de los seguros de viaje se han puesto de manifiesto durante la pandemia de coronavirus, dejando a los posibles viajeros frustrados por la denegaci\u00f3n de reclamaciones de cientos -si no miles- de d\u00f3lares\u00bb, inform\u00f3 el Chicago Tribune.<\/p>\n<p>&nbsp;<\/p>\n<p><strong>\u00abBilletes de avi\u00f3n, casas de vacaciones y otras excursiones se van al descubierto aunque algunos digan que no podr\u00edan haber llegado a sus destinos por el cierre de estaciones de esqu\u00ed, el cierre de playas y los gobernadores instando a todo el mundo a quedarse en casa\u00bb.<\/strong><\/p>\n<p>&nbsp;<\/p>\n<p>Los viajeros que supon\u00edan que su seguro m\u00e9dico y de viaje pagar\u00eda el coste de las cancelaciones de viaje, las tasas y recargos ligados a los cambios de vuelo, los gastos relacionados con las cuarentenas y los costes de las pruebas y la asistencia sanitaria en el extranjero descubrieron que estaban equivocados.[\/vc_column_text][vc_single_image image=\u00bb23038&#8243; img_size=\u00bbfull\u00bb][vc_column_text]Muchos viajeros se sintieron consternados al descubrir que las cancelaciones de viaje no estar\u00edan cubiertas por sus seguros de viaje, aunque tuvieran protecciones de cancelaci\u00f3n por cualquier motivo. \u00abEl riesgo de contraer el nuevo coronavirus, o COVID-19, no est\u00e1 cubierto por una p\u00f3liza est\u00e1ndar\u00bb, seg\u00fan los expertos. \u00abY como la propagaci\u00f3n del pat\u00f3geno se considera ahora un factor conocido para los viajes -lo que significa que es una pandemia declarada- es probable que quede excluida de la cobertura\u00bb.  <\/p>\n<p>&nbsp;<\/p>\n<p>No import\u00f3 que las autoridades sanitarias y del gobierno de EE.UU. aconsejaran a los estadounidenses que reconsideraran o no viajaran. \u00abEstos avisos no invocan la cobertura de los titulares de p\u00f3lizas de seguro de viaje est\u00e1ndar si deciden cancelar o cambiar sus planes\u00bb, inform\u00f3 USA Today. <\/p>\n<p>&nbsp;<\/p>\n<p>La nueva realidad result\u00f3 costosa para los viajeros, que tuvieron que pasar la cuarentena en hoteles por su cuenta, pero es posible que los vacacionistas secuestrados en cruceros se hayan librado de esos gastos. \u00abEn el caso de varios cruceros en Asia oriental que tuvieron que pasar la cuarentena, las propias compa\u00f1\u00edas de cruceros asumieron el coste del alojamiento. En la mayor\u00eda de los dem\u00e1s casos, los viajeros individuales son responsables de gestionar su autocuarentena\u00bb, inform\u00f3 la revista Time. <\/p>\n<p>&nbsp;<\/p>\n<p>Los viajeros a\u00e9reos a menudo no necesitaban seguro de viaje para cubrir cancelaciones de vuelos o cambios de horario. \u00abComo el brote de coronavirus ha perturbado los viajes internacionales, las compa\u00f1\u00edas a\u00e9reas han ofrecido exenciones que permiten a la gente cancelar o cambiar sus vuelos sin la penalizaci\u00f3n habitual\u00bb, inform\u00f3 USA Today. <\/p>\n<p>&nbsp;<\/p>\n<p><strong>NPR inform\u00f3 de que \u00aben algunos pa\u00edses, los expatriados [no] pod\u00edan recibir atenci\u00f3n de los servicios p\u00fablicos de salud, mientras que las p\u00f3lizas de seguro m\u00e9dico privado [no] cubr\u00edan el coste de las pruebas si \u00e9stas [no] se consideraban m\u00e9dicamente necesarias\u00bb.<\/strong>[\/vc_column_text][vc_single_image image=\u00bb23039&#8243; img_size=\u00bbfull\u00bb][vc_column_text]<\/p>\n<h2>Seguro de viaje frente a servicios de evacuaci\u00f3n m\u00e9dica<\/h2>\n<p>La pandemia concienci\u00f3 a los viajeros sobre las limitaciones de los seguros de viaje y la importancia de los servicios de evacuaci\u00f3n m\u00e9dica. En resumen, la cobertura de evacuaci\u00f3n m\u00e9dica no es un seguro de viaje. Hay algunas compa\u00f1\u00edas de seguros de viaje que ofrecen p\u00f3lizas con cobertura de evacuaci\u00f3n m\u00e9dica. Sin embargo, depende del individuo encontrar un servicio de evacuaci\u00f3n, pagarlo y presentar una solicitud de reembolso. Los verdaderos servicios de evacuaci\u00f3n m\u00e9dica, como Global Rescue, se venden como afiliaci\u00f3n.    <\/p>\n<p>&nbsp;<\/p>\n<p>Las afiliaciones a Global Rescue incluyen el rescate de emergencia sobre el terreno desde el punto en que se produzca una enfermedad o lesi\u00f3n en todo el mundo. Se asumen los costes asociados al transporte terrestre o a\u00e9reo de emergencia: No hay deducible ni copago. La afiliaci\u00f3n tambi\u00e9n incluye asistencia directa al viajero para ayudarle con los sistemas sanitarios locales, problemas de visados y pasaportes, traducci\u00f3n, localizadores de abogados y alertas de sucesos en tiempo real.  <\/p>\n<p>&nbsp;<\/p>\n<p>Cuando comenz\u00f3 la propagaci\u00f3n del coronavirus, los viajeros y expatriados se vieron atrapados en una serie creciente de directivas gubernamentales y \u00f3rdenes m\u00e9dicas para contener el avance del virus. Pronto, las autoridades gubernamentales, los funcionarios de salud p\u00fablica y los administradores de viajes restringieron casi todos los vuelos. El brote de COVID-19 hizo que Global Rescue se pusiera manos a la obra para ayudar a nuestros miembros a evacuar en un momento en que las restricciones a los viajes internacionales se hac\u00edan m\u00e1s estrictas cada d\u00eda.[\/vc_column_text][vc_single_image image=\u00bb23040&#8243; img_size=\u00bbfull\u00bb][vc_column_text]<\/p>\n<h2>Global Rescue trae a casa a los miembros que viajan<\/h2>\n<p>Las circunstancias sin precedentes dificultaron los esfuerzos por devolver a los viajeros a sus hogares, pero no impidieron que Global Rescue ayudara a nuestros miembros.Global Rescue comprometi\u00f3 a sus experimentados equipos de seguridad e inteligencia a utilizar sus conocimientos log\u00edsticos, su fluidez burocr\u00e1tica y su implacable enfoque para ayudar a las personas a regresar a sus hogares.<\/p>\n<p>Global Rescue suele gestionar cientos de operaciones al mes. El brote de coronavirus dispar\u00f3 significativamente la actividad y la intensidad de las operaciones. Se llevaron a cabo casi 500 operaciones para ayudar a los viajeros a regresar a sus hogares, proporcionar evacuaci\u00f3n m\u00e9dica o de seguridad y asesoramiento; la mayor\u00eda de las operaciones tuvieron lugar en las primeras semanas de la pandemia.  <\/p>\n<p>&nbsp;<\/p>\n<p>Nuestro equipo de operaciones particip\u00f3 diariamente en operaciones m\u00e9dicas, de seguridad y de viajes en m\u00e1s de 90 pa\u00edses de todo el mundo. La evacuaci\u00f3n m\u00e9dica no es s\u00f3lo para las pandemias, sino que es esencial para cualquier viajero en caso de emergencia, ya sea debido a un desastre natural, una pandemia, disturbios civiles, o simplemente la necesidad de ayuda de emergencia cuando se est\u00e1 de viaje. <\/p>\n<p>&nbsp;<\/p>\n<p>Una emergencia que requiera una evacuaci\u00f3n m\u00e9dica puede ocurrir en cualquier momento y a los viajeros les conviene conocer bien las opciones disponibles. Global Rescue es el proveedor l\u00edder de servicios de asesoramiento y evacuaci\u00f3n m\u00e9dica y de seguridad. Con servicios para el viajero de ocio hasta el aventurero extremo, Global Rescue cuenta con la confianza de m\u00e1s de un mill\u00f3n de miembros en todo el mundo.[\/vc_column_text][\/vc_column][\/vc_row]<\/p>\n<\/div>","protected":false},"excerpt":{"rendered":"<p>[vc_row][vc_column][vc_column_text] El sucio secreto del seguro de viaje La pandemia deja al descubierto las lagunas de los seguros de viaje Cuando se anunci\u00f3 la pandemia hace m\u00e1s de un a\u00f1o, las fronteras internacionales se cerraron, y los viajeros, las agencias de viajes, las compa\u00f1\u00edas a\u00e9reas y muchos otros se apresuraron a ayudar a la gente [&hellip;]<\/p>\n","protected":false},"author":1,"featured_media":0,"parent":0,"menu_order":0,"comment_status":"closed","ping_status":"closed","template":"landing-pages\/template-lp-fullwidth-parallax.php","meta":{"_acf_changed":false,"inline_featured_image":false,"footnotes":""},"class_list":["post-48997","page","type-page","status-publish","hentry"],"acf":[],"_links":{"self":[{"href":"https:\/\/www.globalrescue.com\/es\/wp-json\/wp\/v2\/pages\/48997","targetHints":{"allow":["GET"]}}],"collection":[{"href":"https:\/\/www.globalrescue.com\/es\/wp-json\/wp\/v2\/pages"}],"about":[{"href":"https:\/\/www.globalrescue.com\/es\/wp-json\/wp\/v2\/types\/page"}],"author":[{"embeddable":true,"href":"https:\/\/www.globalrescue.com\/es\/wp-json\/wp\/v2\/users\/1"}],"replies":[{"embeddable":true,"href":"https:\/\/www.globalrescue.com\/es\/wp-json\/wp\/v2\/comments?post=48997"}],"version-history":[{"count":4,"href":"https:\/\/www.globalrescue.com\/es\/wp-json\/wp\/v2\/pages\/48997\/revisions"}],"predecessor-version":[{"id":51347,"href":"https:\/\/www.globalrescue.com\/es\/wp-json\/wp\/v2\/pages\/48997\/revisions\/51347"}],"wp:attachment":[{"href":"https:\/\/www.globalrescue.com\/es\/wp-json\/wp\/v2\/media?parent=48997"}],"curies":[{"name":"wp","href":"https:\/\/api.w.org\/{rel}","templated":true}]}}