{"id":49115,"date":"2022-11-03T11:57:01","date_gmt":"2022-11-03T11:57:01","guid":{"rendered":"https:\/\/www.globalrescue.com\/proteccion-para-viajes-de-surf\/"},"modified":"2025-08-06T08:09:53","modified_gmt":"2025-08-06T08:09:53","slug":"proteccion-para-viajes-de-surf","status":"publish","type":"page","link":"https:\/\/www.globalrescue.com\/es\/lp\/surf-travel-protection\/","title":{"rendered":"Protecci\u00f3n para viajes de surf"},"content":{"rendered":"<div class=\"wpb-content-wrapper\"><p>[vc_row el_class=\u00bbmt-4&#8243;][vc_column][vc_row_inner content_placement=\u00bbmiddle\u00bb el_class=\u00bbcontainer auto-margin mt-5&#8243;][vc_column_inner width=\u00bb1\/4&#8243; offset=\u00bbvc_col-xs-3&#8243;][vc_single_image image=\u00bb9500&#8243; img_size=\u00bblarge\u00bb alignment=\u00bbcenter\u00bb][\/vc_column_inner][vc_column_inner width=\u00bb1\/4&#8243; offset=\u00bbvc_col-xs-3&#8243;][vc_single_image image=\u00bb9506&#8243; img_size=\u00bblarge\u00bb alignment=\u00bbcenter\u00bb][\/vc_column_inner][vc_column_inner width=\u00bb1\/4&#8243; offset=\u00bbvc_col-xs-3&#8243;][vc_single_image image=\u00bb9463&#8243; img_size=\u00bblarge\u00bb alignment=\u00bbcenter\u00bb][\/vc_column_inner][vc_column_inner width=\u00bb1\/4&#8243; offset=\u00bbvc_col-xs-3&#8243;][vc_single_image image=\u00bb9507&#8243; img_size=\u00bbfull\u00bb alignment=\u00bbcenter\u00bb el_class=\u00bbset-for-mob\u00bb][\/vc_column_inner][\/vc_row_inner][vc_row_inner][vc_column_inner][vc_column_text]<\/p>\n<hr \/>\n<p>[\/vc_column_text][\/vc_column_inner][\/vc_row_inner][\/vc_column][\/vc_row][vc_row css=\u00bb.vc_custom_1665566408394{margin-top: 50px !important;}\u00bb][vc_column][vc_row_inner el_class=\u00bbcontainer auto-margin mt-3 mb-5&#8243;][vc_column_inner width=\u00bb1\/2&#8243;][vc_column_text]<\/p>\n<h1 style=\"font-weight: 900; color: #d71635;\">Ofrezca servicios de protecci\u00f3n de viajes de Global Rescue<\/h1>\n<p><span class=\"TextRun Highlight SCXW148406488 BCX0\" lang=\"EN-US\" data-contrast=\"none\" xml:lang=\"EN-US\"><span class=\"NormalTextRun SCXW148406488 BCX0\">As\u00f3ciese con Global Rescue, l\u00edder en gesti\u00f3n de riesgos en los viajes, que ofrece en exclusiva servicios m\u00e9dicos, de seguridad y de inteligencia integrados e internos. Trabajamos con algunos de los mejores operadores y alojamientos de surf<\/span><\/span><span class=\"TextRun Highlight SCXW148406488 BCX0\" lang=\"EN-US\" data-contrast=\"none\"><span class=\"NormalTextRun SCXW148406488 BCX0\">,<\/span><\/span><span class=\"TextRun Highlight SCXW148406488 BCX0\" lang=\"EN-US\" data-contrast=\"none\"><span class=\"NormalTextRun SCXW148406488 BCX0\"><span> <\/span>que se enorgullece de ofrecer los servicios de protecci\u00f3n de viajes de Global Rescue.<\/span><\/span>[\/vc_column_text][\/vc_column_inner][vc_column_inner width=\u00bb1\/2&#8243;][vc_single_image image=\u00bb6145&#8243; img_size=\u00bbfull\u00bb alignment=\u00bbcenter\u00bb][\/vc_column_inner][\/vc_row_inner][\/vc_column][\/vc_row][vc_row el_class=\u00bbcontainer auto-margin\u00bb][vc_column][vc_row_inner][vc_column_inner][vc_column_text]<\/p>\n<h3 class=\"color-danger text-center heading bgl \"><span><br \/>\nAlgunos de nuestros principales servicios son<\/span><\/h3>\n<p>[\/vc_column_text][\/vc_column_inner][\/vc_row_inner][vc_row_inner el_class=\u00bbmembership-items\u00bb][vc_column_inner width=\u00bb1\/5&#8243; offset=\u00bbvc_col-xs-1\/5&#8243;][vc_single_image image=\u00bb5806&#8243; img_size=\u00bblarge\u00bb alignment=\u00bbcenter\u00bb][vc_column_text]<strong><span>Viajes <\/span><\/strong><br \/>\n<strong><span>Asistencia <\/span><\/strong><br \/>\n<strong><span>24\/7\/365<br \/>\n<\/span><\/strong>[\/vc_column_text][\/vc_column_inner][vc_column_inner width=\u00bb1\/5&#8243; offset=\u00bbvc_col-xs-1\/5&#8243;][vc_single_image image=\u00bb5808&#8243; img_size=\u00bblarge\u00bb alignment=\u00bbcenter\u00bb][vc_column_text]<strong><span>Evacuaci\u00f3n<br \/>\ny asesoramiento<br \/>\nServicios<\/span><\/strong>[\/vc_column_text][\/vc_column_inner][vc_column_inner width=\u00bb1\/5&#8243; offset=\u00bbvc_col-xs-1\/5&#8243;][vc_single_image image=\u00bb5811&#8243; img_size=\u00bblarge\u00bb alignment=\u00bbcenter\u00bb][vc_column_text]<strong><span>En todo el mundo <\/span><\/strong><br \/>\n<strong><span>Sobre el terreno <\/span><\/strong><br \/>\n<strong><span>Rescate<br \/>\n<\/span><\/strong>[\/vc_column_text][\/vc_column_inner][vc_column_inner width=\u00bb1\/5&#8243; offset=\u00bbvc_col-xs-1\/5&#8243;][vc_single_image image=\u00bb5807&#8243; img_size=\u00bblarge\u00bb alignment=\u00bbcenter\u00bb][vc_column_text]<strong><span>Viajes<br \/>\nPlanificaci\u00f3n<br \/>\nRecursos<\/span><\/strong>[\/vc_column_text][\/vc_column_inner][vc_column_inner width=\u00bb1\/5&#8243; offset=\u00bbvc_col-xs-1\/5&#8243;][vc_single_image image=\u00bb5809&#8243; img_size=\u00bblarge\u00bb alignment=\u00bbcenter\u00bb][vc_column_text]<strong><span>Global<br \/>\nTelemedicina<br \/>\nAcceso<\/span><\/strong>[\/vc_column_text][\/vc_column_inner][\/vc_row_inner][vc_row_inner][vc_column_inner][vc_column_text]<\/p>\n<hr \/>\n<p>[\/vc_column_text][\/vc_column_inner][\/vc_row_inner][\/vc_column][\/vc_row][vc_row el_class=\u00bbcontainer auto-margin mt-5 mb-5&#8243;][vc_column][vc_row_inner el_class=\u00bbcolumn-reverse\u00bb][vc_column_inner width=\u00bb1\/2&#8243;][vc_single_image image=\u00bb5964&#8243; img_size=\u00bbfull\u00bb alignment=\u00bbcenter\u00bb css=\u00bb.vc_custom_1665565810192{background-position: center !important;background-repeat: no-repeat !important;background-size: cover !important;}\u00bb][\/vc_column_inner][vc_column_inner width=\u00bb1\/2&#8243;][vc_column_text]<\/p>\n<h1 style=\"font-weight: 900; color: #d71635;\">Qui\u00e9nes somos<\/h1>\n<p><span>Global Rescue es la \u00fanica empresa de gesti\u00f3n de riesgos en viajes, gesti\u00f3n de crisis y respuesta que asume el control total de todas las fases de nuestros servicios. Con m\u00e1s de 20.000 operaciones en todo el mundo, Global Rescue tiene experiencia en algunos de los entornos m\u00e1s remotos y peligrosos del mundo. <\/span><\/p>\n<p><span>En nuestros centros de operaciones trabajan enfermeros, param\u00e9dicos y veteranos de operaciones especiales del ej\u00e9rcito. Tambi\u00e9n colaboramos con la Divisi\u00f3n de Operaciones Especiales de Medicina de Urgencias de Johns Hopkins, Elite Medical Group y Mass General Brigham.<\/span>[\/vc_column_text][\/vc_column_inner][\/vc_row_inner][\/vc_column][\/vc_row][vc_section css=\u00bb.vc_custom_1664958437044{background-color: #e6e6e6 !important;}\u00bb][vc_row el_class=\u00bbcontainer auto-margin\u00bb css=\u00bb.vc_custom_1664958630799{padding-top: 70px !important;padding-bottom: 70px !important;}\u00bb][vc_column width=\u00bb1\/3&#8243;][vc_column_text]<\/p>\n<h1 style=\"font-weight: 900; color: #d71635;\">Por qu\u00e9 asociarse<\/h1>\n<p>[\/vc_column_text][\/vc_column][vc_column width=\u00bb1\/3&#8243;][vc_column_text]<\/p>\n<h3 style=\"font-weight: 900;\">SEGURO DE VIAJE<\/h3>\n<p>El complemento perfecto a la afiliaci\u00f3n a Global Rescue.<\/p>\n<h3 style=\"font-weight: 900;\">SERVICIOS DE EVACUACI\u00d3N<\/h3>\n<p>Repatriaci\u00f3n al hospital de elecci\u00f3n y gesti\u00f3n completa del caso.<\/p>\n<h3 style=\"font-weight: 900;\">RESCATE DE CAMPO<\/h3>\n<p>Fuimos pioneros en el rescate sobre el terreno en todo el mundo. M\u00e1s informaci\u00f3n sobre el rescate local sobre el terreno.<\/p>\n<h3 style=\"font-weight: 900;\">TODO EN UNO<\/h3>\n<p>Evacuaci\u00f3n de emergencia, respuesta a crisis, rescate sobre el terreno y seguro de viaje a terceros: todo en una sola factura.<\/p>\n<h3 style=\"font-weight: 900;\">INSCRIPCI\u00d3N GRATUITA<\/h3>\n<p>La inscripci\u00f3n es gratuita.<\/p>\n<h3 style=\"font-weight: 900;\">TELEHEALTH<\/h3>\n<p>Acceso a servicios globales de telesalud.<\/p>\n<p>[\/vc_column_text][\/vc_column][vc_column width=\u00bb1\/3&#8243;][vc_column_text]<\/p>\n<h3 style=\"font-weight: 900;\">GANANCIAS ILIMITADAS<\/h3>\n<p>Genere ingresos cuando sus clientes adquieran afiliaciones a Global Rescue o seguros de viaje.<\/p>\n<h3 style=\"font-weight: 900;\">DEBER DE ASISTENCIA<\/h3>\n<p>Proteja la salud y la seguridad de sus clientes y contribuya a cumplir su deber legal de diligencia.<\/p>\n<h3 style=\"font-weight: 900;\">RESPUESTA COVID<\/h3>\n<p>Capacidad para responder a los casos de COVID y acceso a la informaci\u00f3n y los recursos de COVID.<\/p>\n<h3 style=\"font-weight: 900;\">APOYO A LA COMERCIALIZACI\u00d3N<\/h3>\n<p>Herramientas y recursos que le ayudar\u00e1n a impulsar las ventas, adem\u00e1s de consejos sobre seguridad en los viajes de nuestros expertos internos.<\/p>\n<p>[\/vc_column_text][\/vc_column][\/vc_row][vc_row][vc_column el_class=\u00bbtext-center\u00bb][vc_column_text]<a class=\"trigger-contact-form btn btn-danger btn-gr btn-lg trigger-contact-form pum-trigger\" href=\"#\" style=\"cursor: pointer;\">CONT\u00c1CTANOS<\/a>[\/vc_column_text][\/vc_column][\/vc_row][\/vc_section]<\/p>\n<\/div>","protected":false},"excerpt":{"rendered":"<p>[vc_row el_class=\u00bbmt-4&#8243;][vc_column][vc_row_inner content_placement=\u00bbmiddle\u00bb el_class=\u00bbcontainer auto-margin mt-5&#8243;][vc_column_inner width=\u00bb1\/4&#8243; offset=\u00bbvc_col-xs-3&#8243;][vc_single_image image=\u00bb9500&#8243; img_size=\u00bblarge\u00bb alignment=\u00bbcenter\u00bb][\/vc_column_inner][vc_column_inner width=\u00bb1\/4&#8243; offset=\u00bbvc_col-xs-3&#8243;][vc_single_image image=\u00bb9506&#8243; img_size=\u00bblarge\u00bb alignment=\u00bbcenter\u00bb][\/vc_column_inner][vc_column_inner width=\u00bb1\/4&#8243; offset=\u00bbvc_col-xs-3&#8243;][vc_single_image image=\u00bb9463&#8243; img_size=\u00bblarge\u00bb alignment=\u00bbcenter\u00bb][\/vc_column_inner][vc_column_inner width=\u00bb1\/4&#8243; offset=\u00bbvc_col-xs-3&#8243;][vc_single_image image=\u00bb9507&#8243; img_size=\u00bbfull\u00bb alignment=\u00bbcenter\u00bb el_class=\u00bbset-for-mob\u00bb][\/vc_column_inner][\/vc_row_inner][vc_row_inner][vc_column_inner][vc_column_text] [\/vc_column_text][\/vc_column_inner][\/vc_row_inner][\/vc_column][\/vc_row][vc_row css=\u00bb.vc_custom_1665566408394{margin-top: 50px !important;}\u00bb][vc_column][vc_row_inner el_class=\u00bbcontainer auto-margin mt-3 mb-5&#8243;][vc_column_inner width=\u00bb1\/2&#8243;][vc_column_text] Ofrezca servicios de protecci\u00f3n de viajes de Global Rescue As\u00f3ciese con Global Rescue, l\u00edder en gesti\u00f3n de riesgos en [&hellip;]<\/p>\n","protected":false},"author":5,"featured_media":40574,"parent":0,"menu_order":0,"comment_status":"closed","ping_status":"closed","template":"landing-pages\/template-lp-dark-header.php","meta":{"_acf_changed":false,"inline_featured_image":false,"footnotes":""},"class_list":["post-49115","page","type-page","status-publish","has-post-thumbnail","hentry"],"acf":[],"_links":{"self":[{"href":"https:\/\/www.globalrescue.com\/es\/wp-json\/wp\/v2\/pages\/49115","targetHints":{"allow":["GET"]}}],"collection":[{"href":"https:\/\/www.globalrescue.com\/es\/wp-json\/wp\/v2\/pages"}],"about":[{"href":"https:\/\/www.globalrescue.com\/es\/wp-json\/wp\/v2\/types\/page"}],"author":[{"embeddable":true,"href":"https:\/\/www.globalrescue.com\/es\/wp-json\/wp\/v2\/users\/5"}],"replies":[{"embeddable":true,"href":"https:\/\/www.globalrescue.com\/es\/wp-json\/wp\/v2\/comments?post=49115"}],"version-history":[{"count":3,"href":"https:\/\/www.globalrescue.com\/es\/wp-json\/wp\/v2\/pages\/49115\/revisions"}],"predecessor-version":[{"id":50902,"href":"https:\/\/www.globalrescue.com\/es\/wp-json\/wp\/v2\/pages\/49115\/revisions\/50902"}],"wp:featuredmedia":[{"embeddable":true,"href":"https:\/\/www.globalrescue.com\/es\/wp-json\/wp\/v2\/media\/40574"}],"wp:attachment":[{"href":"https:\/\/www.globalrescue.com\/es\/wp-json\/wp\/v2\/media?parent=49115"}],"curies":[{"name":"wp","href":"https:\/\/api.w.org\/{rel}","templated":true}]}}