{"id":50560,"date":"2022-11-10T10:42:32","date_gmt":"2022-11-10T10:42:32","guid":{"rendered":"https:\/\/www.globalrescue.com\/que-tipo-de-trabajador-a-distancia-es-usted\/"},"modified":"2025-09-01T10:31:09","modified_gmt":"2025-09-01T10:31:09","slug":"que-tipo-de-trabajador-a-distancia-es-usted","status":"publish","type":"page","link":"https:\/\/www.globalrescue.com\/es\/lp\/digital-remote-worker-types\/","title":{"rendered":"\u00bfQu\u00e9 tipo de trabajador a distancia es usted?"},"content":{"rendered":"<div class=\"wpb-content-wrapper\"><p>[vc_row][vc_column][vc_column_text]<\/p>\n<h1>\u00bfQu\u00e9 tipo de trabajador a distancia es usted?<\/h1>\n<h3>En el vol\u00e1til mundo actual, los cuatro tipos de trabajadores a distancia deben estar preparados para cualquier situaci\u00f3n. He aqu\u00ed cinco consejos de seguridad para los que trabajan desde cualquier lugar.<\/h3>\n<div class=\"stack_adapt_social jssocials\" id=\"share\"><\/div>\n<p>Hay muchas razones para no trabajar en una oficina tradicional. Puede que sea un n\u00f3mada digital que trabaja en l\u00ednea en varios lugares de su elecci\u00f3n durante periodos prolongados. O tal vez seas un viajero de ocio, que prolonga su viaje de negocios internacional para disfrutar de tiempo personal fuera de la oficina en un destino que desea explorar. O puede que sea un expatriado o un contratista que vive y trabaja fuera de su pa\u00eds de origen. Tal vez su familia haya viajado con usted.<\/p>\n<h2><strong>Tipo Uno<\/strong><br \/>\nN\u00f3madas digitales<\/h2>\n<p>[\/vc_column_text][vc_single_image image=\u00bb26587&#8243; img_size=\u00bbfull\u00bb][vc_column_text]<\/p>\n<p>El modelo de \u00abtrabajo desde cualquier lugar\u00bb no es nuevo -estaba en auge antes de 2019-, pero la pandemia impuls\u00f3 la participaci\u00f3n.Seg\u00fan un estudio de Harvard Business Review, los estadounidenses que se autodescriben como n\u00f3madas digitales aumentaron un 49%, de 7,3 millones en 2019 a 10,9 millones en 2020.<\/p>\n<p>&nbsp;<\/p>\n<p>La reciente oleada de n\u00f3madas digitales procede de personas que antes ten\u00edan empleos tradicionales de oficina.<\/p>\n<p>&nbsp;<\/p>\n<p>\u00abLa pandemia ha demostrado que el trabajo productivo puede hacerse desde casi cualquier lugar y eso est\u00e1 haciendo que la gente aproveche esa circunstancia\u00bb, dijo Richards.\u00bbLa perspectiva de trabajar desde cualquier lugar con pol\u00edticas de asistencia m\u00e1s flexibles va a dar a muchos funcionarios la posibilidad de vivir y trabajar en lugares donde antes no pod\u00edan\u00bb.<\/p>\n<h2><strong>Tipo Dos<\/strong><br \/>\nExpatriados<\/h2>\n<p>[\/vc_column_text][vc_single_image image=\u00bb26590&#8243; img_size=\u00bbfull\u00bb][vc_column_text]<\/p>\n<p>Los expatriados viven y trabajan en un pa\u00eds distinto al de su nacionalidad. Si su empresa le ha enviado a otra zona, ya ha tramitado el visado y el permiso de trabajo, y su empleador cumple la legislaci\u00f3n laboral extranjera: pago de impuestos, cotizaciones a la seguridad social, vacaciones, horas extraordinarias, jornada laboral m\u00e1xima, etc\u00e9tera. Si te has trasladado a otro pa\u00eds por una cuesti\u00f3n de estilo de vida, tendr\u00e1s que cumplir otra serie de requisitos, como visados temporales, dependiendo de la duraci\u00f3n de tu estancia.<\/p>\n<h2><strong>Tipo Tres<\/strong><br \/>\nContratistas<\/h2>\n<p>[\/vc_column_text][vc_single_image image=\u00bb26589&#8243; img_size=\u00bbfull\u00bb][vc_column_text]<\/p>\n<p>Los contratistas trabajan en funci\u00f3n de las necesidades y por una cantidad de dinero acordada, normalmente firmando un contrato para prestar un servicio. Puede ser un contratista que ofrece servicios a nivel local, como un paisajista, o que viaja por todo el mundo para reunirse con clientes y prestar servicios. Un ejemplo ser\u00eda una empresa de construcci\u00f3n contratada para construir una cadena de hoteles en Asia.<\/p>\n<h2><strong>Tipo Cuatro<\/strong><br \/>\nViajeros de ocio con familia a cuestas<\/h2>\n<p>[\/vc_column_text][vc_single_image image=\u00bb26588&#8243; img_size=\u00bbfull\u00bb][vc_column_text css=\u00bb\u00bb]Muchos viajeros de negocios combinan los viajes de trabajo con los de ocio. Esta tendencia creciente de a\u00f1adir d\u00edas de ocio a un viaje de trabajo se denomina \u00abbleisure travel\u00bb. Algunos viajeros de bleisure tambi\u00e9n traen a su familia. Es otro producto de la pandemia: un mayor sentido de la importancia del tiempo en familia.<\/p>\n<p>&nbsp;<\/p>\n<p>\u00abLos profesionales en activo se han acostumbrado a gestionar las responsabilidades laborales desde casa, lo que les permite maximizar el tiempo con sus familias de una forma que antes no ten\u00edamos\u00bb, afirma Stephanie Diamond, vicepresidenta de Gesti\u00f3n de Capital Humano de Global Rescue y veterana experta en recursos humanos internacionales. \u00abAhora, si tienes que viajar por trabajo, \u00bfpor qu\u00e9 no ibas a llevarte a tu familia contigo?\u00bb.<\/p>\n<h2>Consejos de seguridad para \u00abtrabajar desde cualquier lugar\u00bb<\/h2>\n<p>La gesti\u00f3n de la salud y la seguridad como n\u00f3mada digital es diferente de la de los viajeros de ocio, que viajan durante periodos cortos, o de la de los expatriados que permanecen en el extranjero durante un a\u00f1o o m\u00e1s. Los n\u00f3madas digitales pueden pasar a\u00f1os en el extranjero, en m\u00faltiples destinos y en muchos pa\u00edses.<\/p>\n<p>&nbsp;<\/p>\n<p>Si est\u00e1 pensando en trabajar desde el extranjero, probablemente ya haya planificado la mayor parte de la log\u00edstica. Por ejemplo, su seguro m\u00e9dico. Es posible que su seguro m\u00e9dico nacional no ofrezca cobertura fuera de su pa\u00eds de origen.<\/p>\n<p>&nbsp;<\/p>\n<p>\u00bfY ha pensado en los recursos que necesitar\u00e1 en caso de emergencia?<\/p>\n<p>&nbsp;<\/p>\n<p>\u00abSi se produce una emergencia en casa, se avisa a los servicios de emergencia locales\u00bb, explica Ralf Hilber, param\u00e9dico y supervisor de operaciones de Global Rescue. \u00abPero, \u00bfqu\u00e9 har\u00e1s cuando est\u00e9s en el extranjero? Es importante contar con un plan, porque una emergencia puede ocurrir en cualquier momento y los segundos cuentan. Es entonces cuando puede contar con nuestro equipo de operaciones para intervenir y ayudar de forma experta\u00bb.<\/p>\n<p>&nbsp;<\/p>\n<p>Antes de hacer las maletas y salir de viaje, aqu\u00ed tiene cinco consejos de seguridad para los que trabajan desde cualquier lugar:<\/p>\n<h2><strong>UNA<\/strong><br \/>\nComparte tus planes de viaje con la gente de casa.<\/h2>\n<p>Comparta su itinerario de viaje con su contacto de emergencia: amigo, familiar o colega. Dale detalles concretos: vuelo, alojamiento, n\u00famero de tel\u00e9fono del trabajo, n\u00famero de m\u00f3vil y duraci\u00f3n de la estancia.<\/p>\n<p>&nbsp;<\/p>\n<p>Harding Bush, director de operaciones de Global Rescue, insiste en la importancia de establecer un plan de contingencia antes del viaje. Esto podr\u00eda incluir una llamada telef\u00f3nica de control semanal y a qui\u00e9n llamar si no te presentas.<\/p>\n<p>&nbsp;<\/p>\n<p>\u00abLa mayor\u00eda de la gente piensa que con dar una hora de salida y una hora estimada de regreso es suficiente, pero hay que a\u00f1adir qu\u00e9 debe hacer la persona que tiene el plan si no recibe noticias suyas\u00bb, explica Bush.<\/p>\n<h2><strong>DOS<\/strong><br \/>\nPregunte a su empresa sobre el deber de diligencia<\/h2>\n<p>Como empleado, no importa si se encuentra en la oficina o no. Los directivos de las empresas -directores generales, jefes de seguridad, gestores de viajes y directores de recursos humanos- son responsables del desarrollo y la supervisi\u00f3n de las pol\u00edticas, los programas y la log\u00edstica que protegen al personal que viaja.<\/p>\n<p>&nbsp;<\/p>\n<p>\u00abTienen la obligaci\u00f3n de cuidar de sus empleados y evitar exponerlos a riesgos innecesarios o indebidos\u00bb, afirma Richards. \u00abGestionar las responsabilidades de deber de cuidado de una plantilla a distancia ser\u00e1 un nuevo reto, ya que un n\u00famero sin precedentes de empleados se conectan desde la playa, la monta\u00f1a y otros lugares donde han elegido vivir.\u00bb<\/p>\n<p>&nbsp;<\/p>\n<p>\u00bfQu\u00e9 es el deber de diligencia? Seg\u00fan Jeffrey Ment, socio director de The Ment Law Group y asesor de Global Rescue, \u00abdeber de diligencia significa que una organizaci\u00f3n tiene la obligaci\u00f3n legal de cuidar razonablemente de sus empleados viajeros. Deber de diligencia significa actuar razonablemente como deber\u00eda actuar una persona o empresa prudente dadas las circunstancias.\u00bb<\/p>\n<p>&nbsp;<\/p>\n<p>Compruebe si su empleador tiene una pol\u00edtica de deber de diligencia, qu\u00e9 implica y si la empresa dispone de recursos para ejecutar el plan. Tambi\u00e9n puedes preguntar sobre la posibilidad de contratar a un consultor de evaluaci\u00f3n de riesgos para que revise tu itinerario o destino de viaje y te aconseje sobre c\u00f3mo mantenerte seguro.<\/p>\n<h2><strong>TRES<\/strong><br \/>\nSea sincero con su empleador<\/h2>\n<p>Las cosas pueden ponerse un poco confusas cuando se trata de viajes de ocio. Las pol\u00edticas espec\u00edficas de gesti\u00f3n de riesgos de viaje de tu empresa y las obligaciones de diligencia s\u00f3lo son aplicables durante la parte de negocios de tu viaje. Eso significa que, cuando disfrutes de la parte de ocio de tu viaje, ser\u00e1s responsable de tu propia seguridad.<\/p>\n<p>&nbsp;<\/p>\n<p>\u00abEn 2005, me encontraba en Ecuador por motivos de trabajo, donde ten\u00eda previsto recorrer tambi\u00e9n una parte del Camino Inca\u00bb, explica Diamond. \u00abSi no hubiera consultado las p\u00f3lizas de mi empresa, no habr\u00eda estado protegido en caso de emergencia en el sendero\u00bb.<\/p>\n<p>&nbsp;<\/p>\n<p>Y lo m\u00e1s probable es que los familiares que viajaran con Diamond tampoco estuvieran protegidos. Es entonces cuando debe buscar una afiliaci\u00f3n de protecci\u00f3n de viaje que incluya un miembro principal, el c\u00f3nyuge y los hijos dependientes. As\u00ed, cada miembro de la familia podr\u00e1 acceder a servicios m\u00e9dicos, de seguridad, evacuaci\u00f3n, gesti\u00f3n de riesgos y crisis. Y, si ocurre lo inesperado, no hay reclamaciones, franquicias ni copagos.<\/p>\n<h2><strong>CUATRO<\/strong><br \/>\nSer capaz de comunicarse en todo momento<\/h2>\n<p>Es esencial que siempre puedas avisar a alguien de d\u00f3nde est\u00e1s.Un tel\u00e9fono totalmente cargado es fundamental, as\u00ed que aseg\u00farate de tener una bater\u00eda de repuesto o un dispositivo de carga. Bush tambi\u00e9n recomienda tener un medio de comunicaci\u00f3n fiable, como un tel\u00e9fono por sat\u00e9lite, por si se caen las redes de telefon\u00eda m\u00f3vil.<\/p>\n<p>&nbsp;<\/p>\n<p>Si vas a hacer muchas llamadas locales, comprar un tel\u00e9fono local es mejor idea que sustituir la tarjeta Sim de tu m\u00f3vil por una tarjeta Sim local. Pero conserva tu propio tel\u00e9fono en caso de emergencia, ya que el nuevo n\u00famero local puede ser irreconocible para los de casa.<\/p>\n<h2><strong>CINCO<\/strong><br \/>\nconsiguen el rescate mundial<\/h2>\n<p>N\u00f3mada digital, expatriado, viajero de ocio, contratista: todos estos trabajadores a distancia tienen algo en com\u00fan: la necesidad de servicios de protecci\u00f3n en viaje.<\/p>\n<p>&nbsp;<\/p>\n<p>Una afiliaci\u00f3n de protecci\u00f3n en viaje es como tener un asistente personal disponible para sus necesidades de salud y seguridad. Una afiliaci\u00f3n a Global Rescue est\u00e1 ah\u00ed para las peque\u00f1as peticiones -como agilizar la sustituci\u00f3n de un pasaporte perdido o encontrar el centro sanitario m\u00e1s cercano-, as\u00ed como para las grandes peticiones: rescate sobre el terreno, evacuaci\u00f3n m\u00e9dica y transporte de hospital a hospital.<\/p>\n<p>&nbsp;<\/p>\n<p>Una afiliaci\u00f3n de protecci\u00f3n en viaje es como tener un asistente personal disponible para sus necesidades de salud y seguridad. Una afiliaci\u00f3n a Global Rescue est\u00e1 ah\u00ed para las peque\u00f1as peticiones -como agilizar la sustituci\u00f3n de un pasaporte perdido o encontrar el centro sanitario m\u00e1s cercano-, as\u00ed como para las grandes peticiones: rescate sobre el terreno, evacuaci\u00f3n m\u00e9dica y transporte de hospital a hospital.<\/p>\n<p>&nbsp;<\/p>\n<p>Tambi\u00e9n hay un complemento de seguridad, lo que significa que los veteranos de operaciones especiales militares extraer\u00e1n a los miembros en peligro de sufrir da\u00f1os corporales en caso de guerra, disturbios civiles, cat\u00e1strofes naturales, \u00f3rdenes de evacuaci\u00f3n del gobierno y otras emergencias de seguridad.<\/p>\n<p>&nbsp;<\/p>\n<p>Adem\u00e1s, tiene la ventaja de llamar las 24 horas del d\u00eda, los 7 d\u00edas de la semana, con cualquier duda que pueda tener sobre viajes -un s\u00edntoma, una evaluaci\u00f3n de riesgos de una zona, la farmacia m\u00e1s cercana o servicios de traducci\u00f3n- y de que le atienda en directo un experto en viajes de la empresa.<\/p>\n<p>&nbsp;<\/p>\n<p>\u00abNuestro centro de operaciones cuenta con personal 24 horas al d\u00eda, 7 d\u00edas a la semana, 365 d\u00edas al a\u00f1o, formado por enfermeras y param\u00e9dicos altamente cualificados que podr\u00e1n ayudarle en su momento de crisis para identificar sus necesidades y encontrar una soluci\u00f3n adecuada o un centro para que sea atendido para su evaluaci\u00f3n y tratamiento\u00bb, dijo Hilber. \u00abCon nuestro equipo de especialistas, nunca sentir\u00e1 que est\u00e1 solo\u00bb.[\/vc_column_text][\/vc_column][\/vc_row]<\/p>\n<\/div>","protected":false},"excerpt":{"rendered":"<p>[vc_row][vc_column][vc_column_text] \u00bfQu\u00e9 tipo de trabajador a distancia es usted? En el vol\u00e1til mundo actual, los cuatro tipos de trabajadores a distancia deben estar preparados para cualquier situaci\u00f3n. He aqu\u00ed cinco consejos de seguridad para los que trabajan desde cualquier lugar. Hay muchas razones para no trabajar en una oficina tradicional. Puede que sea un n\u00f3mada [&hellip;]<\/p>\n","protected":false},"author":5,"featured_media":0,"parent":0,"menu_order":0,"comment_status":"closed","ping_status":"closed","template":"landing-pages\/template-lp-fullwidth-parallax.php","meta":{"_acf_changed":false,"inline_featured_image":false,"footnotes":""},"class_list":["post-50560","page","type-page","status-publish","hentry"],"acf":[],"_links":{"self":[{"href":"https:\/\/www.globalrescue.com\/es\/wp-json\/wp\/v2\/pages\/50560","targetHints":{"allow":["GET"]}}],"collection":[{"href":"https:\/\/www.globalrescue.com\/es\/wp-json\/wp\/v2\/pages"}],"about":[{"href":"https:\/\/www.globalrescue.com\/es\/wp-json\/wp\/v2\/types\/page"}],"author":[{"embeddable":true,"href":"https:\/\/www.globalrescue.com\/es\/wp-json\/wp\/v2\/users\/5"}],"replies":[{"embeddable":true,"href":"https:\/\/www.globalrescue.com\/es\/wp-json\/wp\/v2\/comments?post=50560"}],"version-history":[{"count":4,"href":"https:\/\/www.globalrescue.com\/es\/wp-json\/wp\/v2\/pages\/50560\/revisions"}],"predecessor-version":[{"id":51711,"href":"https:\/\/www.globalrescue.com\/es\/wp-json\/wp\/v2\/pages\/50560\/revisions\/51711"}],"wp:attachment":[{"href":"https:\/\/www.globalrescue.com\/es\/wp-json\/wp\/v2\/media?parent=50560"}],"curies":[{"name":"wp","href":"https:\/\/api.w.org\/{rel}","templated":true}]}}