{"id":50584,"date":"2023-03-01T17:28:28","date_gmt":"2023-03-01T17:28:28","guid":{"rendered":"https:\/\/www.globalrescue.com\/preguntas-frecuentes-sobre-el-paquete-de-evacuacion-a-gran-altitud\/"},"modified":"2025-08-28T10:14:36","modified_gmt":"2025-08-28T10:14:36","slug":"preguntas-frecuentes-sobre-el-paquete-de-evacuacion-a-gran-altitud","status":"publish","type":"page","link":"https:\/\/www.globalrescue.com\/es\/lp\/high-altitude-travel-evacuation\/","title":{"rendered":"Preguntas frecuentes sobre el paquete de evacuaci\u00f3n a gran altitud"},"content":{"rendered":"<div class=\"wpb-content-wrapper\"><p>[vc_row el_class=\u00bbcontainer auto-margin mouse-click\u00bb][vc_column][vc_row_inner][vc_column_inner width=\u00bb1\/2&#8243;][\/vc_column_inner][vc_column_inner width=\u00bb1\/2&#8243;][vc_column_text]<a href=\"#sectionFirst\" class=\"mouse-down\"><\/a>[\/vc_column_text][\/vc_column_inner][\/vc_row_inner][\/vc_column][\/vc_row][vc_section css=\u00bb.vc_custom_1677671581170{background-color: #f2f2f2 !important;}\u00bb el_class=\u00bbsection-first\u00bb el_id=\u00bbsectionFirst\u00bb][vc_row el_class=\u00bbcontainer auto-margin section-first-card\u00bb][vc_column][vc_row_inner][vc_column_inner][vc_single_image image=\u00bb27566&#8243; alignment=\u00bbcenter\u00bb style=\u00bbvc_box_rounded\u00bb el_class=\u00bbthumbnail-style\u00bb][vc_single_image image=\u00bb27565&#8243; alignment=\u00bbcenter\u00bb el_class=\u00bbquote-icon-style\u00bb][vc_column_text]<\/p>\n<h4 class=\"quoted-text\" style=\"text-align: center;\">La actividad al aire libre a gran altitud en todo el mundo est\u00e1 alcanzando cotas sin precedentes de curiosidad y participaci\u00f3n, y el paquete de evacuaci\u00f3n a gran altitud de Global Rescue respalda el creciente inter\u00e9s con despliegues m\u00e1s prolongados de personal m\u00e9dico y de operaciones de rescate en m\u00e1s regiones.<\/h4>\n<p>[\/vc_column_text][vc_column_text]<\/p>\n<p style=\"text-align: center;\"><strong>Ed Viesturs <\/strong><\/p>\n<p style=\"text-align: center;\">El \u00fanico estadounidense que ha escalado los 14 picos de m\u00e1s de 8.000 metros del mundo y la quinta persona que lo ha hecho sin utilizar ox\u00edgeno suplementario.<\/p>\n<p>[\/vc_column_text][\/vc_column_inner][\/vc_row_inner][\/vc_column][\/vc_row][\/vc_section][vc_section el_class=\u00bbcontainer auto-margin\u00bb css=\u00bb.vc_custom_1677618558842{background-color: #ffffff !important;}\u00bb][vc_row content_placement=\u00bbbottom\u00bb el_class=\u00bbsection-second\u00bb][vc_column width=\u00bb1\/2&#8243;][vc_row_inner][vc_column_inner][vc_column_text]<\/p>\n<h2 class=\"ha-faqs fw-normal\"><span class=\"fw-bold\">Preguntas<\/span> frecuentes<\/h2>\n<p>[\/vc_column_text][\/vc_column_inner][\/vc_row_inner][\/vc_column][vc_column width=\u00bb1\/2&#8243;][vc_column_text]<\/p>\n<p style=\"text-align: right;\"><button class=\"ctaAce\" id=\"CtaAce\">Ampliar todo<\/button><\/p>\n<p>[\/vc_column_text][\/vc_column][\/vc_row][\/vc_section][vc_row el_class=\u00bbcontainer auto-margin\u00bb][vc_column][vc_row_inner][vc_column_inner][vc_toggle title=\u00bb\u00bfPor qu\u00e9 Global Rescue a\u00f1ade un paquete de evacuaci\u00f3n a gran altitud?\u00bb style=\u00bbarrow\u00bb color=\u00bbjuicy_pink\u00bb el_class=\u00bbfaqs-restyle\u00bb]La participaci\u00f3n en actividades de monta\u00f1ismo, senderismo y otras actividades a gran altitud ha experimentado un r\u00e1pido aumento en los \u00faltimos a\u00f1os. Global Rescue ampliar\u00e1 y mejorar\u00e1 sus servicios para esta comunidad aumentando nuestras capacidades para prestar servicios de emergencia en m\u00e1s regiones, comprometi\u00e9ndose a realizar despliegues m\u00e1s largos de nuestro personal de operaciones m\u00e9dicas y ampliando la duraci\u00f3n de nuestras operaciones de rescate sobre el terreno. Global Rescue lleva ya muchos a\u00f1os siendo el l\u00edder reconocido de esta comunidad. Implementar el Paquete de Evacuaci\u00f3n de Gran Altitud y ponerlo a disposici\u00f3n de los afiliados de 16 a\u00f1os o m\u00e1s que viajen por encima de los 4.600 metros (15.000 pies) durante cualquier parte de su viaje (excluidos los viajes en avi\u00f3n) y que necesiten transporte de emergencia por lesi\u00f3n o enfermedad nos permite seguir mejorando nuestras actuales capacidades de servicio para la comunidad de escaladores y excursionistas de todo el mundo. Por ejemplo, desplegamos profesionales de operaciones en Nepal durante la temporada de escalada y lo haremos durante periodos m\u00e1s largos y en otros lugares populares entre los escaladores. [\/vc_toggle][vc_toggle title=\u00bb\u00bfQui\u00e9n necesita una actualizaci\u00f3n de Evacuaci\u00f3n a Gran Altitud?\u00bb style=\u00bbarrow\u00bb color=\u00bbjuicy_pink\u00bb el_class=\u00bbfaqs-restyle\u00bb]Todo afiliado mayor de 16 a\u00f1os que tenga previsto viajar a m\u00e1s de 4.600 metros de altitud en cualquier momento de su viaje, excluidos los viajes en avi\u00f3n, deber\u00e1 adquirir un Paquete de Evacuaci\u00f3n de Gran Altitud.[\/vc_toggle][vc_toggle title=\u00bb\u00bfPor qu\u00e9 el Paquete de Evacuaci\u00f3n de Gran Altura est\u00e1 limitado a mayores de 16 a\u00f1os?\u00bb style=\u00bbarrow\u00bb color=\u00bbjuicy_pink\u00bb el_class=\u00bbfaqs-restyle\u00bb]Los expertos m\u00e9dicos de Global Rescue, reconocidos en medicina de altura, han investigado a fondo la cuesti\u00f3n. Bas\u00e1ndose en la literatura disponible, se considera m\u00e9dicamente inapropiado que personas menores de 16 a\u00f1os viajen a alturas tan elevadas. Para desalentar pr\u00e1cticas poco saludables para los menores de esta edad, nuestro Paquete de Evacuaci\u00f3n de Gran Altitud est\u00e1 restringido a mayores de 16 a\u00f1os.[\/vc_toggle][vc_toggle title=\u00bb\u00bfCu\u00e1nto cuesta ampliar mi suscripci\u00f3n a Global Rescue para incluir la evacuaci\u00f3n a gran altitud?\u00bb style=\u00bbarrow\u00bb color=\u00bbjuicy_pink\u00bb css=\u00bb\u00bb el_class=\u00bbfaqs-restyle\u00bb]El Paquete de Evacuaci\u00f3n de Gran Altitud cuesta 495 $ por persona y 995 $ por familia. Los socios pueden actualizar cualquier afiliaci\u00f3n con el Paquete de Evacuaci\u00f3n de Gran Altitud, independientemente del tipo o la duraci\u00f3n. Tenga en cuenta que el Paquete de Evacuaci\u00f3n a Gran Altitud es necesario para rescates por encima de los 4.600 metros (15.000 pies) y est\u00e1 limitado a los miembros de Global Rescue mayores de 16 a\u00f1os. Las afiliaciones plurianuales requieren a\u00f1adir el Paquete de Evacuaci\u00f3n de Gran Altitud para cada a\u00f1o de afiliaci\u00f3n. Los seguros tradicionales normalmente no le rescatar\u00e1n a ninguna altitud, y una evacuaci\u00f3n m\u00e9dica puede costar hasta 300.000 d\u00f3lares. El coste para nuestros afiliados con nuestro Paquete de Evacuaci\u00f3n a Gran Altitud es cero.[\/vc_toggle][vc_toggle title=\u00bb\u00bfQu\u00e9 ocurre si adquiero una afiliaci\u00f3n a Global Rescue sin el paquete de evacuaci\u00f3n a gran altitud y necesito un rescate sobre el terreno y transporte f\u00edsico debido a una enfermedad o lesi\u00f3n?\u00bb style=\u00bbarrow\u00bb color=\u00bbjuicy_pink\u00bb el_class=\u00bbfaqs-restyle\u00bb]Si el afiliado ha viajado por encima de los 15.000 pies o 4.600 metros durante su viaje (excluyendo los viajes en avi\u00f3n), los servicios de transporte m\u00e9dico no estar\u00e1n incluidos en su afiliaci\u00f3n est\u00e1ndar a Global Rescue. En esta situaci\u00f3n, el equipo de Global Rescue est\u00e1 disponible para prestar asistencia en base a una tarifa por servicio.[\/vc_toggle][vc_toggle title=\u00bb\u00bfPuedo adquirir un paquete de evacuaci\u00f3n a gran altitud despu\u00e9s de haberme afiliado?\u00bb style=\u00bbarrow\u00bb color=\u00bbjuicy_pink\u00bb el_class=\u00bbfaqs-restyle\u00bb]S\u00ed, puede a\u00f1adir un Paquete de Evacuaci\u00f3n de Gran Altitud a su afiliaci\u00f3n poni\u00e9ndose en contacto con nuestro equipo de Atenci\u00f3n al Afiliado. Tenga en cuenta que el Paquete de Evacuaci\u00f3n a Gran Altitud debe adquirirse antes de que se produzca una enfermedad o lesi\u00f3n durante un viaje a gran altitud y est\u00e1 limitado a los miembros de Global Rescue mayores de 16 a\u00f1os.[\/vc_toggle][vc_toggle title=\u00bb\u00bfQu\u00e9 ocurre si asciendo o hago senderismo por encima de los 4.600 metros, desciendo por debajo del umbral de elevaci\u00f3n y luego necesito un transporte de emergencia por enfermedad o lesi\u00f3n?\u00bb style=\u00bbarrow\u00bb color=\u00bbjuicy_pink\u00bb el_class=\u00bbfaqs-restyle\u00bb]Si el afiliado ha viajado por encima de los 15.000 pies o 4.600 metros en cualquier momento de su viaje (excluidos los viajes en avi\u00f3n), el rescate sobre el terreno no estar\u00e1 incluido en una afiliaci\u00f3n est\u00e1ndar a Global Rescue que no incluya el Paquete de Evacuaci\u00f3n a Gran Altitud. En esta situaci\u00f3n, el equipo de Global Rescue est\u00e1 disponible para prestar asistencia a cambio de una tarifa por servicio.[\/vc_toggle][vc_toggle title=\u00bb\u00bfTener el Paquete de Evacuaci\u00f3n a Gran Altitud significa que Global Rescue puede rescatarme en helic\u00f3ptero pase lo que pase?\u00bb style=\u00bbarrow\u00bb color=\u00bbjuicy_pink\u00bb el_class=\u00bbfaqs-restyle\u00bb]Las altitudes superiores a 7.010 metros (23.000 pies) le sit\u00faan fuera de la capacidad de la mayor\u00eda de los helic\u00f3pteros operativos. Tambi\u00e9n es importante tener en cuenta que las evacuaciones que se producen en el extremo superior de las altitudes operativas seguras est\u00e1n sujetas a la aprobaci\u00f3n del piloto y a las condiciones meteorol\u00f3gicas. Si necesita una evacuaci\u00f3n por encima de esta altitud, Global Rescue utilizar\u00e1 los recursos terrestres disponibles para realizar la primera parte de la evacuaci\u00f3n.[\/vc_toggle][\/vc_column_inner][\/vc_row_inner][\/vc_column][\/vc_row][vc_row el_class=\u00bbsection-lst-rp\u00bb][vc_column][vc_row_inner][vc_column_inner][vc_column_text css=\u00bb.vc_custom_1756376071639{margin-bottom: 0px !important;}\u00bb el_class=\u00bbcontainer auto-margin\u00bb]<\/p>\n<h2 class=\"ha-faqs fw-normal\">Relacionado <span class=\"fw-bold\"><br \/>\nPublicaciones<br \/>\n<\/span><\/h2>\n<p>[\/vc_column_text][vc_column_text css=\u00bb.vc_custom_1683782807659{margin-bottom: 0px !important;}\u00bb]    <div class=\"row blogs-featured\">\r\n        <div class=\"col-12\">\r\n            <div class=\"container awards-carousel blog-listing category hover-effect\">\r\n                            <!-- <div class=\"\">\r\n                    <div class=\"rp-image\">\r\n                        <img loading=\"lazy\" decoding=\"async\" width=\"597\" height=\"398\" src=\"https:\/\/www.globalrescue.com\/grcom\/grmkt_resources\/images\/Media-blog-images\/Blog-post-images\/Swinton_WithTom.jpg\" class=\"attachment-post-thumbnail size-post-thumbnail wp-post-image\" alt=\"\" srcset=\"https:\/\/www.globalrescue.com\/grcom\/grmkt_resources\/images\/Media-blog-images\/Blog-post-images\/Swinton_WithTom.jpg 597w, https:\/\/www.globalrescue.com\/grcom\/grmkt_resources\/images\/Media-blog-images\/Blog-post-images\/Swinton_WithTom-300x200.jpg 300w\" sizes=\"auto, (max-width: 597px) 100vw, 597px\" \/>                    <\/div>\r\n                    <div class=\"rp-body-wrap\">\r\n                    <div class=\"rp-date-time\">\r\n                        <span class=\"rp-date\">octubre 18, 2019<\/span>\r\n                        <span class=\"rp-read-time\">6&nbsp;menos leer<\/span>\r\n                    <\/div>\r\n                    <div class=\"rp-title\">\r\n                        <h4>El fondo se desplom\u00f3<\/h4>\r\n                    <\/div>\r\n                    <\/div>\r\n                    <a href=\"https:\/\/www.globalrescue.com\/es\/common\/blog\/detail\/the-bottom-dropped-out\/\" class=\"click-covered\"><\/a>\r\n                <\/div> -->\r\n                <a href=\"https:\/\/www.globalrescue.com\/es\/common\/blog\/detail\/the-bottom-dropped-out\/\" class=\"card blog-card\">\r\n                    <div class=\"blog-thumbnail\">\r\n                        <img decoding=\"async\" src=\"https:\/\/www.globalrescue.com\/grcom\/grmkt_resources\/images\/Media-blog-images\/Blog-post-images\/Swinton_WithTom.jpg\" class=\"card-img-top\" alt=\"El fondo se desplom\u00f3\">\r\n                    <\/div>\r\n                    <div class=\"card-body\">\r\n                        <p class=\"card-text border-bottom pb-3\">\r\n                        <span>Oct 18, 2019<\/span>\r\n                        <span>6&nbsp;menos leer<\/span>\r\n                        <\/p>\r\n                        <h5 class=\"card-title mt-4 mb-2\">El fondo se desplom\u00f3<\/h5>\r\n                    <\/div>\r\n                <\/a>\r\n                                <!-- <div class=\"\">\r\n                    <div class=\"rp-image\">\r\n                        <img loading=\"lazy\" decoding=\"async\" width=\"800\" height=\"533\" src=\"https:\/\/www.globalrescue.com\/grcom\/grmkt_resources\/images\/Media-blog-images\/Aconcagua.jpg\" class=\"attachment-post-thumbnail size-post-thumbnail wp-post-image\" alt=\"\" srcset=\"https:\/\/www.globalrescue.com\/grcom\/grmkt_resources\/images\/Media-blog-images\/Aconcagua.jpg 800w, https:\/\/www.globalrescue.com\/grcom\/grmkt_resources\/images\/Media-blog-images\/Aconcagua-300x200.jpg 300w, https:\/\/www.globalrescue.com\/grcom\/grmkt_resources\/images\/Media-blog-images\/Aconcagua-768x512.jpg 768w\" sizes=\"auto, (max-width: 800px) 100vw, 800px\" \/>                    <\/div>\r\n                    <div class=\"rp-body-wrap\">\r\n                    <div class=\"rp-date-time\">\r\n                        <span class=\"rp-date\">febrero 18, 2022<\/span>\r\n                        <span class=\"rp-read-time\">7&nbsp;menos leer<\/span>\r\n                    <\/div>\r\n                    <div class=\"rp-title\">\r\n                        <h4>MISSION BRIEFS: ENERO 2022 - EDICI\u00d3N ACONCAGUA<\/h4>\r\n                    <\/div>\r\n                    <\/div>\r\n                    <a href=\"https:\/\/www.globalrescue.com\/es\/common\/blog\/detail\/mission-briefs-aconcagua-edition\/\" class=\"click-covered\"><\/a>\r\n                <\/div> -->\r\n                <a href=\"https:\/\/www.globalrescue.com\/es\/common\/blog\/detail\/mission-briefs-aconcagua-edition\/\" class=\"card blog-card\">\r\n                    <div class=\"blog-thumbnail\">\r\n                        <img decoding=\"async\" src=\"https:\/\/www.globalrescue.com\/grcom\/grmkt_resources\/images\/Media-blog-images\/Aconcagua.jpg\" class=\"card-img-top\" alt=\"MISSION BRIEFS: ENERO 2022 - EDICI\u00d3N ACONCAGUA\">\r\n                    <\/div>\r\n                    <div class=\"card-body\">\r\n                        <p class=\"card-text border-bottom pb-3\">\r\n                        <span>Feb 18, 2022<\/span>\r\n                        <span>7&nbsp;menos leer<\/span>\r\n                        <\/p>\r\n                        <h5 class=\"card-title mt-4 mb-2\">MISSION BRIEFS: ENERO 2022 - EDICI\u00d3N ACONCAGUA<\/h5>\r\n                    <\/div>\r\n                <\/a>\r\n                                <!-- <div class=\"\">\r\n                    <div class=\"rp-image\">\r\n                        <img loading=\"lazy\" decoding=\"async\" width=\"800\" height=\"533\" src=\"https:\/\/www.globalrescue.com\/grcom\/grmkt_resources\/images\/Media-blog-images\/rescue-on-Everest-Nepal.jpg\" class=\"attachment-post-thumbnail size-post-thumbnail wp-post-image\" alt=\"\" srcset=\"https:\/\/www.globalrescue.com\/grcom\/grmkt_resources\/images\/Media-blog-images\/rescue-on-Everest-Nepal.jpg 800w, https:\/\/www.globalrescue.com\/grcom\/grmkt_resources\/images\/Media-blog-images\/rescue-on-Everest-Nepal-300x200.jpg 300w, https:\/\/www.globalrescue.com\/grcom\/grmkt_resources\/images\/Media-blog-images\/rescue-on-Everest-Nepal-768x512.jpg 768w\" sizes=\"auto, (max-width: 800px) 100vw, 800px\" \/>                    <\/div>\r\n                    <div class=\"rp-body-wrap\">\r\n                    <div class=\"rp-date-time\">\r\n                        <span class=\"rp-date\">mayo 10, 2022<\/span>\r\n                        <span class=\"rp-read-time\">5&nbsp;menos leer<\/span>\r\n                    <\/div>\r\n                    <div class=\"rp-title\">\r\n                        <h4>Global Rescue despliega un equipo de operaciones m\u00e9dicas en el Everest<\/h4>\r\n                    <\/div>\r\n                    <\/div>\r\n                    <a href=\"https:\/\/www.globalrescue.com\/es\/common\/blog\/detail\/global-rescue-deploys-medical-operations-team-to-mount-everest\/\" class=\"click-covered\"><\/a>\r\n                <\/div> -->\r\n                <a href=\"https:\/\/www.globalrescue.com\/es\/common\/blog\/detail\/global-rescue-deploys-medical-operations-team-to-mount-everest\/\" class=\"card blog-card\">\r\n                    <div class=\"blog-thumbnail\">\r\n                        <img decoding=\"async\" src=\"https:\/\/www.globalrescue.com\/grcom\/grmkt_resources\/images\/Media-blog-images\/rescue-on-Everest-Nepal.jpg\" class=\"card-img-top\" alt=\"Global Rescue despliega un equipo de operaciones m\u00e9dicas en el Everest\">\r\n                    <\/div>\r\n                    <div class=\"card-body\">\r\n                        <p class=\"card-text border-bottom pb-3\">\r\n                        <span>May 10, 2022<\/span>\r\n                        <span>5&nbsp;menos leer<\/span>\r\n                        <\/p>\r\n                        <h5 class=\"card-title mt-4 mb-2\">Global Rescue despliega un equipo de operaciones m\u00e9dicas en el Everest<\/h5>\r\n                    <\/div>\r\n                <\/a>\r\n                                <!-- <div class=\"\">\r\n                    <div class=\"rp-image\">\r\n                        <img loading=\"lazy\" decoding=\"async\" width=\"800\" height=\"533\" src=\"https:\/\/www.globalrescue.com\/grcom\/grmkt_resources\/images\/Media-blog-images\/Everest-rescue-service.jpg\" class=\"attachment-post-thumbnail size-post-thumbnail wp-post-image\" alt=\"\" srcset=\"https:\/\/www.globalrescue.com\/grcom\/grmkt_resources\/images\/Media-blog-images\/Everest-rescue-service.jpg 800w, https:\/\/www.globalrescue.com\/grcom\/grmkt_resources\/images\/Media-blog-images\/Everest-rescue-service-300x200.jpg 300w, https:\/\/www.globalrescue.com\/grcom\/grmkt_resources\/images\/Media-blog-images\/Everest-rescue-service-768x512.jpg 768w\" sizes=\"auto, (max-width: 800px) 100vw, 800px\" \/>                    <\/div>\r\n                    <div class=\"rp-body-wrap\">\r\n                    <div class=\"rp-date-time\">\r\n                        <span class=\"rp-date\">mayo 26, 2022<\/span>\r\n                        <span class=\"rp-read-time\">10&nbsp;menos leer<\/span>\r\n                    <\/div>\r\n                    <div class=\"rp-title\">\r\n                        <h4>Res\u00famenes de misi\u00f3n: Abril - Edici\u00f3n especial Himalaya<\/h4>\r\n                    <\/div>\r\n                    <\/div>\r\n                    <a href=\"https:\/\/www.globalrescue.com\/es\/common\/blog\/detail\/mission-briefs-himalayas\/\" class=\"click-covered\"><\/a>\r\n                <\/div> -->\r\n                <a href=\"https:\/\/www.globalrescue.com\/es\/common\/blog\/detail\/mission-briefs-himalayas\/\" class=\"card blog-card\">\r\n                    <div class=\"blog-thumbnail\">\r\n                        <img decoding=\"async\" src=\"https:\/\/www.globalrescue.com\/grcom\/grmkt_resources\/images\/Media-blog-images\/Everest-rescue-service.jpg\" class=\"card-img-top\" alt=\"Res\u00famenes de misi\u00f3n: Abril - Edici\u00f3n especial Himalaya\">\r\n                    <\/div>\r\n                    <div class=\"card-body\">\r\n                        <p class=\"card-text border-bottom pb-3\">\r\n                        <span>May 26, 2022<\/span>\r\n                        <span>10&nbsp;menos leer<\/span>\r\n                        <\/p>\r\n                        <h5 class=\"card-title mt-4 mb-2\">Res\u00famenes de misi\u00f3n: Abril - Edici\u00f3n especial Himalaya<\/h5>\r\n                    <\/div>\r\n                <\/a>\r\n                                <!-- <div class=\"\">\r\n                    <div class=\"rp-image\">\r\n                        <img loading=\"lazy\" decoding=\"async\" width=\"1280\" height=\"720\" src=\"https:\/\/www.globalrescue.com\/grcom\/grmkt_resources\/images\/Media-blog-images\/Blog-post-images\/Satyarup_long-line-rescue_Ama-Dablam-camp-2.jpg\" class=\"attachment-post-thumbnail size-post-thumbnail wp-post-image\" alt=\"\" srcset=\"https:\/\/www.globalrescue.com\/grcom\/grmkt_resources\/images\/Media-blog-images\/Blog-post-images\/Satyarup_long-line-rescue_Ama-Dablam-camp-2.jpg 1280w, https:\/\/www.globalrescue.com\/grcom\/grmkt_resources\/images\/Media-blog-images\/Blog-post-images\/Satyarup_long-line-rescue_Ama-Dablam-camp-2-300x169.jpg 300w, https:\/\/www.globalrescue.com\/grcom\/grmkt_resources\/images\/Media-blog-images\/Blog-post-images\/Satyarup_long-line-rescue_Ama-Dablam-camp-2-1024x576.jpg 1024w, https:\/\/www.globalrescue.com\/grcom\/grmkt_resources\/images\/Media-blog-images\/Blog-post-images\/Satyarup_long-line-rescue_Ama-Dablam-camp-2-768x432.jpg 768w\" sizes=\"auto, (max-width: 1280px) 100vw, 1280px\" \/>                    <\/div>\r\n                    <div class=\"rp-body-wrap\">\r\n                    <div class=\"rp-date-time\">\r\n                        <span class=\"rp-date\">febrero 4, 2021<\/span>\r\n                        <span class=\"rp-read-time\">5&nbsp;menos leer<\/span>\r\n                    <\/div>\r\n                    <div class=\"rp-title\">\r\n                        <h4>Una historia de viajes: Rescate en helic\u00f3ptero de larga distancia en Ama Dablam<\/h4>\r\n                    <\/div>\r\n                    <\/div>\r\n                    <a href=\"https:\/\/www.globalrescue.com\/es\/common\/blog\/detail\/long-line-helicopter-rescue-on-ama-dablam\/\" class=\"click-covered\"><\/a>\r\n                <\/div> -->\r\n                <a href=\"https:\/\/www.globalrescue.com\/es\/common\/blog\/detail\/long-line-helicopter-rescue-on-ama-dablam\/\" class=\"card blog-card\">\r\n                    <div class=\"blog-thumbnail\">\r\n                        <img decoding=\"async\" src=\"https:\/\/www.globalrescue.com\/grcom\/grmkt_resources\/images\/Media-blog-images\/Blog-post-images\/Satyarup_long-line-rescue_Ama-Dablam-camp-2.jpg\" class=\"card-img-top\" alt=\"Una historia de viajes: Rescate en helic\u00f3ptero de larga distancia en Ama Dablam\">\r\n                    <\/div>\r\n                    <div class=\"card-body\">\r\n                        <p class=\"card-text border-bottom pb-3\">\r\n                        <span>Feb 04, 2021<\/span>\r\n                        <span>5&nbsp;menos leer<\/span>\r\n                        <\/p>\r\n                        <h5 class=\"card-title mt-4 mb-2\">Una historia de viajes: Rescate en helic\u00f3ptero de larga distancia en Ama Dablam<\/h5>\r\n                    <\/div>\r\n                <\/a>\r\n                                            <\/div>\r\n        <\/div>\r\n    <\/div>[\/vc_column_text][\/vc_column_inner][\/vc_row_inner][\/vc_column][\/vc_row][vc_row css=\u00bb.vc_custom_1677684958126{background-color: #f2f2f2 !important;}\u00bb][vc_column][vc_column_text css=\u00bb.vc_custom_1683714097510{margin-bottom: 0px !important;}\u00bb]<a href=\"#\" class=\"back-to-top\"><\/a>[\/vc_column_text][\/vc_column][\/vc_row]<\/p>\n<\/div>","protected":false},"excerpt":{"rendered":"<p>[vc_row el_class=\u00bbcontainer auto-margin mouse-click\u00bb][vc_column][vc_row_inner][vc_column_inner width=\u00bb1\/2&#8243;][\/vc_column_inner][vc_column_inner width=\u00bb1\/2&#8243;][vc_column_text][\/vc_column_text][\/vc_column_inner][\/vc_row_inner][\/vc_column][\/vc_row][vc_section css=\u00bb.vc_custom_1677671581170{background-color: #f2f2f2 !important;}\u00bb el_class=\u00bbsection-first\u00bb el_id=\u00bbsectionFirst\u00bb][vc_row el_class=\u00bbcontainer auto-margin section-first-card\u00bb][vc_column][vc_row_inner][vc_column_inner][vc_single_image image=\u00bb27566&#8243; alignment=\u00bbcenter\u00bb style=\u00bbvc_box_rounded\u00bb el_class=\u00bbthumbnail-style\u00bb][vc_single_image image=\u00bb27565&#8243; alignment=\u00bbcenter\u00bb el_class=\u00bbquote-icon-style\u00bb][vc_column_text] La actividad al aire libre a gran altitud en todo el mundo est\u00e1 alcanzando cotas sin precedentes de curiosidad y participaci\u00f3n, y el paquete de evacuaci\u00f3n a gran altitud de Global Rescue respalda el [&hellip;]<\/p>\n","protected":false},"author":1,"featured_media":43962,"parent":0,"menu_order":0,"comment_status":"closed","ping_status":"closed","template":"landing-pages\/template-high-altitude.php","meta":{"_acf_changed":false,"inline_featured_image":false,"footnotes":""},"class_list":["post-50584","page","type-page","status-publish","has-post-thumbnail","hentry"],"acf":[],"_links":{"self":[{"href":"https:\/\/www.globalrescue.com\/es\/wp-json\/wp\/v2\/pages\/50584","targetHints":{"allow":["GET"]}}],"collection":[{"href":"https:\/\/www.globalrescue.com\/es\/wp-json\/wp\/v2\/pages"}],"about":[{"href":"https:\/\/www.globalrescue.com\/es\/wp-json\/wp\/v2\/types\/page"}],"author":[{"embeddable":true,"href":"https:\/\/www.globalrescue.com\/es\/wp-json\/wp\/v2\/users\/1"}],"replies":[{"embeddable":true,"href":"https:\/\/www.globalrescue.com\/es\/wp-json\/wp\/v2\/comments?post=50584"}],"version-history":[{"count":6,"href":"https:\/\/www.globalrescue.com\/es\/wp-json\/wp\/v2\/pages\/50584\/revisions"}],"predecessor-version":[{"id":51742,"href":"https:\/\/www.globalrescue.com\/es\/wp-json\/wp\/v2\/pages\/50584\/revisions\/51742"}],"wp:featuredmedia":[{"embeddable":true,"href":"https:\/\/www.globalrescue.com\/es\/wp-json\/wp\/v2\/media\/43962"}],"wp:attachment":[{"href":"https:\/\/www.globalrescue.com\/es\/wp-json\/wp\/v2\/media?parent=50584"}],"curies":[{"name":"wp","href":"https:\/\/api.w.org\/{rel}","templated":true}]}}