{"id":50751,"date":"2025-01-20T13:01:32","date_gmt":"2025-01-20T13:01:32","guid":{"rendered":"https:\/\/www.globalrescue.com\/enterprise\/crisis24-alternativa\/"},"modified":"2025-10-31T13:06:51","modified_gmt":"2025-10-31T13:06:51","slug":"crisis24-alternativa","status":"publish","type":"page","link":"https:\/\/www.globalrescue.com\/es\/empresa\/crisis24-alternativa\/","title":{"rendered":"Crisis24 Alternativa"},"content":{"rendered":"<div class=\"wpb-content-wrapper\"><p>[vc_row el_class=\u00bbd-flex flex-lg-row hero-section flex-column-reverse align-items-center\u00bb][vc_column offset=\u00bbvc_col-lg-6&#8243;][vc_column_text css=\u00bb\u00bb]<\/p>\n<div class=\"banner-content-wrapper\">\n<h1 class=\"m-0\">Crisis24<br \/>\n\u00bfNo satisface<br \/>\n<span class=\"brand-color fw-bold\">sus necesidades?<\/span><\/h1>\n<p class=\"banner-text my-5\">Descubra el apoyo y la atenci\u00f3n que ha estado buscando con Global Rescue.<\/p>\n<p><a href=\"#scroll_to-general_form\" class=\"btn btn-lg btn-gr btn-danger\">P\u00f3ngase en contacto con nosotros<\/a><\/p>\n<\/div>\n<p>[\/vc_column_text][\/vc_column][vc_column offset=\u00bbvc_col-lg-6&#8243;][vc_single_image image=\u00bb46152&#8243; img_size=\u00bb945&#215;840&#8243; alignment=\u00bbright\u00bb css=\u00bb\u00bb el_class=\u00bbhero-image\u00bb][vc_column_text]<\/p>\n<p class=\"text-center\"><a href=\"#scroll_to\" class=\"scroll-to-content\" data-scroll=\"\"><svg xmlns=\"http:\/\/www.w3.org\/2000\/svg\" id=\"scroll_icon\" data-name=\"Component 67 \u2013 2\" width=\"30\" height=\"62.485\" viewbox=\"0 0 30 62.485\"><g id=\"scroll_icon_content\" data-name=\"Group 782\" transform=\"translate(-1545 -966)\"><path id=\"Path_10308\" data-name=\"Path 10308\" d=\"M-957.119,1023.127l8.132,8.132,8.132-8.132\" transform=\"translate(2509.082 -4.896)\" fill=\"none\" stroke=\"#707070\" stroke-linecap=\"round\" stroke-width=\"3\"><\/path> <g id=\"Rectangle_123\" data-name=\"Rectangle 123\" transform=\"translate(1545 966)\" fill=\"#f5f5f5\" stroke=\"#707070\" stroke-width=\"3\"><rect width=\"30\" height=\"48\" rx=\"15\" stroke=\"none\"><\/rect><rect x=\"1.5\" y=\"1.5\" width=\"27\" height=\"45\" rx=\"13.5\" fill=\"none\"><\/rect><\/g><\/g>  \t<line id=\"scroll_line\" data-name=\"Line 55\" y2=\"6.317\" transform=\"translate(15.395 10.603)\" fill=\"none\" stroke=\"#707070\" stroke-linecap=\"round\" stroke-width=\"5\"><\/line><\/svg><\/a><\/p>\n<p>[\/vc_column_text][\/vc_column][\/vc_row][vc_row css=\u00bb.vc_custom_1755848593641{background-image: url(\/grcom\/images\/common\/Path-10383.svg?id=36697) !important;}\u00bb el_class=\u00bbsection-memberships tilted-bg\u00bb el_id=\u00bbscroll_to\u00bb][vc_column][vc_row_inner el_class=\u00bbcontainer auto-margin pb-5&#8243;][vc_column_inner][vc_column_text css=\u00bb\u00bb]<\/p>\n<h3 class=\"text-white mb-5 pb-4\">Por qu\u00e9 elegir<br \/>\n<span class=\"brand-color fw-bold\">Global Rescue<\/span><\/h3>\n<p>[\/vc_column_text][\/vc_column_inner][vc_column_inner width=\u00bb1\/2&#8243; offset=\u00bbvc_col-md-3&#8243;][vc_column_text css=\u00bb\u00bb]<\/p>\n<p class=\"position-relative\"><a href=\"#scroll_to_section\" class=\"membership-block\"><\/a><\/p>\n<div class=\"membership-block-content\">\n<p><img decoding=\"async\" src=\"\/grcom\/grmkt_resources\/images\/icons\/Group-5959.svg\" \/><\/p>\n<p class=\"mt-3 fw-bold\">Servicio todo incluido<\/p>\n<\/div>\n<p>[\/vc_column_text][\/vc_column_inner][vc_column_inner width=\u00bb1\/2&#8243; offset=\u00bbvc_col-md-3&#8243;][vc_column_text css=\u00bb\u00bb]<\/p>\n<p class=\"position-relative\"><a href=\"#scroll_to_section\" class=\"membership-block\"><\/a><\/p>\n<div class=\"membership-block-content\">\n<p><img decoding=\"async\" src=\"\/grcom\/grmkt_resources\/images\/icons\/Group-5958.svg\" \/><\/p>\n<p class=\"mt-3 fw-bold\">Precios claros y previsibles<\/p>\n<\/div>\n<p>[\/vc_column_text][\/vc_column_inner][vc_column_inner width=\u00bb1\/2&#8243; offset=\u00bbvc_col-md-3&#8243;][vc_column_text]<\/p>\n<p class=\"position-relative\"><a href=\"#scroll_to_section\" class=\"membership-block\"><\/a><\/p>\n<div class=\"membership-block-content\">\n<p><img decoding=\"async\" src=\"\/grcom\/images\/common\/icons\/Group-941.svg\" \/><\/p>\n<p class=\"mt-3 fw-bold\">Capacidad inigualable<\/p>\n<\/div>\n<p>[\/vc_column_text][\/vc_column_inner][vc_column_inner width=\u00bb1\/2&#8243; offset=\u00bbvc_col-md-3&#8243;][vc_column_text]<\/p>\n<p class=\"position-relative\"><a href=\"#scroll_to_section\" class=\"membership-block\"><\/a><\/p>\n<div class=\"membership-block-content\">\n<p><img decoding=\"async\" src=\"\/grcom\/images\/common\/icons\/Group-944.svg\" \/><\/p>\n<p class=\"mt-3 fw-bold\">Personalizado y compasivo<\/p>\n<\/div>\n<p>[\/vc_column_text][\/vc_column_inner][\/vc_row_inner][\/vc_column][\/vc_row][vc_row el_class=\u00bbsection-what-you-need\u00bb][vc_column][vc_row_inner content_placement=\u00bbmiddle\u00bb css=\u00bb.vc_custom_1688648821780{padding-top: 0px !important;}\u00bb el_class=\u00bbcontainer auto-margin\u00bb][vc_column_inner el_class=\u00bbpe-lg-5&#8243; offset=\u00bbvc_col-md-6&#8243;][vc_column_text css=\u00bb\u00bb]<\/p>\n<h3 class=\"mb-4\">Experiencia<br \/>\n<span class=\"brand-color fw-bold\">En la que puede confiar<\/span><\/h3>\n<p class=\"mb-4\">En Global Rescue, sabemos que durante las emergencias m\u00e9dicas o de seguridad, lo que cuenta son los segundos, no la letra peque\u00f1a. Por eso, nuestros incomparables servicios de protecci\u00f3n de viajes se basan en nuestra experiencia, reforzada por un equipo especializado de profesionales m\u00e9dicos y de seguridad internos. Desde la llamada inicial hasta la resoluci\u00f3n, ofrecemos una atenci\u00f3n ininterrumpida, garantizando que usted y su equipo reciban en todo momento una atenci\u00f3n y una capacidad inigualables.<\/p>\n<p>[\/vc_column_text][\/vc_column_inner][vc_column_inner offset=\u00bbvc_col-md-6&#8243;][vc_single_image image=\u00bb46153&#8243; img_size=\u00bbfull\u00bb css=\u00bb\u00bb el_class=\u00bbd-block d-xl-none\u00bb][\/vc_column_inner][\/vc_row_inner][\/vc_column][\/vc_row][vc_row el_class=\u00bbsection-offers tilted-bg\u00bb css=\u00bb.vc_custom_1761894401687{background-image: url(\/grcom\/grmkt_resources\/images\/Union-9.png?id=23715) !important;}\u00bb el_id=\u00bbscroll_to_section\u00bb][vc_column][vc_row_inner el_class=\u00bbcontainer auto-margin mt-lg-5 pt-lg-5&#8243;][vc_column_inner][vc_column_text css=\u00bb\u00bb]<\/p>\n<h3 class=\"mb-5\">Elecci\u00f3n de Global Rescue:<br \/>\n<span class=\"brand-color fw-bold\">Un enfoque m\u00e1s inteligente<\/span><\/h3>\n<p>[\/vc_column_text][\/vc_column_inner][vc_column_inner width=\u00bb1\/2&#8243;][vc_column_text css=\u00bb\u00bb]<\/p>\n<h4 class=\"mb-3\">Servicio todo incluido<\/h4>\n<p class=\"mb-5\">Las emergencias m\u00e9dicas y de seguridad ya son bastante molestas. Lo \u00faltimo que necesita son costes adicionales. Nuestro compromiso es ofrecer precios globales.<\/p>\n<h4 class=\"mb-3\">Capacidades inigualables<\/h4>\n<p class=\"mb-5\">Proporcionamos rescate sobre el terreno desde el punto en que se produce la lesi\u00f3n o la enfermedad, una asociaci\u00f3n con la instituci\u00f3n m\u00e9dica m\u00e1s importante del mundo, Johns Hopkins Medicine, y un servicio m\u00e9dico, de seguridad y de inteligencia totalmente integrado, todo ello realizado internamente. Desde evacuaciones m\u00e9dicas a casi cualquier lugar del mundo, hasta asistencia y apoyo m\u00e9dico y de seguridad integrales, estamos equipados para hacer frente a una amplia gama de situaciones.<\/p>\n<p>[\/vc_column_text][\/vc_column_inner][vc_column_inner width=\u00bb1\/2&#8243;][vc_column_text css=\u00bb\u00bb]<\/p>\n<h4 class=\"mb-3\">Precios claros y previsibles<\/h4>\n<p class=\"mb-5\">Damos prioridad a la coherencia de precios en nuestros contratos, garantizando que las condiciones acordadas rijan siempre nuestra relaci\u00f3n. Este compromiso subraya nuestra dedicaci\u00f3n a una colaboraci\u00f3n transparente y fiable.<\/p>\n<h4 class=\"mb-3\">Personalizado y compasivo<\/h4>\n<p class=\"mb-5\">Cuando su gente necesita ayuda, usted quiere a alguien que entienda por lo que est\u00e1n pasando, que sepa exactamente qu\u00e9 hacer para abordar las necesidades \u00fanicas de su situaci\u00f3n y que garantice su cuidado y seguridad en cada paso del camino. Con Global Rescue, usted no es una cuenta; es un ser humano necesitado. Nuestra misi\u00f3n es su seguridad.<\/p>\n<p>[\/vc_column_text][\/vc_column_inner][vc_column_inner el_class=\u00bbimg-overlap-wrapper\u00bb][vc_single_image image=\u00bb46151&#8243; img_size=\u00bbfull\u00bb alignment=\u00bbcenter\u00bb css=\u00bb\u00bb el_class=\u00bbimg-overlap\u00bb][\/vc_column_inner][\/vc_row_inner][\/vc_column][\/vc_row][vc_row el_class=\u00bbsection-contact\u00bb el_id=\u00bbscroll_to-general_form\u00bb][vc_column][vc_row_inner content_placement=\u00bbtop\u00bb el_class=\u00bbsubsection-contact container auto-margin\u00bb][vc_column_inner offset=\u00bbvc_col-md-6&#8243;][vc_column_text css=\u00bb\u00bb]<\/p>\n<h3 class=\"mb-5\">Viaje protegido<br \/>\n<span class=\"brand-color fw-bold\">con Global Rescue<\/span><\/h3>\n<p class=\"mb-3\">El entorno empresarial actual es m\u00e1s impredecible que nunca, y el cumplimiento de las obligaciones de diligencia para con su personal requiere la asistencia de expertos. La gesti\u00f3n de riesgos y crisis en los viajes es nuestra especialidad. Perm\u00edtanos ayudarle a proteger a su equipo.<\/p>\n<p>Rellene el formulario para obtener m\u00e1s informaci\u00f3n.[\/vc_column_text][\/vc_column_inner][vc_column_inner offset=\u00bbvc_col-md-6&#8243;][vc_column_text css=\u00bb\u00bb el_class=\u00bbgeneral-form-grey\u00bb]<style>\n\n.backdrop.alert-wrapper {\n\tposition: absolute;\n\ttop: 0;\n\tbottom: 0;\n\tleft: 0;\n\tright: 0;\n\tz-index: 3;\n\tbackground: rgba(255, 255, 255, 0.3);\n\tbackdrop-filter: blur(10px);\n\t-webkit-backdrop-filter: blur(10px);\n}\n\n.backdrop .alert-message-container {\n\theight: 100%;\n\tdisplay: flex;\n\tjustify-content: center;\n\talign-items: center;\n}\n\n.alert-message-container .alert-message {\n\tfont-size: 16px;\n\tdisplay: flex;\n\tjustify-content: center;\n\talign-items: center;\n\tmargin: 0 30px;\n\tpadding: 15px;\n}\n\n.alert-message-container .alert-message.success {\n\tcolor: #0f5132;\n\tbackground: #d1e7dd;\n\tborder-left: 8px solid #0f5132;\n}\n\n.alert-message-container .alert-message.failure {\n\tcolor: #842029;\n\tbackground: #f8d7da;\n\tborder-left: 8px solid #842029;\n}\n\n.alert-message-container .alert-message .fa {\n\tfont-size: 40px;\n\tmargin-right: 15px;\n}\n\n.alert-message-container .alert-message.success .fa {\n\tcolor: #0f5132;\n}\n\n.alert-message-container .alert-message.failure .fa {\n\tcolor: #842029;\n}\n\n<\/style>\n\n<div class=\"gr-general-form-container\">\n\t<form id=\"gr-general-form\" role=\"form\" class=\"gr-form\" novalidate=\"\">\n\t   <div class=\"row\">\n\t   \t\t<div class=\"col-md-12\">\n\t\t\t\t\t\t\t\t\t<div id=\"success\" class=\"success message alert alert-success alert-dismissable gr-alert-success\"><\/div>\n\t\t\t\t\t<div id=\"failure\" class=\"failure message alert alert-danger alert-dismissable gr-alert-danger\"><\/div>\n\t\t\t\t\t\t  \t<\/div>\n\t\t  <div class=\"gr-form-content\">\n\t\t\t\n\t\t\t \n\t\t\t <div class=\"row\">\n\t\t\t\t\t\t\t\t\t<div class=\"col-lg-6\">\n\t\t\t\t\t\t<div class=\"form-group has-feedback\">\n\t\t\t\t\t\t<input type=\"text\" name=\"firstName\" autocomplete=\"off\" class=\"form-control input-lg gr-form-control\" data-gr-required=\"\" data-gr-name=\"\" minlength=\"2\" maxlength=\"45\" placeholder=\"Nombre\">\n\t\t\t\t\t\t<span class=\"gr gr-asterisk color-danger small-icon form-control-feedback\" aria-hidden=\"true\"><\/span>\t\t\t\t\t\t<\/div>\n\t\t\t\t\t<\/div>\n\t\t\t\t\t\t\t\t\n\t\t\t\t\t\t\t\t\t<div class=\"col-lg-6\">\n\t\t\t\t\t\t<div class=\"form-group has-feedback\">\n\t\t\t\t\t\t<input type=\"text\" name=\"lastName\" autocomplete=\"off\" class=\"form-control input-lg gr-form-control\" data-gr-required=\"\" data-gr-name=\"\" minlength=\"2\" maxlength=\"45\" placeholder=\"Apellido\">\n\t\t\t\t\t\t<span class=\"gr gr-asterisk color-danger small-icon form-control-feedback\" aria-hidden=\"true\"><\/span>\t\t\t\t\t\t<\/div>\n\t\t\t\t\t<\/div>\n\t\t\t\t\t\t\t<\/div>\n\t\t\t\t\t\t\t <div class=\"col-md-12\">\n\t\t\t\t\t<div class=\"form-group has-feedback\">\n\t\t\t\t\t   <input type=\"email\" name=\"email\" autocomplete=\"off\" maxlength=\"100\" class=\"form-control input-lg gr-form-control\" data-gr-required=\"\" data-gr-email=\"\"  placeholder=\"Direcci\u00f3n de correo electr\u00f3nico\">\n\t\t\t\t\t   <span class=\"gr gr-asterisk color-danger small-icon form-control-feedback\" aria-hidden=\"true\"><\/span>\t\t\t\t\t<\/div>\n\t\t\t\t <\/div>\n\t\t\t \t\t\t \t\t\t\t <div class=\"col-md-12\">\n\t\t\t\t\t<div class=\"form-group has-feedback\">\n\t\t\t\t\t   <input type=\"text\" id=\"orgName\" name=\"orgName\" class=\"form-control input-lg gr-form-control\" data-gr-required=\"\" data-gr-name=\"2-100\" placeholder=\"Nombre de la organizaci\u00f3n\" maxlength=\"100\">\n\t\t\t\t\t   <span class=\"gr gr-asterisk color-danger small-icon form-control-feedback\" aria-hidden=\"true\"><\/span>\t\t\t\t\t<\/div>\n\t\t\t\t <\/div>\n\t\t\t \t\t\t \n\t\t\t \t\t\t\t <div class=\"col-md-12\">\n\t\t\t\t\t<div class=\"form-group has-feedback\">\n\t\t\t\t\t   <input type=\"text\" id=\"jobTitle\" name=\"jobTitle\" class=\"form-control input-lg gr-form-control\" data-gr-required=\"\" data-gr-name=\"\"  placeholder=\"T\u00edtulo del puesto\" maxlength=\"45\">\n\t\t\t\t\t   <span class=\"gr gr-asterisk color-danger small-icon form-control-feedback\" aria-hidden=\"true\"><\/span>\t\t\t\t\t<\/div>\n\t\t\t\t <\/div>\n\t\t\t \n\t\t\t \t\t\t \n\t\t\t \t\t\t <div class=\"col-md-12 newsletter\">\n\t\t\t\t<div class=\"form-group\">\n\t\t\t\t   <label class=\"checkbox-label\" for=\"donotbulkemail\" style=\"padding-left: 42px;font-size:16px; font-weight:normal;font-family:Roboto,sans-serif;color:#37444c\"> \n\t\t\t\t\tS\u00ed, acepto recibir consejos y avisos de viaje de Global Rescue.\t\t\t\t   <input id=\"donotbulkemail\" style=\"opacity: 10;\" autocomplete=\"off\" name=\"sendMarketingEmails\" class=\"sendMarketingEmails form-check-input gr-form-control\" type=\"checkbox\"> \n\t\t\t\t   <span class=\"checkmark\"><\/span>\n\t\t\t\t   <\/label>\n\t\t\t\t   <input type=\"hidden\" name=\"isEnterprise\" id=\"isEnterprise\" value=\"\">\n\t\t\t\t   <input type=\"hidden\" name=\"AccountName\" id=\"AccountName\" value=\"\">\n\t\t\t\t<\/div>\n\t\t\t<\/div>\n\t\t  <\/div>\n\t   <\/div>\n\t   <div class=\"row text-center gr-form-content\">\n\t\t  <div class=\"col-md-12\">\n\t\t\t <div id=\"delos_registration_captcha\" class=\"gr-captcha text-center\"><\/div>\n\t\t\t \t\t\t<button type=\"submit\" id=\"submit_general_form\" data-event=\"\" data-eventcategory=\"Button\" data-eventlabel=\"General Form Registration\" class=\"btn btn-gr btn-lg btn-danger btn-block\">Cont\u00e1ctenos<\/button>\n\t\t\t<input type=\"hidden\" id=\"submitGeneralForm\" name=\"submitGeneralForm\" value=\"Cont\u00e1ctenos\">\n\t\t\t<input type=\"hidden\" name=\"campaign_code\" id=\"CMP\" value=\"GCU - Enterprise\">\n\t\t\t<input type=\"hidden\" id=\"successMsg\" name=\"successMsg\" value=\"Submitted successfully!\">\n\t\t\t<input type=\"hidden\" id=\"lead_source\" name=\"lead_source\" value=\"Contact Us\">\n\t\t\t<input type=\"hidden\" id=\"lead_type\" name=\"lead_type\" value=\"3\">\n\t\t\t<input type=\"hidden\" id=\"lead_type\" name=\"lead_type\" value=\"3\">\n\t\t\t<input type=\"hidden\" id=\"target_api\" name=\"target_api\" value=\"initiateContactUsNotificationRequest\">\n\t\t\t<input type=\"hidden\" id=\"toAddress\" name=\"toAddress\" value=\"enterprise@globalrescue.com\">\n\t\t\t<input type=\"hidden\" id=\"ipAddress\" name=\"ipAddress\" value=\"216.73.216.12\">\n\t\t\t<input type=\"hidden\" class=\"g-recaptcha-response\" value=\"\">\n\n\t\t  <\/div>\n\t   <\/div>\n\t<\/form>\n<\/div>\n[\/vc_column_text][\/vc_column_inner][\/vc_row_inner][\/vc_column][\/vc_row][vc_row el_class=\u00bbsection-faqs tilted-bg text-white\u00bb css=\u00bb.vc_custom_1736877929864{background-image: url(\/grcom\/images\/common\/Path-10383.svg?id=36697) !important;}\u00bb][vc_column][vc_row_inner el_class=\u00bbcontainer auto-margin pb-4&#8243;][vc_column_inner][vc_column_text css=\u00bb\u00bb el_class=\u00bbpt-5&#8243;]<\/p>\n<h3>Preguntas <span class=\"brand-color fw-bold\">frecuentes<\/span><\/h3>\n<p>[\/vc_column_text][\/vc_column_inner][vc_column_inner][vc_toggle title=\u00bb\u00bfQu\u00e9 es el deber de diligencia?\u00bb style=\u00bbarrow\u00bb color=\u00bbjuicy_pink\u00bb open=\u00bbtrue\u00bb el_class=\u00bbfaqs-restyle\u00bb]Todo empresario tiene la obligaci\u00f3n de garantizar la salud, la seguridad y el bienestar general de sus empleados mientras est\u00e9n en horario de trabajo. Esto implica salvaguardar su bienestar mientras se encuentran en sus lugares de trabajo habituales, durante sus actividades fuera de la oficina, tanto en casa como en el extranjero. La afiliaci\u00f3n a Global Rescue puede ayudarle a cumplir con sus obligaciones de diligencia.[\/vc_toggle][vc_toggle title=\u00bbCertificaci\u00f3n ISO 9001&#8243; style=\u00bbarrow\u00bb color=\u00bbjuicy_pink\u00bb el_class=\u00bbfaqs-restyle\u00bb]La certificaci\u00f3n verifica el compromiso de Global Rescue con la calidad y la satisfacci\u00f3n del cliente. ISO 9001 es una norma de sistemas de gesti\u00f3n de calidad desarrollada por la Organizaci\u00f3n Internacional de Normalizaci\u00f3n, una asociaci\u00f3n de organizaciones gubernamentales y no gubernamentales de muchos pa\u00edses. La certificaci\u00f3n ISO refleja el cumplimiento de los requisitos de los sistemas de gesti\u00f3n de calidad de toda la organizaci\u00f3n, centrados en la mejora continua, la satisfacci\u00f3n del cliente y la participaci\u00f3n activa tanto de la direcci\u00f3n como de los empleados. La satisfacci\u00f3n general de los clientes de Global Rescue supera sistem\u00e1ticamente el 95% y m\u00e1s de 9 de cada 10 clientes recomendar\u00edan Global Rescue a sus amigos o familiares. [\/vc_toggle][vc_toggle title=\u00bb\u00bfGlobal Rescue se encarga de la protecci\u00f3n de ejecutivos?\u00bb style=\u00bbarrow\u00bb color=\u00bbjuicy_pink\u00bb el_class=\u00bbfaqs-restyle\u00bb]S\u00ed, cuando se planifica un viaje de negocios internacional a lugares con un alto nivel de amenaza, contar con un nivel adicional de seguridad es una norma adecuada. El detalle de protecci\u00f3n proactiva de ejecutivos de Global Rescue consta de dos elementos: una mitigaci\u00f3n anticipada del riesgo y el elemento de protecci\u00f3n cercana. El equipo de Global Rescue tiene una gran experiencia y ha proporcionado protecci\u00f3n privada a ejecutivos en todo el mundo.[\/vc_toggle][vc_toggle title=\u00bb\u00bfC\u00f3mo investiga Global Rescue a los proveedores m\u00e9dicos?\u00bb style=\u00bbarrow\u00bb color=\u00bbjuicy_pink\u00bb el_class=\u00bbfaqs-restyle\u00bb]Somos la \u00fanica empresa que cuenta con una asociaci\u00f3n con la Divisi\u00f3n de Operaciones Especiales de Johns Hopkins Medicine, clasificada 23 veces como n\u00ba 1 en EE.UU. desde 1990. Esta relaci\u00f3n especial proporciona a nuestros clientes unos recursos consultivos inigualables, m\u00e1s de 2.400 especialistas y una red internacional de los mejores hospitales del mundo. Los miembros de Global Rescue tambi\u00e9n cuentan con el apoyo de Mass General Brigham (filial de la Facultad de Medicina de Harvard) y Elite Medical Group. [\/vc_toggle][vc_toggle title=\u00bb\u00bfProporciona Rescate Global apoyo en salud mental?\u00bb style=\u00bbarrow\u00bb color=\u00bbjuicy_pink\u00bb el_class=\u00bbfaqs-restyle\u00bb]S\u00ed, viajar puede ser estresante para sus empleados. Las barreras ling\u00fc\u00edsticas, el choque cultural o encontrarse con un acontecimiento traum\u00e1tico pueden provocar depresi\u00f3n, ansiedad o abuso de sustancias. Global Rescue puede ayudarle a desarrollar un programa de apoyo a la salud mental de sus empleados durante los viajes.<\/p>\n<p>Acceso telef\u00f3nico gratuito 24\/7\/365 a sus empleados con asesoramiento: tel\u00e9fono, videoconferencia y programas autodirigidos en l\u00ednea.[\/vc_toggle][vc_toggle title=\u00bb\u00bfOfrece Global Rescue formaci\u00f3n + e-learning?\u00bb style=\u00bbarrow\u00bb color=\u00bbjuicy_pink\u00bb el_class=\u00bbfaqs-restyle\u00bb]S\u00ed, al trabajar con Global Rescue sus empleados tendr\u00e1n acceso completo a nuestra biblioteca de formaci\u00f3n y aprendizaje electr\u00f3nico. Global Rescue se ha asociado con la Divisi\u00f3n de Operaciones Especiales de Johns Hopkins Medicine para crear una serie de viajes educativos para sus viajeros. [\/vc_toggle][\/vc_column_inner][\/vc_row_inner][\/vc_column][\/vc_row][vc_row el_class=\u00bbsection-join-us tls_join_us incline-background content-justify-center\u00bb][vc_column el_class=\u00bbcontent-justify-center\u00bb][vc_row_inner el_class=\u00bbcontainer auto-margin section-join\u00bb][vc_column_inner el_class=\u00bbtext-vw\u00bb offset=\u00bbvc_col-xs-12&#8243;][vc_column_text css=\u00bb\u00bb]<\/p>\n<div class=\"\">\n<div class=\"main_heading\">\n<h3>\u00bfListo para el cambio? Descubra<\/h3>\n<h3 class=\"brand-color fw-bold mb-5\">Global Rescue no se anda con rodeos<\/h3>\n<\/div>\n<p>Todo empresario tiene la obligaci\u00f3n legal de garantizar la salud, la seguridad y el bienestar general de sus empleados mientras est\u00e9n en horario de trabajo. Descubra c\u00f3mo Global Rescue puede ayudarle a cumplir con su deber de diligencia.<\/p>\n<p><a href=\"#scroll_to-general_form\" class=\"btn btn-danger btn-gr btn-lg btn-block-sm mt-5\">P\u00f3ngase en contacto con nosotros<\/a><\/p>\n<\/div>\n<p>[\/vc_column_text][\/vc_column_inner][\/vc_row_inner][\/vc_column][\/vc_row][vc_row el_class=\u00bbcrosspurpose-section my-4&#8243;][vc_column css=\u00bb.vc_custom_1731506434339{background-image: url(\/grcom\/images\/common\/Mask-Group-68.png?id=36547) !important;background-position: center !important;background-repeat: no-repeat !important;background-size: cover !important;}\u00bb offset=\u00bbvc_col-md-6&#8243;][vc_column_text css_animation=\u00bbnone\u00bb css=\u00bb\u00bb el_class=\u00bbd-flex justify-content-end\u00bb]<\/p>\n<div class=\"cross-platform-content\" style=\"padding-top: 80px; padding-bottom: 80px;\">\n<p class=\"fw-bold m-0\">Global Rescue para<\/p>\n<p class=\"mb-4\">Operadores tur\u00edsticos y gu\u00edas<\/p>\n<p><a href=\"https:\/\/www.globalrescue.com\/es\/partners\/?source=crosspurpose&amp;pagesource=crisis24-alternative\" class=\"btn btn-lg btn-gr btn-danger btn-cross-platform\">As\u00f3ciese con nosotros<\/a><\/p>\n<\/div>\n<p>[\/vc_column_text][\/vc_column][vc_column css=\u00bb.vc_custom_1736854558656{background-image: url(https:\/\/www.globalrescue.com\/grcom\/images\/common\/Mask-Group-68-1.png?id=35965) !important;background-position: center !important;background-repeat: no-repeat !important;background-size: cover !important;}\u00bb offset=\u00bbvc_col-md-6&#8243;][vc_column_text css=\u00bb\u00bb el_class=\u00bbd-flex justify-content-start\u00bb]<\/p>\n<div class=\"cross-platform-content\">\n<p class=\"fw-bold m-0\">Global Rescue para<\/p>\n<p class=\"mb-4\">Usted y su familia<\/p>\n<p><a href=\"https:\/\/www.globalrescue.com\/es\/personal\/travelservices\/?source=crosspurpose&amp;pagesource=crisis24-alternative\" class=\"btn btn-lg btn-gr btn-danger\">Saber m\u00e1s<\/a><\/p>\n<\/div>\n<p>[\/vc_column_text][\/vc_column][\/vc_row]<\/p>\n<\/div>","protected":false},"excerpt":{"rendered":"<p>[vc_row el_class=\u00bbd-flex flex-lg-row hero-section flex-column-reverse align-items-center\u00bb][vc_column offset=\u00bbvc_col-lg-6&#8243;][vc_column_text css=\u00bb\u00bb] Crisis24 \u00bfNo satisface sus necesidades? Descubra el apoyo y la atenci\u00f3n que ha estado buscando con Global Rescue. P\u00f3ngase en contacto con nosotros [\/vc_column_text][\/vc_column][vc_column offset=\u00bbvc_col-lg-6&#8243;][vc_single_image image=\u00bb46152&#8243; img_size=\u00bb945&#215;840&#8243; alignment=\u00bbright\u00bb css=\u00bb\u00bb el_class=\u00bbhero-image\u00bb][vc_column_text] [\/vc_column_text][\/vc_column][\/vc_row][vc_row css=\u00bb.vc_custom_1755848593641{background-image: url(\/grcom\/images\/common\/Path-10383.svg?id=36697) !important;}\u00bb el_class=\u00bbsection-memberships tilted-bg\u00bb el_id=\u00bbscroll_to\u00bb][vc_column][vc_row_inner el_class=\u00bbcontainer auto-margin pb-5&#8243;][vc_column_inner][vc_column_text css=\u00bb\u00bb] Por qu\u00e9 elegir Global Rescue [\/vc_column_text][\/vc_column_inner][vc_column_inner [&hellip;]<\/p>\n","protected":false},"author":5,"featured_media":0,"parent":47166,"menu_order":0,"comment_status":"closed","ping_status":"closed","template":"landing-pages\/template-landing-page-overlaps.php","meta":{"_acf_changed":false,"inline_featured_image":false,"footnotes":""},"class_list":["post-50751","page","type-page","status-publish","hentry"],"acf":[],"_links":{"self":[{"href":"https:\/\/www.globalrescue.com\/es\/wp-json\/wp\/v2\/pages\/50751","targetHints":{"allow":["GET"]}}],"collection":[{"href":"https:\/\/www.globalrescue.com\/es\/wp-json\/wp\/v2\/pages"}],"about":[{"href":"https:\/\/www.globalrescue.com\/es\/wp-json\/wp\/v2\/types\/page"}],"author":[{"embeddable":true,"href":"https:\/\/www.globalrescue.com\/es\/wp-json\/wp\/v2\/users\/5"}],"replies":[{"embeddable":true,"href":"https:\/\/www.globalrescue.com\/es\/wp-json\/wp\/v2\/comments?post=50751"}],"version-history":[{"count":11,"href":"https:\/\/www.globalrescue.com\/es\/wp-json\/wp\/v2\/pages\/50751\/revisions"}],"predecessor-version":[{"id":53736,"href":"https:\/\/www.globalrescue.com\/es\/wp-json\/wp\/v2\/pages\/50751\/revisions\/53736"}],"up":[{"embeddable":true,"href":"https:\/\/www.globalrescue.com\/es\/wp-json\/wp\/v2\/pages\/47166"}],"wp:attachment":[{"href":"https:\/\/www.globalrescue.com\/es\/wp-json\/wp\/v2\/media?parent=50751"}],"curies":[{"name":"wp","href":"https:\/\/api.w.org\/{rel}","templated":true}]}}