{"id":50782,"date":"2025-04-23T10:38:46","date_gmt":"2025-04-23T10:38:46","guid":{"rendered":"https:\/\/www.globalrescue.com\/socios\/seguridad-en-los-viajes-al-kilimanjaro\/"},"modified":"2025-10-30T12:15:28","modified_gmt":"2025-10-30T12:15:28","slug":"seguridad-en-los-viajes-al-kilimanjaro","status":"publish","type":"page","link":"https:\/\/www.globalrescue.com\/es\/lp\/kilimanjaro-climbing-travel-safety\/","title":{"rendered":"Seguridad en los viajes al Kilimanjaro"},"content":{"rendered":"<div class=\"wpb-content-wrapper\"><p>[vc_row el_class=\u00bbd-flex flex-xl-row hero-section flex-column-reverse align-items-center\u00bb][vc_column offset=\u00bbvc_col-lg-6&#8243;][vc_column_text css=\u00bb\u00bb]<\/p>\n<div class=\"banner-content-wrapper\">\n<h1 class=\"m-0\">El objetivo de sus invitados es<br \/>\nthe Summit.<br \/>\n<span class=\"brand-color fw-bold\">Nuestro objetivo es su seguridad.<\/span><\/h1>\n<p class=\"banner-text my-5\">Los incomparables servicios de protecci\u00f3n de viajes de Global Rescue le ofrecen a usted, a sus invitados y a su equipo tranquilidad en cada paso de la subida y la bajada.<\/p>\n<p><a href=\"#general_contact_us\" class=\"btn btn-lg btn-gr btn-danger\">As\u00f3ciese con nosotros<\/a><\/p>\n<\/div>\n<p>[\/vc_column_text][\/vc_column][vc_column offset=\u00bbvc_col-lg-6&#8243;][vc_single_image image=\u00bb46611&#8243; img_size=\u00bb945&#215;840&#8243; alignment=\u00bbright\u00bb css=\u00bb\u00bb el_class=\u00bbhero-image\u00bb][vc_column_text]<\/p>\n<p class=\"text-center\"><a href=\"#scroll_to\" class=\"scroll-to-content\" data-scroll=\"\"><svg xmlns=\"http:\/\/www.w3.org\/2000\/svg\" id=\"scroll_icon\" data-name=\"Component 67 \u2013 2\" width=\"30\" height=\"62.485\" viewbox=\"0 0 30 62.485\"><g id=\"scroll_icon_content\" data-name=\"Group 782\" transform=\"translate(-1545 -966)\"><path id=\"Path_10308\" data-name=\"Path 10308\" d=\"M-957.119,1023.127l8.132,8.132,8.132-8.132\" transform=\"translate(2509.082 -4.896)\" fill=\"none\" stroke=\"#707070\" stroke-linecap=\"round\" stroke-width=\"3\"><\/path> <g id=\"Rectangle_123\" data-name=\"Rectangle 123\" transform=\"translate(1545 966)\" fill=\"#f5f5f5\" stroke=\"#707070\" stroke-width=\"3\"><rect width=\"30\" height=\"48\" rx=\"15\" stroke=\"none\"><\/rect><rect x=\"1.5\" y=\"1.5\" width=\"27\" height=\"45\" rx=\"13.5\" fill=\"none\"><\/rect><\/g><\/g>  \t<line id=\"scroll_line\" data-name=\"Line 55\" y2=\"6.317\" transform=\"translate(15.395 10.603)\" fill=\"none\" stroke=\"#707070\" stroke-linecap=\"round\" stroke-width=\"5\"><\/line><\/svg><\/a><\/p>\n<p>[\/vc_column_text][\/vc_column][\/vc_row][vc_row el_class=\u00bbsection-memberships tilted-bg\u00bb css=\u00bb.vc_custom_1755857468415{background-image: url(\/grcom\/grmkt_resources\/images\/tls_grey_bg.svg?id=21709) !important;}\u00bb el_id=\u00bbscroll_to\u00bb][vc_column][vc_row_inner content_placement=\u00bbmiddle\u00bb el_class=\u00bbcontainer auto-margin py-5 py-lg-0&#8243;][vc_column_inner width=\u00bb1\/2&#8243;][vc_column_text css=\u00bb\u00bb el_class=\u00bbcontent-estimator\u00bb]<\/p>\n<h3 class=\"mb-4\">Garantice<span class=\"brand-color fw-bold\">la seguridad de<\/span> sus invitadosen<\/h3>\n<h5 class=\"mb-4\"><strong>Convi\u00e9rtase en socio de viajes seguros de Global Rescue<\/strong><\/h5>\n<p>Desde 2004, Global Rescue ha apoyado a miles de organizaciones de viajes al aire libre y a m\u00e1s de un mill\u00f3n de viajeros de todo el mundo con acceso 24 horas al d\u00eda, 7 d\u00edas a la semana, 365 d\u00edas al a\u00f1o a asistencia y asesoramiento m\u00e9dico y de seguridad, incluidos servicios de evacuaci\u00f3n en caso de emergencia. Nuestros socios de viajes seguros valoran ofrecer a sus hu\u00e9spedes la experiencia m\u00e1s segura y protegida durante sus viajes, minimizar la carga que supone enfrentarse a lo inesperado y ganar visibilidad para nuestros socios gracias a una mayor exposici\u00f3n.[\/vc_column_text][\/vc_column_inner][vc_column_inner el_class=\u00bbpt-5&#8243; width=\u00bb1\/2&#8243; el_id=\u00bbgeneral_contact_us\u00bb][vc_column_text css=\u00bb\u00bb]<style>\n\n.backdrop.alert-wrapper {\n\tposition: absolute;\n\ttop: 0;\n\tbottom: 0;\n\tleft: 0;\n\tright: 0;\n\tz-index: 3;\n\tbackground: rgba(255, 255, 255, 0.3);\n\tbackdrop-filter: blur(10px);\n\t-webkit-backdrop-filter: blur(10px);\n}\n\n.backdrop .alert-message-container {\n\theight: 100%;\n\tdisplay: flex;\n\tjustify-content: center;\n\talign-items: center;\n}\n\n.alert-message-container .alert-message {\n\tfont-size: 16px;\n\tdisplay: flex;\n\tjustify-content: center;\n\talign-items: center;\n\tmargin: 0 30px;\n\tpadding: 15px;\n}\n\n.alert-message-container .alert-message.success {\n\tcolor: #0f5132;\n\tbackground: #d1e7dd;\n\tborder-left: 8px solid #0f5132;\n}\n\n.alert-message-container .alert-message.failure {\n\tcolor: #842029;\n\tbackground: #f8d7da;\n\tborder-left: 8px solid #842029;\n}\n\n.alert-message-container .alert-message .fa {\n\tfont-size: 40px;\n\tmargin-right: 15px;\n}\n\n.alert-message-container .alert-message.success .fa {\n\tcolor: #0f5132;\n}\n\n.alert-message-container .alert-message.failure .fa {\n\tcolor: #842029;\n}\n\n<\/style>\n\n<div class=\"gr-general-form-container\">\n\t<form id=\"gr-general-form\" role=\"form\" class=\"gr-form\" novalidate=\"\">\n\t   <div class=\"row\">\n\t   \t\t<div class=\"col-md-12\">\n\t\t\t\t\t\t\t\t<div class=\"backdrop alert-wrapper\" style=\"display: none;\">\n\t\t\t\t\t<div class=\"gr-alert-success-wrapper d-none alert-message-container\">\n    \t\t\t\t\t<p class=\"success alert-message\">\n\t\t\t\t\t\t\t<i class=\"fa fa-check-circle\"><\/i>\n\t\t\t\t\t\t\t<span class=\"gr-alert-success\"><\/span>\n\t\t\t\t\t\t<\/p>\n\t\t\t\t\t<\/div>\n\t\t\t\t\t<div class=\"gr-alert-failure-wrapper d-none alert-message-container\">\n\t\t\t\t\t\t<p class=\"failure alert-message\">\n\t\t\t\t\t\t\t<i class=\"fa fa-times-circle\"><\/i>\n\t\t\t\t\t\t\t<span class=\"gr-alert-danger\"><\/span>\n\t\t\t\t\t\t<\/p>\n\t\t\t\t\t<\/div>\n\t\t\t\t<\/div>\n\t\t\t\t\t\t  \t<\/div>\n\t\t  <div class=\"gr-form-content\">\n\t\t\t\n\t\t\t \t\t\t\t<div id=\"\" class=\"message alert alert-danger alert-dismissable gr-alert-danger\" style=\"display: none;\">You cannot leave Captcha Code empty<\/div>\n\t\t\t \n\t\t\t <div class=\"row\">\n\t\t\t\t\t\t\t\t\t<div class=\"col-lg-6\">\n\t\t\t\t\t\t<div class=\"form-group has-feedback\">\n\t\t\t\t\t\t<input type=\"text\" name=\"firstName\" autocomplete=\"off\" class=\"form-control input-lg gr-form-control\" data-gr-required=\"\" data-gr-name=\"\" minlength=\"2\" maxlength=\"45\" placeholder=\"Nombre\">\n\t\t\t\t\t\t<span class=\"gr gr-asterisk color-danger small-icon form-control-feedback\" aria-hidden=\"true\"><\/span>\t\t\t\t\t\t<\/div>\n\t\t\t\t\t<\/div>\n\t\t\t\t\t\t\t\t\n\t\t\t\t\t\t\t\t\t<div class=\"col-lg-6\">\n\t\t\t\t\t\t<div class=\"form-group has-feedback\">\n\t\t\t\t\t\t<input type=\"text\" name=\"lastName\" autocomplete=\"off\" class=\"form-control input-lg gr-form-control\" data-gr-required=\"\" data-gr-name=\"\" minlength=\"2\" maxlength=\"45\" placeholder=\"Apellido\">\n\t\t\t\t\t\t<span class=\"gr gr-asterisk color-danger small-icon form-control-feedback\" aria-hidden=\"true\"><\/span>\t\t\t\t\t\t<\/div>\n\t\t\t\t\t<\/div>\n\t\t\t\t\t\t\t<\/div>\n\t\t\t\t\t\t\t <div class=\"col-md-12\">\n\t\t\t\t\t<div class=\"form-group has-feedback\">\n\t\t\t\t\t   <input type=\"email\" name=\"email\" autocomplete=\"off\" maxlength=\"100\" class=\"form-control input-lg gr-form-control\" data-gr-required=\"\" data-gr-email=\"\"  placeholder=\"Direcci\u00f3n de correo electr\u00f3nico\">\n\t\t\t\t\t   <span class=\"gr gr-asterisk color-danger small-icon form-control-feedback\" aria-hidden=\"true\"><\/span>\t\t\t\t\t<\/div>\n\t\t\t\t <\/div>\n\t\t\t \t\t\t \t\t\t\t <div class=\"col-md-12\">\n\t\t\t\t\t<div class=\"form-group has-feedback\">\n\t\t\t\t\t   <input type=\"text\" id=\"orgName\" name=\"orgName\" class=\"form-control input-lg gr-form-control\" data-gr-required=\"\" data-gr-name=\"2-100\" placeholder=\"Nombre de la organizaci\u00f3n\" maxlength=\"100\">\n\t\t\t\t\t   <span class=\"gr gr-asterisk color-danger small-icon form-control-feedback\" aria-hidden=\"true\"><\/span>\t\t\t\t\t<\/div>\n\t\t\t\t <\/div>\n\t\t\t \t\t\t \n\t\t\t \n\t\t\t \t\t\t\t\t<div class=\"form-group form-group-lg has-feedback\">\n\t\t\t\t\t\t<select id=\"orgSize\" name=\"orgSize\" class=\"form-control gr-form-control\" data-gr-required=\"\">\n\t\t\t\t\t\t\t<option selected=\"\" value=\"\">Viajeros por a\u00f1o<\/option>\n\t\t\t\t\t\t\t<option value=\"50-200 travelers (small)\">50-200 viajeros (peque\u00f1os)<\/option>\n\t\t\t\t\t\t\t<option value=\"201-999 travelers (medium)\">201-999 viajeros (medianos)<\/option>\n\t\t\t\t\t\t\t<option value=\"1,000+ travelers (large)\">1,000+ viajeros (grandes)<\/option>\n\t\t\t\t\t\t<\/select>\n\t\t\t\t\t\t<span class=\"gr gr-asterisk color-danger small-icon form-control-feedback\" aria-hidden=\"true\"><\/span>\t\t\t\t\t<\/div>\n\t\t\t \t\t\t \n\t\t\t \t\t\t\t <div class=\"col-md-12\">\n\t\t\t\t\t<div class=\"form-group has-feedback\">\n\t\t\t\t\t   <textarea style=\"height: auto;\" id=\"message\" name=\"message\" class=\"form-control input-lg gr-form-control\" rows=\"5\" data-gr-required=\"\" data-gr-length=\"10-2000\" data-gr-sanitize=\"\" data-gr-label=\"Message\" placeholder=\"Introduzca su mensaje aqu\u00ed...\" maxlength=\"2000\"><\/textarea>\n\t\t\t\t\t\t<span class=\"gr gr-asterisk color-danger small-icon form-control-feedback\" aria-hidden=\"true\"><\/span>\t\t\t\t\t\t\n\t\t\t\t\t<\/div>\n\t\t\t\t\t\n\t\t\t\t <\/div>\n\t\t\t \t\t\t <div class=\"col-md-12 newsletter\">\n\t\t\t\t<div class=\"form-group\">\n\t\t\t\t   <label class=\"checkbox-label\" for=\"donotbulkemail\" style=\"padding-left: 42px;font-size:16px; font-weight:normal;font-family:Roboto,sans-serif;color:#37444c\"> \n\t\t\t\t\tS\u00ed, acepto recibir consejos y avisos de viaje de Global Rescue.\t\t\t\t   <input id=\"donotbulkemail\" style=\"opacity: 10;\" autocomplete=\"off\" name=\"sendMarketingEmails\" class=\"sendMarketingEmails form-check-input gr-form-control\" type=\"checkbox\"> \n\t\t\t\t   <span class=\"checkmark\"><\/span>\n\t\t\t\t   <\/label>\n\t\t\t\t   <input type=\"hidden\" name=\"isEnterprise\" id=\"isEnterprise\" value=\"\">\n\t\t\t\t   <input type=\"hidden\" name=\"AccountName\" id=\"AccountName\" value=\"\">\n\t\t\t\t<\/div>\n\t\t\t<\/div>\n\t\t  <\/div>\n\t   <\/div>\n\t   <div class=\"row text-center gr-form-content\">\n\t\t  <div class=\"col-md-12\">\n\t\t\t <div id=\"delos_registration_captcha\" class=\"gr-captcha text-center\"><\/div>\n\t\t\t \t\t\t<button type=\"submit\" id=\"submit_general_form\" data-event=\"\" data-eventcategory=\"Button\" data-eventlabel=\"General Form Registration\" class=\"btn btn-gr btn-lg btn-danger btn-block\">Cont\u00e1ctenos<\/button>\n\t\t\t<input type=\"hidden\" id=\"submitGeneralForm\" name=\"submitGeneralForm\" value=\"Cont\u00e1ctenos\">\n\t\t\t<input type=\"hidden\" name=\"campaign_code\" id=\"CMP\" value=\"Become a Partner\">\n\t\t\t<input type=\"hidden\" id=\"successMsg\" name=\"successMsg\" value=\"\u00a1Tu solicitud se ha enviado correctamente!\">\n\t\t\t<input type=\"hidden\" id=\"lead_source\" name=\"lead_source\" value=\"Contact Us\">\n\t\t\t<input type=\"hidden\" id=\"lead_type\" name=\"lead_type\" value=\"2\">\n\t\t\t<input type=\"hidden\" id=\"lead_type\" name=\"lead_type\" value=\"2\">\n\t\t\t<input type=\"hidden\" id=\"target_api\" name=\"target_api\" value=\"initiateContactUsNotificationRequest\">\n\t\t\t<input type=\"hidden\" id=\"toAddress\" name=\"toAddress\" value=\"ms@globalrescue.com,consumerteam@globalrescue.com\">\n\t\t\t<input type=\"hidden\" id=\"ipAddress\" name=\"ipAddress\" value=\"216.73.216.148\">\n\t\t\t<input type=\"hidden\" class=\"g-recaptcha-response\" value=\"\">\n\n\t\t  <\/div>\n\t   <\/div>\n\t<\/form>\n<\/div>\n[\/vc_column_text][\/vc_column_inner][\/vc_row_inner][\/vc_column][\/vc_row][vc_row el_class=\u00bbsection-estimator py-xl-5&#8243;][vc_column][vc_row_inner content_placement=\u00bbmiddle\u00bb el_class=\u00bbcontainer auto-margin pb-xl-5 price-estimator-grey\u00bb][vc_column_inner width=\u00bb1\/2&#8243;][vc_column_text css=\u00bb\u00bb el_class=\u00bbcontent-estimator\u00bb]<\/p>\n<h3 class=\"mb-4\">\u00bfPor qu\u00e9 asociarse con<br \/>\n<span class=\"brand-color fw-bold\">Global Rescue?<\/span><\/h3>\n<p>Asociarse con Global Rescue refuerza su compromiso con la seguridad de sus hu\u00e9spedes, le permite disponer de m\u00e1s tiempo para centrarse en sus viajes y viajeros, y genera nuevos ingresos para su negocio.[\/vc_column_text][\/vc_column_inner][vc_column_inner el_class=\u00bbprice-estimator-grey\u00bb width=\u00bb1\/2&#8243;][vc_column_text]<\/p>\n<div style=\"padding: 56.25% 0 0 0; position: relative;\"><iframe style=\"position: absolute; top: 0; left: 0; width: 100%; height: 100%;\" src=\"https:\/\/player.vimeo.com\/video\/850928116?h=6c777bb2ac\" frameborder=\"0\" allow=\"autoplay; fullscreen; picture-in-picture\" allowfullscreen=\"allowfullscreen\"><\/iframe><\/div>\n<p>[\/vc_column_text][\/vc_column_inner][\/vc_row_inner][vc_row_inner el_class=\u00bbcontainer auto-margin\u00bb][vc_column_inner width=\u00bb1\/2&#8243;][vc_column_text css=\u00bb\u00bb]<\/p>\n<div style=\"padding: 30px; background-color: #f2f2f2;\">\n<h5 class=\"mb-4\"><strong>Protecci\u00f3n integral de viajes<\/strong><\/h5>\n<p>Global Rescue no s\u00f3lo ofrece servicios de protecci\u00f3n de viajes de primera clase, como rescate sobre el terreno, evacuaci\u00f3n m\u00e9dica en caso de emergencia y asesoramiento especializado, sino que tambi\u00e9n colaboramos con los principales proveedores de seguros de viaje para ofrecer un acceso \u00fanico a toda la planificaci\u00f3n preventiva de su viaje.<\/p>\n<\/div>\n<p>[\/vc_column_text][\/vc_column_inner][vc_column_inner width=\u00bb1\/2&#8243;][vc_column_text css=\u00bb\u00bb]<\/p>\n<div style=\"padding: 30px; background-color: #f2f2f2;\">\n<h5 class=\"mb-4\"><strong>V\u00eda de asociaci\u00f3n flexible<\/strong><\/h5>\n<p>Sabemos que no hay una talla \u00fanica. Por eso ofrecemos una variedad de v\u00edas de asociaci\u00f3n para satisfacer mejor las necesidades de su empresa y de sus viajeros. Desde relaciones de recomendaci\u00f3n y programas de afiliaci\u00f3n integrados hasta servicios de conserjer\u00eda personalizados, trabajamos con usted para encontrar la mejor soluci\u00f3n.<\/p>\n<\/div>\n<p>[\/vc_column_text][\/vc_column_inner][\/vc_row_inner][\/vc_column][\/vc_row][vc_row el_class=\u00bbsection-new-faqs tilted-bg\u00bb css=\u00bb.vc_custom_1709118437923{background-image: url(\/grcom\/grmkt_resources\/images\/Union-9.png?id=23715) !important;}\u00bb][vc_column][vc_row_inner el_class=\u00bbcontainer auto-margin d-flex flex-column-reverse flex-xl-row\u00bb][vc_column_inner el_class=\u00bbfaqs\u00bb offset=\u00bbvc_col-lg-6&#8243;][vc_column_text css=\u00bb\u00bb el_class=\u00bbcontent-estimator\u00bb]<\/p>\n<h3 class=\"mb-4\">C\u00f3mo Global Rescue<br \/>\n<span class=\"brand-color fw-bold\">protege a sus viajeros<\/span><\/h3>\n<p>Independientemente de lo remota que sea la ubicaci\u00f3n o de lo compleja que sea la situaci\u00f3n, Global Rescue se dedica a mantener a sus viajeros seguros y protegidos en todo el mundo. Rescate sobre el terreno y evacuaci\u00f3n m\u00e9dica en todo el mundo, servicios de seguridad, incluida la extracci\u00f3n, asesoramiento las 24 horas del d\u00eda y asistencia en log\u00edstica de viajes: al asociarse con Global Rescue, sus viajeros siempre contar\u00e1n con un equipo de primera clase de expertos m\u00e9dicos y de seguridad listos para ayudar en cualquier momento.[\/vc_column_text][vc_toggle title=\u00bbRescate sobre el terreno en todo el mundo\u00bb style=\u00bbarrow\u00bb color=\u00bbjuicy_pink\u00bb open=\u00bbtrue\u00bb css=\u00bb\u00bb el_class=\u00bbfaqs-restyle\u00bb]Rescate desde el punto de enfermedad o lesi\u00f3n hasta el centro m\u00e9dico m\u00e1s cercano que pueda proporcionar la atenci\u00f3n necesaria.[\/vc_toggle][vc_toggle title=\u00bbServicios de evacuaci\u00f3n y asesoramiento\u00bb style=\u00bbarrow\u00bb color=\u00bbjuicy_pink\u00bb el_class=\u00bbfaqs-restyle\u00bb]Transporte\/repatriaci\u00f3n al hospital de origen de elecci\u00f3n para los afiliados que requieran hospitalizaci\u00f3n.[\/vc_toggle][vc_toggle title=\u00bbAsistencia en viaje 24\/7\/365&#8243; style=\u00bbarrow\u00bb color=\u00bbjuicy_pink\u00bb el_class=\u00bbfaqs-restyle\u00bb]Ayuda en tiempo real para navegar por sistemas sanitarios desconocidos, problemas de visados y pasaportes, traducciones y mucho m\u00e1s.[\/vc_toggle][vc_toggle title=\u00bbInformes sobre destinos y alertas de viaje\u00bb style=\u00bbarrow\u00bb color=\u00bbjuicy_pink\u00bb el_class=\u00bbfaqs-restyle\u00bb]Avisos de viaje e informes sobre destinos para 215 pa\u00edses y territorios, y notificaciones actualizadas sobre sucesos sanitarios y de seguridad en todo el mundo.[\/vc_toggle][vc_toggle title=\u00bbComplemento de afiliaci\u00f3n de seguridad\u00bb style=\u00bbarrow\u00bb color=\u00bbjuicy_pink\u00bb css=\u00bb\u00bb el_class=\u00bbfaqs-restyle\u00bb]Los veteranos de operaciones especiales militares prestan servicios de asesoramiento, consulta y evacuaci\u00f3n en casos como cat\u00e1strofes naturales, atentados terroristas y disturbios civiles cuando usted est\u00e1 en peligro.[\/vc_toggle][vc_toggle title=\u00bbComplemento de gran altitud\u00bb style=\u00bbarrow\u00bb color=\u00bbjuicy_pink\u00bb css=\u00bb\u00bb el_class=\u00bbfaqs-restyle\u00bb]Necesario para el transporte m\u00e9dico de los afiliados que viajen por encima de los 4.600 metros (15.000 pies), excluidos los viajes en avi\u00f3n, en caso de lesi\u00f3n o enfermedad. A 5.895 metros (19.341 pies), los alpinistas que soliciten ser rescatados en el Kilimanjaro necesitar\u00e1n el complemento Paquete de evacuaci\u00f3n a gran altitud.[\/vc_toggle][vc_toggle title=\u00bbSeguro de viaje\u00bb style=\u00bbarrow\u00bb color=\u00bbjuicy_pink\u00bb el_class=\u00bbfaqs-restyle\u00bb]Global Rescue trabaja con los principales proveedores de seguros para que disponga del complemento perfecto a su afiliaci\u00f3n a Global Rescue, que le proporcionar\u00e1 la comodidad a\u00f1adida de saber que los gastos imprevistos relacionados con los viajes est\u00e1n cubiertos, incluido el valor real de su viaje, si algo sale mal.[\/vc_toggle][\/vc_column_inner][vc_column_inner el_class=\u00bbbg-img-cover\u00bb offset=\u00bbvc_col-lg-6&#8243;][vc_single_image image=\u00bb46612&#8243; img_size=\u00bbfull\u00bb css=\u00bb\u00bb el_class=\u00bboverlapping-img\u00bb][\/vc_column_inner][\/vc_row_inner][\/vc_column][\/vc_row][vc_row el_class=\u00bbsection-partners\u00bb][vc_column][vc_row_inner el_class=\u00bbcontainer auto-margin\u00bb][vc_column_inner][vc_column_text css=\u00bb\u00bb]<\/p>\n<h3 class=\"mb-5 fw-bold\">De confianza<\/h3>\n<p class=\"fw-bold\">Trabajamos con muchos de los operadores y gu\u00edas de Kilimanjaro m\u00e1s destacados del mundo,<br \/>\n, que se enorgullecen de ofrecer los servicios de protecci\u00f3n de viajes de Global Rescue.<\/p>\n<p>[\/vc_column_text][vc_column_text css=\u00bb\u00bb]<\/p>\n<div class=\"d-flex justify-content-between align-items-center trusted-partners\"><img decoding=\"async\" src=\"\/grcom\/grmkt_resources\/images\/Partner-images\/Climbing-Kilimanjaro.png\" title=\"Escalada al Kilimanjaro\" \/> <img decoding=\"async\" src=\"\/grcom\/grmkt_resources\/images\/Partner-images\/Altezza-Travel.png\" title=\"Viajes Altezza\" \/> <img decoding=\"async\" src=\"\/grcom\/grmkt_resources\/images\/Partner-images\/Group-1218-1.png\" title=\"Aventuras de los H\u00e9roes del Kilimanjaro\" \/> <img decoding=\"async\" src=\"\/grcom\/grmkt_resources\/images\/Partner-images\/Group-1231-1.png\" title=\"IAN Taylor Senderismo\" \/><\/div>\n<p>[\/vc_column_text][\/vc_column_inner][vc_column_inner][vc_column_text css=\u00bb\u00bb]\n<div class=\"carousel-full\">\n    <div class=\"generic-carousel design-type-c\">\n\t\t        <div class=\"carousel-content\">\n            <img decoding=\"async\" src=\"https:\/\/www.globalrescue.com\/wp-content\/themes\/global-rescue\/img\/quote-red.png\" \/>\n            <p class=\"testimonial-content\">El compromiso de Global Rescue con sus clientes va m\u00e1s all\u00e1 de ofrecer ayuda de emergencia: se preocupan de verdad por tu bienestar y tranquilidad. Los recomiendo encarecidamente a cualquiera que quiera tener la confianza de saber que tiene un socio de confianza a su lado, independientemente de d\u00f3nde le lleven sus viajes.<\/p>\n            <p class=\"title fw-bold\">\n\t\t\t\t- Brian Raffio, Aventurero Jefe, Climbing Kilimanjaro\t\t\t<\/p>\n\t\t\t<div class=\"video-link-wrapper\">\n\t\t\t\t\t\t<\/div>\n\t\t\t<div class=\"partner-icon-wrapper\">\n\t\t\t\t\t\t\t<img decoding=\"async\" class=\"p-icon\" src=\"https:\/\/www.globalrescue.com\/grcom\/grmkt_resources\/images\/Partner-images\/Climbing-Kilimanjaro.png\" \/>\n\t\t\t        \t<\/div>\n        <\/div>\n\t\t        <div class=\"carousel-content\">\n            <img decoding=\"async\" src=\"https:\/\/www.globalrescue.com\/wp-content\/themes\/global-rescue\/img\/quote-red.png\" \/>\n            <p class=\"testimonial-content\">\"Llevamos m\u00e1s de un a\u00f1o colaborando con Global Rescue y su equipo destaca constantemente. Lo \u00fanico que lamento es no haberlos encontrado antes. Como mayor proveedor de excursiones al Kilimanjaro del sector, recomendamos encarecidamente Global Rescue a todos nuestros excursionistas.\"<\/p>\n            <p class=\"title fw-bold\">\n\t\t\t\t- Aleksandr Andreichuk, Director General de Altezza Travel\t\t\t<\/p>\n\t\t\t<div class=\"video-link-wrapper\">\n\t\t\t\t\t\t<\/div>\n\t\t\t<div class=\"partner-icon-wrapper\">\n\t\t\t\t\t\t\t<img decoding=\"async\" class=\"p-icon\" src=\"https:\/\/www.globalrescue.com\/grcom\/images\/common\/icons\/Group-1240.png\" \/>\n\t\t\t        \t<\/div>\n        <\/div>\n\t\t    <\/div>\n<\/div>\n\n\n[\/vc_column_text][\/vc_column_inner][\/vc_row_inner][\/vc_column][\/vc_row][vc_row el_class=\u00bbsection-join-us tls_join_us incline-background content-justify-center tilted-bg\u00bb css=\u00bb.vc_custom_1704291550889{background-image: url(\/grcom\/grmkt_resources\/images\/Union-9.png?id=23715) !important;}\u00bb][vc_column el_class=\u00bbcontent-justify-center pt-md-5&#8243;][vc_row_inner el_class=\u00bbcontainer auto-margin section-join pt-xl-5&#8243;][vc_column_inner el_class=\u00bbtext-vw\u00bb offset=\u00bbvc_col-xs-12&#8243;][vc_column_text css=\u00bb\u00bb el_id=\u00bbgeneral_contact_us\u00bb]<\/p>\n<h3 class=\"mb-5\">Su compa\u00f1ero de viaje <span class=\"brand-color fw-bold\">seguro<\/span><\/h3>\n<p class=\"mb-5\">n el panorama en constante evoluci\u00f3n de los viajes internacionales, garantizar la seguridad y el bienestar de sus viajeros es primordial. Al asociarse con Global Rescue, no s\u00f3lo reafirma su compromiso con la seguridad de sus hu\u00e9spedes, sino que tambi\u00e9n les proporciona la tranquilidad que buscaban al viajar con usted. Perm\u00edtanos ser la salvaguarda de sus hu\u00e9spedes, una capa de protecci\u00f3n sin fisuras que no conoce fronteras ni l\u00edmites. P\u00f3ngase en contacto con nosotros para saber c\u00f3mo puede proteger mejor a sus viajeros y empleados, reducir el riesgo de responsabilidad civil y generar ingresos mediante la asociaci\u00f3n, todo ello sin coste alguno para usted.<\/p>\n<p>Proteja a sus viajeros y as\u00f3ciese con Global Rescue.<\/p>\n<p><a class=\"btn btn-danger btn-gr btn-lg btn-block-sm\" href=\"#scroll_to\">Convi\u00e9rtase en colaborador de viajes seguros<\/a>[\/vc_column_text][\/vc_column_inner][\/vc_row_inner][\/vc_column][\/vc_row][vc_row el_class=\u00bbcross-platform my-4&#8243;][vc_column width=\u00bb1\/2&#8243; css=\u00bb.vc_custom_1733150208513{background-image: url(\/grcom\/images\/common\/Mask-Group-68.png?id=36547) !important;background-position: center !important;background-repeat: no-repeat !important;background-size: cover !important;}\u00bb][vc_column_text css_animation=\u00bbnone\u00bb css=\u00bb\u00bb el_class=\u00bbd-flex justify-content-end\u00bb]<\/p>\n<div class=\"cross-platform-content\">\n<p class=\"m-0\">Global Rescue para<\/p>\n<p class=\"fw-bold mb-4\">Empresas e instituciones<\/p>\n<p><a href=\"https:\/\/www.globalrescue.com\/es\/enterprise\/business-travel-risk-mitigation\/?source=crosspurpose&amp;pagesource=kilimanjaro-travel-safety\" class=\"btn btn-lg btn-gr btn-danger\">Saber m\u00e1s<\/a><\/p>\n<\/div>\n<p>[\/vc_column_text][\/vc_column][vc_column width=\u00bb1\/2&#8243; css=\u00bb.vc_custom_1733154919805{background-image: url(\/grcom\/images\/common\/Mask-Group-67.png?id=35519) !important;background-position: center !important;background-repeat: no-repeat !important;background-size: cover !important;}\u00bb][vc_column_text css=\u00bb\u00bb el_class=\u00bbd-flex justify-content-start\u00bb]<\/p>\n<div class=\"cross-platform-content\">\n<p class=\"m-0\">Global Rescue para<\/p>\n<p class=\"fw-bold mb-4\">Usted y su familia<\/p>\n<p><a href=\"https:\/\/www.globalrescue.com\/es\/personal\/travelservices\/?source=crosspurpose&amp;pagesource=kilimanjaro-travel-safety\" class=\"btn btn-lg btn-gr btn-danger\">Saber m\u00e1s<\/a><\/p>\n<\/div>\n<p>[\/vc_column_text][\/vc_column][\/vc_row][vc_row][vc_column][vc_column_text][\/vc_column_text][\/vc_column][\/vc_row]<\/p>\n<\/div>","protected":false},"excerpt":{"rendered":"<p>[vc_row el_class=\u00bbd-flex flex-xl-row hero-section flex-column-reverse align-items-center\u00bb][vc_column offset=\u00bbvc_col-lg-6&#8243;][vc_column_text css=\u00bb\u00bb] El objetivo de sus invitados es the Summit. Nuestro objetivo es su seguridad. Los incomparables servicios de protecci\u00f3n de viajes de Global Rescue le ofrecen a usted, a sus invitados y a su equipo tranquilidad en cada paso de la subida y la bajada. As\u00f3ciese con nosotros [&hellip;]<\/p>\n","protected":false},"author":5,"featured_media":0,"parent":47227,"menu_order":0,"comment_status":"closed","ping_status":"closed","template":"landing-pages\/template-landing-page.php","meta":{"_acf_changed":false,"inline_featured_image":false,"footnotes":""},"class_list":["post-50782","page","type-page","status-publish","hentry"],"acf":[],"_links":{"self":[{"href":"https:\/\/www.globalrescue.com\/es\/wp-json\/wp\/v2\/pages\/50782","targetHints":{"allow":["GET"]}}],"collection":[{"href":"https:\/\/www.globalrescue.com\/es\/wp-json\/wp\/v2\/pages"}],"about":[{"href":"https:\/\/www.globalrescue.com\/es\/wp-json\/wp\/v2\/types\/page"}],"author":[{"embeddable":true,"href":"https:\/\/www.globalrescue.com\/es\/wp-json\/wp\/v2\/users\/5"}],"replies":[{"embeddable":true,"href":"https:\/\/www.globalrescue.com\/es\/wp-json\/wp\/v2\/comments?post=50782"}],"version-history":[{"count":8,"href":"https:\/\/www.globalrescue.com\/es\/wp-json\/wp\/v2\/pages\/50782\/revisions"}],"predecessor-version":[{"id":53720,"href":"https:\/\/www.globalrescue.com\/es\/wp-json\/wp\/v2\/pages\/50782\/revisions\/53720"}],"up":[{"embeddable":true,"href":"https:\/\/www.globalrescue.com\/es\/wp-json\/wp\/v2\/pages\/47227"}],"wp:attachment":[{"href":"https:\/\/www.globalrescue.com\/es\/wp-json\/wp\/v2\/media?parent=50782"}],"curies":[{"name":"wp","href":"https:\/\/api.w.org\/{rel}","templated":true}]}}