{"id":51218,"date":"2022-03-08T07:11:22","date_gmt":"2022-03-08T07:11:22","guid":{"rendered":"https:\/\/www.globalrescue.com\/pasaportes-visados\/"},"modified":"2026-01-21T08:03:41","modified_gmt":"2026-01-21T08:03:41","slug":"pasaportes-visados","status":"publish","type":"page","link":"https:\/\/www.globalrescue.com\/es\/landing-pages\/pasaportes-visados\/","title":{"rendered":"Pasaportes Visados"},"content":{"rendered":"<div class=\"wpb-content-wrapper\"><p>[vc_row][vc_column][vc_row_inner][vc_column_inner][vc_column_text]<\/p>\n<h3>Gu\u00eda definitiva de pasaportes y visados<\/h3>\n<h1><strong>10 PREGUNTAS CONTESTADAS<\/strong><\/h1>\n<h2><span style=\"color: #d71635;\"><strong>-<\/strong><\/span><\/h2>\n<h4><em>Los requisitos para viajar al extranjero son m\u00e1s complicados de lo que cree. Tanto si eres un viajero experimentado como si planeas tu primer viaje, hemos recopilado la gu\u00eda definitiva previa al viaje. <\/em><\/h4>\n<p>&nbsp;<\/p>\n<p style=\"text-align: center;\"><a class=\"btn btn-gr btn-danger btn-lg text-center\" href=\"https:\/\/www.globalrescue.com\/es\/personal\/travelservices\/\" data-event=\"\" data-eventcategory=\"Button\" data-eventlabel=\"Read the full guide\">M\u00c1S INFORMACI\u00d3N SOBRE GLOBAL RESCUE<\/a><\/p>\n<p>&nbsp;<\/p>\n<hr \/>\n<p>[\/vc_column_text][\/vc_column_inner][\/vc_row_inner][\/vc_column][\/vc_row][vc_row][vc_column][vc_row_inner][vc_column_inner width=\u00bb2\/12&#8243;][vc_single_image image=\u00bb40187&#8243; img_size=\u00bbfull\u00bb el_class=\u00bbsvg_icons\u00bb][\/vc_column_inner][vc_column_inner width=\u00bb10\/12&#8243;][vc_column_text]<\/p>\n<div class=\"\" style=\"vertical-align: middle;\">\n<h4><strong>1. \u00bfConozco la legislaci\u00f3n del pa\u00eds en materia de pasaportes y visados?<\/strong><\/h4>\n<p>En pocas palabras, no es posible viajar al extranjero sin pasaporte. Del mismo modo que antes de viajar debe familiarizarse con las leyes del pa\u00eds que piensa visitar, <span style=\"color: #d71635;\"><strong><em>tambi\u00e9n debe revisar los requisitos de pasaporte y visado del pa\u00eds.<\/em><\/strong><\/span><\/p>\n<\/div>\n<p>[\/vc_column_text][\/vc_column_inner][\/vc_row_inner][vc_row_inner][vc_column_inner width=\u00bb2\/12&#8243;][vc_single_image image=\u00bb40151&#8243; el_class=\u00bbsvg_icons\u00bb][\/vc_column_inner][vc_column_inner width=\u00bb10\/12&#8243;][vc_column_text]<\/p>\n<div class=\"\" style=\"vertical-align: middle;\">\n<h4><strong>2. \u00bfEs v\u00e1lido mi pasaporte hasta la fecha de caducidad impresa?<\/strong><\/h4>\n<p>La mayor\u00eda de los pa\u00edses no aceptan visitantes extranjeros a menos que sus pasaportes tengan una validez de seis meses despu\u00e9s de su regreso previsto.<\/p>\n<p>Si su pasaporte no cumple los requisitos de entrada del pa\u00eds que visita, no se le permitir\u00e1 facturar para su combate.<\/p>\n<\/div>\n<p>[\/vc_column_text][\/vc_column_inner][\/vc_row_inner][vc_row_inner][vc_column_inner width=\u00bb2\/12&#8243;][vc_single_image image=\u00bb40257&#8243; el_class=\u00bbsvg_icons\u00bb][\/vc_column_inner][vc_column_inner width=\u00bb10\/12&#8243;][vc_column_text]<\/p>\n<div class=\"\" style=\"vertical-align: middle;\">\n<h4><strong>3. \u00bfCu\u00e1l es el proceso de renovaci\u00f3n del pasaporte?<\/strong><\/h4>\n<p>La semana anterior a su viaje no es el momento de comprobar la fecha de caducidad de su pasaporte. Sin embargo, si necesita urgentemente un pasaporte, tiene algunas opciones.<\/p>\n<p>Varias empresas ofrecen agilizar el proceso de renovaci\u00f3n del pasaporte por tarifas variables, pero usted tiene el mismo acceso a los servicios que anuncian.<\/p>\n<p><span style=\"color: #d71635;\"><strong><em>En Estados Unidos, 25 oficinas nacionales de pasaportes pueden acelerar el proceso de solicitud o renovaci\u00f3n del pasaporte.<\/em><\/strong><\/span><\/p>\n<\/div>\n<p>[\/vc_column_text][\/vc_column_inner][\/vc_row_inner][vc_row_inner][vc_column_inner width=\u00bb2\/12&#8243;][vc_single_image image=\u00bb40299&#8243; el_class=\u00bbsvg_icons\u00bb][\/vc_column_inner][vc_column_inner width=\u00bb10\/12&#8243;][vc_column_text]<\/p>\n<div class=\"\" style=\"vertical-align: middle;\">\n<h4><strong>4. \u00bfNecesito visado?<\/strong><\/h4>\n<p>Un visado define el prop\u00f3sito de su viaje y a menudo puede dictar la cantidad de tiempo que puede permanecer en un determinado pa\u00eds.<\/p>\n<p>Los visados de turista, estudiante y trabajo son algunos ejemplos.<\/p>\n<p>Algunos pa\u00edses exigen un visado de tr\u00e1nsito para aterrizar y cambiar de avi\u00f3n; la duraci\u00f3n de la escala o el pa\u00eds de origen determinar\u00e1n si es necesario.<\/p>\n<p>Un visado de entrada \u00fanica puede ser v\u00e1lido para un m\u00e1ximo de 90 d\u00edas o para m\u00faltiples entradas y salidas a lo largo de un periodo de tiempo prolongado.<\/p>\n<\/div>\n<p>[\/vc_column_text][vc_single_image image=\u00bb56599&#8243; img_size=\u00bblarge\u00bb alignment=\u00bbcenter\u00bb css=\u00bb\u00bb][\/vc_column_inner][\/vc_row_inner][vc_row_inner][vc_column_inner width=\u00bb2\/12&#8243;][vc_single_image image=\u00bb40155&#8243; el_class=\u00bbsvg_icons\u00bb][\/vc_column_inner][vc_column_inner width=\u00bb10\/12&#8243;][vc_column_text]<\/p>\n<div class=\"\" style=\"vertical-align: middle;\">\n<h4><strong>5. \u00bfCu\u00e1nto dura el proceso de obtenci\u00f3n del visado?<\/strong><\/h4>\n<p>Si necesita un visado, empiece por ponerse en contacto con la embajada o el consulado del pa\u00eds que piensa visitar. Despu\u00e9s, confirma cualquier informaci\u00f3n que aparezca en su sitio web con una llamada telef\u00f3nica.<\/p>\n<p>Puede que tenga que solicitar el visado en persona en la embajada o por correo. Algunos pa\u00edses disponen de tramitaci\u00f3n electr\u00f3nica de visados en l\u00ednea.<\/p>\n<p><span style=\"color: #d71635;\"><strong><em>Los plazos de tramitaci\u00f3n del visado pueden variar desde unas horas hasta varias semanas. <\/em><\/strong><\/span><\/p>\n<p>Aseg\u00farese de informarse sobre el tiempo de tramitaci\u00f3n previsto y recuerde que estar\u00e1 sin pasaporte durante el tiempo de tramitaci\u00f3n del visado.<\/p>\n<\/div>\n<p>[\/vc_column_text][\/vc_column_inner][\/vc_row_inner][vc_row_inner][vc_column_inner width=\u00bb2\/12&#8243;][vc_single_image image=\u00bb40158&#8243; el_class=\u00bbsvg_icons\u00bb][\/vc_column_inner][vc_column_inner width=\u00bb10\/12&#8243;][vc_column_text]<\/p>\n<h4><strong>6. \u00bfConozco los requisitos de entrada del pa\u00eds?<\/strong><\/h4>\n<p>Aunque es importante investigar los requisitos de entrada de cualquier pa\u00eds que piense visitar, es esencial cumplirlos estrictamente.<\/p>\n<p>Los requisitos de entrada tambi\u00e9n pueden cambiar con frecuencia y sin previo aviso, as\u00ed que mant\u00e9ngase al d\u00eda y s\u00edgalos de cerca, aunque sea un viajero experimentado.<\/p>\n<p>&nbsp;<\/p>\n<p>[\/vc_column_text][vc_single_image image=\u00bb40434&#8243; img_size=\u00bbfull\u00bb alignment=\u00bbcenter\u00bb][vc_column_text]<\/p>\n<p>&nbsp;<\/p>\n<p>Los miembros de Global Rescue tienen acceso a <span style=\"color: #d71635;\"><strong><em> servicios de asesoramiento personalizados,<\/em><\/strong><\/span> adem\u00e1s de informes de destino detallados para <span style=\"color: #d71635;\"><strong><em>215 pa\u00edses y principados<\/em><\/strong><\/span> que incluyen requisitos de entrada e informaci\u00f3n relacionada con cualquier vacuna recomendada.<\/p>\n<p>&nbsp;<\/p>\n<hr \/>\n<p>&nbsp;<\/p>\n<h4><strong>Algunos requisitos espec\u00edficos de acceso pueden ser<\/strong><\/h4>\n<p>[\/vc_column_text][vc_single_image image=\u00bb56601&#8243; img_size=\u00bbfull\u00bb alignment=\u00bbcenter\u00bb css=\u00bb\u00bb][vc_column_text]<\/p>\n<p>&nbsp;<\/p>\n<hr \/>\n<p>[\/vc_column_text][\/vc_column_inner][\/vc_row_inner][vc_row_inner][vc_column_inner width=\u00bb2\/12&#8243;][vc_single_image image=\u00bb40214&#8243; el_class=\u00bbsvg_icons\u00bb][\/vc_column_inner][vc_column_inner width=\u00bb10\/12&#8243;][vc_column_text]<\/p>\n<div class=\"\" style=\"vertical-align: middle;\">\n<h4><strong>7. \u00bfQu\u00e9 ocurre si mi pasaporte est\u00e1 caducado pero tengo un visado v\u00e1lido?<\/strong><\/h4>\n<p>Si renueva su pasaporte pero tiene un visado v\u00e1lido en el pasaporte caducado, debe llevar tanto el pasaporte caducado como el renovado mientras viaja, y ponerse en contacto con el consulado del pa\u00eds al que vaya a viajar.<\/p>\n<\/div>\n<p>[\/vc_column_text][\/vc_column_inner][\/vc_row_inner][vc_row_inner][vc_column_inner width=\u00bb2\/12&#8243;][vc_single_image image=\u00bb40184&#8243; el_class=\u00bbsvg_icons\u00bb][\/vc_column_inner][vc_column_inner width=\u00bb10\/12&#8243;][vc_column_text]<\/p>\n<div class=\"\" style=\"vertical-align: middle;\">\n<h4><strong>8.\u00bfQu\u00e9 pasa si tengo doble nacionalidad o varios pasaportes?<\/strong><\/h4>\n<p>Muchos pa\u00edses permiten la doble nacionalidad. Cuando se tienen varios pasaportes <span style=\"color: #d71635;\"><strong><em>es crucial entrar y salir con el mismo pasaporte.<\/em><\/strong><\/span><\/p>\n<\/div>\n<p>[\/vc_column_text][\/vc_column_inner][\/vc_row_inner][vc_row_inner][vc_column_inner width=\u00bb2\/12&#8243;][vc_single_image image=\u00bb40256&#8243; el_class=\u00bbsvg_icons\u00bb][\/vc_column_inner][vc_column_inner width=\u00bb10\/12&#8243;][vc_column_text]<\/p>\n<div class=\"\" style=\"vertical-align: middle;\">\n<h4><strong>9. \u00bfPuedo tener dos pasaportes?<\/strong><\/h4>\n<p>S\u00ed. Un duplicado de pasaporte le permitir\u00e1 viajar mientras se tramita el visado del otro pasaporte. Tambi\u00e9n puede necesitar un duplicado de pasaporte si viaja a pa\u00edses que deniegan la entrada a viajeros con sellos de entrada de pa\u00edses espec\u00edficos.<\/p>\n<\/div>\n<p>[\/vc_column_text][\/vc_column_inner][\/vc_row_inner][vc_row_inner][vc_column_inner width=\u00bb2\/12&#8243;][vc_single_image image=\u00bb40264&#8243; el_class=\u00bbsvg_icons\u00bb][\/vc_column_inner][vc_column_inner width=\u00bb10\/12&#8243;][vc_column_text]<\/p>\n<h4><strong>10. \u00bfDebo llevar mi pasaporte conmigo?<\/strong><\/h4>\n<p>Antes de salir, aseg\u00farese de saber si se encuentra en un pa\u00eds que exige a los extranjeros llevar el pasaporte encima en todo momento.<\/p>\n<p>Conserve copias tanto en papel como electr\u00f3nicas de su pasaporte. Tambi\u00e9n es buena idea guardar una copia del visado y del sello de entrada al pa\u00eds.<\/p>\n<p>Anote o memorice su n\u00famero de pasaporte, fecha de expedici\u00f3n y fecha de caducidad, ya que esta informaci\u00f3n se requiere con frecuencia cuando se viaja.<\/p>\n<p>Considere tambi\u00e9n la posibilidad de guardar copias electr\u00f3nicas de documentos vitales como el carn\u00e9 de conducir: cuantos m\u00e1s datos de identificaci\u00f3n tenga a mano, m\u00e1s f\u00e1cil ser\u00e1 el proceso de sustituci\u00f3n si algo le ocurre a su pasaporte.<\/p>\n<p>&nbsp;<\/p>\n<hr \/>\n<p>&nbsp;<\/p>\n<h4><strong>Si pierde su pasaporte<\/strong><\/h4>\n<p>[\/vc_column_text][vc_single_image image=\u00bb56603&#8243; img_size=\u00bbfull\u00bb alignment=\u00bbcenter\u00bb css=\u00bb\u00bb][vc_column_text]<\/p>\n<p>&nbsp;<\/p>\n<hr \/>\n<p>&nbsp;<\/p>\n<p><span style=\"color: #d71635;\"><strong><em>La tramitaci\u00f3n de un pasaporte de sustituci\u00f3n v\u00e1lido durante 10 a\u00f1os lleva m\u00e1s tiempo que la de un pasaporte de urgencia, cuya validez es limitada.<\/em><\/strong><\/span><\/p>\n<p>Aseg\u00farese de que sabe ad\u00f3nde puede viajar con su pasaporte de sustituci\u00f3n o de emergencia. Muchos pa\u00edses le retendr\u00e1n y denegar\u00e1n la entrada si no tiene documentos de entrada v\u00e1lidos.<\/p>\n<p>&nbsp;<\/p>\n<p>[\/vc_column_text][\/vc_column_inner][\/vc_row_inner][\/vc_column][\/vc_row][vc_row][vc_column][vc_row_inner][vc_column_inner][vc_column_text]<\/p>\n<div class=\"\">\n<div>\n<p>&nbsp;<\/p>\n<hr \/>\n<p>&nbsp;<\/p>\n<p style=\"text-align: center;\"><a class=\"btn btn-gr btn-danger btn-lg text-center\" href=\"https:\/\/www.globalrescue.com\/es\/personal\/travelservices\/\" data-event=\"\" data-eventcategory=\"Button\" data-eventlabel=\"Read the full guide\">M\u00c1S INFORMACI\u00d3N SOBRE GLOBAL RESCUE<\/a><\/p>\n<p>&nbsp;<\/p>\n<\/div>\n<\/div>\n<p>[\/vc_column_text][\/vc_column_inner][\/vc_row_inner][\/vc_column][\/vc_row]<\/p>\n<\/div>","protected":false},"excerpt":{"rendered":"<p>[vc_row][vc_column][vc_row_inner][vc_column_inner][vc_column_text] Gu\u00eda definitiva de pasaportes y visados 10 PREGUNTAS CONTESTADAS - Los requisitos para viajar al extranjero son m\u00e1s complicados de lo que cree. Tanto si eres un viajero experimentado como si planeas tu primer viaje, hemos recopilado la gu\u00eda definitiva previa al viaje. &nbsp; M\u00c1S INFORMACI\u00d3N SOBRE GLOBAL RESCUE &nbsp; [\/vc_column_text][\/vc_column_inner][\/vc_row_inner][\/vc_column][\/vc_row][vc_row][vc_column][vc_row_inner][vc_column_inner width=\u00bb2\/12&#8243;][vc_single_image image=\u00bb40187&#8243; img_size=\u00bbfull\u00bb [&hellip;]<\/p>\n","protected":false},"author":1,"featured_media":40511,"parent":0,"menu_order":0,"comment_status":"closed","ping_status":"closed","template":"landing-pages\/template-lp-v13.php","meta":{"_acf_changed":false,"inline_featured_image":false,"footnotes":""},"class_list":["post-51218","page","type-page","status-publish","has-post-thumbnail","hentry"],"acf":[],"_links":{"self":[{"href":"https:\/\/www.globalrescue.com\/es\/wp-json\/wp\/v2\/pages\/51218","targetHints":{"allow":["GET"]}}],"collection":[{"href":"https:\/\/www.globalrescue.com\/es\/wp-json\/wp\/v2\/pages"}],"about":[{"href":"https:\/\/www.globalrescue.com\/es\/wp-json\/wp\/v2\/types\/page"}],"author":[{"embeddable":true,"href":"https:\/\/www.globalrescue.com\/es\/wp-json\/wp\/v2\/users\/1"}],"replies":[{"embeddable":true,"href":"https:\/\/www.globalrescue.com\/es\/wp-json\/wp\/v2\/comments?post=51218"}],"version-history":[{"count":8,"href":"https:\/\/www.globalrescue.com\/es\/wp-json\/wp\/v2\/pages\/51218\/revisions"}],"predecessor-version":[{"id":56688,"href":"https:\/\/www.globalrescue.com\/es\/wp-json\/wp\/v2\/pages\/51218\/revisions\/56688"}],"wp:featuredmedia":[{"embeddable":true,"href":"https:\/\/www.globalrescue.com\/es\/wp-json\/wp\/v2\/media\/40511"}],"wp:attachment":[{"href":"https:\/\/www.globalrescue.com\/es\/wp-json\/wp\/v2\/media?parent=51218"}],"curies":[{"name":"wp","href":"https:\/\/api.w.org\/{rel}","templated":true}]}}