{"id":56710,"date":"2026-01-13T12:28:10","date_gmt":"2026-01-13T12:28:10","guid":{"rendered":"https:\/\/www.globalrescue.com\/la-vida-en-global-rescue\/"},"modified":"2026-01-26T11:05:06","modified_gmt":"2026-01-26T11:05:06","slug":"life-at-global-rescue","status":"publish","type":"page","link":"https:\/\/www.globalrescue.com\/es\/life-at-global-rescue\/","title":{"rendered":"LA VIDA EN GLOBAL RESCUE"},"content":{"rendered":"<div class=\"wpb-content-wrapper\"><p>[vc_row el_class=\u00bbsection-principles my-4 my-lg-5 py-lg-5&#8243;][vc_column][vc_row_inner el_class=\u00bbcontainer auto-margin my-4 my-lg-5 py-lg-5&#8243;][vc_column_inner offset=\u00bbvc_col-lg-6&#8243;][vc_column_text css=\u00bb\u00bb]<\/p>\n<h2 class=\"mb-5\">Nuestros tres<br \/>\n<span class=\"fw-bold\">Principios rectores<\/span><\/h2>\n<h3 class=\"fw-bold mb-4\">Ofrecer los mejores servicios del sector.<\/h3>\n<p class=\"read-more-text mb-5\"><span class=\"full-text d-none\">Ofrecer los mejores servicios del sector contribuye al \u00e9xito y la sostenibilidad a largo plazo de nuestra empresa. Nuestro compromiso con la excelencia ha dado resultados impresionantes, entre los que se incluyen una tasa de renovaci\u00f3n y satisfacci\u00f3n de clientes superior al 90 %. Nos enorgullece haber sido galardonados con numerosos premios, entre los que se incluyen el premio \u00abBest in Business\u00bb de la revista Inc. Magazine, la certificaci\u00f3n ISO 9001:2015 de la Organizaci\u00f3n Internacional de Normalizaci\u00f3n (ISO) y el premio \u00abMost Innovative Company\u00bb de Fast Company, por nombrar algunos.<\/span><\/p>\n<hr class=\"mb-5\" \/>\n<h3 class=\"fw-bold mb-4\">Hacer crecer la empresa<\/h3>\n<p class=\"read-more-text mb-5\"><span class=\"full-text d-none\">Damos prioridad al crecimiento de los ingresos como catalizador de la innovaci\u00f3n y la expansi\u00f3n. El crecimiento nos ha ayudado a lanzar nuevos servicios, como el rescate local sobre el terreno y GRID 2.0, y a ampliar nuestras operaciones m\u00e9dicas. Adem\u00e1s, nos ayuda a mantener la rentabilidad, compartir los \u00e9xitos con nuestro equipo y retener a los mejores talentos. Esto fue especialmente crucial durante la pandemia: mientras otras empresas pasaban apuros, nuestro fuerte crecimiento de los ingresos nos permiti\u00f3 evitar despidos o bajas temporales. De cara al futuro, seguiremos centrados en crecer para seguir ampliando los l\u00edmites, apoyando a nuestro equipo y ofreciendo los mejores servicios a nuestros miembros.<\/span><\/p>\n<hr class=\"mb-5\" \/>\n<h3 class=\"fw-bold mb-4\">Haz que sea un gran lugar para trabajar<\/h3>\n<p class=\"read-more-text mb-5\"><span class=\"full-text d-none\">Todo el mundo quiere trabajar en un lugar estupendo, \u00bfverdad? Y con raz\u00f3n. Un lugar de trabajo fant\u00e1stico aumenta la moral y la productividad, reduce la rotaci\u00f3n de personal, fomenta una cultura empresarial din\u00e1mica y sienta las bases para el \u00e9xito a largo plazo, tanto para los empleados como para la empresa. En Global Rescue, los miembros de nuestro equipo son nuestro activo m\u00e1s importante, en el que estamos comprometidos a invertir. Por eso nos sentimos honrados de haber sido reconocidos por la revista Outside Magazine como uno de los \u00abMejores lugares para trabajar\u00bb.<\/span><\/p>\n<p>[\/vc_column_text][\/vc_column_inner][vc_column_inner offset=\u00bbvc_col-lg-6 vc_hidden-xs\u00bb][vc_single_image image=\u00bb56011&#8243; img_size=\u00bbfull\u00bb alignment=\u00bbcenter\u00bb css=\u00bb\u00bb el_class=\u00bbimg\u00bb][\/vc_column_inner][\/vc_row_inner][\/vc_column][\/vc_row][vc_row][vc_column][vc_column_text css=\u00bb\u00bb]<\/p>\n<div class=\"life-at-gr-smooth-slider\">\n<div style=\"position: relative; height: 500px;\"><img decoding=\"async\" src=\"\/grcom\/images\/common\/Mask-Group-42.png\" style=\"position: relative; top: 10%;\" \/><\/div>\n<div style=\"position: relative; height: 500px;\"><img decoding=\"async\" src=\"\/grcom\/images\/common\/Mask-Group-39.png\" \/><\/div>\n<div style=\"position: relative; height: 500px;\"><img decoding=\"async\" src=\"\/grcom\/images\/common\/Mask-Group-40.png\" style=\"position: relative; top: 20%;\" \/><\/div>\n<div style=\"position: relative; height: 500px;\"><img decoding=\"async\" src=\"\/grcom\/images\/common\/Mask-Group-41.png\" style=\"position: relative; top: 10%;\" \/><\/div>\n<div style=\"position: relative; height: 500px;\"><img decoding=\"async\" src=\"\/grcom\/images\/common\/Mask-Group-38-4.png\" \/><\/div>\n<div style=\"position: relative; height: 500px;\"><img decoding=\"async\" src=\"\/grcom\/images\/common\/Mask-Group-46-2.png\" style=\"position: relative; top: 10%;\" \/><\/div>\n<div style=\"position: relative; height: 500px;\"><img decoding=\"async\" src=\"\/grcom\/images\/common\/Mask-Group-45-2.png\" \/><\/div>\n<div style=\"position: relative; height: 500px;\"><img decoding=\"async\" src=\"\/grcom\/images\/common\/Mask-Group-44-1.png\" style=\"position: relative; top: 20%;\" \/><\/div>\n<div style=\"position: relative; height: 500px;\"><img decoding=\"async\" src=\"\/grcom\/images\/common\/Mask-Group-43-2.png\" style=\"position: relative; top: 10%;\" \/><\/div>\n<div style=\"position: relative; height: 500px;\"><img decoding=\"async\" src=\"\/grcom\/images\/common\/Mask-Group-47-2.png\" \/><\/div>\n<\/div>\n<p>[\/vc_column_text][\/vc_column][\/vc_row][vc_row el_class=\u00bbmt-5 pb-5&#8243;][vc_column][vc_row_inner el_class=\u00bbcontainer auto-margin\u00bb][vc_column_inner][vc_column_text]<\/p>\n<h2 class=\"mb-5\">Soy<br \/>\n<span class=\"fw-bold\">Global Rescue<\/span><\/h2>\n<p class=\"w-50\">Nuestro variado equipo de Global Rescue representa un rico tapiz de formaciones, experiencias y conocimientos, unidos por el compromiso com\u00fan de ofrecer un servicio y una asistencia excepcionales a nuestros clientes de todo el mundo.<\/p>\n<p>[\/vc_column_text][vc_column_text]    <div id=\"team-block\" class=\"team-members\">\n\t\t<div class=\"awards-carousel blog-listing i-am-gr-member-slider\">\n\t\t\t\t\t\t\t\t\t<div class=\"i-am-gr-member member-i-am-gr\">\n\t\t\t\t\t\t\t\t<div class=\"i-am-gr-member-photo\"> \n\t\t\t\t\t\t\t\t\t<img decoding=\"async\" src=\"https:\/\/www.globalrescue.com\/grcom\/grmkt_resources\/images\/team_images\/Mask-Group-12-1.png\" width=\"221\"  alt=\"\">\n\t\t\t\t\t\t\t\t<\/div>\n\t\t\t\t\t\t\t\t<div class=\"i-am-gr-member-details\">\n\t\t\t\t\t\t\t\t\t<h4 class=\"i-am-gr-member-name fw-bold\">Muhammad Mansha<\/h4>\n\t\t\t\t\t\t\t\t\t<div class=\"i-am-gr-member-designation\">\n\t\t\t\t\t\t\t\t\t\t<p>Arquitecto de software, TI | 11+ a\u00f1os en Global Rescue<\/p>\n\t\t\t\t\t\t\t\t\t<\/div>\n\t\t\t\t\t\t\t\t<\/div>\n\t\t\t\t\t\t\t\t<div class=\"i-am-gr-member-description mb-5\">\n\t\t\t\t\t\t\t\t\tHace once a\u00f1os, Muhammad se incorpor\u00f3 a Global Rescue como Ingeniero de Software Asociado en la oficina de Islamabad (Pakist\u00e1n). Desde entonces, ha ascendido cuatro veces y ahora es Arquitecto de Software y dirige el desarrollo de soluciones punteras y galardonadas. Su dedicaci\u00f3n a la innovaci\u00f3n se basa en una s\u00f3lida formaci\u00f3n en ingenier\u00eda de software y un profundo conocimiento de la excelencia en el servicio al cliente y los avances en soluciones empresariales. Se ha embarcado en varias aventuras, incluido el trekking a los campamentos base de los majestuosos Rakaposhi y Nanga Parbat de Pakist\u00e1n con sus colegas.   \t\t\t\t\t\t\t\t<\/div>\n\t\t\t\t\t\t\t<\/div>\n\t\t\t\t\t\t\t\t\t\t\t\t\t\t\t\t<div class=\"i-am-gr-member member-i-am-gr\">\n\t\t\t\t\t\t\t\t<div class=\"i-am-gr-member-photo\"> \n\t\t\t\t\t\t\t\t\t<img decoding=\"async\" src=\"https:\/\/www.globalrescue.com\/grcom\/grmkt_resources\/images\/team_images\/Mask-Group-29-2.png\" width=\"221\"  alt=\"\">\n\t\t\t\t\t\t\t\t<\/div>\n\t\t\t\t\t\t\t\t<div class=\"i-am-gr-member-details\">\n\t\t\t\t\t\t\t\t\t<h4 class=\"i-am-gr-member-name fw-bold\">Myrtle Venegas<\/h4>\n\t\t\t\t\t\t\t\t\t<div class=\"i-am-gr-member-designation\">\n\t\t\t\t\t\t\t\t\t\t<p>Gerente Asociado, Servicios para Miembros | 8+ A\u00f1os en Global Rescue<\/p>\n\t\t\t\t\t\t\t\t\t<\/div>\n\t\t\t\t\t\t\t\t<\/div>\n\t\t\t\t\t\t\t\t<div class=\"i-am-gr-member-description mb-5\">\n\t\t\t\t\t\t\t\t\tMyrtle comenz\u00f3 su carrera en Global Rescue cuando se abri\u00f3 la oficina de Manila en 2016. Empez\u00f3 como asociada y ha ascendido varias veces a jefa de equipo, supervisora y, actualmente, a gerente asociada. Durante su tiempo con Global Rescue, complet\u00f3 sus estudios universitarios obteniendo una licenciatura y convirti\u00e9ndose en una enfermera registrada. Trabaja como voluntaria ayudando a construir casas. Myrtle ha viajado a Bali, Macao, Hong Kong, Singapur y Estados Unidos.    \t\t\t\t\t\t\t\t<\/div>\n\t\t\t\t\t\t\t<\/div>\n\t\t\t\t\t\t\t\t\t\t\t\t\t\t\t\t<div class=\"i-am-gr-member member-i-am-gr\">\n\t\t\t\t\t\t\t\t<div class=\"i-am-gr-member-photo\"> \n\t\t\t\t\t\t\t\t\t<img decoding=\"async\" src=\"https:\/\/www.globalrescue.com\/grcom\/grmkt_resources\/images\/team_images\/Mask-Group-10-2.png\" width=\"221\"  alt=\"\">\n\t\t\t\t\t\t\t\t<\/div>\n\t\t\t\t\t\t\t\t<div class=\"i-am-gr-member-details\">\n\t\t\t\t\t\t\t\t\t<h4 class=\"i-am-gr-member-name fw-bold\">Jeff Weinstein<\/h4>\n\t\t\t\t\t\t\t\t\t<div class=\"i-am-gr-member-designation\">\n\t\t\t\t\t\t\t\t\t\t<p>Director de Operaciones M\u00e9dicas | M\u00e1s de 11 a\u00f1os en Global Rescue<\/p>\n\t\t\t\t\t\t\t\t\t<\/div>\n\t\t\t\t\t\t\t\t<\/div>\n\t\t\t\t\t\t\t\t<div class=\"i-am-gr-member-description mb-5\">\n\t\t\t\t\t\t\t\t\tJeff comenz\u00f3 su carrera en Global Rescue en 2013. Originalmente basado en el centro de operaciones de Lebanon, NH, ahora gestiona las operaciones desde el recientemente inaugurado centro de operaciones de San Juan, Puerto Rico. Desde que se uni\u00f3 a Global Rescue, Jeff ha sido promovido varias veces de Especialista Senior a Supervisor de Operaciones a Gerente Senior de Operaciones. Jeff es param\u00e9dico, param\u00e9dico de vuelo certificado, param\u00e9dico certificado en zonas salvajes y miembro de la Academia de Medicina Operativa.   \t\t\t\t\t\t\t\t<\/div>\n\t\t\t\t\t\t\t<\/div>\n\t\t\t\t\t\t\t\t\t\t\t\t\t\t\t\t<div class=\"i-am-gr-member member-i-am-gr\">\n\t\t\t\t\t\t\t\t<div class=\"i-am-gr-member-photo\"> \n\t\t\t\t\t\t\t\t\t<img decoding=\"async\" src=\"https:\/\/www.globalrescue.com\/grcom\/grmkt_resources\/images\/team_images\/Mask-Group-9.png\" width=\"221\"  alt=\"\">\n\t\t\t\t\t\t\t\t<\/div>\n\t\t\t\t\t\t\t\t<div class=\"i-am-gr-member-details\">\n\t\t\t\t\t\t\t\t\t<h4 class=\"i-am-gr-member-name fw-bold\">David Koo<\/h4>\n\t\t\t\t\t\t\t\t\t<div class=\"i-am-gr-member-designation\">\n\t\t\t\t\t\t\t\t\t\t<p>Director de Operaciones | M\u00e1s de 10 a\u00f1os en Global Rescue<\/p>\n\t\t\t\t\t\t\t\t\t<\/div>\n\t\t\t\t\t\t\t\t<\/div>\n\t\t\t\t\t\t\t\t<div class=\"i-am-gr-member-description mb-5\">\n\t\t\t\t\t\t\t\t\tDavid es ex m\u00e9dico de combate y enfermero de urgencias, y director de operaciones de Global Rescue. David se incorpor\u00f3 a Global Rescue hace m\u00e1s de 10 a\u00f1os. Ha sido ascendido cinco veces y por el camino ha trabajado en Bangkok, Tailandia, antes de trasladarse al centro de operaciones de Filipinas durante varios a\u00f1os antes de establecerse en EE.UU. en el centro de operaciones de New Hampshire. Durante la pandemia, Koo se convirti\u00f3 en n\u00f3mada digital y trabaj\u00f3 a distancia desde Singapur, Francia, Inglaterra, Espa\u00f1a y Jamaica. David es un veterano experto en operaciones dentro del sector del ocio, los viajes y el turismo. Es experto en gesti\u00f3n de operaciones, gesti\u00f3n de emergencias, planificaci\u00f3n estrat\u00e9gica, medicina de urgencias y soporte vital card\u00edaco avanzado.     \t\t\t\t\t\t\t\t<\/div>\n\t\t\t\t\t\t\t<\/div>\n\t\t\t\t\t\t\t\t\t\t\t\t\t\t\t\t<div class=\"i-am-gr-member member-i-am-gr\">\n\t\t\t\t\t\t\t\t<div class=\"i-am-gr-member-photo\"> \n\t\t\t\t\t\t\t\t\t<img decoding=\"async\" src=\"https:\/\/www.globalrescue.com\/grcom\/grmkt_resources\/images\/team_images\/Mask-Group-28.png\" width=\"221\"  alt=\"\">\n\t\t\t\t\t\t\t\t<\/div>\n\t\t\t\t\t\t\t\t<div class=\"i-am-gr-member-details\">\n\t\t\t\t\t\t\t\t\t<h4 class=\"i-am-gr-member-name fw-bold\">Danielle Graham<\/h4>\n\t\t\t\t\t\t\t\t\t<div class=\"i-am-gr-member-designation\">\n\t\t\t\t\t\t\t\t\t\t<p>Director de Servicios a los Miembros | M\u00e1s de 11 a\u00f1os en Global Rescue<\/p>\n\t\t\t\t\t\t\t\t\t<\/div>\n\t\t\t\t\t\t\t\t<\/div>\n\t\t\t\t\t\t\t\t<div class=\"i-am-gr-member-description mb-5\">\n\t\t\t\t\t\t\t\t\tDanielle Graham es la directora de servicios a los miembros en el centro de operaciones de New Hampshire. Lleg\u00f3 a Global Rescue en 2014 tras pasar siete a\u00f1os en el servicio de atenci\u00f3n al cliente y control de calidad de Verizon. Empez\u00f3 en Global Rescue como asociada de servicios a los miembros antes de ascender a supervisora, gerente asociada y ahora gerente. Ha estudiado administraci\u00f3n de empresas y enfermer\u00eda y en su tiempo libre le gusta ir a conciertos de m\u00fasica country, hacer senderismo, correr, bailar, esquiar y ver a su hijo de 6 a\u00f1os correr en motocross. Lo que m\u00e1s le gusta de Global Rescue es que todos se cuidan los unos a los otros y se tratan como familia.    \t\t\t\t\t\t\t\t<\/div>\n\t\t\t\t\t\t\t<\/div>\n\t\t\t\t\t\t\t\t\t\t\t\t\t\t\t\t<div class=\"i-am-gr-member member-i-am-gr\">\n\t\t\t\t\t\t\t\t<div class=\"i-am-gr-member-photo\"> \n\t\t\t\t\t\t\t\t\t<img decoding=\"async\" src=\"https:\/\/www.globalrescue.com\/grcom\/grmkt_resources\/images\/team_images\/Mask-Group-11-1.png\" width=\"221\"  alt=\"\">\n\t\t\t\t\t\t\t\t<\/div>\n\t\t\t\t\t\t\t\t<div class=\"i-am-gr-member-details\">\n\t\t\t\t\t\t\t\t\t<h4 class=\"i-am-gr-member-name fw-bold\">John Morris<\/h4>\n\t\t\t\t\t\t\t\t\t<div class=\"i-am-gr-member-designation\">\n\t\t\t\t\t\t\t\t\t\t<p>Director, Ventas | M\u00e1s de 10 a\u00f1os en Global Rescue<\/p>\n\t\t\t\t\t\t\t\t\t<\/div>\n\t\t\t\t\t\t\t\t<\/div>\n\t\t\t\t\t\t\t\t<div class=\"i-am-gr-member-description mb-5\">\n\t\t\t\t\t\t\t\t\tJohn se incorpor\u00f3 a Global Rescue hace m\u00e1s de 10 a\u00f1os procedente de Rockingham Ambulance, donde era supervisor param\u00e9dico de campo. Empez\u00f3 en el departamento de Operaciones M\u00e9dicas y fue ascendiendo varias veces durante los cinco a\u00f1os siguientes, hasta que finalmente obtuvo el puesto de Director de Operaciones M\u00e9dicas. John pas\u00f3 a Operaciones de Cuentas, donde es responsable de las relaciones y la gesti\u00f3n de grandes cuentas. Recientemente ha sido ascendido a Director y se ocupa principalmente de los clientes empresariales de Global Rescue. Sigue manteniendo sus credenciales de param\u00e9dico. John es licenciado por la Universidad de New Hampshire.     \t\t\t\t\t\t\t\t<\/div>\n\t\t\t\t\t\t\t<\/div>\n\t\t\t\t\t\t\t\t\t\t\t\t\t\t  \t    <\/div>\n\t\t<\/div>\n    <\/div>[\/vc_column_text][\/vc_column_inner][\/vc_row_inner][\/vc_column][\/vc_row][vc_row el_class=\u00bbbg-cover mt-5 py-5&#8243; css=\u00bb.vc_custom_1724849919128{background-image: url(\/grcom\/grmkt_resources\/images\/Union-9.png?id=36155) !important;}\u00bb][vc_column][vc_row_inner el_class=\u00bbcontainer auto-margin my-sm-5 py-sm-5&#8243;][vc_column_inner][vc_column_text css=\u00bb\u00bb el_class=\u00bbtext-center\u00bb]<\/p>\n<h2 class=\"mb-5\">Ver <span class=\"fw-bold\">las vacantes<\/span> actuales<\/h2>\n<h4 class=\"mb-5 fw-light\">Visite nuestra p\u00e1gina de empleo, cargue su curr\u00edculum y marque la casilla para recibir mensajes de texto sobre nuestro proceso de contrataci\u00f3n.<\/h4>\n<p><a href=\"https:\/\/secure7.saashr.com\/ta\/6210167.careers?CareersSearch=&amp;lang=en-US\" class=\"btn btn-danger btn-gr btn-lg\">Ver ofertas de empleo<\/a>[\/vc_column_text][\/vc_column_inner][\/vc_row_inner][\/vc_column][\/vc_row][vc_row el_class=\u00bbsection-dimensions mt-3 mt-sm-5 pt-3 pt-sm-5&#8243;][vc_column][vc_row_inner el_class=\u00bbcontainer auto-margin\u00bb][vc_column_inner][vc_column_text]<\/p>\n<h2 class=\"mb-5\"><span class=\"fw-bold\">Retribuir<\/span><\/h2>\n<p class=\"mb-5 fw-light w-50\">Global Rescue contribuye e invierte en el bienestar de las comunidades locales e internacionales a trav\u00e9s de medidas sociales y medioambientales.<\/p>\n<p>[\/vc_column_text][vc_column_text css=\u00bb\u00bb]<\/p>\n<div class=\"dimensions-slider\">\n<div class=\"item-wrapper\">\n<div class=\"item h-100\">\n<div class=\"d-flex align-items-center mb-4\">\n<p><img decoding=\"async\" src=\"\/grcom\/images\/common\/Group-5712.svg\" alt=\"\" \/><\/p>\n<div class=\"item-heading\">Ni\u00f1os<\/div>\n<\/div>\n<p>Durante m\u00e1s de una d\u00e9cada, Global Rescue ha sido un patrocinador anual y contribuyente ben\u00e9fico en nombre de los ni\u00f1os a trav\u00e9s de nuestro apoyo continuo a CHAD, el Hospital Infantil de Dartmouth, el \u00fanico hospital infantil integral de New Hampshire. El patrocinio de Global Rescue incluye el apoyo a los eventos anuales CHAD HERO Half Marathon y Relay. M\u00e1s informaci\u00f3n en <a href=\"https:\/\/www.childrens.dartmouth-health.org\" target=\"_blank\" rel=\"noopener\">www.childrens.dartmouth-health.org<\/a><\/p>\n<\/div>\n<\/div>\n<div class=\"item-wrapper\">\n<div class=\"item h-100\">\n<div class=\"d-flex align-items-center mb-4\">\n<p><img decoding=\"async\" src=\"\/grcom\/images\/common\/Group-5713.svg\" alt=\"\" \/><\/p>\n<div class=\"item-heading\">Conservaci\u00f3n<\/div>\n<\/div>\n<p>Re:Wild (antes Global Wildlife Conservation) es un beneficiario permanente de la ayuda de Global Rescue por su labor de salvaguarda de las zonas silvestres y protecci\u00f3n de la vida salvaje. Global Rescue ha aportado m\u00e1s de un mill\u00f3n de d\u00f3lares para promover la conservaci\u00f3n, y Dan Richards, Consejero Delegado de Global Rescue, forma parte del consejo de administraci\u00f3n y participa activamente en la misi\u00f3n de Re:Wild. M\u00e1s informaci\u00f3n en <a href=\"https:\/\/www.globalwildlife.org\" target=\"_blank\" rel=\"noopener\">www.globalwildlife.org<\/a><\/p>\n<\/div>\n<\/div>\n<div class=\"item-wrapper\">\n<div class=\"item h-100\">\n<div class=\"d-flex align-items-center mb-4\">\n<p><img decoding=\"async\" src=\"\/grcom\/images\/common\/Group-5849.svg\" alt=\"\" \/><\/p>\n<div class=\"item-heading\">Igualdad de oportunidades<\/div>\n<\/div>\n<p>Global Rescue ofrece igualdad de oportunidades en todo el mundo y se basa en los m\u00e9ritos. Nuestras pr\u00e1cticas de contrataci\u00f3n se basan \u00fanicamente en la capacidad de los candidatos para sobresalir en su trabajo y no tienen en cuenta atributos como el color de la piel, el sexo, la sexualidad o la religi\u00f3n. Estamos orgullosos del excepcional y diverso grupo de compa\u00f1eros de equipo que hemos reunido para prestar servicios que salvan vidas cada d\u00eda.<\/p>\n<\/div>\n<\/div>\n<div class=\"item-wrapper\">\n<div class=\"item h-100\">\n<div class=\"d-flex align-items-center mb-4\">\n<p><img decoding=\"async\" src=\"\/grcom\/images\/common\/Group-5713-1.svg\" alt=\"\" \/><\/p>\n<div class=\"item-heading\">Veteranos<\/div>\n<\/div>\n<p>Los veteranos representan casi el 20 por ciento de la plantilla de Global Rescue y contribuyen enormemente a las capacidades de rescate de la empresa. Global Rescue rinde homenaje a los veteranos y a la memoria de Glen Doherty, antiguo especialista de operaciones de Global Rescue y SEAL de la Marina estadounidense, apoyando a la Glen Doherty Memorial Foundation. M\u00e1s informaci\u00f3n en <a href=\"https:\/\/www.glendohertyfoundation.org\" target=\"_blank\" rel=\"noopener\">www.glendohertyfoundation.org<\/a><\/p>\n<\/div>\n<\/div>\n<div class=\"item-wrapper\">\n<div class=\"item h-100\">\n<div class=\"d-flex align-items-center mb-4\">\n<p><img decoding=\"async\" src=\"\/grcom\/images\/common\/Group-5713-2.svg\" alt=\"\" \/><\/p>\n<div class=\"item-heading\">Industria tur\u00edstica<\/div>\n<\/div>\n<p>Global Rescue desempe\u00f1a un papel vital a la hora de garantizar la seguridad de los viajeros mediante servicios de apoyo como evacuaciones m\u00e9dicas y asistencia en tiempo real. Como miembro global veterano del Consejo Mundial de Viajes y Turismo y representante desde hace tiempo en el Consejo Asesor de Viajes y Turismo de Estados Unidos en el Departamento de Comercio de ese pa\u00eds, Global Rescue da prioridad a la seguridad de los viajeros al tiempo que fomenta la confianza y mejora sus experiencias.<\/p>\n<\/div>\n<\/div>\n<div class=\"item-wrapper\">\n<div class=\"item h-100\">\n<div class=\"d-flex align-items-center mb-4\">\n<p><img decoding=\"async\" src=\"\/grcom\/images\/common\/Group-5713-3.svg\" alt=\"\" \/><\/p>\n<div class=\"item-heading\">Atletismo<\/div>\n<\/div>\n<p>Global Rescue ha sido durante mucho tiempo embajador del equipo de esqu\u00ed y snowboard de EE.UU. y colaborador de la Ladies Professional Golf Association, proporcionando apoyo de emergencia, asesoramiento m\u00e9dico y servicios de extracci\u00f3n en caso de crisis. El apoyo de Global Rescue a los atletas incluye actividades profesionales y recreativas como el baloncesto de la NBA, parapente, carreras de obst\u00e1culos y mucho m\u00e1s.<\/p>\n<\/div>\n<\/div>\n<\/div>\n<p>[\/vc_column_text][\/vc_column_inner][\/vc_row_inner][\/vc_column][\/vc_row]<\/p>\n<\/div>","protected":false},"excerpt":{"rendered":"<p>[vc_row el_class=\u00bbsection-principles my-4 my-lg-5 py-lg-5&#8243;][vc_column][vc_row_inner el_class=\u00bbcontainer auto-margin my-4 my-lg-5 py-lg-5&#8243;][vc_column_inner offset=\u00bbvc_col-lg-6&#8243;][vc_column_text css=\u00bb\u00bb] Nuestros tres Principios rectores Ofrecer los mejores servicios del sector. Ofrecer los mejores servicios del sector contribuye al \u00e9xito y la sostenibilidad a largo plazo de nuestra empresa. Nuestro compromiso con la excelencia ha dado resultados impresionantes, entre los que se incluyen una [&hellip;]<\/p>\n","protected":false},"author":5,"featured_media":0,"parent":0,"menu_order":0,"comment_status":"closed","ping_status":"closed","template":"","meta":{"_acf_changed":false,"inline_featured_image":false,"footnotes":""},"class_list":["post-56710","page","type-page","status-publish","hentry"],"acf":[],"_links":{"self":[{"href":"https:\/\/www.globalrescue.com\/es\/wp-json\/wp\/v2\/pages\/56710","targetHints":{"allow":["GET"]}}],"collection":[{"href":"https:\/\/www.globalrescue.com\/es\/wp-json\/wp\/v2\/pages"}],"about":[{"href":"https:\/\/www.globalrescue.com\/es\/wp-json\/wp\/v2\/types\/page"}],"author":[{"embeddable":true,"href":"https:\/\/www.globalrescue.com\/es\/wp-json\/wp\/v2\/users\/5"}],"replies":[{"embeddable":true,"href":"https:\/\/www.globalrescue.com\/es\/wp-json\/wp\/v2\/comments?post=56710"}],"version-history":[{"count":14,"href":"https:\/\/www.globalrescue.com\/es\/wp-json\/wp\/v2\/pages\/56710\/revisions"}],"predecessor-version":[{"id":56829,"href":"https:\/\/www.globalrescue.com\/es\/wp-json\/wp\/v2\/pages\/56710\/revisions\/56829"}],"wp:attachment":[{"href":"https:\/\/www.globalrescue.com\/es\/wp-json\/wp\/v2\/media?parent=56710"}],"curies":[{"name":"wp","href":"https:\/\/api.w.org\/{rel}","templated":true}]}}