{"id":56751,"date":"2022-03-17T11:56:26","date_gmt":"2022-03-17T11:56:26","guid":{"rendered":"https:\/\/www.globalrescue.com\/encuesta-global-rescue-2\/"},"modified":"2026-01-22T06:35:56","modified_gmt":"2026-01-22T06:35:56","slug":"encuesta-global-rescue-2","status":"publish","type":"page","link":"https:\/\/www.globalrescue.com\/es\/encuesta-global-rescue-2\/","title":{"rendered":"Encuesta Global Rescue"},"content":{"rendered":"<div class=\"wpb-content-wrapper\"><p>[vc_row el_class=\u00bbcontainer auto-margin\u00bb][vc_column][vc_row_inner el_class=\u00bbsurvey mt-5 mb-5 pb-5&#8243;][vc_column_inner][vc_column_text]<\/p>\n<div class=\"\">\n<div>\n<div class=\"m-t-60 text-xs-center\">\n<h3><\/h3>\n<h3><\/h3>\n<h3 class=\"display-3\">Lo sentimos<\/h3>\n<p class=\"lead\" style=\"font-size: 18px; font-weight: 400;\">Ya ha enviado sus comentarios o ha renovado su afiliaci\u00f3n.<\/p>\n<p class=\"lead\" style=\"font-size: 18px; font-weight: 400;\">Si tiene m\u00e1s preguntas, p\u00f3ngase en contacto con el Servicio de Atenci\u00f3n al Afiliado llamando al <a href=\"tel:+1674594200\">+1 (617) 459-4200<\/a> o <a href=\"mailto:memberservices@globalrescue.com\">env\u00edenos un correo electr\u00f3nico<\/a>.<\/p>\n<p><!--\n\n\n\n<p class=\"lead\">\n\t\t\t\t\t<a class=\"btn btn-danger btn-lg\" href=\"https:\/\/www.globalrescue.com\/es\/\" role=\"button\">Continue to our website<\/a>\n\n--><\/p>\n<\/div>\n<\/div>\n<\/div>\n<p>[\/vc_column_text][\/vc_column_inner][\/vc_row_inner][\/vc_column][\/vc_row]<\/p>\n<\/div>","protected":false},"excerpt":{"rendered":"<p>[vc_row el_class=\u00bbcontainer auto-margin\u00bb][vc_column][vc_row_inner el_class=\u00bbsurvey mt-5 mb-5 pb-5&#8243;][vc_column_inner][vc_column_text] Lo sentimos Ya ha enviado sus comentarios o ha renovado su afiliaci\u00f3n. Si tiene m\u00e1s preguntas, p\u00f3ngase en contacto con el Servicio de Atenci\u00f3n al Afiliado llamando al +1 (617) 459-4200 o env\u00edenos un correo electr\u00f3nico. [\/vc_column_text][\/vc_column_inner][\/vc_row_inner][\/vc_column][\/vc_row]<\/p>\n","protected":false},"author":1,"featured_media":0,"parent":0,"menu_order":0,"comment_status":"closed","ping_status":"closed","template":"landing-pages\/template-lp-v13.php","meta":{"_acf_changed":false,"inline_featured_image":false,"footnotes":""},"class_list":["post-56751","page","type-page","status-publish","hentry"],"acf":[],"_links":{"self":[{"href":"https:\/\/www.globalrescue.com\/es\/wp-json\/wp\/v2\/pages\/56751","targetHints":{"allow":["GET"]}}],"collection":[{"href":"https:\/\/www.globalrescue.com\/es\/wp-json\/wp\/v2\/pages"}],"about":[{"href":"https:\/\/www.globalrescue.com\/es\/wp-json\/wp\/v2\/types\/page"}],"author":[{"embeddable":true,"href":"https:\/\/www.globalrescue.com\/es\/wp-json\/wp\/v2\/users\/1"}],"replies":[{"embeddable":true,"href":"https:\/\/www.globalrescue.com\/es\/wp-json\/wp\/v2\/comments?post=56751"}],"version-history":[{"count":2,"href":"https:\/\/www.globalrescue.com\/es\/wp-json\/wp\/v2\/pages\/56751\/revisions"}],"predecessor-version":[{"id":56753,"href":"https:\/\/www.globalrescue.com\/es\/wp-json\/wp\/v2\/pages\/56751\/revisions\/56753"}],"wp:attachment":[{"href":"https:\/\/www.globalrescue.com\/es\/wp-json\/wp\/v2\/media?parent=56751"}],"curies":[{"name":"wp","href":"https:\/\/api.w.org\/{rel}","templated":true}]}}