{"id":56754,"date":"2022-02-23T13:19:56","date_gmt":"2022-02-23T13:19:56","guid":{"rendered":"https:\/\/www.globalrescue.com\/no-renovacion\/"},"modified":"2026-01-22T06:38:11","modified_gmt":"2026-01-22T06:38:11","slug":"no-renovacion","status":"publish","type":"page","link":"https:\/\/www.globalrescue.com\/es\/no-renovacion\/","title":{"rendered":"No renovaci\u00f3n"},"content":{"rendered":"<div class=\"wpb-content-wrapper\"><p>[vc_row el_class=\u00bbmt-5&#8243;][vc_column][vc_row_inner content_placement=\u00bbmiddle\u00bb el_class=\u00bbmt-5 mb-5&#8243;][vc_column_inner width=\u00bb5\/12&#8243;][vc_column_text]<\/p>\n<h1 class=\"color-danger text-left headline lg m-b-0\"><\/h1>\n<h1 style=\"font-weight: 900; font-size: 36pt; color: #d71635;\">Lamentamos su marcha.<\/h1>\n<div class=\"m-t-10\">\n<p>Lamentamos su marcha. La protecci\u00f3n en los viajes es m\u00e1s importante que nunca en el mundo actual. <\/p>\n<h3><strong>\u00bfEst\u00e1s seguro de que no nos necesitar\u00e1s?<\/strong><\/h3>\n<\/div>\n<p>[\/vc_column_text][\/vc_column_inner][vc_column_inner width=\u00bb7\/12&#8243;][vc_single_image image=\u00bb40619&#8243; img_size=\u00bbfull\u00bb alignment=\u00bbright\u00bb][\/vc_column_inner][\/vc_row_inner][vc_row_inner][vc_column_inner][vc_separator][\/vc_column_inner][\/vc_row_inner][vc_row_inner content_placement=\u00bbmiddle\u00bb el_class=\u00bbmt-5 mb-5&#8243;][vc_column_inner width=\u00bb5\/12&#8243;][vc_single_image image=\u00bb40504&#8243; img_size=\u00bbfull\u00bb][\/vc_column_inner][vc_column_inner width=\u00bb7\/12&#8243;][vc_column_text]<\/p>\n<div class=\"\">\n<h2 style=\"font-weight: 900; text-align: left;\">\u00bfRecuerda el Rescate Local de Campo?<\/h2>\n<p style=\"text-align: left;\">No es necesario que se encuentre a 160 km o m\u00e1s de su casa para utilizar nuestros servicios. Si est\u00e1 enfermo o herido y no puede ponerse a salvo por s\u00ed mismo, puede llamar a Global Rescue. Podr\u00eda estar haciendo senderismo, kayak, escalada o esqu\u00ed y un incidente inesperado requiere servicios de evacuaci\u00f3n m\u00e9dica.  <\/p>\n<\/div>\n<div class=\"mt-3 m-b-sml-30 text-left read_blog_button\"><a href=\"https:\/\/www.globalrescue.com\/es\/landing-pages\/local-field-rescue\/\" data-eventcategory=\"Button\" data-event=\"\" data-eventlabel=\"\" class=\"btn btn-danger btn-gr btn-lg\">M\u00e1s informaci\u00f3n<\/a><\/div>\n<p>[\/vc_column_text][\/vc_column_inner][\/vc_row_inner][vc_row_inner content_placement=\u00bbmiddle\u00bb el_class=\u00bbmt-5 mb-5&#8243;][vc_column_inner width=\u00bb5\/12&#8243;][vc_single_image image=\u00bb39769&#8243; img_size=\u00bbfull\u00bb][\/vc_column_inner][vc_column_inner width=\u00bb7\/12&#8243;][vc_column_text]<\/p>\n<div class=\"\">\n<h2 style=\"font-weight: 900; text-align: left;\">\u00bfQu\u00e9 le parece TotalCare?<span style=\"font-size: 18pt;\"><sup>SM<\/sup><\/span> Telehealth?<\/h2>\n<p style=\"text-align: left;\">Tanto si es de madrugada como si est\u00e1 a muchos kil\u00f3metros de casa, acceda a m\u00e9dicos 24 horas al d\u00eda, 7 d\u00edas a la semana. Con la afiliaci\u00f3n a TotalCare, tendr\u00e1 acceso inmediato a un equipo de expertos m\u00e9dicos para consultas por v\u00eddeo y tratamiento en tiempo real. Los m\u00e9dicos tambi\u00e9n pueden solicitar pruebas de laboratorio o diagn\u00f3stico por imagen si es necesario.  <\/p>\n<\/div>\n<div class=\"mt-3 m-b-sml-30 text-left read_blog_button\"><a href=\"https:\/\/www.globalrescue.com\/es\/personal\/totalcare-telehealth\/\" data-eventcategory=\"Button\" data-event=\"\" data-eventlabel=\"\" class=\"btn btn-danger btn-gr btn-lg\">Seguir leyendo<\/a><\/div>\n<p>[\/vc_column_text][\/vc_column_inner][\/vc_row_inner][\/vc_column][\/vc_row][vc_row][vc_column][vc_column_text]<\/p>\n<div>\n<h1 style=\"font-weight: 900; text-align: center; color: #d71635;\">Cancelar suscripci\u00f3n<\/h1>\n<\/div>\n<p><link href=\"https:\/\/cdn-us.clickdimensions.com\/web\/v10\/cdform2.min.css\" rel=\"stylesheet\" type=\"text\/css\" \/>\r\n<script src=\"https:\/\/cdn-us.clickdimensions.com\/web\/v10\/cdform.jquery.js\" type=\"text\/javascript\"><\/script>\r\n<script type=\"text\/javascript\">\r\n\/\/<![CDATA[\r\n\tclickd_jquery = jQuery.noConflict(true);\r\n\/\/]]>\r\n<\/script>\r\n<script src=\"https:\/\/cdn-us.clickdimensions.com\/web\/v10\/cdform.min.noanalytics.js\" type=\"text\/javascript\"><\/script>\r\n<script src=\"https:\/\/cdn-us.clickdimensions.com\/web\/v10\/xsscheck.js\" type=\"text\/javascript\"><\/script>\r\n<style type=\"text\/css\">\r\n.clickdform .responsiveCell div.alignTop {\r\n    display: block;\r\n}\r\n.clickdform .maxSize3 {\r\n    max-width: 100%;\r\n}\r\n<\/style>\r\n<div class=\"clickdform mainDiv\" style=\"padding-top:10px;padding-left:10px;padding-bottom: 15px;padding-right:0px;\">\r\n\t<form id=\"clickdimensionsForm\" name=\"clickdimensionsForm\" method=\"post\" accept-charset=\"utf-8\" action=\"https:\/\/analytics.clickdimensions.com\/forms\/?visitor=contact\">\r\n\t<input type=\"HIDDEN\" name=\"cd_accountkey\" id=\"cd_accountkey\" value=\"a20dfZf01FUKYPLJpdTvTI\" \/>\r\n\t<input type=\"HIDDEN\" name=\"cd_domain\" id=\"cd_domain\" value=\"globalrescue.com\" \/><input type=\"HIDDEN\" name=\"cd_visitorkey\" id=\"cd_visitorkey\" value=\"\" \/><input type=\"HIDDEN\" name=\"cd_visitoremail\" id=\"cd_visitoremail\" value=\"\" \/><input type=\"HIDDEN\" name=\"cd_timezone\" id=\"cd_timezone\" value=\"\" \/><input type=\"HIDDEN\" name=\"cd_domainalias\" id=\"cd_domainalias\" value=\"\" \/>\r\n\t<input type=\"HIDDEN\" name=\"cd_postsettings\" id=\"cd_postsettings\" value=\"NWVOeVIxUlQ4dHVZZjM2aGNCcVMvRTNOMXNUa3RLQmFublFIMWVUY2VrUFF3a0h5b3c1OGZTSlJpQTJrSUxSMUY3dk81YXJJSVRuMVg2UldZNUZEME05aWtKRzRlb3o0dVp1c0liWHFVNGtlK0cxNDJMVXlhSnVuSnlpWTJNTElVS0J0MG9mYUpYbXh4SW1kdnlucGpXQlZncVVoWHRYNFI1T3UvSlZyRGROSmVoZWZiMGFPN0IwN0FnRVoyWXV6QlEwZlNTK2hvdms2VkhncWtXa1kxdldYOGJxRFFOajZZeHNKcXNabGgrOVBoUzdaYjJWN05VbG1PdjkvcG9uR2xuYjh1V0RaekhBU3JhSk9HbWJYemUzUitaNzM0Qm5Jck90dmcwdFZrNHRrRVJhcFYzdVRpazBaOFEzR0ZEM05nb1FnM2V0emFkUVhSTm1WVlExNkx4bXcwUFBURERwK0gyZXBPZ29NOXVleWxKVW0wNFRGTHI4VEMrd3dDenVISW5US2grcU5oR1BlMUZGWVlaKzd1RklnSHVRbjBpeWp0QmJaSGJEdk1veVUxYzBBL0xuWWkzcEpDcFRRaEhuVHUzTS82RW1IR0gyQ3lMbU5DTnhmdEpieS9QL0duODF4L0pRd01Ec25sQWQrNU9HdlNLRXEyMjFRTjJJdTFmK2VDektpN3NPZDlXQjNvcmxyblZLT0Q5WTdPZVgxUCtDQm5JVVJQUDBCVW9CWGJHbTNxOUJ0ZEJmVnRMR1dQZ1d4WkFSTlVjZ0NmRFIwYUZRQVNBc2JtcysxNnlLTDZxendhSFhkQ2ZZUzlpWk1KQzFuOXEyRld0OU15UW9vTjVPbUpkenhqeTlUNTVQcjU5ZHBQZDB4T2xJbVNqcUpXL1BDY2NiQWhuSjZxT1Z4Q0QxakI5USttdmhMWUdONU9vUGd0Ni9icjNmVTNaSHZQOHY5dXpZRVhFU3pTcVloWkVMRmt5MHNUTUxSSXUrMTMrMmxGc04xdWlEWUtKVzZVZHhQa2dsUnFrU2xwYytRN0lleUhQN2RvY0dJWThOM0RZV3dzL2ptSlVwUG5HTVluZjZRUUg3UlZPM1o0RFl6dENqVkNEMVU4VXg4NnhkZXB1enhlQTk1QVNwQ0J0NVR1ZFB0N1ovRlZoUndBalQwRGZEMmtrVGRpZXlKRk11UjBaZjY1cU5vaXFJU0ZJYXM5eVJucUdnUk5FTVlsbkZodWkzV1RPeGtnWFMrdHlUclcyY2ZLY2hQNy93K1dGdkNXSEUvUlVyUkI4akZNaGdrKzl5eDBGUHJvZjh4bXhkeUgzUEpCM1lEVEdrOFgxUHYxSEdIVW5na1NTTWZ6OTc5amM3dTFVbU53R0N5dHJUUGVDTDU1ZkZrMzl4c1VMa0VobmFoMkJCMWlOS0o2RjJXYTA4QXJ3d3RlN3lWVFNYczBIbGZjMVhxeEF5M0U3QTVrQUlwOEl5VlRzeTJoR1ZYZzhnb2dRWFdoVTJ3Z0NERklPL1FtbmVKU24rbjBKMkpxQVBYbGtqVzBXTHl5K0J5U1JlL2wyQWl5NDVWaXc2L29NUGxFM2d4eU5rRzlla1lndlRDQlpRMUc3cHo2ZWtEcG13Rno0dFJCKzYrMHVsVWtXckp4anFyOXUrT1hIejU1a3lDbnlDZWx6RHdXbE9UL3ZpaDNHS0JZbkxCUzEzSXNDdDN2eHNLeWV0OWt1bnZ3WFBHZUg1b0hJSlJzYzRJaVBlVm5pMnpNVDB5eEdUaTk3dWtMcWtDUEhaTVRaSUhOUjZ1QjVpdTNINktpREJsUG5TWktBYitJMExwZld6djZMY3V6c1U0REt6Y3owblZtOU1ROVpuYVRMelMxR1QwSktnam1DU3EySy9GQTdXam1TQmJuS0NFNSs2NmxnalFkMmhRSXo2eHpNUTlPWjRuVnRJSkxXcmJaRUhVcEhlVGlpYXI1aHpoQXhxR2dBMGhHMDBRRTFZNlFWWTN4Q3FrMkhqTjhETmNXZDd2S2prZmdjYTdLUk5BejVJYithRjJ5L2toWlRlQlNnWWcyYVB5MzRjeXZtbXJmaFJhQ2dNaHRSMkhja255d3Q5SnRRZTBoK0NjTjg4dHYwOUxkTXU5Zmpxcm1IaE04dWhxdi93UEpONWUxM1JsZ2ZZTFNvZWVCTm9ULzFxZEp2TUtFUGZ4aTZDd0Z2OTN2UTV0R2RMbGEzanhtRHRsMDhLVERqK0NaS05GaFBWL0YvVytDUWVQb2VNWDFXbkN5Q1VLYlBiYUp3em15UWtleG1GOGZNQUo5UUFJdWxTNE5Ua0hqdjBjVHlqNTZRQ1BKQkFLUFdDQmVGdnVmTC93QjhaVStHMGpXb08wa09VVUNISlRmcG5CWmYxSFNRd0xORkROc0VlQlZ4cFhXZmpYNnMrYWtHTnMvOWlhL1AvWThvNG1mK0lHRmhXS1R4MEpFR3dtV1ZPbjkwZG12N0xER2J0cGg3Nk5lTndxYjJ2bnBIbzhBRC9mQjBhaFpaZStlQ2VielMybkhBZ0JIYkh4bCtEd2lVNllsc010d2FldHZtNit2VGdndlc0VTFiM1p4UjZtSllSTUhMRG9DOHRKL3o1cWhTTnJtM2g3dFMveWNRK0dSZ29ZK0g5LzNGSk8vb2FTb05IRlE3Mll0b3FaK0FCbDh4eURkWFNWTjhpT3QySDh2dDRwemZJZkJCeTBWcFB5OFovakZQLzgvQTQwWmR5RjBRSEdMM1pCekNlbU05bVhGQWtGdXBZRnN1ZzZQT2kvZzQwVlhkS2hSeE5lcm1YL1NkVFdDWU5mV0tBTHd1Rzlnd0txVVlaOHpZR3BwRnVvM2hyNU1VZnFiVEZ3SDIxV2JWY1JhRkliMTFmUW5ZMC81SFdUSVpCWE1FcTkxUHJNTWNQUnBKelViVFV0d2U4OWgvL2cyanl4dU16YjBYdk5tSjhBNGtlTkNMU2hHUFhVbUhKOXFmb0lxcmd1MXYxZEtpNG1xTENyVDE2Q2RDNHEvTnFmbVlSd0F6Nm9qTzJmQXNEL2FpdlQrRmttajVvYzNKcmZDNEtoNWFuMkYwUmY1U0lvSEZ4eXpYaWgvcWY5N1RiVHpWYWRPaWNISFRpUnhpc3U3Q3N2M3ZMUWc1L1p4K3Q4aXZWUEI0dUxjNjg5RE5vcWd5empwZjYrOVBUMnRXYlpPOCtad1JwOU9zQ1dadG89\" \/><input type=\"text\" id=\"cd_ht_text\" name=\"cd_ht_text\" value=\"\" style=\"display:none;\" \/>\r\n\t<input type=\"hidden\" name=\"nextPageNumberOnFirstPage\" value=\"0\" \/>\r\n\t<div class=\"responsiveRow\"><div class=\"responsiveCell \">\r\n          <div colspan=\"3\" class=\"alignBottom\">\r\n            <span class=\"QuestionTitleContainer\" id=\"cont_title_id_f_af515d6dec56ea1180da005056b04ad6\" questionIndex=\"0\">\r\n              <span class=\"maxSize3\" style=\"font-family:Open Sans, Roboto, sans serif; font-size:16px; font-weight:normal;margin-bottom: 15px\">\r\n                <b>We will no longer send you reminders about renewing your Global Rescue membership. To better serve you and our members, please tell us about your experience below.<\/b>\r\n              <\/span>\r\n            <\/span>\r\n          <\/div>\r\n          <div class=\"clear\"> <\/div>\r\n          <div class=\"alignTop\">\r\n            <div class=\"QuestionContainer\" id=\"cont_id_f_af515d6dec56ea1180da005056b04ad6\" questionIndex=\"0\">\r\n              <textarea class=\"form-control mb-3 width100per\" onkeypress=\"javascript:TextareaMaxLength(this, 1000);\" onkeyup=\"javascript:TextareaMaxLength(this, 1000);\" id=\"f_af515d6dec56ea1180da005056b04ad6\" name=\"f_af515d6dec56ea1180da005056b04ad6\" style=\"height:100px;\" cols=\"10\" rows=\"10\"><\/textarea>\r\n                <small id=\"errMsg\" style=\"color:red\"><\/small>\r\n              <div id=\"required_info_f_af515d6dec56ea1180da005056b04ad6\" class=\"requiredInfo\"> \r\n            <\/div>\r\n            <\/div>\r\n          <\/div><div> <\/div><\/div><\/div><div class=\"responsiveRow\"><div class=\"responsiveCell responsiveCellSize3\">\r\n          <div colspan=\"3\" class=\"alignBottom minSize3\">\r\n            <span class=\"QuestionTitleContainer\" id=\"cont_title_id_f_1800456adbe7ec11b834005056b06e98\" questionIndex=\"3\">\r\n              <span class=\"maxSize3\" style=\"font-family:Verdana; font-size:13px; color:#000000;\">\r\n                <b>Survey URL?<\/b>\r\n              <\/span>\r\n            <\/span>\r\n          <\/div>\r\n          <div class=\"clear\"> <\/div>\r\n          <div class=\"alignTop minSize3\">\r\n            <div class=\"QuestionContainer\" id=\"cont_id_f_1800456adbe7ec11b834005056b06e98\" questionIndex=\"3\">\r\n              <textarea class=\"maxSize3 width100per\" onkeypress=\"javascript:TextareaMaxLength(this, 1000);\" onkeyup=\"javascript:TextareaMaxLength(this, 1000);\" id=\"f_1800456adbe7ec11b834005056b06e98\" name=\"f_1800456adbe7ec11b834005056b06e98\" style=\"height:100px;\" cols=\"10\" rows=\"10\">\r\n<\/textarea>\r\n              <div id=\"required_info_f_1800456adbe7ec11b834005056b06e98\" class=\"requiredInfo\"> \r\n    <\/div>\r\n              <input type=\"hidden\" name=\"reqField\" value=\"f_1800456adbe7ec11b834005056b06e98\" alt=\"TextArea\" req=\"false\" errorMsg=\"Please enter a valid value.\" requredErrorMsg=\"This field is required. Please enter a value.\" patternID=\"0\" customRegex=\"\" \/>\r\n            <\/div>\r\n          <\/div>\r\n        <\/div><\/div>\r\n\t<div class=\"responsiveRow\">\r\n\t\t<div style=\"text-align:center;display:block\" class=\"responsiveCell responsiveCellSize4\">\r\n\r\n\t\t\t<input type=\"button\" id=\"btnSubmit\" value=\"Submit\" class=\"btn btn-gr btn-danger btn-lg text-center\"\r\n\t\t\t\tonclick=\"SendForm(this, 'clickdimensionsForm', 'Form');\" \/>\r\n\t\t<\/div>\r\n\t\t<div class=\"responsiveCell responsiveCellSize1 emptyCell\"> <\/div>\r\n\t\t<div class=\"responsiveCell responsiveCellSize1 emptyCell\"> <\/div>\r\n\t<\/div>\r\n\t<script type=\"text\/javascript\" language=\"javascript\">\r\n\t\/\/<![CDATA[\r\n\t\t\tfunction checktextareaLength() {\r\n\t\t\t\tvar minLength = 50;\r\n\t\t\t\tvar errMsg = $('#errMsg');\r\n\t\t\t\terrMsg.text('');\r\n\t\t\t\tvar textarea = $('#f_af515d6dec56ea1180da005056b04ad6');\r\n\t\t\t\tif(textarea.val().trim().length < minLength) {\r\n\t\t\t\t\terrMsg.text('You need to enter at least ' + minLength + ' characters')\r\n\t\t\t\t\treturn false;\r\n\t\t\t\t}\r\n\t\t\t\terrMsg.text('');\r\n\t\t\t\treturn true;\r\n\t\t\t}\r\n\t\t\tfunction onDocumentReady (){\r\n\t\t\t$('textArea').val(\"\");\r\n\t\t\tclickd_pageType = 'Survey';\r\n\t\t\tclickd_handlersLocation = 'https:\/\/analytics.clickdimensions.com';\r\n      \t\tclickd_directory = 'https:\/\/cdn-us.clickdimensions.com\/web\/v10\/';\r\n\r\n\t\t\tFitSize()\r\n\t\t\tSetFormResizable();\r\n\t\t\tinitForm();\r\n\t\t\tfunction getUrlParameters() {\r\n\t\t\tvar t = window.location.search.substr(1);\r\n\t\t\treturn null != t && \"\" != t ? transformToJsonObject(t) : {};\r\n\t\t\t}\r\n\r\n\t\t\tfunction transformToJsonObject(t) {\r\n\t\t\tfor (var e = {}, i = t.split(\"&\"), n = 0; n < i.length; n++) {\r\n\t\t\t\tvar o = i[n].split(\"=\");\r\n\t\t\t\te[o[0]] = o[1];\r\n\t\t\t}\r\n\t\t\treturn e;\r\n\t\t\t}\r\n\t\t\tvar params = getUrlParameters();\r\n\t\t\t\tif(params && params._cldee && params.recipientid && params.esid){\r\n\t\t\t\t\r\n\t\t\t\t\tvar pos_data = {};\r\n\t\t\t\t\tpos_data.caseGuid = params._cld_incid;\r\n\t\t\t\t\tpos_data.contactGuid = params.contactGuid;\r\n\t\t\t\t\tpos_data.nowTime = decodeURI(params.nowTime);\r\n\t\t\t\t\tpos_data.nonce = '7dbb3cb068';\r\n\t\t\t\t\tpos_data.target_gws_url = '\/initiateCrmRequest?action=validateContactForDoNotWishToRenewByContactGuid';\r\n\t\t\t\t\tvar post_data = {\r\n\t\t\t\t\t\taction: 'verify_gr_google_recaptcha_response',\r\n\t\t\t\t\t\tdata: JSON.stringify(pos_data),\r\n\t\t\t\t\t};\r\n\t\t\t\t\tclickd_jquery.ajax({\r\n\t\t\t\t\t\t\/\/url: 'https:\/\/ssstaging.globalrescue.com\/gws\/api\/v2\/cms\/initiateCrmRequest?action=validateContactForDoNotWishToRenewByContactGuid',\r\n\t\t\t\t\t\turl: 'https:\/\/gws.globalrescue.com\/grd\/api\/v2\/cms\/initiateCrmRequest?action=validateContactForDoNotWishToRenewByContactGuid',\r\n\t\t\t\t\t\theaders: {\r\n\t\t\t\t\t\t\t'X_SOURCE':'CMS',\r\n\t\t\t\t\t\t\t'X_REQUEST_CODE':'123'\r\n\t\t\t\t\t\t},\r\n\t\t\t\t\t\ttype: 'POST',\r\n\t\t\t\t\t\tdata: JSON.stringify(post_data),\r\n\t\t\t\t\t\tcontentType: 'application\/json',\r\n\t\t\t\t\t\tdataType: \"json\",\r\n\t\t\t\t\t\tcache: false,\r\n\t\t\t\t\t\terror: function (jqXHR, textStatus, errorThrown) {\r\n\t\t\t\t\t\t\t\r\n\t\t\t\t\t\t},\r\n\t\t\t\t\t\tsuccess: function (reply_data) {\r\n\t\t\t\t\r\n\t\t\t\t\t\t\tif (reply_data.type == 'success') {\r\n\t\t\t\t\t\t\t\twindow.location.href = '\/survey\/feedback-submitted';\r\n\t\t\t\t\t\t\t\tconsole.log(\"Dynamics-Request-Handler : DONE\");\r\n\t\t\t\t\t\t\t\tclickd_jquery('#btnSubmit').prop('disabled', false);\r\n\t\t\t\t\t\t \r\n\t\t\t\t\t\t\t}else if(reply_data.type == 'failure'){\r\n\t\t\t\t\t\t\t\twindow.location.href = '\/survey\/feedback-submitted';\r\n\t\t\t\t\t\t\t}\r\n\t\t\t\t\t\t\t\r\n\t\t\t\t\t\t}\r\n\t\t\t\t\t\t\/* success: response => {\r\n\t\t\t\t\t\t\tif ( response ) {\r\n\t\t\t\t\t\t\t\tif(response.statusMessage == 'Failure') {\r\n\t\t\t\t\t\t\t\t\twindow.location.href = '\/survey\/feedback-submitted';\r\n\t\t\t\t\t\t\t\t}\r\n\t\t\t\t\t\t\telse if(JSON.stringify(response.detail) == '{\"validated\":false}') {\r\n\t\t\t\t\t\t\t\t\twindow.location.href = '\/survey\/feedback-submitted';\r\n\t\t\t\t\t\t\t\t} \r\n\t\t\t\t\t\t\t}\r\n\t\t\t\t\t\t\t\r\n\t\t\t\t\t\t\telse \r\n\t\t\t\t\t\t\t{\r\n\t\t\t\t\t\t\t\t('Error fetching the data.');\r\n\t\t\t\t\t\t\t}\r\n\t\t\t\t\t\t} *\/\r\n\t\t\t\t\t})\r\n\t\t\t\t\t\t\/* .done(function () {\r\n\t\t\t\t\t\tconsole.log(\"Dynamics-Request-Handler : DONE\");\r\n\t\t\t\t\t\tclickd_jquery('#btnSubmit').prop('disabled', false);\r\n\t\t\t\t\t})\r\n\t\t\t\t\t\t.fail(function () {\r\n\t\t\t\t\t\tconsole.log(\"Dynamics-Request-Handler : FAIL\");\r\n\t\t\t\t\t\twindow.location.href = '\/survey\/feedback-submitted'\r\n\t\t\t\t\t}) *\/\r\n\t\t\t\t}\r\n\r\n\t\t\t}\/\/]]>\r\n\t<\/script>\r\n\t<script type=\"text\/javascript\" language=\"javascript\">\r\n\t\t\/\/<![CDATA[\r\n\t\t\tclickd_jquery(function () {\r\n\t\t\t\tonDocumentReady();\r\n\t\t\t});\r\n\t\t\t\r\n\t\t\t\r\n\t\t\tclickd_jquery(document).ready(function() {\r\n\r\n\t\t\t\ttry {\r\n\t\t\t\t\tclickd_jquery(\"#cont_title_id_f_1800456adbe7ec11b834005056b06e98\").html(\"\");\r\n\t\t\t\t\tclickd_jquery(\"#cont_id_f_1800456adbe7ec11b834005056b06e98\").hide();\r\n\t\t\t\t\tclickd_jquery(\"#f_1800456adbe7ec11b834005056b06e98\").val(window.location.href);\r\n\t\t\t\t}\r\n\t\t\t\tcatch(err) {\r\n\r\n\t\t\t\t}\r\n\t\t\t});\r\n\t\t\/\/]]>\r\n\t<\/script>\r\n\t<\/form>\r\n<\/div>\r\n<script type=\"text\/javascript\" src=\"https:\/\/analytics.clickdimensions.com\/ts.js\"><\/script><script type=\"text\/javascript\" src=\"https:\/\/analytics.clickdimensions.com\/optout.js\"><\/script><script type=\"text\/javascript\" src=\"https:\/\/analytics.clickdimensions.com\/forms.js\"><\/script><script type=\"text\/javascript\"> cdDomainKey = '887f18658b15e91180da005056b04ad6'; cdPageKey = '2922608bc909ea1180da005056b04ad6';<\/script><script type=\"text\/javascript\">  var cdAnalytics = new clickdimensions.Analytics('analytics.clickdimensions.com');  cdAnalytics.setDomain('clickdimensions.com');  cdAnalytics.setAccountKey('a20dfZf01FUKYPLJpdTvTI');  cdAnalytics.setPageType('SURVEY');  cdAnalytics.setScore(typeof(cdScore) == \"undefined\" ? 0 : (cdScore == 0 ? null : cdScore));  cdAnalytics.optOutTracking(typeof(optOut) != \"undefined\" && optOut);<\/script><script type=\"text\/javascript\">  var cdForms = new clickdimensions.Forms();<\/script>[\/vc_column_text][\/vc_column][\/vc_row]<\/p>\n<\/div>","protected":false},"excerpt":{"rendered":"<p>[vc_row el_class=\u00bbmt-5&#8243;][vc_column][vc_row_inner content_placement=\u00bbmiddle\u00bb el_class=\u00bbmt-5 mb-5&#8243;][vc_column_inner width=\u00bb5\/12&#8243;][vc_column_text] Lamentamos su marcha. Lamentamos su marcha. La protecci\u00f3n en los viajes es m\u00e1s importante que nunca en el mundo actual. \u00bfEst\u00e1s seguro de que no nos necesitar\u00e1s? [\/vc_column_text][\/vc_column_inner][vc_column_inner width=\u00bb7\/12&#8243;][vc_single_image image=\u00bb40619&#8243; img_size=\u00bbfull\u00bb alignment=\u00bbright\u00bb][\/vc_column_inner][\/vc_row_inner][vc_row_inner][vc_column_inner][vc_separator][\/vc_column_inner][\/vc_row_inner][vc_row_inner content_placement=\u00bbmiddle\u00bb el_class=\u00bbmt-5 mb-5&#8243;][vc_column_inner width=\u00bb5\/12&#8243;][vc_single_image image=\u00bb40504&#8243; img_size=\u00bbfull\u00bb][\/vc_column_inner][vc_column_inner width=\u00bb7\/12&#8243;][vc_column_text] \u00bfRecuerda el Rescate Local de Campo? No es necesario que [&hellip;]<\/p>\n","protected":false},"author":1,"featured_media":0,"parent":0,"menu_order":0,"comment_status":"closed","ping_status":"closed","template":"landing-pages\/template-lp-v13.php","meta":{"_acf_changed":false,"inline_featured_image":false,"footnotes":""},"class_list":["post-56754","page","type-page","status-publish","hentry"],"acf":[],"_links":{"self":[{"href":"https:\/\/www.globalrescue.com\/es\/wp-json\/wp\/v2\/pages\/56754","targetHints":{"allow":["GET"]}}],"collection":[{"href":"https:\/\/www.globalrescue.com\/es\/wp-json\/wp\/v2\/pages"}],"about":[{"href":"https:\/\/www.globalrescue.com\/es\/wp-json\/wp\/v2\/types\/page"}],"author":[{"embeddable":true,"href":"https:\/\/www.globalrescue.com\/es\/wp-json\/wp\/v2\/users\/1"}],"replies":[{"embeddable":true,"href":"https:\/\/www.globalrescue.com\/es\/wp-json\/wp\/v2\/comments?post=56754"}],"version-history":[{"count":2,"href":"https:\/\/www.globalrescue.com\/es\/wp-json\/wp\/v2\/pages\/56754\/revisions"}],"predecessor-version":[{"id":56756,"href":"https:\/\/www.globalrescue.com\/es\/wp-json\/wp\/v2\/pages\/56754\/revisions\/56756"}],"wp:attachment":[{"href":"https:\/\/www.globalrescue.com\/es\/wp-json\/wp\/v2\/media?parent=56754"}],"curies":[{"name":"wp","href":"https:\/\/api.w.org\/{rel}","templated":true}]}}