{"id":58567,"date":"2023-08-23T12:29:29","date_gmt":"2023-08-23T12:29:29","guid":{"rendered":"https:\/\/www.globalrescue.com\/politica-de-privacidad\/"},"modified":"2026-04-29T10:52:57","modified_gmt":"2026-04-29T10:52:57","slug":"politica-de-privacidad","status":"publish","type":"page","link":"https:\/\/www.globalrescue.com\/es\/politica-de-privacidad\/","title":{"rendered":"Pol\u00edtica de privacidad"},"content":{"rendered":"<div class=\"wpb-content-wrapper\"><p>[vc_row][vc_column][vc_column_text css=\u00bb\u00bb]<\/p>\n<h2>RESCATE GLOBAL<\/h2>\n<h2>APLICACIONES Y PLATAFORMAS M\u00d3VILES<\/h2>\n<h3>Pol\u00edtica de privacidad<\/h3>\n<h3>1. Pr\u00e1ctica general.<\/h3>\n<p>A lo largo de esta pol\u00edtica, la referencia a Global Rescue se referir\u00e1 colectivamente a Global Rescue LLC y sus subsidiarias, filiales y entidades corporativas relacionadas.<\/p>\n<p>La pol\u00edtica de Global Rescue es respetar y proteger su privacidad cuando utiliza una de nuestras aplicaciones m\u00f3viles en las distintas plataformas en las que se puede acceder a ellas. En consecuencia, cualquier informaci\u00f3n personal identificable que recopilemos sobre usted al utilizar una de nuestras aplicaciones m\u00f3viles se utiliza para prestar nuestros servicios a los usuarios. Esta Pol\u00edtica de Privacidad identifica espec\u00edficamente nuestra pol\u00edtica con respecto a la informaci\u00f3n personal que se recopila, utiliza y\/o divulga a terceros con respecto a nuestras aplicaciones m\u00f3viles que pueden descargarse de varias redes en l\u00ednea, tiendas de aplicaciones y plataformas m\u00f3viles\/sistemas operativos (\u00abPlataformas\u00bb).  <\/p>\n<h3>2. Recogida de informaci\u00f3n personal.<\/h3>\n<p>Ocasionalmente, Global Rescue puede recopilar informaci\u00f3n personal y no personal sobre los usuarios de nuestras aplicaciones m\u00f3viles. La informaci\u00f3n que recopilamos puede incluir, entre otros: nombres, direcciones particulares, direcciones de correo electr\u00f3nico, edad, n\u00fameros de tel\u00e9fono, sexo y\/o informaci\u00f3n asociada a su cuenta e identificaci\u00f3n en las Plataformas en las que accede a una aplicaci\u00f3n y\/o informaci\u00f3n publicada por Global Rescue. Global Rescue no recopilar\u00e1 conscientemente informaci\u00f3n de ni\u00f1os menores de trece (13) a\u00f1os en relaci\u00f3n con sus aplicaciones m\u00f3viles.  <\/p>\n<p>Al instalar y utilizar una de nuestras aplicaciones m\u00f3viles, incluyendo, sin limitaci\u00f3n, la descarga desde las App Stores operadas por terceros, usted permite a Global Rescue obtener, recopilar y utilizar la informaci\u00f3n del usuario en esa Plataforma de acuerdo con sus propios t\u00e9rminos y condiciones. Asimismo, si instala una de nuestras aplicaciones m\u00f3viles en un dispositivo m\u00f3vil como un tel\u00e9fono m\u00f3vil o una tableta, tambi\u00e9n podremos recopilar informaci\u00f3n como su direcci\u00f3n IP y su direcci\u00f3n de correo electr\u00f3nico. <\/p>\n<p>Tambi\u00e9n podemos recopilar su informaci\u00f3n personal a trav\u00e9s de los siguientes medios:<\/p>\n<ul>\n<li>Consultas y comunicaciones de servicio<\/li>\n<li>Registro y uso de aplicaciones en plataformas<\/li>\n<li>Uso de plataformas m\u00f3viles, incluida la direcci\u00f3n IP y el identificador del dispositivo m\u00f3vil<\/li>\n<li>Informaci\u00f3n de localizaci\u00f3n mediante aplicaciones y sistemas GPS<\/li>\n<\/ul>\n<h3>3. Uso de informaci\u00f3n personal.<\/h3>\n<p>La informaci\u00f3n que recopilamos se utiliza para mejorar su experiencia con nuestras aplicaciones y los servicios que ofrecemos, y para ayudarnos a proporcionarle los servicios de afiliaci\u00f3n a Global Rescue a los que pueda optar. En el caso de que su elegibilidad para dichos servicios de Global Rescue sea a trav\u00e9s de un acuerdo con su empleador, Global Rescue podr\u00e1 compartir toda esa informaci\u00f3n con su empleador y otros que Global Rescue considere necesario, a su discreci\u00f3n, en relaci\u00f3n con la prestaci\u00f3n de servicios a usted. Al acceder, descargar y\/o utilizar nuestros sitios web\/aplicaciones, usted consiente que Global Rescue utilice y comparta dicha informaci\u00f3n. M\u00e1s concretamente, algunas de las formas en las que utilizamos la informaci\u00f3n que recopilamos de usted incluyen:   <\/p>\n<ul>\n<li>Responder a sus consultas t\u00e9cnicas y solicitudes de servicio<\/li>\n<li>Realizaci\u00f3n de compras y operaciones comerciales conexas<\/li>\n<li>Facilitarle informaci\u00f3n relacionada con nuestros servicios<\/li>\n<li>Aplicaci\u00f3n de las pol\u00edticas de uso de Global Rescue, incluidas las Condiciones de servicio<\/li>\n<li>Prestaci\u00f3n y aprobaci\u00f3n de nuestros servicios a los afiliados<\/li>\n<\/ul>\n<h3>4. Seguridad<\/h3>\n<p>La importancia de la seguridad de la informaci\u00f3n personal identificable es nuestra mayor preocupaci\u00f3n. Global Rescue pone sumo cuidado y aplica diversas tecnolog\u00edas para que el sitio web y las aplicaciones de Global Rescue sean lo m\u00e1s seguras posible frente a accesos no autorizados y para proteger la informaci\u00f3n que se nos facilita. Global Rescue revisa y actualiza peri\u00f3dicamente estas medidas. Lamentablemente, no se puede garantizar al cien por cien (100%) la seguridad de ninguna transmisi\u00f3n de datos o medida de seguridad de la red. En consecuencia, aunque Global Rescue se esfuerza por proteger la informaci\u00f3n personal, Global Rescue no puede asegurar ni garantizar la seguridad de ninguna informaci\u00f3n transmitida a nosotros o desde nuestros productos o servicios en l\u00ednea, y el visitante lo hace bajo su propia responsabilidad.    <\/p>\n<h3>5. 5. Conservaci\u00f3n de datos<\/h3>\n<p>Recopilamos informaci\u00f3n personal durante el proceso de afiliaci\u00f3n, incluidos los datos del afiliado principal y de los familiares asociados. Estos datos se conservan mientras dure la afiliaci\u00f3n activa y, a partir de entonces, solo en la medida necesaria para cumplir las obligaciones legales, reglamentarias, de seguridad y comerciales leg\u00edtimas. <\/p>\n<h3>6. Borrado de datos<\/h3>\n<p>Los usuarios pueden solicitar la eliminaci\u00f3n de sus datos personales en cualquier momento poni\u00e9ndose en contacto con nosotros en <a href=\"tel:+16174594200\"> el +1 (617) 459-4200<\/a> o <a href=\"mailto:memberservices@globalrescue.com\">memberservices@globalrescue.com.<\/a> Una vez recibida una solicitud verificada, eliminaremos o anonimizaremos los datos en un plazo de 5 d\u00edas laborables, a menos que su conservaci\u00f3n sea exigida por la legislaci\u00f3n aplicable o por motivos de seguridad. <\/p>\n<h3>7. Cambios en esta pol\u00edtica<\/h3>\n<p>Global Rescue puede cambiar esta Pol\u00edtica de Privacidad de vez en cuando a su entera discreci\u00f3n y notificar\u00e1 todos los cambios significativos en la Pol\u00edtica de Privacidad mediante indicaciones en esta Pol\u00edtica de Privacidad y en el pie de p\u00e1gina de las p\u00e1ginas web con enlaces autorizados a esta Pol\u00edtica de Privacidad.<\/p>\n<h3>8. Preguntas, sugerencias y comentarios<\/h3>\n<p>Para cualquier comentario, pregunta o consulta sobre esta Pol\u00edtica de Privacidad, escr\u00edbanos a:<\/p>\n<p>Global Rescue LLC<\/p>\n<p>85 CALLE MECHANIC<\/p>\n<p>SUITE A1-1<\/p>\n<p>LEBANON NH 03766 USA<\/p>\n<p>Attn: Departamento Jur\u00eddico[\/vc_column_text][\/vc_column][\/vc_row]<\/p>\n<\/div>","protected":false},"excerpt":{"rendered":"<p>[vc_row][vc_column][vc_column_text css=\u00bb\u00bb] RESCATE GLOBAL APLICACIONES Y PLATAFORMAS M\u00d3VILES Pol\u00edtica de privacidad 1. Pr\u00e1ctica general. A lo largo de esta pol\u00edtica, la referencia a Global Rescue se referir\u00e1 colectivamente a Global Rescue LLC y sus subsidiarias, filiales y entidades corporativas relacionadas. La pol\u00edtica de Global Rescue es respetar y proteger su privacidad cuando utiliza una de [&hellip;]<\/p>\n","protected":false},"author":5,"featured_media":0,"parent":0,"menu_order":0,"comment_status":"closed","ping_status":"closed","template":"","meta":{"_acf_changed":false,"inline_featured_image":false,"footnotes":""},"class_list":["post-58567","page","type-page","status-publish","hentry"],"acf":[],"_links":{"self":[{"href":"https:\/\/www.globalrescue.com\/es\/wp-json\/wp\/v2\/pages\/58567","targetHints":{"allow":["GET"]}}],"collection":[{"href":"https:\/\/www.globalrescue.com\/es\/wp-json\/wp\/v2\/pages"}],"about":[{"href":"https:\/\/www.globalrescue.com\/es\/wp-json\/wp\/v2\/types\/page"}],"author":[{"embeddable":true,"href":"https:\/\/www.globalrescue.com\/es\/wp-json\/wp\/v2\/users\/5"}],"replies":[{"embeddable":true,"href":"https:\/\/www.globalrescue.com\/es\/wp-json\/wp\/v2\/comments?post=58567"}],"version-history":[{"count":4,"href":"https:\/\/www.globalrescue.com\/es\/wp-json\/wp\/v2\/pages\/58567\/revisions"}],"predecessor-version":[{"id":58571,"href":"https:\/\/www.globalrescue.com\/es\/wp-json\/wp\/v2\/pages\/58567\/revisions\/58571"}],"wp:attachment":[{"href":"https:\/\/www.globalrescue.com\/es\/wp-json\/wp\/v2\/media?parent=58567"}],"curies":[{"name":"wp","href":"https:\/\/api.w.org\/{rel}","templated":true}]}}